{"id":1089,"date":"2023-08-17T12:10:06","date_gmt":"2023-08-17T10:10:06","guid":{"rendered":"https:\/\/www.energiepark.at\/tours\/"},"modified":"2025-02-17T11:02:03","modified_gmt":"2025-02-17T10:02:03","slug":"tours","status":"publish","type":"page","link":"https:\/\/www.energiepark.at\/en\/tours\/","title":{"rendered":"Tours"},"content":{"rendered":"<section class=\"wpb-content-wrapper\"><p>[vc_row css=&#8221;.vc_custom_1692790228983{background-image: url(https:\/\/www.energiepark.at\/wp-content\/uploads\/2023\/08\/AK_8594.jpg?id=337) !important;background-position: center !important;background-repeat: no-repeat !important;background-size: cover !important;}&#8221; el_class=&#8221;headerbildbereich&#8221;][vc_column align=&#8221;text-center&#8221; el_class=&#8221;headerbereich&#8221;][vc_empty_space height=&#8221;300px&#8221;][vc_column_text el_class=&#8221;headlinerindex&#8221;]<\/p>\n<h1>The future of the region<br \/>\nin renewable energy<\/h1>\n<p>[\/vc_column_text][vc_column_text el_class=&#8221;schmuck&#8221; css=&#8221;.vc_custom_1692790204666{margin-top: -130px !important;}&#8221;]<\/p>\n<p style=\"text-align: center;\"><span style=\"color: #f29400;\"><span style=\"caret-color: #f29400;\">Tours<\/span><\/span><\/p>\n<p>[\/vc_column_text][vc_single_image image=&#8221;252&#8243; img_size=&#8221;full&#8221; alignment=&#8221;right&#8221; el_class=&#8221;svgtopper&#8221;][vc_empty_space height=&#8221;150px&#8221;][\/vc_column][\/vc_row][vc_row gap=&#8221;30&#8243;][vc_column width=&#8221;2\/3&#8243; css=&#8221;.vc_custom_1696312061648{margin-left: -20px !important;padding-left: 20px !important;}&#8221; el_class=&#8221;schmuckmobiltwo&#8221;][vc_empty_space height=&#8221;120px&#8221;][vc_column_text el_class=&#8221;headlinerindex&#8221;]<\/p>\n<h1>Guided tours through the<br \/>\nFacilities of the energy park<br \/>\nBruck\/Leitha<\/h1>\n<p>[\/vc_column_text][vc_column_text el_class=&#8221;schmuck&#8221; css=&#8221;.vc_custom_1693230753853{margin-top: -280px !important;margin-left: -240px !important;}&#8221;]<\/p>\n<p style=\"text-align: center;\"><span style=\"color: #f29400;\"><span style=\"caret-color: #f29400;\">easier more<br \/>\nexperience<\/span><\/span><\/p>\n<p>[\/vc_column_text][vc_empty_space height=&#8221;40px&#8221;][vc_column_text]<\/p>\n<p style=\"font-weight: 400;\">Bei uns kann man was erleben: \u00a0Hoch auf das Aussichtwindrad, dem rauschenden Wasser beim Kleinwasserkraftwerk Trautmannsdorf lauschen, bei der Biogasanlage erfahren, wie aus organischen Reststoffen gr\u00fcnes Biogas wird oder durch die Ackerfl\u00e4chen des Sonnenfeldes streifen!<\/p>\n<p style=\"font-weight: 400;\">Wir haben verschiedene M\u00f6glichkeiten, unsere Anlagen zu besuchen. Grunds\u00e4tzlich bieten wir F\u00fchrungen derzeit nur f\u00fcr Gruppen und gegen Voranmeldung an.<\/p>\n<p style=\"font-weight: 400;\">Anfragen f\u00fcr F\u00fchrungen k\u00f6nnen wir erst wieder <strong>ab April 2025<\/strong> annehmen. Aber, bitte bleib dran und schau immer wieder hier rein. Wenn wir wieder F\u00fchrungen anbieten k\u00f6nnen, findest du alle Infos hier.<\/p>\n<p>[\/vc_column_text][\/vc_column][vc_column width=&#8221;1\/3&#8243;]<style>.ld_spacer_69f18e0ebb5d8{height:50px;}@media (min-width: 768px) { .ld_spacer_69f18e0ebb5d8{height:120px};}@media (min-width: 992px) { .ld_spacer_69f18e0ebb5d8{height:120px};}@media (min-width: 1200px) { .ld_spacer_69f18e0ebb5d8{height:120px};}<\/style>\n<div class=\"ld-empty-space ld_spacer_69f18e0ebb5d8\"><span class=\"liquid_empty_space_inner\"><\/span><\/div>[vc_single_image image=&#8221;309&#8243; img_size=&#8221;full&#8221; alignment=&#8221;center&#8221; css=&#8221;.vc_custom_1693233808656{border-radius: 25px !important;}&#8221; el_class=&#8221;roundedimage&#8221;][\/vc_column][\/vc_row][vc_row][vc_column][vc_empty_space height=&#8221;120px&#8221;][\/vc_column][\/vc_row][vc_row content_placement=&#8221;middle&#8221;][vc_column width=&#8221;1\/3&#8243; el_class=&#8221;schmuckmobiltwo&#8221;][vc_column_text el_class=&#8221;headlinerindex&#8221;]<\/p>\n<h1>Guided tours in the<br \/>\nWind farm<br \/>\nBruck\/Leitha<\/h1>\n<p>[\/vc_column_text][vc_column_text el_class=&#8221;schmuck&#8221; css=&#8221;.vc_custom_1692708773869{margin-top: -280px !important;margin-left: -240px !important;}&#8221;]<\/p>\n<p style=\"text-align: center;\"><span style=\"color: #f29400;\"><span style=\"caret-color: #f29400;\">simply<br \/>\nregional<\/span><\/span><\/p>\n<p>[\/vc_column_text][\/vc_column][vc_column width=&#8221;2\/3&#8243;][vc_column_text]<\/p>\n<p class=\"bodytext\">F\u00fchrungen mit Aufstieg zur Aussichtsplattform<\/p>\n<p><strong>Gruppenf\u00fchrung \u2013 1 Gruppe = 1 bis zu 11 Personen<\/strong><\/p>\n<ul>\n<li class=\"bodytext\">Standardf\u00fchrung (pro Gruppe) 190 Euro<\/li>\n<li class=\"bodytext\">Sch\u00fcler\/Studenten (pro Gruppe) 120 Euro<\/li>\n<li class=\"bodytext\">F\u00fchrungen in englischer Sprache (pro Gruppe) 290 Euro<br \/>\n(Die Preise beinhalten 20% USt)<\/li>\n<li>Dauer: ca. 45 min \/ Gruppe<\/li>\n<\/ul>\n<p><strong>Voraussetzungen f\u00fcr einen Aufstieg:<\/strong><\/p>\n<ul>\n<li>Mindestalter 12 Jahre<\/li>\n<li>K\u00f6rperliche Eignung und Schwindelfreiheit \u2013 es geht 296 Stufen auf einer Wendeltreppe im Turm rauf und wieder runter<\/li>\n<\/ul>\n<p class=\"bodytext\">Bitte beachten Sie auch die <a class=\"download\" title=\"Leitet Herunterladen der Datei ein\" href=\"https:\/\/www.energiepark.at\/wp-content\/uploads\/2024\/04\/Windpark-Sicherheitsunterweisung_DSGVO-1.pdf\" target=\"_blank\" rel=\"noopener noreferrer\">Sicherheitsrichtlinien<\/a>.<\/p>\n<p class=\"bodytext\">So finden Sie zum Ausrichtwindrad: <a href=\"https:\/\/www.energiepark.at\/wp-content\/uploads\/2025\/02\/Anfahrtsskizze-WEA1-Bruck.pdf\">Lageplan<\/a><br \/>\nWir bieten diese F\u00fchrungen in Kooperation mit dem Windparkeigner <a class=\"external-link-new-window\" title=\"\u00d6ffnet externen Link in neuem Fenster\" href=\"https:\/\/www.verbund.com\/de-at\/privatkunden\" target=\"_blank\" rel=\"noopener noreferrer\">VERBUND<\/a>\u00a0an.<\/p>\n<p>[\/vc_column_text][\/vc_column][\/vc_row][vc_row][vc_column][vc_empty_space height=&#8221;60px&#8221;][\/vc_column][\/vc_row][vc_row disable_element=&#8221;yes&#8221;][vc_column][vc_empty_space height=&#8221;60px&#8221;][vc_column_text]<\/p>\n<p style=\"text-align: center;\"><strong><span style=\"font-size: 32px;\">Jetzt direkt Termin f\u00fcr eine Windradf\u00fchrung vereinbaren<\/span><\/strong><\/p>\n<p>[\/vc_column_text][\/vc_column][\/vc_row][vc_row disable_element=&#8221;yes&#8221;][vc_column width=&#8221;1\/3&#8243;][vc_empty_space height=&#8221;60px&#8221;][\/vc_column][vc_column width=&#8221;1\/3&#8243;][vc_column_text]<!--\nPlugin Name: Bookly \u2013 Responsive WordPress Appointment Booking and Scheduling Plugin\nPlugin URI: https:\/\/www.booking-wp-plugin.com\/?utm_source=bookly_admin&utm_medium=plugins_page&utm_campaign=plugins_page\nVersion: 24.9-->\n<style type=\"text\/css\">\n    :root {\n        --bookly-main-color: #f29400 !important;\n        --bookly-color: #f29400 !important;\n    }\n\n    <\/style><div class=\"bookly-css-root\">\n    <div id=\"bookly-form-69f18e0ebbba9\" class=\"bookly-form\" data-form_id=\"69f18e0ebbba9\" aria-live=\"polite\">\n        <div style=\"text-align: center\"><img decoding=\"async\" src=\"https:\/\/www.energiepark.at\/wp-includes\/js\/tinymce\/skins\/lightgray\/img\/loader.gif\" alt=\"Loading...\"\/><\/div>\n    <\/div>\n<\/div>\n<script type=\"text\/javascript\">\n    (function (win, fn) {\n        var done = false, top = true,\n            doc = win.document,\n            root = doc.documentElement,\n            modern = doc.addEventListener,\n            add = modern ? 'addEventListener' : 'attachEvent',\n            rem = modern ? 'removeEventListener' : 'detachEvent',\n            pre = modern ? '' : 'on',\n            init = function (e) {\n                if (e.type == 'readystatechange') if (doc.readyState != 'complete') return;\n                (e.type == 'load' ? win : doc)[rem](pre + e.type, init, false);\n                if (!done) {\n                    done = true;\n                    fn.call(win, e.type || e);\n                }\n            },\n            poll = function () {\n                try {\n                    root.doScroll('left');\n                } catch (e) {\n                    setTimeout(poll, 50);\n                    return;\n                }\n                init('poll');\n            };\n        if (doc.readyState == 'complete') fn.call(win, 'lazy');\n        else {\n            if (!modern) if (root.doScroll) {\n                try {\n                    top = !win.frameElement;\n                } catch (e) {\n                }\n                if (top) poll();\n            }\n            doc[add](pre + 'DOMContentLoaded', init, false);\n            doc[add](pre + 'readystatechange', init, false);\n            win[add](pre + 'load', init, false);\n        }\n    })(window, function () {\n        window.bookly( {\"form_id\":\"69f18e0ebbba9\",\"status\":{\"booking\":\"new\"},\"skip_steps\":{\"service_part1\":1,\"service_part2\":1,\"extras\":1,\"time\":0,\"repeat\":1,\"cart\":1},\"errors\":{\"session_error\":\"Session error.\",\"form_id_error\":\"Form ID error.\",\"cart_item_not_available\":\"Die eingestellte Zeit ist nicht mehr vorhanden. Bitte w\\u00e4hlen Sie ein anderes Zeitfenster\\n.\",\"pay_locally_not_available\":\"Pay locally is not available.\",\"invalid_gateway\":\"Invalid gateway.\",\"payment_error\":\"Error.\",\"incorrect_username_password\":\"Incorrect username or password.\"},\"form_attributes\":{\"hide_categories\":true,\"hide_services\":true,\"hide_staff_members\":true,\"show_number_of_persons\":false,\"hide_service_duration\":true,\"hide_locations\":true,\"hide_quantity\":true,\"hide_date\":true,\"hide_week_days\":true,\"hide_time_range\":true,\"const_category_id\":-1},\"use_client_time_zone\":0,\"defaults\":{\"service_id\":3,\"staff_id\":0,\"location_id\":0,\"category_id\":-1},\"datepicker_mode\":\"text-accent\",\"facebook\":{\"enabled\":0,\"appId\":\"\"}} );\n    });\n<\/script>[\/vc_column_text][\/vc_column][vc_column width=&#8221;1\/3&#8243;][vc_empty_space height=&#8221;60px&#8221;][\/vc_column][\/vc_row][vc_row][vc_column][vc_empty_space height=&#8221;60px&#8221;][\/vc_column][vc_column][\/vc_column][\/vc_row][vc_row content_placement=&#8221;middle&#8221;][vc_column width=&#8221;2\/3&#8243; responsive_css=&#8221;margin_bottom_large:0px&#8221; css=&#8221;.vc_custom_1696312188019{margin-bottom: 50px !important;}&#8221;][vc_column_text]<\/p>\n<p class=\"bodytext\">F\u00fchrung durch die <a class=\"\" href=\"https:\/\/www.energiepark.at\/biogas\/\" target=\"_blank\" rel=\"noopener noreferrer\">Biogas-Anlage<\/a> \u2013 Preise:<\/p>\n<ul>\n<li class=\"bodytext\">Standardf\u00fchrung (pro Gruppe) 190 Euro<\/li>\n<li class=\"bodytext\">Sch\u00fcler\/Studenten (pro Gruppe) 120 Euro<\/li>\n<li class=\"bodytext\">F\u00fchrungen in englischer Sprache (pro Gruppe) 290 Euro<br \/>\n(Die Preise beinhalten 20% USt)<\/li>\n<li>Dauer: ca. 45 min. \/ Gruppe<\/li>\n<\/ul>\n<p class=\"bodytext\">Personenanzahl pro F\u00fchrung: Max. 25 Personen (= 1 Gruppe)<br \/>\nSollte Ihre Gruppe mehr als 25 Personen umfassen, dann werden diese auf mehrere Gruppen (=F\u00fchrungen) aufgeteilt.<\/p>\n<p><strong>F\u00fchrungstermine sind ab Mai 2025 m\u00f6glich!<\/strong>[\/vc_column_text][\/vc_column][vc_column width=&#8221;1\/3&#8243; el_class=&#8221;schmuckmobiltwo&#8221;][vc_column_text el_class=&#8221;headlinerindex&#8221;]<\/p>\n<h1>Leadership in the<br \/>\nBiogas plant<br \/>\nBruck\/Leitha<\/h1>\n<p>[\/vc_column_text][vc_column_text el_class=&#8221;schmuck&#8221; css=&#8221;.vc_custom_1692708773869{margin-top: -280px !important;margin-left: -240px !important;}&#8221;]<\/p>\n<p style=\"text-align: center;\"><span style=\"color: #f29400;\"><span style=\"caret-color: #f29400;\">simply<br \/>\nregional<\/span><\/span><\/p>\n<p>[\/vc_column_text][\/vc_column][\/vc_row][vc_row][vc_column][vc_empty_space height=&#8221;40px&#8221;][\/vc_column][\/vc_row][vc_row][vc_column][vc_media_grid element_width=&#8221;3&#8243; gap=&#8221;10&#8243; grid_id=&#8221;vc_gid:1739786481239-f098ec5d-69de-2&#8243; include=&#8221;662,663,664,665&#8243;][\/vc_column][\/vc_row][vc_row][vc_column][vc_empty_space height=&#8221;40px&#8221;][\/vc_column][\/vc_row]<\/p>\n<\/section>","protected":false},"excerpt":{"rendered":"<p>[vc_row css=&#8221;.vc_custom_1692790228983{background-image: url(https:\/\/www.energiepark.at\/wp-content\/uploads\/2023\/08\/AK_8594.jpg?id=337) !important;background-position: center !important;background-repeat: no-repeat !important;background-size: cover !important;}&#8221; el_class=&#8221;headerbildbereich&#8221;][vc_column align=&#8221;text-center&#8221; el_class=&#8221;headerbereich&#8221;][vc_empty_space height=&#8221;300px&#8221;][vc_column_text el_class=&#8221;headlinerindex&#8221;]&#8230;<\/p>\n","protected":false},"author":1,"featured_media":0,"parent":0,"menu_order":0,"comment_status":"closed","ping_status":"closed","template":"","meta":{"_acf_changed":false,"inline_featured_image":false,"footnotes":""},"class_list":["post-1089","page","type-page","status-publish","hentry"],"acf":[],"_links":{"self":[{"href":"https:\/\/www.energiepark.at\/en\/wp-json\/wp\/v2\/pages\/1089","targetHints":{"allow":["GET"]}}],"collection":[{"href":"https:\/\/www.energiepark.at\/en\/wp-json\/wp\/v2\/pages"}],"about":[{"href":"https:\/\/www.energiepark.at\/en\/wp-json\/wp\/v2\/types\/page"}],"author":[{"embeddable":true,"href":"https:\/\/www.energiepark.at\/en\/wp-json\/wp\/v2\/users\/1"}],"replies":[{"embeddable":true,"href":"https:\/\/www.energiepark.at\/en\/wp-json\/wp\/v2\/comments?post=1089"}],"version-history":[{"count":12,"href":"https:\/\/www.energiepark.at\/en\/wp-json\/wp\/v2\/pages\/1089\/revisions"}],"predecessor-version":[{"id":6661,"href":"https:\/\/www.energiepark.at\/en\/wp-json\/wp\/v2\/pages\/1089\/revisions\/6661"}],"wp:attachment":[{"href":"https:\/\/www.energiepark.at\/en\/wp-json\/wp\/v2\/media?parent=1089"}],"curies":[{"name":"wp","href":"https:\/\/api.w.org\/{rel}","templated":true}]}}