{"id":2443,"date":"2023-12-07T13:21:05","date_gmt":"2023-12-07T12:21:05","guid":{"rendered":"https:\/\/www.energiepark.at\/setpage-kem-energy%c2%b3\/the-region\/"},"modified":"2026-03-03T16:39:42","modified_gmt":"2026-03-03T15:39:42","slug":"the-region","status":"publish","type":"page","link":"https:\/\/www.energiepark.at\/en\/setpage-kem-energy%c2%b3\/the-region\/","title":{"rendered":"The region"},"content":{"rendered":"<section class=\"wpb-content-wrapper\"><p>[vc_row][vc_column][vc_empty_space height=&#8221;170px&#8221;][\/vc_column][\/vc_row][vc_row][vc_column][vc_column_text]<\/p>\n<h2 style=\"text-align: center;\">The three <sup>Energy3<\/sup> municipalities<\/h2>\n<p>[\/vc_column_text][vc_empty_space height=&#8221;20px&#8221;][vc_column_text]<\/p>\n<p style=\"text-align: center;\">The time is ripe for the future! &#8220;Many small people, in many small places, doing many small things, will change the face of this world.&#8221; African proverb of the Xhosa (South Africa, Botswana and Lesotho)<\/p>\n<p>[\/vc_column_text][\/vc_column][\/vc_row][vc_row][vc_column][vc_empty_space height=&#8221;60px&#8221;][\/vc_column][\/vc_row][vc_row gap=&#8221;25&#8243;][vc_column width=&#8221;1\/2&#8243;][vc_empty_space][vc_column_text]<\/p>\n<h2>Bruck an der Leitha<\/h2>\n<p>[\/vc_column_text][vc_empty_space][vc_column_text]<\/p>\n<p style=\"text-align: left;\">The picturesque district capital of Bruck an der Leitha lies between extensive vineyards and the forests and hills of the Leitha Mountains. The favorable geographical location &#8211; close to Vienna and just a stone&#8217;s throw from Lake Neusiedl &#8211; and the mild Pannonian climate of the area make Bruck an der Leitha the ideal location for those seeking relaxation, cultural tourists, sports enthusiasts and nature lovers. <\/p>\n<p style=\"text-align: left;\">Bruck an der Leitha is the capital of the district of the same name and accordingly has various important supply functions. For example, Bruck is an important school and shopping town as well as the headquarters of the public administration (district administration, district court, etc.).\n<\/p>\n<p style=\"text-align: left;\">The traffic connection is primarily via the east highway (A4) and the east railroad (S60), which both touch Bruck on their course (Vienna &#8211; Hungary). In addition, the northeast highway (A6) provides a high-ranking connection to the Slovakia\/Bratislava region. <\/p>\n<p>[\/vc_column_text][\/vc_column][vc_column width=&#8221;1\/2&#8243;][vc_single_image image=&#8221;3902&#8243; img_size=&#8221;large&#8221;][vc_separator][vc_btn title=&#8221;Bruck an der Leitha&#8221; style=&#8221;flat&#8221; color=&#8221;danger&#8221; link=&#8221;url:https%3A%2F%2Fwww.bruckleitha.at%2F|&#8221;][\/vc_column][\/vc_row][vc_row][vc_column][vc_empty_space height=&#8221;60px&#8221;][\/vc_column][\/vc_row][vc_row gap=&#8221;25&#8243;][vc_column width=&#8221;1\/2&#8243;][vc_single_image image=&#8221;3911&#8243; img_size=&#8221;full&#8221;][vc_separator][vc_btn title=&#8221;G\u00f6ttlesbrunn-Arbesthal&#8221; style=&#8221;flat&#8221; color=&#8221;danger&#8221; link=&#8221;url:https%3A%2F%2Fwww.goettlesbrunn-arbesthal.gv.at%2F|&#8221;][\/vc_column][vc_column width=&#8221;1\/2&#8243;][vc_empty_space][vc_column_text]<\/p>\n<h2>G\u00f6ttlesbrunn-Arbesthal<\/h2>\n<p>[\/vc_column_text][vc_empty_space][vc_column_text]The municipality of G\u00f6ttlesbrunn-Arbesthal is located northwest of Bruck an der Leitha, on the edge of the Arbesthaler H\u00fcgelland. Similar to H\u00f6flein, there is also viticulture here, and the special natural landscape is also worthy of mention. There are several cycle routes and hiking trails between the vines, forests, meadows and fields. The Arbesthaler H\u00fcgelland is part of the Alpine-Carpathian corridor, an important wildlife hiking route. There is a direct high-ranking road connection to Vienna, Bratislava\/Slovakia and Hungary via the nearby highway junction &#8211; Bruck an der Leitha West (A4\/A6).[\/vc_column_text][\/vc_column][\/vc_row][vc_row][vc_column][vc_empty_space height=&#8221;60px&#8221;][\/vc_column][\/vc_row][vc_row gap=&#8221;25&#8243;][vc_column width=&#8221;1\/2&#8243;][vc_empty_space][vc_column_text]<\/p>\n<h2>H\u00f6flein<\/h2>\n<p>[\/vc_column_text][vc_empty_space][vc_column_text]H\u00f6flein is a rural community, which is primarily known for its winegrowing. There are several cellar lanes and press houses in the village. Excursion and recreational tourism is also important here. The municipality lies on the edge of the Arbesthaler H\u00fcgelland and offers its visitors numerous hiking and themed trails as well as cycle routes. Due to its immediate location north of Bruck an der Leitha, there is a nearby connection to the high-ranking road network.<\/p>\n<p>[\/vc_column_text][\/vc_column][vc_column width=&#8221;1\/2&#8243;][vc_single_image image=&#8221;4057&#8243; img_size=&#8221;full&#8221;][vc_separator][vc_btn title=&#8221;H\u00f6flein&#8221; style=&#8221;flat&#8221; color=&#8221;danger&#8221; link=&#8221;url:http%3A%2F%2Fwww.hoeflein.gv.at%2F|&#8221;][\/vc_column][\/vc_row]<\/p>\n<\/section>","protected":false},"excerpt":{"rendered":"<p>[vc_row][vc_column][vc_empty_space height=&#8221;170px&#8221;][\/vc_column][\/vc_row][vc_row][vc_column][vc_column_text] The three Energy3 municipalities [\/vc_column_text][vc_empty_space height=&#8221;20px&#8221;][vc_column_text] The time is ripe for the future!&#8230;<\/p>\n","protected":false},"author":1,"featured_media":0,"parent":2423,"menu_order":0,"comment_status":"closed","ping_status":"closed","template":"","meta":{"_acf_changed":false,"inline_featured_image":false,"footnotes":""},"class_list":["post-2443","page","type-page","status-publish","hentry"],"acf":[],"_links":{"self":[{"href":"https:\/\/www.energiepark.at\/en\/wp-json\/wp\/v2\/pages\/2443","targetHints":{"allow":["GET"]}}],"collection":[{"href":"https:\/\/www.energiepark.at\/en\/wp-json\/wp\/v2\/pages"}],"about":[{"href":"https:\/\/www.energiepark.at\/en\/wp-json\/wp\/v2\/types\/page"}],"author":[{"embeddable":true,"href":"https:\/\/www.energiepark.at\/en\/wp-json\/wp\/v2\/users\/1"}],"replies":[{"embeddable":true,"href":"https:\/\/www.energiepark.at\/en\/wp-json\/wp\/v2\/comments?post=2443"}],"version-history":[{"count":15,"href":"https:\/\/www.energiepark.at\/en\/wp-json\/wp\/v2\/pages\/2443\/revisions"}],"predecessor-version":[{"id":10701,"href":"https:\/\/www.energiepark.at\/en\/wp-json\/wp\/v2\/pages\/2443\/revisions\/10701"}],"up":[{"embeddable":true,"href":"https:\/\/www.energiepark.at\/en\/wp-json\/wp\/v2\/pages\/2423"}],"wp:attachment":[{"href":"https:\/\/www.energiepark.at\/en\/wp-json\/wp\/v2\/media?parent=2443"}],"curies":[{"name":"wp","href":"https:\/\/api.w.org\/{rel}","templated":true}]}}