{"id":10510,"date":"2024-03-04T13:51:36","date_gmt":"2024-03-04T12:51:36","guid":{"rendered":"https:\/\/www.energiepark.at\/simulacia-fotovoltaiky-a-skladovania-carnuntum\/"},"modified":"2026-03-03T16:38:45","modified_gmt":"2026-03-03T15:38:45","slug":"simulacia-fotovoltaiky-a-skladovania-carnuntum","status":"publish","type":"page","link":"https:\/\/www.energiepark.at\/sk\/simulacia-fotovoltaiky-a-skladovania-carnuntum\/","title":{"rendered":"Simul\u00e1cia fotovoltaiky a skladovania Carnuntum"},"content":{"rendered":"<section class=\"wpb-content-wrapper\"><p>[vc_row css=&#8220;.vc_custom_1692790228983{background-image: url(https:\/\/www.energiepark.at\/wp-content\/uploads\/2023\/08\/AK_8594.jpg?id=337) !important;background-position: center !important;background-repeat: no-repeat !important;background-size: cover !important;}&#8220; el_class=&#8220;headerbildbereich&#8220;][vc_column align=&#8220;text-center&#8220; el_class=&#8220;headerbereich&#8220;][vc_empty_space height=&#8220;300px&#8220;][vc_column_text el_class=&#8220;headlinerindex&#8220;]<\/p>\n<h1>Bud\u00facnos\u0165 regi\u00f3nu<br \/>\nv obnovite\u013en\u00fdch zdrojoch energie<\/h1>\n<p>[\/vc_column_text][vc_column_text el_class=&#8220;schmuck&#8220; css=&#8220;.vc_custom_1692790204666{margin-top: -130px !important;}&#8220;]<\/p>\n<p style=\"text-align: center;\"><span style=\"color: #f29400;\"><span style=\"caret-color: #f29400;\">Prehliadky so sprievodcom<\/span><\/span><\/p>\n<p>[\/vc_column_text][vc_single_image image=&#8220;1640&#8243; img_size=&#8220;full&#8220; alignment=&#8220;right&#8220; el_class=&#8220;svgtopper&#8220;][vc_empty_space height=&#8220;150px&#8220;][\/vc_column][\/vc_row][vc_row gap=&#8220;30&#8243;][vc_column width=&#8220;2\/3&#8243; css=&#8220;.vc_custom_1696312061648{margin-left: -20px !important;padding-left: 20px !important;}&#8220; el_class=&#8220;schmuckmobiltwo&#8220;][vc_empty_space height=&#8220;120px&#8220;][vc_column_text el_class=&#8220;headlinerindex&#8220;]<\/p>\n<h1><b>De\u0148 energetick\u00e9ho poradcu v Petronell-Carnuntum<\/b><\/h1>\n<p>[\/vc_column_text][vc_column_text el_class=&#8220;schmuck&#8220; css=&#8220;.vc_custom_1707743072119{margin-top: -240px !important;margin-left: -240px !important;}&#8220;]<\/p>\n<p style=\"text-align: center;\"><span style=\"color: #f29400;\"><span style=\"caret-color: #f29400;\">Jednoducho viac<br \/>\nPoradenstvo<\/span><\/span><\/p>\n<p>[\/vc_column_text][vc_empty_space height=&#8220;40px&#8220;][vc_column_text]M\u00e1te z\u00e1ujem o <strong>in\u0161tal\u00e1ciu fotovoltaick\u00e9ho syst\u00e9mu<\/strong> a chcete ho skombinova\u0165 so syst\u00e9mom akumul\u00e1torov? Philip Loitsch zo spolo\u010dnosti KEM Carnuntum pomocou \u0161peci\u00e1lneho programu simuluje, \u010do by bolo mo\u017en\u00e9 pre v\u00e1\u0161 dom na z\u00e1klade va\u0161ich osobn\u00fdch predst\u00e1v. Poskytuje tie\u017e inform\u00e1cie a poradenstvo na t\u00e9my v\u00fdstavby a rekon\u0161trukcie, v\u00fdmeny vykurovania a sol\u00e1rnych termick\u00fdch syst\u00e9mov. <\/p>\n<p>Na dohodnut\u00e9 stretnutie na obecnom \u00farade Petronell-Carnuntum sa dostavte s dokladmi (posledn\u00e9 ro\u010dn\u00e9 vy\u00fa\u010dtovanie elektriny alebo vy\u00fa\u010dtovanie energi\u00ed a pl\u00e1n domu). Konzult\u00e1cia je pre ob\u010danov obce Petronell-Carnuntum bezplatn\u00e1.  Ak sa nem\u00f4\u017eete z\u00fa\u010dastni\u0165 na rezervovanom stretnut\u00ed, ozn\u00e1mte n\u00e1m to \u010do najsk\u00f4r.[\/vc_column_text][\/vc_column][vc_column width=&#8220;1\/3&#8243;]<style>.ld_spacer_69e3cd9152124{height:50px;}@media (min-width: 768px) { .ld_spacer_69e3cd9152124{height:120px};}@media (min-width: 992px) { .ld_spacer_69e3cd9152124{height:120px};}@media (min-width: 1200px) { .ld_spacer_69e3cd9152124{height:120px};}<\/style>\n<div class=\"ld-empty-space ld_spacer_69e3cd9152124\"><span class=\"liquid_empty_space_inner\"><\/span><\/div>[vc_single_image image=&#8220;3453&#8243; img_size=&#8220;medium&#8220; alignment=&#8220;center&#8220; css=&#8220;.vc_custom_1707751048449{border-radius: 25px !important;}&#8220; el_class=&#8220;roundedimage&#8220;][\/vc_column][\/vc_row][vc_row][vc_column][vc_empty_space height=&#8220;40px&#8220;][\/vc_column][\/vc_row][vc_row][vc_column width=&#8220;1\/4&#8243;][\/vc_column][vc_column width=&#8220;1\/2&#8243; enable_column_shadowbox=&#8220;yes&#8220; css=&#8220;.vc_custom_1706889319614{padding-top: 30px !important;padding-right: 30px !important;padding-bottom: 30px !important;padding-left: 30px !important;background-color: #ffffff !important;}&#8220; column_box_shadow=&#8220;%5B%7B%22x_offset%22%3A%220px%22%2C%22y_offset%22%3A%220px%22%2C%22blur_radius%22%3A%2215px%22%2C%22spread_radius%22%3A%220px%22%2C%22shadow_color%22%3A%22rgba(0%2C%200%2C%200%2C%200.09)%22%7D%5D&#8220;][vc_column_text]<\/p>\n<p style=\"text-align: center;\"><strong><span style=\"font-size: 32px;\">Dohodnite si sch\u00f4dzku priamo teraz<\/span><\/strong><\/p>\n<p>[\/vc_column_text][vc_empty_space height=&#8220;20px&#8220;][vc_column_text]<!--\nPlugin Name: Bookly \u2013 Responsive WordPress Appointment Booking and Scheduling Plugin\nPlugin URI: https:\/\/www.booking-wp-plugin.com\/?utm_source=bookly_admin&utm_medium=plugins_page&utm_campaign=plugins_page\nVersion: 24.9-->\n<style type=\"text\/css\">\n    :root {\n        --bookly-main-color: #f29400 !important;\n        --bookly-color: #f29400 !important;\n    }\n\n    <\/style><div class=\"bookly-css-root\">\n    <div id=\"bookly-form-69e3cd9152b36\" class=\"bookly-form\" data-form_id=\"69e3cd9152b36\" aria-live=\"polite\">\n        <div style=\"text-align: center\"><img decoding=\"async\" src=\"https:\/\/www.energiepark.at\/wp-includes\/js\/tinymce\/skins\/lightgray\/img\/loader.gif\" alt=\"Loading...\"\/><\/div>\n    <\/div>\n<\/div>\n<script type=\"text\/javascript\">\n    (function (win, fn) {\n        var done = false, top = true,\n            doc = win.document,\n            root = doc.documentElement,\n            modern = doc.addEventListener,\n            add = modern ? 'addEventListener' : 'attachEvent',\n            rem = modern ? 'removeEventListener' : 'detachEvent',\n            pre = modern ? '' : 'on',\n            init = function (e) {\n                if (e.type == 'readystatechange') if (doc.readyState != 'complete') return;\n                (e.type == 'load' ? win : doc)[rem](pre + e.type, init, false);\n                if (!done) {\n                    done = true;\n                    fn.call(win, e.type || e);\n                }\n            },\n            poll = function () {\n                try {\n                    root.doScroll('left');\n                } catch (e) {\n                    setTimeout(poll, 50);\n                    return;\n                }\n                init('poll');\n            };\n        if (doc.readyState == 'complete') fn.call(win, 'lazy');\n        else {\n            if (!modern) if (root.doScroll) {\n                try {\n                    top = !win.frameElement;\n                } catch (e) {\n                }\n                if (top) poll();\n            }\n            doc[add](pre + 'DOMContentLoaded', init, false);\n            doc[add](pre + 'readystatechange', init, false);\n            win[add](pre + 'load', init, false);\n        }\n    })(window, function () {\n        window.bookly( {\"form_id\":\"69e3cd9152b36\",\"status\":{\"booking\":\"new\"},\"skip_steps\":{\"service_part1\":1,\"service_part2\":1,\"extras\":1,\"time\":0,\"repeat\":1,\"cart\":1},\"errors\":{\"session_error\":\"Session error.\",\"form_id_error\":\"Form ID error.\",\"cart_item_not_available\":\"Die eingestellte Zeit ist nicht mehr vorhanden. Bitte w\\u00e4hlen Sie ein anderes Zeitfenster\\n.\",\"pay_locally_not_available\":\"Pay locally is not available.\",\"invalid_gateway\":\"Invalid gateway.\",\"payment_error\":\"Error.\",\"incorrect_username_password\":\"Nespr\\u00e1vne pou\\u017e\\u00edvate\\u013esk\\u00e9 meno alebo heslo.\"},\"form_attributes\":{\"hide_categories\":true,\"hide_services\":true,\"hide_staff_members\":true,\"show_number_of_persons\":false,\"hide_service_duration\":true,\"hide_locations\":true,\"hide_quantity\":true,\"hide_date\":true,\"hide_week_days\":true,\"hide_time_range\":true,\"const_category_id\":-1},\"use_client_time_zone\":0,\"defaults\":{\"service_id\":6,\"staff_id\":0,\"location_id\":0,\"category_id\":-1},\"datepicker_mode\":\"text-accent\",\"facebook\":{\"enabled\":0,\"appId\":\"\"}} );\n    });\n<\/script>[\/vc_column_text][\/vc_column][vc_column width=&#8220;1\/4&#8243;][\/vc_column][\/vc_row][vc_row][vc_column][vc_empty_space height=&#8220;120px&#8220;][\/vc_column][\/vc_row]<\/p>\n<\/section>","protected":false},"excerpt":{"rendered":"<p>[vc_row css=&#8220;.vc_custom_1692790228983{background-image: url(https:\/\/www.energiepark.at\/wp-content\/uploads\/2023\/08\/AK_8594.jpg?id=337) !important;background-position: center !important;background-repeat: no-repeat !important;background-size: cover !important;}&#8220; el_class=&#8220;headerbildbereich&#8220;][vc_column align=&#8220;text-center&#8220; el_class=&#8220;headerbereich&#8220;][vc_empty_space height=&#8220;300px&#8220;][vc_column_text el_class=&#8220;headlinerindex&#8220;]&#8230;<\/p>\n","protected":false},"author":1,"featured_media":0,"parent":0,"menu_order":0,"comment_status":"closed","ping_status":"closed","template":"","meta":{"_acf_changed":false,"inline_featured_image":false,"footnotes":""},"class_list":["post-10510","page","type-page","status-publish","hentry"],"acf":[],"_links":{"self":[{"href":"https:\/\/www.energiepark.at\/sk\/wp-json\/wp\/v2\/pages\/10510","targetHints":{"allow":["GET"]}}],"collection":[{"href":"https:\/\/www.energiepark.at\/sk\/wp-json\/wp\/v2\/pages"}],"about":[{"href":"https:\/\/www.energiepark.at\/sk\/wp-json\/wp\/v2\/types\/page"}],"author":[{"embeddable":true,"href":"https:\/\/www.energiepark.at\/sk\/wp-json\/wp\/v2\/users\/1"}],"replies":[{"embeddable":true,"href":"https:\/\/www.energiepark.at\/sk\/wp-json\/wp\/v2\/comments?post=10510"}],"version-history":[{"count":2,"href":"https:\/\/www.energiepark.at\/sk\/wp-json\/wp\/v2\/pages\/10510\/revisions"}],"predecessor-version":[{"id":10521,"href":"https:\/\/www.energiepark.at\/sk\/wp-json\/wp\/v2\/pages\/10510\/revisions\/10521"}],"wp:attachment":[{"href":"https:\/\/www.energiepark.at\/sk\/wp-json\/wp\/v2\/media?parent=10510"}],"curies":[{"name":"wp","href":"https:\/\/api.w.org\/{rel}","templated":true}]}}