{"id":1540,"date":"2023-07-24T13:16:38","date_gmt":"2023-07-24T13:16:38","guid":{"rendered":"https:\/\/www.energiepark.at\/kontakt\/"},"modified":"2023-10-24T14:33:59","modified_gmt":"2023-10-24T14:33:59","slug":"kontakt","status":"publish","type":"page","link":"https:\/\/www.energiepark.at\/sk\/kontakt\/","title":{"rendered":"Kontakt"},"content":{"rendered":"<section class=\"wpb-content-wrapper\"><p>[vc_row css=&#8220;.vc_custom_1692789906101{background-image: url(https:\/\/www.energiepark.at\/wp-content\/uploads\/2023\/08\/AK_8554.jpg?id=334) !important;background-position: center !important;background-repeat: no-repeat !important;background-size: cover !important;}&#8220; el_class=&#8220;headerbildbereich&#8220;][vc_column align=&#8220;text-center&#8220; el_class=&#8220;headerbereich&#8220;][vc_empty_space height=&#8220;300px&#8220;][vc_column_text el_class=&#8220;headlinerindex&#8220;]<\/p>\n<h1>Bud\u00facnos\u0165 regi\u00f3nu<br \/>\nv oblasti obnovite\u013en\u00fdch zdrojov energie<\/h1>\n<p>[\/vc_column_text][vc_column_text el_class=&#8220;schmuck&#8220; css=&#8220;.vc_custom_1692789886143{margin-top: -130px !important;}&#8220;]<\/p>\n<p style=\"text-align: center;\"><span style=\"color: #f29400;\"><span style=\"caret-color: #f29400;\">Kontakt<\/span><\/span><\/p>\n<p>[\/vc_column_text][vc_single_image image=&#8220;252&#8243; img_size=&#8220;full&#8220; alignment=&#8220;right&#8220; el_class=&#8220;svgtopper&#8220;][vc_empty_space height=&#8220;150px&#8220;][\/vc_column][\/vc_row][vc_row][vc_column]<style>.ld_spacer_69f1a0789a408{height:40px;}<\/style>\n<div class=\"ld-empty-space ld_spacer_69f1a0789a408\"><span class=\"liquid_empty_space_inner\"><\/span><\/div>[\/vc_column][\/vc_row]<\/p>\n<\/section>","protected":false},"excerpt":{"rendered":"<p>[vc_row css=&#8220;.vc_custom_1692789906101{background-image: url(https:\/\/www.energiepark.at\/wp-content\/uploads\/2023\/08\/AK_8554.jpg?id=334) !important;background-position: center !important;background-repeat: no-repeat !important;background-size: cover !important;}&#8220; el_class=&#8220;headerbildbereich&#8220;][vc_column align=&#8220;text-center&#8220; el_class=&#8220;headerbereich&#8220;][vc_empty_space height=&#8220;300px&#8220;][vc_column_text el_class=&#8220;headlinerindex&#8220;]&#8230;<\/p>\n","protected":false},"author":1,"featured_media":0,"parent":0,"menu_order":0,"comment_status":"closed","ping_status":"closed","template":"","meta":{"_acf_changed":false,"inline_featured_image":false,"footnotes":""},"class_list":["post-1540","page","type-page","status-publish","hentry"],"acf":[],"_links":{"self":[{"href":"https:\/\/www.energiepark.at\/sk\/wp-json\/wp\/v2\/pages\/1540","targetHints":{"allow":["GET"]}}],"collection":[{"href":"https:\/\/www.energiepark.at\/sk\/wp-json\/wp\/v2\/pages"}],"about":[{"href":"https:\/\/www.energiepark.at\/sk\/wp-json\/wp\/v2\/types\/page"}],"author":[{"embeddable":true,"href":"https:\/\/www.energiepark.at\/sk\/wp-json\/wp\/v2\/users\/1"}],"replies":[{"embeddable":true,"href":"https:\/\/www.energiepark.at\/sk\/wp-json\/wp\/v2\/comments?post=1540"}],"version-history":[{"count":2,"href":"https:\/\/www.energiepark.at\/sk\/wp-json\/wp\/v2\/pages\/1540\/revisions"}],"predecessor-version":[{"id":1542,"href":"https:\/\/www.energiepark.at\/sk\/wp-json\/wp\/v2\/pages\/1540\/revisions\/1542"}],"wp:attachment":[{"href":"https:\/\/www.energiepark.at\/sk\/wp-json\/wp\/v2\/media?parent=1540"}],"curies":[{"name":"wp","href":"https:\/\/api.w.org\/{rel}","templated":true}]}}