{"id":1545,"date":"2023-07-24T13:16:18","date_gmt":"2023-07-24T13:16:18","guid":{"rendered":"https:\/\/www.energiepark.at\/o-nas\/"},"modified":"2023-10-24T14:34:00","modified_gmt":"2023-10-24T14:34:00","slug":"o-nas","status":"publish","type":"page","link":"https:\/\/www.energiepark.at\/sk\/o-nas\/","title":{"rendered":"O n\u00e1s"},"content":{"rendered":"<section class=\"wpb-content-wrapper\"><p>[vc_row css=&#8220;.vc_custom_1692790483770{background-image: url(https:\/\/www.energiepark.at\/wp-content\/uploads\/2023\/08\/AK_8623.jpg?id=335) !important;background-position: center !important;background-repeat: no-repeat !important;background-size: cover !important;}&#8220; el_class=&#8220;headerbildbereich&#8220;][vc_column align=&#8220;text-center&#8220; el_class=&#8220;headerbereich&#8220;][vc_empty_space height=&#8220;300px&#8220;][vc_column_text el_class=&#8220;headlinerindex&#8220;]<\/p>\n<h1>Bud\u00facnos\u0165 regi\u00f3nu<br \/>\nv oblasti obnovite\u013en\u00fdch zdrojov energie<\/h1>\n<p>[\/vc_column_text][vc_column_text el_class=&#8220;schmuck&#8220; css=&#8220;.vc_custom_1692790492473{margin-top: -130px !important;}&#8220;]<\/p>\n<p style=\"text-align: center;\"><span style=\"color: #f29400;\"><span style=\"caret-color: #f29400;\">O n\u00e1s<\/span><\/span><\/p>\n<p>[\/vc_column_text][vc_single_image image=&#8220;252&#8243; img_size=&#8220;full&#8220; alignment=&#8220;right&#8220; el_class=&#8220;svgtopper&#8220;][vc_empty_space height=&#8220;150px&#8220;][\/vc_column][\/vc_row][vc_row][vc_column width=&#8220;2\/3&#8243; css=&#8220;.vc_custom_1696312625012{margin-left: -20px !important;padding-left: 20px !important;}&#8220; el_class=&#8220;schmuckmobiltwo&#8220;][vc_empty_space height=&#8220;120px&#8220;][vc_column_text el_class=&#8220;headlinerindex&#8220;]<\/p>\n<h1>Energetick\u00fd park: priekopn\u00edk a<br \/>\nHnacia sila inov\u00e1ci\u00ed od roku 1995<\/h1>\n<p>[\/vc_column_text][vc_column_text el_class=&#8220;schmuck&#8220; css=&#8220;.vc_custom_1691417383873{margin-top: -280px !important;margin-left: -240px !important;}&#8220;]<\/p>\n<p style=\"text-align: center;\"><span style=\"color: #f29400;\">s dobr\u00fdm<\/span><br \/>\n<span style=\"color: #f29400;\">Svedomie<\/span><\/p>\n<p>[\/vc_column_text][vc_empty_space height=&#8220;40px&#8220;][vc_column_text]<\/p>\n<p style=\"font-weight: 400;\">Od roku 1995 sa ne\u00fanavne venujeme obnovite\u013enej energii. Z n\u00e1padu sa stala spolo\u010dnos\u0165, ktor\u00e1 vytv\u00e1ra viac ako 30 pracovn\u00fdch miest a h\u013ead\u00ed do bud\u00facnosti.<\/p>\n<p style=\"font-weight: 400;\">Na\u010falej sa zameriavame na projekty v oblasti obnovite\u013en\u00fdch zdrojov energie, ochrany kl\u00edmy a \u017eivotn\u00e9ho prostredia, ako aj region\u00e1lneho rozvoja. T\u00edm v energetickom parku na tom ka\u017ed\u00fd de\u0148 tvrdo pracuje.<\/p>\n<p style=\"font-weight: 400;\">Dobr\u00e9 n\u00e1pady rozv\u00edjame do konkr\u00e9tnych implement\u00e1ci\u00ed, aby sme na vidite\u013en\u00fdch pr\u00edkladoch uk\u00e1zali, \u010do je realizovate\u013en\u00e9. Svojimi aktivitami chceme \u013eud\u00ed in\u0161pirova\u0165 a podporova\u0165. A d\u00f4sledne pokra\u010dova\u0165 v ceste k energetickej transform\u00e1cii. Ka\u017ed\u00fd de\u0148 o krok \u010falej.<\/p>\n<p>[\/vc_column_text][\/vc_column][vc_column width=&#8220;1\/3&#8243;]<style>.ld_spacer_69e3fcb7a2f96{height:50px;}@media (min-width: 768px) { .ld_spacer_69e3fcb7a2f96{height:120px};}@media (min-width: 992px) { .ld_spacer_69e3fcb7a2f96{height:120px};}@media (min-width: 1200px) { .ld_spacer_69e3fcb7a2f96{height:120px};}<\/style>\n<div class=\"ld-empty-space ld_spacer_69e3fcb7a2f96\"><span class=\"liquid_empty_space_inner\"><\/span><\/div>[vc_row_inner css=&#8220;.vc_custom_1692271073173{padding-top: 25px !important;padding-right: 10px !important;padding-bottom: 15px !important;padding-left: 10px !important;background-color: #f29400 !important;border-radius: 15px !important;}&#8220; el_class=&#8220;colorwhite&#8220;][vc_column_inner][vc_column_text]<span style=\"font-size: 48px;\">Od roku 1995<\/span>[\/vc_column_text][vc_column_text]<span style=\"font-size: 14px;\">Obnovite\u013en\u00e1 energia<\/span>[\/vc_column_text][\/vc_column_inner][\/vc_row_inner][vc_empty_space height=&#8220;20px&#8220;][vc_row_inner css=&#8220;.vc_custom_1692271077256{padding-top: 25px !important;padding-right: 10px !important;padding-bottom: 15px !important;padding-left: 10px !important;background-color: #ecb764 !important;border-radius: 15px !important;}&#8220; el_class=&#8220;colorwhite&#8220;][vc_column_inner][vc_column_text]<span style=\"font-size: 48px;\">4<\/span>[\/vc_column_text][vc_column_text]<span style=\"font-size: 14px;\">R\u00f4zne zdroje energie: slnko, voda, vietor a bioplyn<\/span>[\/vc_column_text][\/vc_column_inner][\/vc_row_inner][\/vc_column][\/vc_row][vc_row][vc_column][vc_empty_space height=&#8220;40px&#8220;][\/vc_column][\/vc_row]<\/p>\n<\/section>","protected":false},"excerpt":{"rendered":"<p>[vc_row css=&#8220;.vc_custom_1692790483770{background-image: url(https:\/\/www.energiepark.at\/wp-content\/uploads\/2023\/08\/AK_8623.jpg?id=335) !important;background-position: center !important;background-repeat: no-repeat !important;background-size: cover !important;}&#8220; el_class=&#8220;headerbildbereich&#8220;][vc_column align=&#8220;text-center&#8220; el_class=&#8220;headerbereich&#8220;][vc_empty_space height=&#8220;300px&#8220;][vc_column_text el_class=&#8220;headlinerindex&#8220;]&#8230;<\/p>\n","protected":false},"author":1,"featured_media":0,"parent":0,"menu_order":0,"comment_status":"closed","ping_status":"closed","template":"","meta":{"_acf_changed":false,"inline_featured_image":false,"footnotes":""},"class_list":["post-1545","page","type-page","status-publish","hentry"],"acf":[],"_links":{"self":[{"href":"https:\/\/www.energiepark.at\/sk\/wp-json\/wp\/v2\/pages\/1545","targetHints":{"allow":["GET"]}}],"collection":[{"href":"https:\/\/www.energiepark.at\/sk\/wp-json\/wp\/v2\/pages"}],"about":[{"href":"https:\/\/www.energiepark.at\/sk\/wp-json\/wp\/v2\/types\/page"}],"author":[{"embeddable":true,"href":"https:\/\/www.energiepark.at\/sk\/wp-json\/wp\/v2\/users\/1"}],"replies":[{"embeddable":true,"href":"https:\/\/www.energiepark.at\/sk\/wp-json\/wp\/v2\/comments?post=1545"}],"version-history":[{"count":2,"href":"https:\/\/www.energiepark.at\/sk\/wp-json\/wp\/v2\/pages\/1545\/revisions"}],"predecessor-version":[{"id":1557,"href":"https:\/\/www.energiepark.at\/sk\/wp-json\/wp\/v2\/pages\/1545\/revisions\/1557"}],"wp:attachment":[{"href":"https:\/\/www.energiepark.at\/sk\/wp-json\/wp\/v2\/media?parent=1545"}],"curies":[{"name":"wp","href":"https:\/\/api.w.org\/{rel}","templated":true}]}}