{"id":1569,"date":"2023-08-17T12:03:41","date_gmt":"2023-08-17T10:03:41","guid":{"rendered":"https:\/\/www.energiepark.at\/bioplyn\/"},"modified":"2026-03-03T15:43:15","modified_gmt":"2026-03-03T14:43:15","slug":"bioplyn","status":"publish","type":"page","link":"https:\/\/www.energiepark.at\/sk\/bioplyn\/","title":{"rendered":"Bioplyn"},"content":{"rendered":"<section class=\"wpb-content-wrapper\"><p>[vc_row css=&#8220;.vc_custom_1692886175235{background-image: url(https:\/\/www.energiepark.at\/wp-content\/uploads\/2023\/08\/AK_8320-1.jpg?id=628) !important;background-position: center !important;background-repeat: no-repeat !important;background-size: cover !important;}&#8220; el_class=&#8220;headerbildbereich&#8220;][vc_column align=&#8220;text-center&#8220; el_class=&#8220;headerbereich&#8220;][vc_empty_space height=&#8220;300px&#8220;][vc_column_text el_class=&#8220;headlinerindex&#8220;]<\/p>\n<h1>Viac obnovite\u013enej energie<br \/>\npre krajinu<\/h1>\n<p>[\/vc_column_text][vc_column_text el_class=&#8220;schmuck&#8220; css=&#8220;.vc_custom_1692886304652{margin-top: -130px !important;}&#8220;]<\/p>\n<p style=\"text-align: center;\"><span style=\"color: #6aaf23;\"><span style=\"caret-color: #f29400;\">Bioplyn<\/span><\/span><\/p>\n<p>[\/vc_column_text][vc_single_image image=&#8220;1572&#8243; img_size=&#8220;full&#8220; alignment=&#8220;right&#8220; el_class=&#8220;svgtopper&#8220;][vc_empty_space height=&#8220;150px&#8220;][\/vc_column][\/vc_row][vc_row gap=&#8220;30&#8243;][vc_column width=&#8220;2\/3&#8243; css=&#8220;.vc_custom_1696310847650{margin-left: -20px !important;padding-left: 20px !important;}&#8220;][vc_empty_space height=&#8220;120px&#8220;][vc_column_text el_class=&#8220;headlinerindex&#8220;]<\/p>\n<h1>Bioplynov\u00e1 stanica<br \/>\nV regi\u00f3ne &#8211;<br \/>\ns regi\u00f3nom.<\/h1>\n<p>[\/vc_column_text][vc_column_text el_class=&#8220;schmuck&#8220; css=&#8220;.vc_custom_1692886400403{margin-top: -130px !important;}&#8220;]<\/p>\n<p style=\"text-align: center;\"><span style=\"color: #6aaf23;\"><span style=\"caret-color: #f29400;\">Obvod<\/span><\/span><\/p>\n<p>[\/vc_column_text]<style>.ld_spacer_69f4b15ab2e6d{height:90px;}@media (min-width: 768px) { .ld_spacer_69f4b15ab2e6d{height:40px};}@media (min-width: 992px) { .ld_spacer_69f4b15ab2e6d{height:40px};}@media (min-width: 1200px) { .ld_spacer_69f4b15ab2e6d{height:40px};}<\/style>\n<div class=\"ld-empty-space ld_spacer_69f4b15ab2e6d\"><span class=\"liquid_empty_space_inner\"><\/span><\/div>[vc_column_text]Bioplynov\u00e1 stanica Bruck\/Leitha bola uveden\u00e1 do prev\u00e1dzky v m\u00e1ji 2004 a v priebehu prestavby v prvej polovici roka 2014 bola prestavan\u00e1 na 100 % \u010distenie biomet\u00e1nu a vtl\u00e1\u010danie plynu do siete.<\/p>\n<p>Vysokoenergetick\u00fd cyklus. Obnovite\u013en\u00e9 suroviny a organick\u00e9 zvy\u0161ky z potravin\u00e1rskeho a krmiv\u00e1rskeho priemyslu fermentuj\u00fa na bioplyn za vyl\u00fa\u010denia atmosf\u00e9rick\u00e9ho kysl\u00edka. Premena na elektrinu a teplo sa uskuto\u010d\u0148uje prostredn\u00edctvom syst\u00e9mu kombinovanej v\u00fdroby tepla a elektriny. Tie s\u00fa potrebn\u00e9 len na vlastn\u00fa spotrebu. Fermenta\u010dn\u00fd substr\u00e1t, ktor\u00fd zostane z anaer\u00f3bnej ferment\u00e1cie, sa pou\u017e\u00edva ako hnojivo pre rastliny na po\u013enohospod\u00e1rskej p\u00f4de.<\/p>\n<p>Inform\u00e1cie pre verejnos\u0165 n\u00e1jdete <a href=\"https:\/\/www.energiepark.at\/wp-content\/uploads\/2025\/03\/2025.02_Information-Oeffentlichkeit-UIG-StIV.pdf\"><strong>TU<\/strong><\/a>.<\/p>\n<p>[\/vc_column_text][\/vc_column][vc_column width=&#8220;1\/3&#8243;]<style>.ld_spacer_69f4b15ab2fbd{height:50px;}@media (min-width: 768px) { .ld_spacer_69f4b15ab2fbd{height:120px};}@media (min-width: 992px) { .ld_spacer_69f4b15ab2fbd{height:120px};}@media (min-width: 1200px) { .ld_spacer_69f4b15ab2fbd{height:120px};}<\/style>\n<div class=\"ld-empty-space ld_spacer_69f4b15ab2fbd\"><span class=\"liquid_empty_space_inner\"><\/span><\/div>[vc_single_image image=&#8220;1573&#8243; img_size=&#8220;full&#8220; alignment=&#8220;center&#8220;][\/vc_column][\/vc_row][vc_row][vc_column][vc_empty_space height=&#8220;80px&#8220;][\/vc_column][\/vc_row][vc_row gap=&#8220;25&#8243;][vc_column width=&#8220;1\/2&#8243;][vc_row_inner content_placement=&#8220;bottom&#8220; css=&#8220;.vc_custom_1692886707387{padding-top: 30px !important;padding-right: 30px !important;padding-bottom: 30px !important;padding-left: 30px !important;background-image: url(https:\/\/www.energiepark.at\/wp-content\/uploads\/2023\/08\/Startbild_PTLiquid-1-scaled-1.jpg?id=633) !important;background-position: center !important;background-repeat: no-repeat !important;background-size: cover !important;border-radius: 20px !important;}&#8220; el_id=&#8220;large&#8220; el_class=&#8220;colorwhite&#8220;][vc_column_inner el_class=&#8220;innerdiv&#8220;][vc_empty_space height=&#8220;10px&#8220;]<style>.ld_button_69f4b15ab310b.btn-icon-solid .btn-icon{background:rgb(255, 255, 255);}.ld_button_69f4b15ab310b.btn-icon-circle.btn-icon-ripple .btn-icon:before{border-color:rgb(255, 255, 255);}.ld_button_69f4b15ab310b{width:150px;height:30px;color:rgb(255, 255, 255);border-color:rgb(255, 255, 255);font-size:12px !important;}.ld_button_69f4b15ab310b:hover{background-color:rgb(255, 255, 255);color:rgb(242, 148, 0);}<\/style><a href=\"https:\/\/www.energiepark.at\/ptliquid\/\" class=\"btn btn-default btn-custom btn-custom-sized circle btn-bordered border-thin buttontop ld_button_69f4b15ab310b vc_custom_1696245247506\">\n\t<span>\n\t\t\n\t\t\t\t\t<span class=\"btn-txt\">Projekt Showcase<\/span>\n\t\t\t\n\t\t\t\t<\/span>\n<\/a>\n[vc_column_text el_class=&#8220;bottomposition&#8220;]<span style=\"font-size: 24px;\"><strong>PTLiquid<\/strong><\/span>[\/vc_column_text][vc_column_text el_class=&#8220;linkrechts&#8220;]<a href=\"#\" data-wp-editing=\"1\"><img decoding=\"async\" class=\"alignright wp-image-410\" src=\"https:\/\/www.energiepark.at\/wp-content\/uploads\/2023\/08\/plus-light-2.svg\" alt=\"\" width=\"23\" height=\"27\"><\/a>[\/vc_column_text][\/vc_column_inner][\/vc_row_inner][vc_empty_space height=&#8220;20px&#8220;][vc_row_inner content_placement=&#8220;top&#8220; css=&#8220;.vc_custom_1692886795029{padding-top: 30px !important;padding-right: 30px !important;padding-bottom: 30px !important;padding-left: 30px !important;background-color: #8db267 !important;background-position: center !important;background-repeat: no-repeat !important;background-size: cover !important;border-radius: 20px !important;}&#8220; el_class=&#8220;colorwhite&#8220; el_id=&#8220;small&#8220;][vc_column_inner][vc_empty_space height=&#8220;236px&#8220;][\/vc_column_inner][\/vc_row_inner][vc_empty_space height=&#8220;20px&#8220;][vc_row_inner content_placement=&#8220;bottom&#8220; css=&#8220;.vc_custom_1696246204086{padding-top: 30px !important;padding-right: 30px !important;padding-bottom: 30px !important;padding-left: 30px !important;background-image: url(https:\/\/www.energiepark.at\/wp-content\/uploads\/2023\/10\/biogas.jpg?id=771) !important;background-position: center !important;background-repeat: no-repeat !important;background-size: cover !important;border-radius: 20px !important;}&#8220; el_id=&#8220;large&#8220; el_class=&#8220;colorwhite&#8220;][vc_column_inner el_class=&#8220;innerdiv&#8220;][vc_empty_space height=&#8220;10px&#8220;]<style>.ld_button_69f4b15ab336e.btn-icon-solid .btn-icon{background:rgb(255, 255, 255);}.ld_button_69f4b15ab336e.btn-icon-circle.btn-icon-ripple .btn-icon:before{border-color:rgb(255, 255, 255);}.ld_button_69f4b15ab336e{width:150px;height:30px;color:rgb(255, 255, 255);border-color:rgb(255, 255, 255);font-size:12px !important;}.ld_button_69f4b15ab336e:hover{background-color:rgb(255, 255, 255);color:rgb(242, 148, 0);}<\/style><a href=\"https:\/\/www.energiepark.at\/pilotprojekt-virtuelles-biogas\/\" class=\"btn btn-default btn-custom btn-custom-sized circle btn-bordered border-thin buttontop ld_button_69f4b15ab336e vc_custom_1696246271204\">\n\t<span>\n\t\t\n\t\t\t\t\t<span class=\"btn-txt\">Projekt Showcase<\/span>\n\t\t\t\n\t\t\t\t<\/span>\n<\/a>\n[vc_column_text el_class=&#8220;bottomposition&#8220;]<span style=\"font-size: 24px;\"><strong>Virtu\u00e1lny bioplyn<\/strong><\/span>[\/vc_column_text][vc_column_text el_class=&#8220;linkrechts&#8220;]<a href=\"#\" data-wp-editing=\"1\"><img decoding=\"async\" class=\"alignright wp-image-410\" src=\"https:\/\/www.energiepark.at\/wp-content\/uploads\/2023\/08\/plus-light-2.svg\" alt=\"\" width=\"23\" height=\"27\"><\/a>[\/vc_column_text][\/vc_column_inner][\/vc_row_inner][vc_empty_space][\/vc_column][vc_column width=&#8220;1\/2&#8243;][vc_row_inner content_placement=&#8220;top&#8220; css=&#8220;.vc_custom_1692886765130{padding-top: 30px !important;padding-right: 30px !important;padding-bottom: 30px !important;padding-left: 30px !important;background-color: #6aaf23 !important;background-position: center !important;background-repeat: no-repeat !important;background-size: cover !important;border-radius: 20px !important;}&#8220; el_id=&#8220;small&#8220; el_class=&#8220;colorwhite&#8220;][vc_column_inner][vc_empty_space height=&#8220;236px&#8220;][\/vc_column_inner][\/vc_row_inner][vc_empty_space height=&#8220;20px&#8220;][vc_row_inner content_placement=&#8220;bottom&#8220; css=&#8220;.vc_custom_1692886717413{padding-top: 30px !important;padding-right: 30px !important;padding-bottom: 30px !important;padding-left: 30px !important;background-image: url(https:\/\/www.energiepark.at\/wp-content\/uploads\/2023\/08\/MG_7772_Web-scaled-1.jpg?id=634) !important;background-position: center !important;background-repeat: no-repeat !important;background-size: cover !important;border-radius: 20px !important;}&#8220; el_id=&#8220;large&#8220; el_class=&#8220;colorwhite&#8220;][vc_column_inner el_class=&#8220;innerdiv&#8220;][vc_empty_space height=&#8220;10px&#8220;]<style>.ld_button_69f4b15ab356e.btn-icon-solid .btn-icon{background:rgb(255, 255, 255);}.ld_button_69f4b15ab356e.btn-icon-circle.btn-icon-ripple .btn-icon:before{border-color:rgb(255, 255, 255);}.ld_button_69f4b15ab356e{width:150px;height:30px;color:rgb(255, 255, 255);border-color:rgb(255, 255, 255);font-size:12px !important;}.ld_button_69f4b15ab356e:hover{background-color:rgb(255, 255, 255);color:rgb(242, 148, 0);}<\/style><a href=\"https:\/\/www.energiepark.at\/bioflexnet-flexible-stromeinspeisung-aus-biogasanlagen\/\" class=\"btn btn-default btn-custom btn-custom-sized circle btn-bordered border-thin buttontop ld_button_69f4b15ab356e vc_custom_1696245847203\">\n\t<span>\n\t\t\n\t\t\t\t\t<span class=\"btn-txt\">Projekt Showcase<\/span>\n\t\t\t\n\t\t\t\t<\/span>\n<\/a>\n[vc_column_text el_class=&#8220;bottomposition&#8220;]<span style=\"font-size: 24px;\"><strong>Bio(FLEX)Net<\/strong><\/span>[\/vc_column_text][vc_column_text el_class=&#8220;linkrechts&#8220;]<a href=\"#\" data-wp-editing=\"1\"><img decoding=\"async\" class=\"alignright wp-image-410\" src=\"https:\/\/www.energiepark.at\/wp-content\/uploads\/2023\/08\/plus-light-2.svg\" alt=\"\" width=\"23\" height=\"27\"><\/a>[\/vc_column_text][\/vc_column_inner][\/vc_row_inner][vc_empty_space height=&#8220;20px&#8220;][vc_row_inner content_placement=&#8220;top&#8220; css=&#8220;.vc_custom_1692886772492{padding-top: 30px !important;padding-right: 30px !important;padding-bottom: 30px !important;padding-left: 30px !important;background-color: #6aaf23 !important;background-position: center !important;background-repeat: no-repeat !important;background-size: cover !important;border-radius: 20px !important;}&#8220; el_id=&#8220;small&#8220; el_class=&#8220;colorwhite&#8220;][vc_column_inner][vc_empty_space height=&#8220;236px&#8220;][\/vc_column_inner][\/vc_row_inner][vc_empty_space][\/vc_column][\/vc_row][vc_row][vc_column][vc_empty_space height=&#8220;80px&#8220;][\/vc_column][\/vc_row]<\/p>\n<\/section>","protected":false},"excerpt":{"rendered":"<p>[vc_row css=&#8220;.vc_custom_1692886175235{background-image: url(https:\/\/www.energiepark.at\/wp-content\/uploads\/2023\/08\/AK_8320-1.jpg?id=628) !important;background-position: center !important;background-repeat: no-repeat !important;background-size: cover !important;}&#8220; el_class=&#8220;headerbildbereich&#8220;][vc_column align=&#8220;text-center&#8220; el_class=&#8220;headerbereich&#8220;][vc_empty_space height=&#8220;300px&#8220;][vc_column_text el_class=&#8220;headlinerindex&#8220;]&#8230;<\/p>\n","protected":false},"author":1,"featured_media":0,"parent":0,"menu_order":0,"comment_status":"closed","ping_status":"closed","template":"","meta":{"_acf_changed":false,"inline_featured_image":false,"footnotes":""},"class_list":["post-1569","page","type-page","status-publish","hentry"],"acf":[],"_links":{"self":[{"href":"https:\/\/www.energiepark.at\/sk\/wp-json\/wp\/v2\/pages\/1569","targetHints":{"allow":["GET"]}}],"collection":[{"href":"https:\/\/www.energiepark.at\/sk\/wp-json\/wp\/v2\/pages"}],"about":[{"href":"https:\/\/www.energiepark.at\/sk\/wp-json\/wp\/v2\/types\/page"}],"author":[{"embeddable":true,"href":"https:\/\/www.energiepark.at\/sk\/wp-json\/wp\/v2\/users\/1"}],"replies":[{"embeddable":true,"href":"https:\/\/www.energiepark.at\/sk\/wp-json\/wp\/v2\/comments?post=1569"}],"version-history":[{"count":4,"href":"https:\/\/www.energiepark.at\/sk\/wp-json\/wp\/v2\/pages\/1569\/revisions"}],"predecessor-version":[{"id":10162,"href":"https:\/\/www.energiepark.at\/sk\/wp-json\/wp\/v2\/pages\/1569\/revisions\/10162"}],"wp:attachment":[{"href":"https:\/\/www.energiepark.at\/sk\/wp-json\/wp\/v2\/media?parent=1569"}],"curies":[{"name":"wp","href":"https:\/\/api.w.org\/{rel}","templated":true}]}}