{"id":1582,"date":"2023-08-17T12:00:13","date_gmt":"2023-08-17T12:00:13","guid":{"rendered":"https:\/\/www.energiepark.at\/vodna-energia\/"},"modified":"2023-10-24T14:34:02","modified_gmt":"2023-10-24T14:34:02","slug":"vodna-energia","status":"publish","type":"page","link":"https:\/\/www.energiepark.at\/sk\/vodna-energia\/","title":{"rendered":"Vodn\u00e1 energia"},"content":{"rendered":"<section class=\"wpb-content-wrapper\"><p>[vc_row css=&#8220;.vc_custom_1697190527774{background-image: url(https:\/\/www.energiepark.at\/wp-content\/uploads\/2023\/10\/DJI_0493-scaled.jpg?id=1489) !important;background-position: center !important;background-repeat: no-repeat !important;background-size: cover !important;}&#8220; el_class=&#8220;headerbildbereich&#8220;][vc_column align=&#8220;text-center&#8220; el_class=&#8220;headerbereich&#8220;][vc_empty_space height=&#8220;300px&#8220;][vc_column_text el_class=&#8220;headlinerindex&#8220;]<\/p>\n<h1>Energetick\u00fd park ako<br \/>\nPriekopn\u00edk a priekopn\u00edk<\/h1>\n<p>[\/vc_column_text][vc_column_text el_class=&#8220;schmuck&#8220; css=&#8220;.vc_custom_1692884509640{margin-top: -130px !important;}&#8220;]<\/p>\n<p style=\"text-align: center;\"><span style=\"color: #f29400;\"><span style=\"caret-color: #f29400;\">Vodn\u00e1 energia<\/span><\/span><\/p>\n<p>[\/vc_column_text][vc_single_image image=&#8220;252&#8243; img_size=&#8220;full&#8220; alignment=&#8220;right&#8220; el_class=&#8220;svgtopper&#8220;][vc_empty_space height=&#8220;150px&#8220;][\/vc_column][\/vc_row][vc_row gap=&#8220;30&#8243;][vc_column width=&#8220;2\/3&#8243; css=&#8220;.vc_custom_1696310655880{margin-left: -20px !important;padding-left: 20px !important;}&#8220; el_class=&#8220;schmuckmobiltwo&#8220;][vc_empty_space height=&#8220;120px&#8220;][vc_column_text el_class=&#8220;headlinerindex&#8220;]<\/p>\n<h1>Na\u0161e hydroenergetick\u00e9 projekty<br \/>\nV regi\u00f3ne &#8211;<br \/>\ns regi\u00f3nom.<\/h1>\n<p>[\/vc_column_text][vc_column_text el_class=&#8220;schmuck&#8220; css=&#8220;.vc_custom_1692707812647{margin-top: -280px !important;margin-left: -240px !important;}&#8220;]<\/p>\n<p style=\"text-align: center;\"><span style=\"color: #f29400;\"><span style=\"caret-color: #f29400;\">jednoducho<br \/>\nregion\u00e1lne<\/span><\/span><\/p>\n<p>[\/vc_column_text][vc_empty_space height=&#8220;40px&#8220;][vc_column_text]Vodn\u00e1 energia zohr\u00e1va v na\u0161om regi\u00f3ne men\u0161iu \u00falohu. O to d\u00f4le\u017eitej\u0161ie pre n\u00e1s je, \u017ee sa n\u00e1m podarilo revitalizova\u0165 mal\u00fa vodn\u00fa elektr\u00e1re\u0148 v Trautmannsdorfe a uvies\u0165 ju do prev\u00e1dzky v okt\u00f3bri 2021. T\u00fdmto o\u017eiven\u00edm preklenieme historick\u00fd obl\u00fak vyu\u017e\u00edvania vodnej energie na mieste b\u00fdval\u00e9ho Seidlovho mlyna na pr\u00edtoku Leithy a\u017e do s\u00fa\u010dasnosti.<\/p>\n<p>Pridanie v\u00fdroby vodnej energie do portf\u00f3lia zd\u00f4raz\u0148uje odborn\u00e9 znalosti energetick\u00e9ho parku v oblasti obnovite\u013en\u00fdch zdrojov energie.[\/vc_column_text][\/vc_column][vc_column width=&#8220;1\/3&#8243;]<style>.ld_spacer_69e3fcb7b32a8{height:50px;}@media (min-width: 768px) { .ld_spacer_69e3fcb7b32a8{height:120px};}@media (min-width: 992px) { .ld_spacer_69e3fcb7b32a8{height:120px};}@media (min-width: 1200px) { .ld_spacer_69e3fcb7b32a8{height:120px};}<\/style>\n<div class=\"ld-empty-space ld_spacer_69e3fcb7b32a8\"><span class=\"liquid_empty_space_inner\"><\/span><\/div>[vc_single_image image=&#8220;729&#8243; img_size=&#8220;full&#8220; alignment=&#8220;center&#8220;][\/vc_column][\/vc_row][vc_row][vc_column][vc_empty_space height=&#8220;80px&#8220;][\/vc_column][\/vc_row][vc_row gap=&#8220;25&#8243;][vc_column width=&#8220;1\/2&#8243;][vc_row_inner content_placement=&#8220;bottom&#8220; css=&#8220;.vc_custom_1692884755064{padding-top: 30px !important;padding-right: 30px !important;padding-bottom: 30px !important;padding-left: 30px !important;background-image: url(https:\/\/www.energiepark.at\/wp-content\/uploads\/2023\/08\/IMG_7401_Web-1024&#215;683-1.jpg?id=612) !important;background-position: center !important;background-repeat: no-repeat !important;background-size: cover !important;border-radius: 20px !important;}&#8220; el_id=&#8220;large&#8220; el_class=&#8220;colorwhite&#8220;][vc_column_inner el_class=&#8220;innerdiv&#8220;][vc_empty_space height=&#8220;10px&#8220;]<style>.ld_button_69e3fcb7b3461.btn-icon-solid .btn-icon{background:rgb(255, 255, 255);}.ld_button_69e3fcb7b3461.btn-icon-circle.btn-icon-ripple .btn-icon:before{border-color:rgb(255, 255, 255);}.ld_button_69e3fcb7b3461{width:180px;height:30px;color:rgb(255, 255, 255);border-color:rgb(255, 255, 255);font-size:12px !important;}.ld_button_69e3fcb7b3461:hover{background-color:rgb(255, 255, 255);color:rgb(242, 148, 0);}<\/style><a href=\"https:\/\/www.energiepark.at\/wasserkraftwerk-trautmannsdorf-a-d-leitha\/\" title=\"Energiepark\" class=\"btn btn-default btn-custom btn-custom-sized circle btn-bordered border-thin buttontop ld_button_69e3fcb7b3461 vc_custom_1692885376346\">\n\t<span>\n\t\t\n\t\t\t\t\t<span class=\"btn-txt\">Projekt Showcase<\/span>\n\t\t\t\n\t\t\t\t<\/span>\n<\/a>\n[vc_column_text el_class=&#8220;bottomposition&#8220;]<span style=\"font-size: 24px;\"><strong>Vodn\u00e1 elektr\u00e1re\u0148 Trautmannsdorf a.d. Leitha<\/strong><\/span>[\/vc_column_text][vc_column_text el_class=&#8220;linkrechts&#8220;]<a href=\"https:\/\/www.energiepark.at\/wasserkraftwerk-trautmannsdorf-a-d-leitha\/\" data-wp-editing=\"1\"><img decoding=\"async\" class=\"alignright wp-image-410\" src=\"https:\/\/www.energiepark.at\/wp-content\/uploads\/2023\/08\/plus-light-2.svg\" alt=\"\" width=\"23\" height=\"27\"><\/a>[\/vc_column_text][\/vc_column_inner][\/vc_row_inner][vc_empty_space][\/vc_column][vc_column width=&#8220;1\/2&#8243;][vc_row_inner content_placement=&#8220;top&#8220; css=&#8220;.vc_custom_1692708348649{padding-top: 30px !important;padding-right: 30px !important;padding-bottom: 30px !important;padding-left: 30px !important;background-color: #f29400 !important;background-position: center !important;background-repeat: no-repeat !important;background-size: cover !important;border-radius: 20px !important;}&#8220; el_id=&#8220;small&#8220; el_class=&#8220;colorwhite&#8220;][vc_column_inner][vc_empty_space][vc_column_text]<span style=\"font-size: 28px;\">Elektrick\u00e1 energia pre dom\u00e1cnosti<\/span>[\/vc_column_text][vc_empty_space height=&#8220;96px&#8220;][vc_column_text el_class=&#8220;headline&#8220;]<\/p>\n<p style=\"text-align: right;\"><span style=\"font-size: 60px;\">125<\/span><\/p>\n<p>[\/vc_column_text][\/vc_column_inner][\/vc_row_inner][\/vc_column][\/vc_row][vc_row][vc_column][vc_empty_space height=&#8220;80px&#8220;][\/vc_column][\/vc_row][vc_row gap=&#8220;25&#8243; disable_element=&#8220;yes&#8220;][vc_column width=&#8220;1\/2&#8243;][vc_row_inner content_placement=&#8220;bottom&#8220; css=&#8220;.vc_custom_1692709223623{padding-top: 30px !important;padding-right: 30px !important;padding-bottom: 30px !important;padding-left: 30px !important;background-image: url(https:\/\/www.energiepark.at\/wp-content\/uploads\/2023\/08\/ansprechpartner-platzhalter.jpg?id=377) !important;background-position: center !important;background-repeat: no-repeat !important;background-size: cover !important;border-radius: 20px !important;}&#8220; el_class=&#8220;colorwhite&#8220; el_id=&#8220;large&#8220;][vc_column_inner el_class=&#8220;innerdiv&#8220;][vc_empty_space height=&#8220;10px&#8220;]<style>.ld_button_69e3fcb7b36f0.btn-icon-solid .btn-icon{background:rgb(255, 255, 255);}.ld_button_69e3fcb7b36f0.btn-icon-circle.btn-icon-ripple .btn-icon:before{border-color:rgb(255, 255, 255);}.ld_button_69e3fcb7b36f0{width:180px;height:30px;color:rgb(255, 255, 255);border-color:rgb(255, 255, 255);font-size:12px !important;}.ld_button_69e3fcb7b36f0:hover{background-color:rgb(255, 255, 255);color:rgb(242, 148, 0);}<\/style><a href=\"https:\/\/www.energiepark.at\/energiepark\/\" title=\"Energiepark\" class=\"btn btn-default btn-custom btn-custom-sized circle btn-bordered border-thin buttontop ld_button_69e3fcb7b36f0 vc_custom_1692884621023\">\n\t<span>\n\t\t\n\t\t\t\t\t<span class=\"btn-txt\">Anfragen f\u00fcr Wasserenergie<\/span>\n\t\t\t\n\t\t\t\t<\/span>\n<\/a>\n[vc_column_text el_class=&#8220;bottomposition&#8220;]<span style=\"font-size: 24px;\"><strong>Lorem Ispum<br \/>\nRiadenie projektov v oblasti vodnej energie<\/strong><\/span>[\/vc_column_text][vc_column_text el_class=&#8220;linkrechts&#8220;]<a href=\"https:\/\/www.energiepark.at\/energiepark\/\" data-wp-editing=\"1\"><img decoding=\"async\" class=\"alignright wp-image-410\" src=\"https:\/\/www.energiepark.at\/wp-content\/uploads\/2023\/08\/plus-light-2.svg\" alt=\"\" width=\"23\" height=\"27\"><\/a>[\/vc_column_text][\/vc_column_inner][\/vc_row_inner][\/vc_column][vc_column width=&#8220;1\/2&#8243;][vc_row_inner content_placement=&#8220;bottom&#8220; css=&#8220;.vc_custom_1692880965637{padding-top: 30px !important;padding-right: 30px !important;padding-bottom: 30px !important;padding-left: 30px !important;background-image: url(https:\/\/www.energiepark.at\/wp-content\/uploads\/2023\/08\/ansprechpartner-platzhalter.jpg?id=377) !important;background-position: center !important;background-repeat: no-repeat !important;background-size: cover !important;border-radius: 20px !important;}&#8220; el_class=&#8220;colorwhite&#8220; el_id=&#8220;large&#8220;][vc_column_inner el_class=&#8220;innerdiv&#8220;][vc_empty_space height=&#8220;10px&#8220;]<style>.ld_button_69e3fcb7b3955.btn-icon-solid .btn-icon{background:rgb(255, 255, 255);}.ld_button_69e3fcb7b3955.btn-icon-circle.btn-icon-ripple .btn-icon:before{border-color:rgb(255, 255, 255);}.ld_button_69e3fcb7b3955{width:180px;height:30px;color:rgb(255, 255, 255);border-color:rgb(255, 255, 255);font-size:12px !important;}.ld_button_69e3fcb7b3955:hover{background-color:rgb(255, 255, 255);color:rgb(242, 148, 0);}<\/style><a href=\"https:\/\/www.energiepark.at\/energiepark\/\" title=\"Energiepark\" class=\"btn btn-default btn-custom btn-custom-sized circle btn-bordered border-thin buttontop ld_button_69e3fcb7b3955 vc_custom_1692884629107\">\n\t<span>\n\t\t\n\t\t\t\t\t<span class=\"btn-txt\">Anfragen f\u00fcr Wasserenergie<\/span>\n\t\t\t\n\t\t\t\t<\/span>\n<\/a>\n[vc_column_text el_class=&#8220;bottomposition&#8220;]<span style=\"font-size: 24px;\"><strong>Lorem Ispum<br \/>\nRiadenie projektov v oblasti vodnej energie<\/strong><\/span>[\/vc_column_text][vc_column_text el_class=&#8220;linkrechts&#8220;]<a href=\"https:\/\/www.energiepark.at\/energiepark\/\" data-wp-editing=\"1\"><img decoding=\"async\" class=\"alignright wp-image-410\" src=\"https:\/\/www.energiepark.at\/wp-content\/uploads\/2023\/08\/plus-light-2.svg\" alt=\"\" width=\"23\" height=\"27\"><\/a>[\/vc_column_text][\/vc_column_inner][\/vc_row_inner][\/vc_column][\/vc_row][vc_row][vc_column][vc_empty_space height=&#8220;40px&#8220;][\/vc_column][\/vc_row]<\/p>\n<\/section>","protected":false},"excerpt":{"rendered":"<p>[vc_row css=&#8220;.vc_custom_1697190527774{background-image: url(https:\/\/www.energiepark.at\/wp-content\/uploads\/2023\/10\/DJI_0493-scaled.jpg?id=1489) !important;background-position: center !important;background-repeat: no-repeat !important;background-size: cover !important;}&#8220; el_class=&#8220;headerbildbereich&#8220;][vc_column align=&#8220;text-center&#8220; el_class=&#8220;headerbereich&#8220;][vc_empty_space height=&#8220;300px&#8220;][vc_column_text el_class=&#8220;headlinerindex&#8220;]&#8230;<\/p>\n","protected":false},"author":1,"featured_media":0,"parent":0,"menu_order":0,"comment_status":"closed","ping_status":"closed","template":"","meta":{"_acf_changed":false,"inline_featured_image":false,"footnotes":""},"class_list":["post-1582","page","type-page","status-publish","hentry"],"acf":[],"_links":{"self":[{"href":"https:\/\/www.energiepark.at\/sk\/wp-json\/wp\/v2\/pages\/1582","targetHints":{"allow":["GET"]}}],"collection":[{"href":"https:\/\/www.energiepark.at\/sk\/wp-json\/wp\/v2\/pages"}],"about":[{"href":"https:\/\/www.energiepark.at\/sk\/wp-json\/wp\/v2\/types\/page"}],"author":[{"embeddable":true,"href":"https:\/\/www.energiepark.at\/sk\/wp-json\/wp\/v2\/users\/1"}],"replies":[{"embeddable":true,"href":"https:\/\/www.energiepark.at\/sk\/wp-json\/wp\/v2\/comments?post=1582"}],"version-history":[{"count":2,"href":"https:\/\/www.energiepark.at\/sk\/wp-json\/wp\/v2\/pages\/1582\/revisions"}],"predecessor-version":[{"id":1599,"href":"https:\/\/www.energiepark.at\/sk\/wp-json\/wp\/v2\/pages\/1582\/revisions\/1599"}],"wp:attachment":[{"href":"https:\/\/www.energiepark.at\/sk\/wp-json\/wp\/v2\/media?parent=1582"}],"curies":[{"name":"wp","href":"https:\/\/api.w.org\/{rel}","templated":true}]}}