{"id":1592,"date":"2023-07-24T13:13:20","date_gmt":"2023-07-24T13:13:20","guid":{"rendered":"https:\/\/www.energiepark.at\/vzdelavanie-a-vyskum\/"},"modified":"2023-10-24T14:34:02","modified_gmt":"2023-10-24T14:34:02","slug":"vzdelavanie-a-vyskum","status":"publish","type":"page","link":"https:\/\/www.energiepark.at\/sk\/vzdelavanie-a-vyskum\/","title":{"rendered":"Vzdel\u00e1vanie a v\u00fdskum"},"content":{"rendered":"<section class=\"wpb-content-wrapper\"><p>[vc_row css=&#8220;.vc_custom_1692711318922{background-image: url(https:\/\/www.energiepark.at\/wp-content\/uploads\/2023\/08\/AK_8809.jpg?id=336) !important;background-position: center !important;background-repeat: no-repeat !important;background-size: cover !important;}&#8220; el_class=&#8220;headerbildbereich&#8220;][vc_column align=&#8220;text-center&#8220; el_class=&#8220;headerbereich&#8220;][vc_empty_space height=&#8220;300px&#8220;][vc_column_text el_class=&#8220;headlinerindex&#8220;]<\/p>\n<h1>Bud\u00facnos\u0165 regi\u00f3nu<br \/>\nv oblasti obnovite\u013en\u00fdch zdrojov energie<\/h1>\n<p>[\/vc_column_text][vc_column_text el_class=&#8220;schmuck&#8220; css=&#8220;.vc_custom_1692710199156{margin-top: -130px !important;}&#8220;]<\/p>\n<p style=\"text-align: center;\"><span style=\"color: #f29400;\"><span style=\"caret-color: #f29400;\">Od roku 1995<\/span><\/span><\/p>\n<p>[\/vc_column_text][vc_single_image image=&#8220;252&#8243; img_size=&#8220;full&#8220; alignment=&#8220;right&#8220; el_class=&#8220;svgtopper&#8220;][vc_empty_space height=&#8220;150px&#8220;][\/vc_column][\/vc_row][vc_row][vc_column width=&#8220;2\/3&#8243; css=&#8220;.vc_custom_1696311151231{margin-left: -20px !important;padding-left: 20px !important;}&#8220; el_class=&#8220;schmuckmobiltwo&#8220;][vc_empty_space height=&#8220;120px&#8220;][vc_column_text el_class=&#8220;headlinerindex&#8220;]<\/p>\n<h1>Dnes pre bud\u00facich odborn\u00edkov &#8211; zameriavame sa na vzdel\u00e1vanie a odborn\u00fa pr\u00edpravu.<br \/>\nZvy\u0161ovanie povedomia<\/h1>\n<p>[\/vc_column_text][vc_column_text el_class=&#8220;schmuck&#8220; css=&#8220;.vc_custom_1691417383873{margin-top: -280px !important;margin-left: -240px !important;}&#8220;]<\/p>\n<p style=\"text-align: center;\"><span style=\"color: #f29400;\">s dobr\u00fdm<\/span><br \/>\n<span style=\"color: #f29400;\">Svedomie<\/span><\/p>\n<p>[\/vc_column_text][vc_empty_space height=&#8220;40px&#8220;][vc_column_text]<\/p>\n<p style=\"font-weight: 400;\">V Energy Parku sa od roku 1995 spoliehame na vyu\u017e\u00edvanie obnovite\u013en\u00fdch zdrojov energie. Je pre n\u00e1s d\u00f4le\u017eit\u00e9, aby sme na na\u0161ej ceste k energetickej transform\u00e1cii sprev\u00e1dzali obyvate\u013eov. Preto okrem v\u00fdroby energie kladieme ve\u013ek\u00fd d\u00f4raz na informovanie a zvy\u0161ovanie povedomia.<\/p>\n<p style=\"font-weight: 400;\">Investujeme nielen do nov\u00fdch z\u00e1vodov, ale aj do vzdel\u00e1vania a v\u00fdskumu &#8211; v \u0161kol\u00e1ch v r\u00e1mci projektu Young Climate Changers, v r\u00e1mci n\u00e1\u0161ho kurzu syst\u00e9mov obnovite\u013en\u00fdch zdrojov energie spolu s Viedenskou technickou univerzitou a v r\u00e1mci n\u00e1\u0161ho vlastn\u00e9ho cie\u013ea presadzova\u0165 inov\u00e1cie a v\u00fdskum.<\/p>\n<p style=\"font-weight: 400;\">Berieme v\u00e1s so sebou na cestu do energetickej bud\u00facnosti!<\/p>\n<p>[\/vc_column_text][\/vc_column][vc_column width=&#8220;1\/3&#8243;]<style>.ld_spacer_69eadce775ae2{height:50px;}@media (min-width: 768px) { .ld_spacer_69eadce775ae2{height:120px};}@media (min-width: 992px) { .ld_spacer_69eadce775ae2{height:120px};}@media (min-width: 1200px) { .ld_spacer_69eadce775ae2{height:120px};}<\/style>\n<div class=\"ld-empty-space ld_spacer_69eadce775ae2\"><span class=\"liquid_empty_space_inner\"><\/span><\/div>[vc_row_inner css=&#8220;.vc_custom_1692271073173{padding-top: 25px !important;padding-right: 10px !important;padding-bottom: 15px !important;padding-left: 10px !important;background-color: #f29400 !important;border-radius: 15px !important;}&#8220; el_class=&#8220;colorwhite&#8220;][vc_column_inner][vc_column_text]<span style=\"font-size: 48px;\">Od roku 1995<\/span>[\/vc_column_text][vc_column_text]<span style=\"font-size: 14px;\">Obnovite\u013en\u00e1 energia<\/span>[\/vc_column_text][\/vc_column_inner][\/vc_row_inner][vc_empty_space height=&#8220;20px&#8220;][vc_row_inner css=&#8220;.vc_custom_1692271077256{padding-top: 25px !important;padding-right: 10px !important;padding-bottom: 15px !important;padding-left: 10px !important;background-color: #ecb764 !important;border-radius: 15px !important;}&#8220; el_class=&#8220;colorwhite&#8220;][vc_column_inner][vc_column_text]<span style=\"font-size: 48px;\">4<\/span>[\/vc_column_text][vc_column_text]<span style=\"font-size: 14px;\">R\u00f4zne zdroje energie: slnko, voda, vietor a bioplyn<\/span>[\/vc_column_text][\/vc_column_inner][\/vc_row_inner][\/vc_column][\/vc_row][vc_row][vc_column][vc_empty_space height=&#8220;120px&#8220;][\/vc_column][\/vc_row][vc_row content_placement=&#8220;middle&#8220;][vc_column width=&#8220;1\/3&#8243; el_class=&#8220;schmuckmobiltwo&#8220;][vc_column_text el_class=&#8220;headlinerindex&#8220;]<\/p>\n<h1>Mysl\u00edme si, \u017ee energetick\u00e1 bud\u00facnos\u0165<\/h1>\n<p>[\/vc_column_text][vc_column_text el_class=&#8220;schmuck&#8220; css=&#8220;.vc_custom_1692708773869{margin-top: -280px !important;margin-left: -240px !important;}&#8220;]<\/p>\n<p style=\"text-align: center;\"><span style=\"color: #f29400;\"><span style=\"caret-color: #f29400;\">jednoducho<br \/>\nregion\u00e1lne<\/span><\/span><\/p>\n<p>[\/vc_column_text][\/vc_column][vc_column width=&#8220;2\/3&#8243;][vc_column_text]<\/p>\n<p style=\"font-weight: 400;\">Sme pevne zakorenen\u00ed v regi\u00f3ne a pova\u017eujeme sa za hybn\u00fa silu region\u00e1lneho rozvoja. Z n\u00e1\u0161ho s\u00eddla v Brucku\/Leithe intenz\u00edvne pracujeme pre n\u00e1\u0161 regi\u00f3n R\u00f6merland Carnuntum a sme na cest\u00e1ch so \u0161kolsk\u00fdmi projektmi, ako napr\u00edklad Young Climate Changers.<\/p>\n<p>[\/vc_column_text][\/vc_column][\/vc_row][vc_row][vc_column][vc_empty_space height=&#8220;40px&#8220;][\/vc_column][\/vc_row]<\/p>\n<\/section>","protected":false},"excerpt":{"rendered":"<p>[vc_row css=&#8220;.vc_custom_1692711318922{background-image: url(https:\/\/www.energiepark.at\/wp-content\/uploads\/2023\/08\/AK_8809.jpg?id=336) !important;background-position: center !important;background-repeat: no-repeat !important;background-size: cover !important;}&#8220; el_class=&#8220;headerbildbereich&#8220;][vc_column align=&#8220;text-center&#8220; el_class=&#8220;headerbereich&#8220;][vc_empty_space height=&#8220;300px&#8220;][vc_column_text el_class=&#8220;headlinerindex&#8220;]&#8230;<\/p>\n","protected":false},"author":1,"featured_media":0,"parent":0,"menu_order":0,"comment_status":"closed","ping_status":"closed","template":"","meta":{"_acf_changed":false,"inline_featured_image":false,"footnotes":""},"class_list":["post-1592","page","type-page","status-publish","hentry"],"acf":[],"_links":{"self":[{"href":"https:\/\/www.energiepark.at\/sk\/wp-json\/wp\/v2\/pages\/1592","targetHints":{"allow":["GET"]}}],"collection":[{"href":"https:\/\/www.energiepark.at\/sk\/wp-json\/wp\/v2\/pages"}],"about":[{"href":"https:\/\/www.energiepark.at\/sk\/wp-json\/wp\/v2\/types\/page"}],"author":[{"embeddable":true,"href":"https:\/\/www.energiepark.at\/sk\/wp-json\/wp\/v2\/users\/1"}],"replies":[{"embeddable":true,"href":"https:\/\/www.energiepark.at\/sk\/wp-json\/wp\/v2\/comments?post=1592"}],"version-history":[{"count":2,"href":"https:\/\/www.energiepark.at\/sk\/wp-json\/wp\/v2\/pages\/1592\/revisions"}],"predecessor-version":[{"id":1598,"href":"https:\/\/www.energiepark.at\/sk\/wp-json\/wp\/v2\/pages\/1592\/revisions\/1598"}],"wp:attachment":[{"href":"https:\/\/www.energiepark.at\/sk\/wp-json\/wp\/v2\/media?parent=1592"}],"curies":[{"name":"wp","href":"https:\/\/api.w.org\/{rel}","templated":true}]}}