{"id":1600,"date":"2023-08-17T12:08:56","date_gmt":"2023-08-17T12:08:56","guid":{"rendered":"https:\/\/www.energiepark.at\/pozerame-sa-do-buducnosti\/"},"modified":"2023-10-30T13:07:26","modified_gmt":"2023-10-30T13:07:26","slug":"pozerame-sa-do-buducnosti","status":"publish","type":"page","link":"https:\/\/www.energiepark.at\/sk\/pozerame-sa-do-buducnosti\/","title":{"rendered":"Pozer\u00e1me sa do bud\u00facnosti"},"content":{"rendered":"<section class=\"wpb-content-wrapper\"><p>[vc_row css=&#8220;.vc_custom_1692711864969{background-image: url(https:\/\/www.energiepark.at\/wp-content\/uploads\/2023\/08\/AK_8809.jpg?id=336) !important;background-position: center !important;background-repeat: no-repeat !important;background-size: cover !important;}&#8220; el_class=&#8220;headerbildbereich&#8220;][vc_column align=&#8220;text-center&#8220; el_class=&#8220;headerbereich&#8220;][vc_empty_space height=&#8220;300px&#8220;][vc_column_text el_class=&#8220;headlinerindex&#8220;]<\/p>\n<h1>Bud\u00facnos\u0165 je obnovite\u013en\u00e1!<\/h1>\n<p>[\/vc_column_text][vc_column_text el_class=&#8220;schmuck&#8220; css=&#8220;.vc_custom_1696248434405{margin-top: -130px !important;}&#8220;]<\/p>\n<p style=\"text-align: center;\"><span style=\"color: #f29400;\"><span style=\"caret-color: #f29400;\">Poh\u013ead do bud\u00facnosti<\/span><\/span><\/p>\n<p>[\/vc_column_text][vc_single_image image=&#8220;252&#8243; img_size=&#8220;full&#8220; alignment=&#8220;right&#8220; el_class=&#8220;svgtopper&#8220;][vc_empty_space height=&#8220;150px&#8220;][\/vc_column][\/vc_row][vc_row gap=&#8220;30&#8243;][vc_column width=&#8220;2\/3&#8243; css=&#8220;.vc_custom_1696311461539{margin-left: -20px !important;padding-left: 20px !important;}&#8220; el_class=&#8220;schmuckmobiltwo&#8220;][vc_empty_space height=&#8220;120px&#8220;][vc_column_text el_class=&#8220;headlinerindex&#8220;]<\/p>\n<h1>Energy Park: priekopn\u00edk v oblasti<br \/>\nObnovite\u013en\u00e1 energia a<br \/>\nZvy\u0161ovanie povedomia<\/h1>\n<p>[\/vc_column_text][vc_column_text el_class=&#8220;schmuck&#8220; css=&#8220;.vc_custom_1692710969514{margin-top: -280px !important;margin-left: -240px !important;}&#8220;]<\/p>\n<p style=\"text-align: center;\"><span style=\"color: #f29400;\"><span style=\"caret-color: #f29400;\">s dobr\u00fdm<br \/>\nSvedomie<\/span><\/span><\/p>\n<p>[\/vc_column_text][vc_empty_space height=&#8220;40px&#8220;][vc_column_text]<\/p>\n<p style=\"font-weight: 400;\">Bud\u00facnos\u0165 je obnovite\u013en\u00e1. Ak\u00e9 technol\u00f3gie n\u00e1s v\u0161ak \u010dakaj\u00fa na ceste do energetickej bud\u00facnosti? Ak\u00e9 s\u00fa inov\u00e1cie, ktor\u00e9 n\u00e1s r\u00fdchlo posun\u00fa vpred a umo\u017enia energetick\u00fa transform\u00e1ciu? Ktor\u00e9 energetick\u00e9 syst\u00e9my m\u00f4\u017eu v bud\u00facnosti zohr\u00e1va\u0165 k\u013e\u00fa\u010dov\u00fa \u00falohu?<\/p>\n<p style=\"font-weight: 400;\">T\u00fdmto a mnoh\u00fdm \u010fal\u0161\u00edm ot\u00e1zkam sa budeme venova\u0165 aj v bud\u00facnosti. Preto\u017ee bez v\u00fdskumu nie s\u00fa inov\u00e1cie.<\/p>\n<p>[\/vc_column_text][\/vc_column][vc_column width=&#8220;1\/3&#8243;]<style>.ld_spacer_6a03ede979809{height:50px;}@media (min-width: 768px) { .ld_spacer_6a03ede979809{height:120px};}@media (min-width: 992px) { .ld_spacer_6a03ede979809{height:120px};}@media (min-width: 1200px) { .ld_spacer_6a03ede979809{height:120px};}<\/style>\n<div class=\"ld-empty-space ld_spacer_6a03ede979809\"><span class=\"liquid_empty_space_inner\"><\/span><\/div>[vc_single_image image=&#8220;342&#8243; img_size=&#8220;full&#8220; alignment=&#8220;center&#8220;][\/vc_column][\/vc_row][vc_row][vc_column][vc_empty_space height=&#8220;40px&#8220;][\/vc_column][\/vc_row]<\/p>\n<\/section>","protected":false},"excerpt":{"rendered":"<p>[vc_row css=&#8220;.vc_custom_1692711864969{background-image: url(https:\/\/www.energiepark.at\/wp-content\/uploads\/2023\/08\/AK_8809.jpg?id=336) !important;background-position: center !important;background-repeat: no-repeat !important;background-size: cover !important;}&#8220; el_class=&#8220;headerbildbereich&#8220;][vc_column align=&#8220;text-center&#8220; el_class=&#8220;headerbereich&#8220;][vc_empty_space height=&#8220;300px&#8220;][vc_column_text el_class=&#8220;headlinerindex&#8220;]&#8230;<\/p>\n","protected":false},"author":1,"featured_media":0,"parent":0,"menu_order":0,"comment_status":"closed","ping_status":"closed","template":"","meta":{"_acf_changed":false,"inline_featured_image":false,"footnotes":""},"class_list":["post-1600","page","type-page","status-publish","hentry"],"acf":[],"_links":{"self":[{"href":"https:\/\/www.energiepark.at\/sk\/wp-json\/wp\/v2\/pages\/1600","targetHints":{"allow":["GET"]}}],"collection":[{"href":"https:\/\/www.energiepark.at\/sk\/wp-json\/wp\/v2\/pages"}],"about":[{"href":"https:\/\/www.energiepark.at\/sk\/wp-json\/wp\/v2\/types\/page"}],"author":[{"embeddable":true,"href":"https:\/\/www.energiepark.at\/sk\/wp-json\/wp\/v2\/users\/1"}],"replies":[{"embeddable":true,"href":"https:\/\/www.energiepark.at\/sk\/wp-json\/wp\/v2\/comments?post=1600"}],"version-history":[{"count":4,"href":"https:\/\/www.energiepark.at\/sk\/wp-json\/wp\/v2\/pages\/1600\/revisions"}],"predecessor-version":[{"id":1879,"href":"https:\/\/www.energiepark.at\/sk\/wp-json\/wp\/v2\/pages\/1600\/revisions\/1879"}],"wp:attachment":[{"href":"https:\/\/www.energiepark.at\/sk\/wp-json\/wp\/v2\/media?parent=1600"}],"curies":[{"name":"wp","href":"https:\/\/api.w.org\/{rel}","templated":true}]}}