{"id":1603,"date":"2023-08-17T12:08:33","date_gmt":"2023-08-17T12:08:33","guid":{"rendered":"https:\/\/www.energiepark.at\/magistersky-titul-systemy-obnovitelnej-energie-ce\/"},"modified":"2023-10-30T13:04:06","modified_gmt":"2023-10-30T13:04:06","slug":"magistersky-titul-systemy-obnovitelnej-energie-ce","status":"publish","type":"page","link":"https:\/\/www.energiepark.at\/sk\/magistersky-titul-systemy-obnovitelnej-energie-ce\/","title":{"rendered":"Magistersk\u00fd titul Syst\u00e9my obnovite\u013enej energie (CE)"},"content":{"rendered":"<section class=\"wpb-content-wrapper\"><p>[vc_row css=&#8220;.vc_custom_1692711864969{background-image: url(https:\/\/www.energiepark.at\/wp-content\/uploads\/2023\/08\/AK_8809.jpg?id=336) !important;background-position: center !important;background-repeat: no-repeat !important;background-size: cover !important;}&#8220; el_class=&#8220;headerbildbereich&#8220;][vc_column align=&#8220;text-center&#8220; el_class=&#8220;headerbereich&#8220;][vc_empty_space height=&#8220;300px&#8220;][vc_column_text el_class=&#8220;headlinerindex&#8220;]<\/p>\n<h1>Bud\u00facnos\u0165 je obnovite\u013en\u00e1!<\/h1>\n<p>[\/vc_column_text][vc_column_text el_class=&#8220;schmuck&#8220; css=&#8220;.vc_custom_1692711812335{margin-top: -130px !important;}&#8220;]<\/p>\n<p style=\"text-align: center;\"><span style=\"color: #f29400;\"><span style=\"caret-color: #f29400;\">Syst\u00e9my obnovite\u013en\u00fdch zdrojov energie<\/span><\/span><\/p>\n<p>[\/vc_column_text][vc_single_image image=&#8220;252&#8243; img_size=&#8220;full&#8220; alignment=&#8220;right&#8220; el_class=&#8220;svgtopper&#8220;][vc_empty_space height=&#8220;150px&#8220;][\/vc_column][\/vc_row][vc_row gap=&#8220;30&#8243;][vc_column width=&#8220;2\/3&#8243; css=&#8220;.vc_custom_1696311218860{margin-left: -20px !important;padding-left: 20px !important;}&#8220; el_class=&#8220;schmuckmobiltwo&#8220;][vc_empty_space height=&#8220;120px&#8220;][vc_column_text el_class=&#8220;headlinerindex&#8220;]<\/p>\n<h1>Energy Park: Siln\u00fd vo vzdel\u00e1van\u00ed<\/h1>\n<p>[\/vc_column_text][vc_column_text el_class=&#8220;schmuck&#8220; css=&#8220;.vc_custom_1692710969514{margin-top: -280px !important;margin-left: -240px !important;}&#8220;]<\/p>\n<p style=\"text-align: center;\"><span style=\"color: #f29400;\"><span style=\"caret-color: #f29400;\">s dobr\u00fdm<br \/>\nSvedomie<\/span><\/span><\/p>\n<p>[\/vc_column_text][vc_empty_space height=&#8220;40px&#8220;][vc_column_text]<\/p>\n<p style=\"font-weight: 400;\">Spolo\u010dnos\u0165 Energiepark Bruck\/Leitha v spolupr\u00e1ci s Viedenskou technickou univerzitou dohliada na postgradu\u00e1lny magistersk\u00fd program MSc (CE) Renewable Energy Systems od jeho zalo\u017eenia v roku 2005. Je medzin\u00e1rodne orientovan\u00fd a kon\u00e1 sa v angli\u010dtine, pri\u010dom sa zoh\u013ead\u0148uje silne rast\u00faca globaliz\u00e1cia. Z obsahov\u00e9ho h\u013eadiska sa pozornos\u0165 pres\u00fava viac na syst\u00e9mov\u00fd poh\u013ead a integr\u00e1ciu obnovite\u013en\u00fdch zdrojov energie.<\/p>\n<p style=\"font-weight: 400;\">Takmer 300 \u0161tudentov z pribli\u017ene 50 r\u00f4znych kraj\u00edn sveta z\u00edskalo na kurze d\u00f4kladn\u00e9 vedomosti o obnovite\u013en\u00fdch zdrojoch energie, ktor\u00e9 boli technicky aktu\u00e1lne a dr\u017eali prst na pulze. Tento kurz umo\u017e\u0148uje mnoh\u00fdm \u0161tudentom urobi\u0165 rozhoduj\u00faci krok v ich kari\u00e9re.<\/p>\n<p style=\"font-weight: 400;\">Viac inform\u00e1ci\u00ed sa do\u010d\u00edtate na str\u00e1nke n\u00e1\u0161ho koopera\u010dn\u00e9ho partnera, Technickej univerzity vo Viedni:<br \/>\n<a href=\"https:\/\/www.tuwien.at\/en\/ace\/masters-programs\/msc-renewable-energy-systems\" target=\"_blank\" rel=\"noopener\">https:\/\/www.tuwien.at\/en\/ace\/masters-programs\/msc-renewable-energy-systems<\/a><\/p>\n<p>[\/vc_column_text][\/vc_column][vc_column width=&#8220;1\/3&#8243;]<style>.ld_spacer_69e3e70103848{height:50px;}@media (min-width: 768px) { .ld_spacer_69e3e70103848{height:120px};}@media (min-width: 992px) { .ld_spacer_69e3e70103848{height:120px};}@media (min-width: 1200px) { .ld_spacer_69e3e70103848{height:120px};}<\/style>\n<div class=\"ld-empty-space ld_spacer_69e3e70103848\"><span class=\"liquid_empty_space_inner\"><\/span><\/div>[vc_single_image image=&#8220;342&#8243; img_size=&#8220;full&#8220; alignment=&#8220;center&#8220;][\/vc_column][\/vc_row][vc_row][vc_column][vc_empty_space height=&#8220;40px&#8220;][\/vc_column][\/vc_row]<\/p>\n<\/section>","protected":false},"excerpt":{"rendered":"<p>[vc_row css=&#8220;.vc_custom_1692711864969{background-image: url(https:\/\/www.energiepark.at\/wp-content\/uploads\/2023\/08\/AK_8809.jpg?id=336) !important;background-position: center !important;background-repeat: no-repeat !important;background-size: cover !important;}&#8220; el_class=&#8220;headerbildbereich&#8220;][vc_column align=&#8220;text-center&#8220; el_class=&#8220;headerbereich&#8220;][vc_empty_space height=&#8220;300px&#8220;][vc_column_text el_class=&#8220;headlinerindex&#8220;]&#8230;<\/p>\n","protected":false},"author":1,"featured_media":0,"parent":0,"menu_order":0,"comment_status":"closed","ping_status":"closed","template":"","meta":{"_acf_changed":false,"inline_featured_image":false,"footnotes":""},"class_list":["post-1603","page","type-page","status-publish","hentry"],"acf":[],"_links":{"self":[{"href":"https:\/\/www.energiepark.at\/sk\/wp-json\/wp\/v2\/pages\/1603","targetHints":{"allow":["GET"]}}],"collection":[{"href":"https:\/\/www.energiepark.at\/sk\/wp-json\/wp\/v2\/pages"}],"about":[{"href":"https:\/\/www.energiepark.at\/sk\/wp-json\/wp\/v2\/types\/page"}],"author":[{"embeddable":true,"href":"https:\/\/www.energiepark.at\/sk\/wp-json\/wp\/v2\/users\/1"}],"replies":[{"embeddable":true,"href":"https:\/\/www.energiepark.at\/sk\/wp-json\/wp\/v2\/comments?post=1603"}],"version-history":[{"count":6,"href":"https:\/\/www.energiepark.at\/sk\/wp-json\/wp\/v2\/pages\/1603\/revisions"}],"predecessor-version":[{"id":1869,"href":"https:\/\/www.energiepark.at\/sk\/wp-json\/wp\/v2\/pages\/1603\/revisions\/1869"}],"wp:attachment":[{"href":"https:\/\/www.energiepark.at\/sk\/wp-json\/wp\/v2\/media?parent=1603"}],"curies":[{"name":"wp","href":"https:\/\/api.w.org\/{rel}","templated":true}]}}