{"id":1606,"date":"2023-08-17T12:08:44","date_gmt":"2023-08-17T12:08:44","guid":{"rendered":"https:\/\/www.energiepark.at\/projekty-pre-skoly-a-mladez\/"},"modified":"2023-10-30T13:06:23","modified_gmt":"2023-10-30T13:06:23","slug":"projekty-pre-skoly-a-mladez","status":"publish","type":"page","link":"https:\/\/www.energiepark.at\/sk\/projekty-pre-skoly-a-mladez\/","title":{"rendered":"Projekty pre \u0161koly a ml\u00e1de\u017e"},"content":{"rendered":"<section class=\"wpb-content-wrapper\"><p>[vc_row css=&#8220;.vc_custom_1692711864969{background-image: url(https:\/\/www.energiepark.at\/wp-content\/uploads\/2023\/08\/AK_8809.jpg?id=336) !important;background-position: center !important;background-repeat: no-repeat !important;background-size: cover !important;}&#8220; el_class=&#8220;headerbildbereich&#8220;][vc_column align=&#8220;text-center&#8220; el_class=&#8220;headerbereich&#8220;][vc_empty_space height=&#8220;300px&#8220;][vc_column_text el_class=&#8220;headlinerindex&#8220;]<\/p>\n<h1>Bud\u00facnos\u0165 je obnovite\u013en\u00e1!<\/h1>\n<p>[\/vc_column_text][vc_column_text el_class=&#8220;schmuck&#8220; css=&#8220;.vc_custom_1692711923963{margin-top: -130px !important;}&#8220;]<\/p>\n<p style=\"text-align: center;\"><span style=\"color: #f29400;\"><span style=\"caret-color: #f29400;\">Projekty pre \u0161koly a ml\u00e1de\u017e<\/span><\/span><\/p>\n<p>[\/vc_column_text][vc_single_image image=&#8220;252&#8243; img_size=&#8220;full&#8220; alignment=&#8220;right&#8220; el_class=&#8220;svgtopper&#8220;][vc_empty_space height=&#8220;150px&#8220;][\/vc_column][\/vc_row][vc_row gap=&#8220;30&#8243;][vc_column width=&#8220;2\/3&#8243; css=&#8220;.vc_custom_1696311350381{margin-left: -20px !important;padding-left: 20px !important;}&#8220; el_class=&#8220;schmuckmobiltwo&#8220;][vc_empty_space height=&#8220;120px&#8220;][vc_column_text el_class=&#8220;headlinerindex&#8220;]<\/p>\n<h1>Energy Park: priekopn\u00edk v oblasti<br \/>\nObnovite\u013en\u00e1 energia a<br \/>\nZvy\u0161ovanie povedomia<\/h1>\n<p>[\/vc_column_text][vc_column_text el_class=&#8220;schmuck&#8220; css=&#8220;.vc_custom_1692710969514{margin-top: -280px !important;margin-left: -240px !important;}&#8220;]<\/p>\n<p style=\"text-align: center;\"><span style=\"color: #f29400;\"><span style=\"caret-color: #f29400;\">s dobr\u00fdm<br \/>\nSvedomie<\/span><\/span><\/p>\n<p>[\/vc_column_text][vc_empty_space height=&#8220;40px&#8220;][vc_column_text]<\/p>\n<p style=\"font-weight: 400;\">Deti a mlad\u00ed \u013eudia s\u00fa n\u00e1m bl\u00edzki, preto\u017ee, povedzme si to na rovinu, n\u00e1\u0161 svet patr\u00ed im! Dne\u0161ok formujeme pre bud\u00face gener\u00e1cie. Je mimoriadne d\u00f4le\u017eit\u00e9, aby sme na ceste k energetickej bud\u00facnosti sprev\u00e1dzali aj t\u00fdch najmlad\u0161\u00edch. Rob\u00edme to v r\u00e1mci projektu Young Climate Changers a na cest\u00e1ch v r\u00e1mci projektu Climate Schools.<\/p>\n<p style=\"font-weight: 400;\">  Pripravili sme workshopy pre r\u00f4zne vekov\u00e9 skupiny a s konkr\u00e9tnym obsahom. Tu informujeme deti a mlad\u00fdch \u013eud\u00ed o t\u00e9mach klimatick\u00fdch zmien, obnovite\u013en\u00fdch zdrojov energie, energetickej \u00fa\u010dinnosti a udr\u017eate\u013enosti, ako aj o mo\u017enostiach zamestnania a odbornej pr\u00edpravy, ktor\u00e9 s\u00fa primeran\u00e9 ich \u0161kolsk\u00e9mu stup\u0148u a s\u00fa za\u010dlenen\u00e9 do vyu\u010dovania.<\/p>\n<p style=\"font-weight: 400;\">Zaujala v\u00e1s va\u0161a \u0161kola? Nev\u00e1hajte n\u00e1s kontaktova\u0165.<\/p>\n<p>[\/vc_column_text][\/vc_column][vc_column width=&#8220;1\/3&#8243;]<style>.ld_spacer_69e3e701094c0{height:50px;}@media (min-width: 768px) { .ld_spacer_69e3e701094c0{height:120px};}@media (min-width: 992px) { .ld_spacer_69e3e701094c0{height:120px};}@media (min-width: 1200px) { .ld_spacer_69e3e701094c0{height:120px};}<\/style>\n<div class=\"ld-empty-space ld_spacer_69e3e701094c0\"><span class=\"liquid_empty_space_inner\"><\/span><\/div>[vc_single_image image=&#8220;342&#8243; img_size=&#8220;full&#8220; alignment=&#8220;center&#8220;][\/vc_column][\/vc_row][vc_row][vc_column][vc_empty_space height=&#8220;40px&#8220;][\/vc_column][\/vc_row]<\/p>\n<\/section>","protected":false},"excerpt":{"rendered":"<p>[vc_row css=&#8220;.vc_custom_1692711864969{background-image: url(https:\/\/www.energiepark.at\/wp-content\/uploads\/2023\/08\/AK_8809.jpg?id=336) !important;background-position: center !important;background-repeat: no-repeat !important;background-size: cover !important;}&#8220; el_class=&#8220;headerbildbereich&#8220;][vc_column align=&#8220;text-center&#8220; el_class=&#8220;headerbereich&#8220;][vc_empty_space height=&#8220;300px&#8220;][vc_column_text el_class=&#8220;headlinerindex&#8220;]&#8230;<\/p>\n","protected":false},"author":1,"featured_media":0,"parent":0,"menu_order":0,"comment_status":"closed","ping_status":"closed","template":"","meta":{"_acf_changed":false,"inline_featured_image":false,"footnotes":""},"class_list":["post-1606","page","type-page","status-publish","hentry"],"acf":[],"_links":{"self":[{"href":"https:\/\/www.energiepark.at\/sk\/wp-json\/wp\/v2\/pages\/1606","targetHints":{"allow":["GET"]}}],"collection":[{"href":"https:\/\/www.energiepark.at\/sk\/wp-json\/wp\/v2\/pages"}],"about":[{"href":"https:\/\/www.energiepark.at\/sk\/wp-json\/wp\/v2\/types\/page"}],"author":[{"embeddable":true,"href":"https:\/\/www.energiepark.at\/sk\/wp-json\/wp\/v2\/users\/1"}],"replies":[{"embeddable":true,"href":"https:\/\/www.energiepark.at\/sk\/wp-json\/wp\/v2\/comments?post=1606"}],"version-history":[{"count":4,"href":"https:\/\/www.energiepark.at\/sk\/wp-json\/wp\/v2\/pages\/1606\/revisions"}],"predecessor-version":[{"id":1874,"href":"https:\/\/www.energiepark.at\/sk\/wp-json\/wp\/v2\/pages\/1606\/revisions\/1874"}],"wp:attachment":[{"href":"https:\/\/www.energiepark.at\/sk\/wp-json\/wp\/v2\/media?parent=1606"}],"curies":[{"name":"wp","href":"https:\/\/api.w.org\/{rel}","templated":true}]}}