{"id":1610,"date":"2023-07-24T13:13:01","date_gmt":"2023-07-24T13:13:01","guid":{"rendered":"https:\/\/www.energiepark.at\/region\/"},"modified":"2023-10-30T16:48:16","modified_gmt":"2023-10-30T16:48:16","slug":"region","status":"publish","type":"page","link":"https:\/\/www.energiepark.at\/sk\/region\/","title":{"rendered":"Regi\u00f3n"},"content":{"rendered":"<section class=\"wpb-content-wrapper\"><p>[vc_row css=&#8220;.vc_custom_1698681368930{background-image: url(https:\/\/www.energiepark.at\/wp-content\/uploads\/2023\/08\/AK_8873-scaled.jpg?id=673) !important;background-position: center !important;background-repeat: no-repeat !important;background-size: cover !important;}&#8220; el_class=&#8220;headerbildbereich&#8220;][vc_column align=&#8220;text-center&#8220; el_class=&#8220;headerbereich&#8220;][vc_empty_space height=&#8220;300px&#8220;][vc_column_text el_class=&#8220;headlinerindex&#8220;]<\/p>\n<h1>Na cest\u00e1ch v regi\u00f3ne.<\/h1>\n<p>[\/vc_column_text][vc_column_text el_class=&#8220;schmuck&#8220; css=&#8220;.vc_custom_1696246819280{margin-top: -130px !important;}&#8220;]<\/p>\n<p style=\"text-align: center;\"><span style=\"color: #f29400;\"><span style=\"caret-color: #f29400;\">s \u010dist\u00fdm svedom\u00edm<\/span><\/span><\/p>\n<p>[\/vc_column_text][vc_single_image image=&#8220;252&#8243; img_size=&#8220;full&#8220; alignment=&#8220;right&#8220; el_class=&#8220;svgtopper&#8220;][vc_empty_space height=&#8220;150px&#8220;][\/vc_column][\/vc_row][vc_row][vc_column width=&#8220;2\/3&#8243; css=&#8220;.vc_custom_1696310229286{margin-left: -20px !important;padding-left: 20px !important;}&#8220; el_class=&#8220;schmuckmobiltwo&#8220;][vc_empty_space height=&#8220;120px&#8220;][vc_column_text el_class=&#8220;headlinerindex&#8220;]<\/p>\n<h1>V regi\u00f3ne<br \/>\nna ceste.<\/h1>\n<p>[\/vc_column_text][vc_column_text el_class=&#8220;schmuck&#8220; css=&#8220;.vc_custom_1691417383873{margin-top: -280px !important;margin-left: -240px !important;}&#8220;]<\/p>\n<p style=\"text-align: center;\"><span style=\"color: #f29400;\">s dobr\u00fdm<\/span><br \/>\n<span style=\"color: #f29400;\">Svedomie<\/span><\/p>\n<p>[\/vc_column_text][vc_empty_space height=&#8220;40px&#8220;][vc_column_text]<\/p>\n<p style=\"font-weight: 400;\">V Energy Parku priklad\u00e1me ve\u013ek\u00fd v\u00fdznam komplexn\u00e9mu zvy\u0161ovaniu povedomia a podpore n\u00e1\u0161ho regi\u00f3nu. Sme siln\u00fdm a kompetentn\u00fdm partnerom pre v\u0161etky t\u00e9my t\u00fdkaj\u00face sa obnovite\u013en\u00fdch zdrojov energie. Toto posolstvo chceme \u0161\u00edri\u0165 v celom regi\u00f3ne. Na\u0161i mana\u017e\u00e9ri KEM a KLAR! n\u00e1s podporuj\u00fa v tom, aby bol n\u00e1\u0161 regi\u00f3n udr\u017eate\u013enej\u0161\u00ed.<\/p>\n<p style=\"font-weight: 400;\">Pod z\u00e1\u0161titou Energetick\u00e9ho parku podporujeme obyvate\u013eov regi\u00f3nu. V spolupr\u00e1ci s Klimatick\u00fdm a energetick\u00fdm fondom sa na\u0161i mana\u017e\u00e9ri KEM a KLAR! staraj\u00fa o obce, aby ich sprev\u00e1dzali na ceste k energetickej transform\u00e1cii alebo aby spolo\u010dne realizovali opatrenia proti klimatick\u00fdm zmen\u00e1m.<\/p>\n<p style=\"font-weight: 400;\">Klimatick\u00e9 a energetick\u00e9 modelov\u00e9 regi\u00f3ny, skr\u00e1tene <strong>KEM<\/strong>, formuj\u00fa energetick\u00fa transform\u00e1ciu. \u00dastredn\u00fdm prvkom ka\u017ed\u00e9ho KEM je spr\u00e1vca modelov\u00e9ho regi\u00f3nu. Tu sa sp\u00e1jaj\u00fa jednotliv\u00e9 nitky; spolu s partnermi z regi\u00f3nu sa realizuj\u00fa projekty zameran\u00e9 na obnovite\u013en\u00e9 zdroje energie, zni\u017eovanie spotreby energie, udr\u017eate\u013en\u00e9 budovy, klimaticky neutr\u00e1lnu mobilitu a zvy\u0161ovanie povedomia.<\/p>\n<p style=\"font-weight: 400;\">V modelovom regi\u00f3ne <strong>KLAR!<\/strong>, ktor\u00fd je modelom adapt\u00e1cie na zmenu kl\u00edmy, je cie\u013eom vypracova\u0165 opatrenia a napl\u00e1nova\u0165 ich spolu s obyvate\u013emi, aby sa zabr\u00e1nilo zmene kl\u00edmy. Tu sa maj\u00fa realizova\u0165 projekty na zv\u00fd\u0161enie zelene v obciach, odburinenie p\u00f4dy a vytvorenie zatienen\u00fdch oblast\u00ed.<\/p>\n<p style=\"font-weight: 400;\">Spolo\u010dnosti KEM a KLAR! maj\u00fa za cie\u013e zv\u00fd\u0161i\u0165 povedomie obyvate\u013estva. Energetick\u00fd park tu poskytuje v\u00fdznamn\u00fa podporu.<\/p>\n<p>[\/vc_column_text][\/vc_column][vc_column width=&#8220;1\/3&#8243;]<style>.ld_spacer_69e3fc6364907{height:50px;}@media (min-width: 768px) { .ld_spacer_69e3fc6364907{height:120px};}@media (min-width: 992px) { .ld_spacer_69e3fc6364907{height:120px};}@media (min-width: 1200px) { .ld_spacer_69e3fc6364907{height:120px};}<\/style>\n<div class=\"ld-empty-space ld_spacer_69e3fc6364907\"><span class=\"liquid_empty_space_inner\"><\/span><\/div>[vc_row_inner css=&#8220;.vc_custom_1692271073173{padding-top: 25px !important;padding-right: 10px !important;padding-bottom: 15px !important;padding-left: 10px !important;background-color: #f29400 !important;border-radius: 15px !important;}&#8220; el_class=&#8220;colorwhite&#8220;][vc_column_inner][vc_column_text]<span style=\"font-size: 48px;\">Od roku 1995<\/span>[\/vc_column_text][vc_column_text]<span style=\"font-size: 14px;\">Obnovite\u013en\u00e1 energia<\/span>[\/vc_column_text][\/vc_column_inner][\/vc_row_inner][vc_empty_space height=&#8220;20px&#8220;][vc_row_inner css=&#8220;.vc_custom_1692271077256{padding-top: 25px !important;padding-right: 10px !important;padding-bottom: 15px !important;padding-left: 10px !important;background-color: #ecb764 !important;border-radius: 15px !important;}&#8220; el_class=&#8220;colorwhite&#8220;][vc_column_inner][vc_column_text]<span style=\"font-size: 48px;\">4<\/span>[\/vc_column_text][vc_column_text]<span style=\"font-size: 14px;\">R\u00f4zne zdroje energie: slnko, voda, vietor a bioplyn<\/span>[\/vc_column_text][\/vc_column_inner][\/vc_row_inner][vc_empty_space][vc_empty_space][vc_empty_space][vc_empty_space][vc_empty_space][vc_single_image image=&#8220;751&#8243; img_size=&#8220;full&#8220;][\/vc_column][\/vc_row][vc_row][vc_column][vc_empty_space height=&#8220;120px&#8220;][\/vc_column][\/vc_row][vc_row gap=&#8220;25&#8243;][vc_column enable_link=&#8220;enable_column_link&#8220; width=&#8220;1\/2&#8243; link=&#8220;url:https%3A%2F%2Fwww.energiepark.at%2Fkem-klima-energiemodellregion%2F&#8220;][vc_row_inner content_placement=&#8220;bottom&#8220; css=&#8220;.vc_custom_1698684300890{padding-top: 30px !important;padding-right: 30px !important;padding-bottom: 30px !important;padding-left: 30px !important;background-image: url(https:\/\/www.energiepark.at\/wp-content\/uploads\/2023\/10\/Carnuntum_001-scaled.jpg?id=1969) !important;background-position: center !important;background-repeat: no-repeat !important;background-size: cover !important;border-radius: 20px !important;}&#8220; el_id=&#8220;large&#8220; el_class=&#8220;colorwhite&#8220;][vc_column_inner el_class=&#8220;innerdiv&#8220;][vc_empty_space height=&#8220;10px&#8220;]<style>.ld_button_69e3fc6364ae1.btn-icon-solid .btn-icon{background:rgb(255, 255, 255);}.ld_button_69e3fc6364ae1.btn-icon-circle.btn-icon-ripple .btn-icon:before{border-color:rgb(255, 255, 255);}.ld_button_69e3fc6364ae1{width:100px;height:30px;color:rgb(255, 255, 255);border-color:rgb(255, 255, 255);font-size:12px !important;}.ld_button_69e3fc6364ae1:hover{background-color:rgb(255, 255, 255);}<\/style><a href=\"https:\/\/www.energiepark.at\/kem-klima-energiemodellregion\/\" title=\"KEM (Klima &amp; Energiemodellregion)\" class=\"btn btn-default btn-custom btn-custom-sized circle btn-bordered border-thin buttontop ld_button_69e3fc6364ae1 vc_custom_1696247021993\">\n\t<span>\n\t\t\n\t\t\t\t\t<span class=\"btn-txt\">KEM<\/span>\n\t\t\t\n\t\t\t\t<\/span>\n<\/a>\n[vc_column_text el_class=&#8220;bottomposition&#8220;]<span style=\"font-size: 24px;\"><strong>  KEM Carnuntum<\/strong><\/span>[\/vc_column_text][vc_empty_space height=&#8220;20px&#8220;][\/vc_column_inner][\/vc_row_inner][vc_empty_space height=&#8220;20px&#8220;][\/vc_column][vc_column enable_link=&#8220;enable_column_link&#8220; width=&#8220;1\/2&#8243; link=&#8220;url:https%3A%2F%2Fwww.energiepark.at%2Fklar-klimawandel-anpassungsregion%2F&#8220;][vc_row_inner content_placement=&#8220;bottom&#8220; css=&#8220;.vc_custom_1698410179239{padding-top: 30px !important;padding-right: 30px !important;padding-bottom: 30px !important;padding-left: 30px !important;background-image: url(https:\/\/www.energiepark.at\/wp-content\/uploads\/2023\/10\/AK_7717-scaled.jpg?id=1835) !important;background-position: center !important;background-repeat: no-repeat !important;background-size: cover !important;border-radius: 20px !important;}&#8220; el_id=&#8220;large&#8220; el_class=&#8220;colorwhite&#8220;][vc_column_inner el_class=&#8220;innerdiv&#8220;][vc_empty_space height=&#8220;10px&#8220;]<style>.ld_button_69e3fc6364de1.btn-icon-solid .btn-icon{background:rgb(255, 255, 255);}.ld_button_69e3fc6364de1.btn-icon-circle.btn-icon-ripple .btn-icon:before{border-color:rgb(255, 255, 255);}.ld_button_69e3fc6364de1{width:100px;height:30px;color:rgb(255, 255, 255);border-color:rgb(255, 255, 255);font-size:12px !important;}.ld_button_69e3fc6364de1:hover{background-color:rgb(255, 255, 255);}<\/style><a href=\"https:\/\/www.energiepark.at\/klar-klimawandel-anpassungsregion\/\" title=\"KLAR! (Klimawandel Anpassungsregion)\" class=\"btn btn-default btn-custom btn-custom-sized circle btn-bordered border-thin buttontop ld_button_69e3fc6364de1 vc_custom_1696246927947\">\n\t<span>\n\t\t\n\t\t\t\t\t<span class=\"btn-txt\">KLAR!<\/span>\n\t\t\t\n\t\t\t\t<\/span>\n<\/a>\n[vc_column_text el_class=&#8220;bottomposition&#8220;]<span style=\"font-size: 24px;\"><strong>CLEAR! Na lodi Leithaberge<\/strong><\/span>[\/vc_column_text][vc_empty_space height=&#8220;20px&#8220;][\/vc_column_inner][\/vc_row_inner][vc_empty_space height=&#8220;20px&#8220;][\/vc_column][\/vc_row][vc_row gap=&#8220;25&#8243;][vc_column enable_link=&#8220;enable_column_link&#8220; width=&#8220;1\/2&#8243; link=&#8220;url:https%3A%2F%2Fwww.energiepark.at%2Fkem-klima-energiemodellregion%2F&#8220;][vc_row_inner content_placement=&#8220;bottom&#8220; css=&#8220;.vc_custom_1698684460148{padding-top: 30px !important;padding-right: 30px !important;padding-bottom: 30px !important;padding-left: 30px !important;background-image: url(https:\/\/www.energiepark.at\/wp-content\/uploads\/2023\/10\/Sonnenfeld_Mohn_Juni23-scaled.jpg?id=1972) !important;background-position: center !important;background-repeat: no-repeat !important;background-size: cover !important;border-radius: 20px !important;}&#8220; el_class=&#8220;colorwhite&#8220; el_id=&#8220;large&#8220;][vc_column_inner el_class=&#8220;innerdiv&#8220;][vc_empty_space height=&#8220;10px&#8220;]<style>.ld_button_69e3fc6365025.btn-icon-solid .btn-icon{background:rgb(255, 255, 255);}.ld_button_69e3fc6365025.btn-icon-circle.btn-icon-ripple .btn-icon:before{border-color:rgb(255, 255, 255);}.ld_button_69e3fc6365025{width:100px;height:30px;color:rgb(255, 255, 255);border-color:rgb(255, 255, 255);font-size:12px !important;}.ld_button_69e3fc6365025:hover{background-color:rgb(255, 255, 255);}<\/style><a href=\"https:\/\/www.energiepark.at\/kem-klima-energiemodellregion\/\" title=\"KEM (Klima &amp; Energiemodellregion)\" class=\"btn btn-default btn-custom btn-custom-sized circle btn-bordered border-thin buttontop ld_button_69e3fc6365025 vc_custom_1696247021993\">\n\t<span>\n\t\t\n\t\t\t\t\t<span class=\"btn-txt\">KEM<\/span>\n\t\t\t\n\t\t\t\t<\/span>\n<\/a>\n[vc_column_text el_class=&#8220;bottomposition&#8220;]<span style=\"font-size: 24px;\"><strong>  KEM Energy\u00b3<\/strong><\/span>[\/vc_column_text][vc_empty_space height=&#8220;20px&#8220;][\/vc_column_inner][\/vc_row_inner][vc_empty_space height=&#8220;20px&#8220;][\/vc_column][vc_column enable_link=&#8220;enable_column_link&#8220; width=&#8220;1\/2&#8243; link=&#8220;url:https%3A%2F%2Fwww.energiepark.at%2Fklar-klimawandel-anpassungsregion%2F&#8220;][vc_row_inner content_placement=&#8220;bottom&#8220; css=&#8220;.vc_custom_1698409950876{padding-top: 30px !important;padding-right: 30px !important;padding-bottom: 30px !important;padding-left: 30px !important;background-image: url(https:\/\/www.energiepark.at\/wp-content\/uploads\/2023\/10\/AK_8328-scaled.jpg?id=1829) !important;background-position: center !important;background-repeat: no-repeat !important;background-size: cover !important;border-radius: 20px !important;}&#8220; el_class=&#8220;colorwhite&#8220; el_id=&#8220;large&#8220;][vc_column_inner el_class=&#8220;innerdiv&#8220;][vc_empty_space height=&#8220;10px&#8220;]<style>.ld_button_69e3fc63652d7.btn-icon-solid .btn-icon{background:rgb(255, 255, 255);}.ld_button_69e3fc63652d7.btn-icon-circle.btn-icon-ripple .btn-icon:before{border-color:rgb(255, 255, 255);}.ld_button_69e3fc63652d7{width:100px;height:30px;color:rgb(255, 255, 255);border-color:rgb(255, 255, 255);font-size:12px !important;}.ld_button_69e3fc63652d7:hover{background-color:rgb(255, 255, 255);}<\/style><a href=\"https:\/\/www.energiepark.at\/klar-klimawandel-anpassungsregion\/\" title=\"KLAR! (Klimawandel Anpassungsregion)\" class=\"btn btn-default btn-custom btn-custom-sized circle btn-bordered border-thin buttontop ld_button_69e3fc63652d7 vc_custom_1696246927947\">\n\t<span>\n\t\t\n\t\t\t\t\t<span class=\"btn-txt\">KLAR!<\/span>\n\t\t\t\n\t\t\t\t<\/span>\n<\/a>\n[vc_column_text el_class=&#8220;bottomposition&#8220;]<span style=\"font-size: 24px;\"><strong>CLEAR! Lanzendorf+<\/strong><\/span>[\/vc_column_text][vc_empty_space height=&#8220;20px&#8220;][\/vc_column_inner][\/vc_row_inner][vc_empty_space height=&#8220;20px&#8220;][\/vc_column][\/vc_row]<\/p>\n<\/section>","protected":false},"excerpt":{"rendered":"<p>[vc_row css=&#8220;.vc_custom_1698681368930{background-image: url(https:\/\/www.energiepark.at\/wp-content\/uploads\/2023\/08\/AK_8873-scaled.jpg?id=673) !important;background-position: center !important;background-repeat: no-repeat !important;background-size: cover !important;}&#8220; el_class=&#8220;headerbildbereich&#8220;][vc_column align=&#8220;text-center&#8220; el_class=&#8220;headerbereich&#8220;][vc_empty_space height=&#8220;300px&#8220;][vc_column_text el_class=&#8220;headlinerindex&#8220;]&#8230;<\/p>\n","protected":false},"author":1,"featured_media":0,"parent":0,"menu_order":0,"comment_status":"closed","ping_status":"closed","template":"","meta":{"_acf_changed":false,"inline_featured_image":false,"footnotes":""},"class_list":["post-1610","page","type-page","status-publish","hentry"],"acf":[],"_links":{"self":[{"href":"https:\/\/www.energiepark.at\/sk\/wp-json\/wp\/v2\/pages\/1610","targetHints":{"allow":["GET"]}}],"collection":[{"href":"https:\/\/www.energiepark.at\/sk\/wp-json\/wp\/v2\/pages"}],"about":[{"href":"https:\/\/www.energiepark.at\/sk\/wp-json\/wp\/v2\/types\/page"}],"author":[{"embeddable":true,"href":"https:\/\/www.energiepark.at\/sk\/wp-json\/wp\/v2\/users\/1"}],"replies":[{"embeddable":true,"href":"https:\/\/www.energiepark.at\/sk\/wp-json\/wp\/v2\/comments?post=1610"}],"version-history":[{"count":19,"href":"https:\/\/www.energiepark.at\/sk\/wp-json\/wp\/v2\/pages\/1610\/revisions"}],"predecessor-version":[{"id":1982,"href":"https:\/\/www.energiepark.at\/sk\/wp-json\/wp\/v2\/pages\/1610\/revisions\/1982"}],"wp:attachment":[{"href":"https:\/\/www.energiepark.at\/sk\/wp-json\/wp\/v2\/media?parent=1610"}],"curies":[{"name":"wp","href":"https:\/\/api.w.org\/{rel}","templated":true}]}}