{"id":1635,"date":"2023-07-24T13:13:36","date_gmt":"2023-07-24T13:13:36","guid":{"rendered":"https:\/\/www.energiepark.at\/sluzba\/"},"modified":"2023-10-24T14:34:05","modified_gmt":"2023-10-24T14:34:05","slug":"sluzba","status":"publish","type":"page","link":"https:\/\/www.energiepark.at\/sk\/sluzba\/","title":{"rendered":"Slu\u017eba"},"content":{"rendered":"<section class=\"wpb-content-wrapper\"><p>[vc_row css=&#8220;.vc_custom_1692712100412{background-image: url(https:\/\/www.energiepark.at\/wp-content\/uploads\/2023\/08\/AK_8594.jpg?id=337) !important;background-position: center !important;background-repeat: no-repeat !important;background-size: cover !important;}&#8220; el_class=&#8220;headerbildbereich&#8220;][vc_column align=&#8220;text-center&#8220; el_class=&#8220;headerbereich&#8220;][vc_empty_space height=&#8220;300px&#8220;][vc_column_text el_class=&#8220;headlinerindex&#8220;]<\/p>\n<h1>Z \u00fapln\u00e9ho<br \/>\nOds\u00fadenie<\/h1>\n<p>[\/vc_column_text][vc_column_text el_class=&#8220;schmuck&#8220; css=&#8220;.vc_custom_1692712159960{margin-top: -130px !important;}&#8220;]<\/p>\n<p style=\"text-align: center;\"><span style=\"color: #f29400;\"><span style=\"caret-color: #f29400;\">Na\u0161e slu\u017eby<\/span><\/span><\/p>\n<p>[\/vc_column_text][vc_single_image image=&#8220;252&#8243; img_size=&#8220;full&#8220; alignment=&#8220;right&#8220; el_class=&#8220;svgtopper&#8220;][vc_empty_space height=&#8220;150px&#8220;][\/vc_column][\/vc_row][vc_row][vc_column width=&#8220;2\/3&#8243; css=&#8220;.vc_custom_1696311511243{margin-left: -20px !important;padding-left: 20px !important;}&#8220; el_class=&#8220;schmuckmobiltwo&#8220;][vc_empty_space height=&#8220;120px&#8220;][vc_column_text el_class=&#8220;headlinerindex&#8220;]<\/p>\n<h1>Sta\u0148te sa s<br \/>\nn\u00e1s s\u00fa\u010das\u0165ou<br \/>\nPrechod na nov\u00e9 zdroje energie<\/h1>\n<p>[\/vc_column_text][vc_column_text el_class=&#8220;schmuck&#8220; css=&#8220;.vc_custom_1691417383873{margin-top: -280px !important;margin-left: -240px !important;}&#8220;]<\/p>\n<p style=\"text-align: center;\"><span style=\"color: #f29400;\">s dobr\u00fdm<\/span><br \/>\n<span style=\"color: #f29400;\">Svedomie<\/span><\/p>\n<p>[\/vc_column_text][vc_empty_space height=&#8220;40px&#8220;][vc_column_text]Pon\u00fakame v\u00e1m v\u0161estrann\u00e9 rie\u0161enia &#8211; od v\u00fdstavby \u00fa\u010dinn\u00fdch sol\u00e1rnych a vetern\u00fdch elektr\u00e1rn\u00ed a\u017e po projekty udr\u017eate\u013enej biomasy a realiz\u00e1ciu ekologick\u00fdch vodn\u00fdch elektr\u00e1rn\u00ed. Na\u0161i \u0161pecializovan\u00ed odborn\u00edci neust\u00e1le pracuj\u00fa na rozvoji energetickej transform\u00e1cie a formovan\u00ed udr\u017eate\u013enej bud\u00facnosti. Nechajte sa presved\u010di\u0165 o na\u0161ich slu\u017eb\u00e1ch a sta\u0148te sa s\u00fa\u010das\u0165ou na\u0161ej komunity zelenej energie.[\/vc_column_text][\/vc_column][vc_column width=&#8220;1\/3&#8243;][\/vc_column][\/vc_row][vc_row][vc_column][vc_empty_space height=&#8220;80px&#8220;][\/vc_column][\/vc_row][vc_row][vc_column width=&#8220;1\/2&#8243; el_class=&#8220;schmuckmobil&#8220;][vc_column_text el_class=&#8220;headlinerindex&#8220;]<\/p>\n<h1>\u010co pon\u00fakame<\/h1>\n<p>[\/vc_column_text][vc_column_text el_class=&#8220;schmuck&#8220; css=&#8220;.vc_custom_1691418411545{margin-top: -60px !important;margin-left: -240px !important;}&#8220;]<\/p>\n<p style=\"text-align: center;\"><span style=\"color: #f29400;\"><span style=\"caret-color: #f29400;\">Slu\u017eby<\/span><\/span><\/p>\n<p>[\/vc_column_text][\/vc_column][vc_column width=&#8220;1\/2&#8243;][\/vc_column][\/vc_row][vc_row][vc_column][vc_empty_space height=&#8220;40px&#8220;][\/vc_column][\/vc_row][vc_row gap=&#8220;25&#8243;][vc_column width=&#8220;1\/2&#8243;][vc_row_inner enable_loading_bg=&#8220;yes&#8220; content_placement=&#8220;bottom&#8220; css=&#8220;.vc_custom_1692702613494{padding-top: 30px !important;padding-right: 30px !important;padding-bottom: 30px !important;padding-left: 30px !important;background-image: url(https:\/\/www.energiepark.at\/wp-content\/uploads\/2023\/08\/windrad.jpg?id=291) !important;background-position: center !important;background-repeat: no-repeat !important;background-size: cover !important;border-radius: 20px !important;}&#8220; el_id=&#8220;large&#8220; el_class=&#8220;colorwhite&#8220;][vc_column_inner el_class=&#8220;innerdiv&#8220;][vc_empty_space height=&#8220;10px&#8220;]<style>.ld_button_69e3e717b64ce.btn-icon-solid .btn-icon{background:rgb(255, 255, 255);}.ld_button_69e3e717b64ce.btn-icon-circle.btn-icon-ripple .btn-icon:before{border-color:rgb(255, 255, 255);}.ld_button_69e3e717b64ce{width:100px;height:30px;color:rgb(255, 255, 255);border-color:rgb(255, 255, 255);font-size:12px !important;}.ld_button_69e3e717b64ce:hover{background-color:rgb(255, 255, 255);color:rgb(242, 148, 0);}<\/style><a href=\"https:\/\/www.energiepark.at\/fuehrungen\/\" title=\"F\u00fchrungen\" class=\"btn btn-default btn-custom btn-custom-sized circle btn-bordered border-thin buttontop ld_button_69e3e717b64ce vc_custom_1692876554542\">\n\t<span>\n\t\t\n\t\t\t\t\t<span class=\"btn-txt\">F\u00fchrungen<\/span>\n\t\t\t\n\t\t\t\t<\/span>\n<\/a>\n[vc_column_text el_class=&#8220;bottomposition&#8220;]<span style=\"font-size: 24px;\"><strong>Vysk\u00fa\u0161ajte si udr\u017eate\u013en\u00fa energiu na vlastnej ko\u017ei.<\/strong><\/span>[\/vc_column_text][vc_empty_space height=&#8220;20px&#8220;][vc_column_text el_class=&#8220;textlinks&#8220;]Spoznajte fascinuj\u00facu silu vetra a vychutnajte si \u00fachvatn\u00fd v\u00fdh\u013ead na r\u00edmsku krajinu Carnuntum na veternej farme Bruck\/Leitha.[\/vc_column_text][vc_column_text el_class=&#8220;linkrechts&#8220;]<\/p>\n<p data-wp-editing=\"1\"><a href=\"https:\/\/www.energiepark.at\/fuehrungen\/\" data-wp-editing=\"1\"><img decoding=\"async\" class=\"alignright wp-image-410\" src=\"https:\/\/www.energiepark.at\/wp-content\/uploads\/2023\/08\/plus-light-2.svg\" alt=\"\" width=\"23\" height=\"27\"><\/a><\/p>\n<p>[\/vc_column_text][\/vc_column_inner][\/vc_row_inner][vc_empty_space height=&#8220;20px&#8220;][vc_row_inner content_placement=&#8220;top&#8220; css=&#8220;.vc_custom_1692281561799{padding-top: 30px !important;padding-right: 30px !important;padding-bottom: 30px !important;padding-left: 30px !important;background-color: #ecb764 !important;background-position: center !important;background-repeat: no-repeat !important;background-size: cover !important;border-radius: 20px !important;}&#8220; el_class=&#8220;colorwhite&#8220; el_id=&#8220;small&#8220;][vc_column_inner][vc_empty_space][vc_column_text el_class=&#8220;headline&#8220;]<\/p>\n<h2>Energetick\u00fd certifik\u00e1t<\/h2>\n<p>[\/vc_column_text][vc_empty_space][vc_column_text]<span style=\"font-size: 28px;\">Pom\u00f4\u017eeme v\u00e1m zv\u00fd\u0161i\u0165 energiu<\/span><br \/>\n<span style=\"font-size: 28px;\">pos\u00fadi\u0165 efekt\u00edvnos\u0165.<\/span>[\/vc_column_text][vc_empty_space]<style>.ld_button_69e3e717b6782.btn-icon-solid .btn-icon{background:rgb(255, 255, 255);}.ld_button_69e3e717b6782.btn-icon-circle.btn-icon-ripple .btn-icon:before{border-color:rgb(255, 255, 255);}.ld_button_69e3e717b6782{color:rgb(255, 255, 255);font-size:12px !important;}.ld_button_69e3e717b6782:hover{color:rgb(255, 255, 255);}<\/style><a href=\"https:\/\/www.energiepark.at\/energieausweis\/\" title=\"Energiepark\" class=\"btn btn-naked buttonright ld_button_69e3e717b6782 vc_custom_1693233407336\">\n\t<span>\n\t\t\n\t\t\t\t\t<span class=\"btn-txt\">Jetzt anfragen<\/span>\n\t\t\t\n\t\t\t\t<\/span>\n<\/a>\n[\/vc_column_inner][\/vc_row_inner][vc_empty_space height=&#8220;20px&#8220;][vc_row_inner content_placement=&#8220;bottom&#8220; css=&#8220;.vc_custom_1692702850536{padding-top: 30px !important;padding-right: 30px !important;padding-bottom: 30px !important;padding-left: 30px !important;background-image: url(https:\/\/www.energiepark.at\/wp-content\/uploads\/2023\/08\/energie_mensch.jpg?id=300) !important;background-position: center !important;background-repeat: no-repeat !important;background-size: cover !important;border-radius: 20px !important;}&#8220; el_id=&#8220;large&#8220; el_class=&#8220;colorwhite&#8220;][vc_column_inner el_class=&#8220;innerdiv&#8220;][vc_empty_space height=&#8220;10px&#8220;]<style>.ld_button_69e3e717b69cc.btn-icon-solid .btn-icon{background:rgb(255, 255, 255);}.ld_button_69e3e717b69cc.btn-icon-circle.btn-icon-ripple .btn-icon:before{border-color:rgb(255, 255, 255);}.ld_button_69e3e717b69cc{width:140px;height:30px;color:rgb(255, 255, 255);border-color:rgb(255, 255, 255);font-size:12px !important;}.ld_button_69e3e717b69cc:hover{background-color:rgb(255, 255, 255);color:rgb(242, 148, 0);}<\/style><a href=\"https:\/\/www.energiepark.at\/energieberatung\/\" title=\"Energieberatung\" class=\"btn btn-default btn-custom btn-custom-sized circle btn-bordered border-thin buttontop ld_button_69e3e717b69cc vc_custom_1692879283026\">\n\t<span>\n\t\t\n\t\t\t\t\t<span class=\"btn-txt\">Energieberatung<\/span>\n\t\t\t\n\t\t\t\t<\/span>\n<\/a>\n[vc_column_text el_class=&#8220;bottomposition&#8220;]<span style=\"font-size: 24px;\"><strong>Odborn\u00e9 znalosti pre udr\u017eate\u013en\u00e9 energetick\u00e9 rie\u0161enia<\/strong><\/span>[\/vc_column_text][vc_empty_space height=&#8220;20px&#8220;][vc_column_text el_class=&#8220;textlinks&#8220;]Zn\u00ed\u017ete svoje n\u00e1klady a chr\u00e1\u0148te \u017eivotn\u00e9 prostredie prostredn\u00edctvom optimaliz\u00e1cie a obnovite\u013en\u00fdch zdrojov energie. Z\u00edskajte profesion\u00e1lne energetick\u00e9 poradenstvo teraz![\/vc_column_text][vc_column_text el_class=&#8220;linkrechts&#8220;]<\/p>\n<p data-wp-editing=\"1\"><a href=\"https:\/\/www.energiepark.at\/energieberatung\/\" data-wp-editing=\"1\"><img decoding=\"async\" class=\"alignright wp-image-410\" src=\"https:\/\/www.energiepark.at\/wp-content\/uploads\/2023\/08\/plus-light-2.svg\" alt=\"\" width=\"23\" height=\"27\"><\/a><\/p>\n<p>[\/vc_column_text][\/vc_column_inner][\/vc_row_inner][vc_empty_space height=&#8220;20px&#8220;][vc_row_inner content_placement=&#8220;top&#8220; css=&#8220;.vc_custom_1692281571574{padding-top: 30px !important;padding-right: 30px !important;padding-bottom: 30px !important;padding-left: 30px !important;background-color: #ecb764 !important;background-position: center !important;background-repeat: no-repeat !important;background-size: cover !important;border-radius: 20px !important;}&#8220; el_class=&#8220;colorwhite&#8220;][vc_column_inner][vc_empty_space][vc_column_text el_class=&#8220;headline&#8220;]<\/p>\n<h2>V\u00fdvoj projektu<\/h2>\n<p>[\/vc_column_text][vc_empty_space][vc_column_text]<span style=\"font-size: 28px;\">Profesion\u00e1lna podpora pre komunity a podniky.<\/span>[\/vc_column_text][vc_empty_space]<style>.ld_button_69e3e717b6bb4.btn-icon-solid .btn-icon{background:rgb(255, 255, 255);}.ld_button_69e3e717b6bb4.btn-icon-circle.btn-icon-ripple .btn-icon:before{border-color:rgb(255, 255, 255);}.ld_button_69e3e717b6bb4{color:rgb(255, 255, 255);font-size:12px !important;}.ld_button_69e3e717b6bb4:hover{color:rgb(255, 255, 255);}<\/style><a href=\"https:\/\/www.energiepark.at\/energiepark\/\" title=\"Energiepark\" class=\"btn btn-naked buttonright ld_button_69e3e717b6bb4 vc_custom_1692876725826\">\n\t<span>\n\t\t\n\t\t\t\t\t<span class=\"btn-txt\">Jetzt anfragen<\/span>\n\t\t\t\n\t\t\t\t<\/span>\n<\/a>\n[\/vc_column_inner][\/vc_row_inner][vc_empty_space][\/vc_column][vc_column width=&#8220;1\/2&#8243;][vc_row_inner content_placement=&#8220;top&#8220; css=&#8220;.vc_custom_1692281010113{padding-top: 30px !important;padding-right: 30px !important;padding-bottom: 30px !important;padding-left: 30px !important;background-color: #f29400 !important;background-position: center !important;background-repeat: no-repeat !important;background-size: cover !important;border-radius: 20px !important;}&#8220; el_id=&#8220;small&#8220; el_class=&#8220;colorwhite&#8220;][vc_column_inner][vc_empty_space][vc_column_text el_class=&#8220;headline&#8220;]<\/p>\n<h2>Prehliadky so sprievodcom<\/h2>\n<p>[\/vc_column_text][vc_empty_space][vc_column_text]<span style=\"font-size: 28px;\">Pre \u0161kolsk\u00e9 triedy alebo firmy,<\/span><br \/>\n<span style=\"font-size: 28px;\">na\u0161e dvere s\u00fa otvoren\u00e9 pre ka\u017ed\u00e9ho.<\/span>[\/vc_column_text][vc_empty_space]<style>.ld_button_69e3e717b6da5.btn-icon-solid .btn-icon{background:rgb(255, 255, 255);}.ld_button_69e3e717b6da5.btn-icon-circle.btn-icon-ripple .btn-icon:before{border-color:rgb(255, 255, 255);}.ld_button_69e3e717b6da5.btn-icon-solid:hover .btn-icon{background:rgb(255, 255, 255);}.ld_button_69e3e717b6da5{color:rgb(255, 255, 255);font-size:12px !important;}.ld_button_69e3e717b6da5:hover{color:rgb(255, 255, 255);}<\/style><a href=\"https:\/\/www.energiepark.at\/fuehrungen\/\" title=\"Energiepark\" class=\"btn btn-naked buttonright ld_button_69e3e717b6da5 vc_custom_1693233009280\">\n\t<span>\n\t\t\n\t\t\t\t\t<span class=\"btn-txt\">Jetzt anfragen<\/span>\n\t\t\t\n\t\t\t\t<\/span>\n<\/a>\n[\/vc_column_inner][\/vc_row_inner][vc_empty_space height=&#8220;20px&#8220;][vc_row_inner content_placement=&#8220;bottom&#8220; css=&#8220;.vc_custom_1696236737494{padding-top: 30px !important;padding-right: 30px !important;padding-bottom: 30px !important;padding-left: 30px !important;background-image: url(https:\/\/www.energiepark.at\/wp-content\/uploads\/2023\/10\/energie-tablet.jpg?id=699) !important;background-position: center !important;background-repeat: no-repeat !important;background-size: cover !important;border-radius: 20px !important;}&#8220; el_id=&#8220;large&#8220; el_class=&#8220;colorwhite&#8220;][vc_column_inner el_class=&#8220;innerdiv&#8220;][vc_empty_space height=&#8220;10px&#8220;]<style>.ld_button_69e3e717b6fa2.btn-icon-solid .btn-icon{background:rgb(255, 255, 255);}.ld_button_69e3e717b6fa2.btn-icon-circle.btn-icon-ripple .btn-icon:before{border-color:rgb(255, 255, 255);}.ld_button_69e3e717b6fa2{width:140px;height:30px;color:rgb(255, 255, 255);border-color:rgb(255, 255, 255);font-size:12px !important;}.ld_button_69e3e717b6fa2:hover{background-color:rgb(255, 255, 255);color:rgb(242, 148, 0);}<\/style><a href=\"https:\/\/www.energiepark.at\/energieausweis\/\" title=\"Energieausweis\" class=\"btn btn-default btn-custom btn-custom-sized circle btn-bordered border-thin buttontop ld_button_69e3e717b6fa2 vc_custom_1692879264354\">\n\t<span>\n\t\t\n\t\t\t\t\t<span class=\"btn-txt\">Energieausweis<\/span>\n\t\t\t\n\t\t\t\t<\/span>\n<\/a>\n[vc_column_text el_class=&#8220;bottomposition&#8220;]<span style=\"font-size: 24px;\"><strong>Hodnotenie energetickej \u00fa\u010dinnosti<\/strong><\/span>[\/vc_column_text][vc_empty_space height=&#8220;20px&#8220;][vc_column_text el_id=&#8220;textlinks&#8220; el_class=&#8220;textlinks&#8220;]Energetick\u00fd certifik\u00e1t poskytuje d\u00f4le\u017eit\u00e9 inform\u00e1cie o spotrebe energie a celkovej \u00fa\u010dinnosti va\u0161ej budovy.[\/vc_column_text][vc_column_text el_class=&#8220;linkrechts&#8220;]<\/p>\n<p data-wp-editing=\"1\"><a href=\"https:\/\/www.energiepark.at\/energieausweis\/\" data-wp-editing=\"1\"><img decoding=\"async\" class=\"alignright wp-image-410\" src=\"https:\/\/www.energiepark.at\/wp-content\/uploads\/2023\/08\/plus-light-2.svg\" alt=\"\" width=\"23\" height=\"27\"><\/a><\/p>\n<p>[\/vc_column_text][\/vc_column_inner][\/vc_row_inner][vc_empty_space height=&#8220;20px&#8220;][vc_row_inner content_placement=&#8220;top&#8220; css=&#8220;.vc_custom_1692281430167{padding-top: 30px !important;padding-right: 30px !important;padding-bottom: 30px !important;padding-left: 30px !important;background-color: #f29400 !important;background-position: center !important;background-repeat: no-repeat !important;background-size: cover !important;border-radius: 20px !important;}&#8220; el_class=&#8220;colorwhite&#8220; el_id=&#8220;small&#8220;][vc_column_inner][vc_empty_space][vc_column_text el_class=&#8220;headline&#8220;]<\/p>\n<h2>Energetick\u00e9 poradenstvo<\/h2>\n<p>[\/vc_column_text][vc_empty_space][vc_column_text]<span style=\"font-size: 28px;\">Urobte svoj domov \u0161etrn\u00fdm ku kl\u00edme, udr\u017eate\u013en\u00fdm a efekt\u00edvnym! Na\u0161e odborn\u00e9 znalosti pre v\u00e1\u0161 domov.<\/span>[\/vc_column_text][vc_empty_space]<style>.ld_button_69e3e717b71a4.btn-icon-solid .btn-icon{background:rgb(255, 255, 255);}.ld_button_69e3e717b71a4.btn-icon-circle.btn-icon-ripple .btn-icon:before{border-color:rgb(255, 255, 255);}.ld_button_69e3e717b71a4{color:rgb(255, 255, 255);font-size:12px !important;}.ld_button_69e3e717b71a4:hover{color:rgb(255, 255, 255);}<\/style><a href=\"https:\/\/www.energiepark.at\/energiepark\/\" title=\"Energiepark\" class=\"btn btn-naked buttonright ld_button_69e3e717b71a4 vc_custom_1692876713204\">\n\t<span>\n\t\t\n\t\t\t\t\t<span class=\"btn-txt\">Jetzt anfragen<\/span>\n\t\t\t\n\t\t\t\t<\/span>\n<\/a>\n[\/vc_column_inner][\/vc_row_inner][vc_empty_space height=&#8220;20px&#8220;][vc_row_inner content_placement=&#8220;bottom&#8220; css=&#8220;.vc_custom_1696236751188{padding-top: 30px !important;padding-right: 30px !important;padding-bottom: 30px !important;padding-left: 30px !important;background-image: url(https:\/\/www.energiepark.at\/wp-content\/uploads\/2023\/10\/energie.jpg?id=700) !important;background-position: center !important;background-repeat: no-repeat !important;background-size: cover !important;border-radius: 20px !important;}&#8220; el_id=&#8220;large&#8220; el_class=&#8220;colorwhite&#8220;][vc_column_inner el_class=&#8220;innerdiv&#8220;][vc_empty_space height=&#8220;10px&#8220;]<style>.ld_button_69e3e717b7371.btn-icon-solid .btn-icon{background:rgb(255, 255, 255);}.ld_button_69e3e717b7371.btn-icon-circle.btn-icon-ripple .btn-icon:before{border-color:rgb(255, 255, 255);}.ld_button_69e3e717b7371{width:140px;height:30px;color:rgb(255, 255, 255);border-color:rgb(255, 255, 255);font-size:12px !important;}.ld_button_69e3e717b7371:hover{background-color:rgb(255, 255, 255);color:rgb(242, 148, 0);}<\/style><a href=\"https:\/\/www.energiepark.at\/projektentwicklung\/\" title=\"F\u00f6rderberatung\" class=\"btn btn-default btn-custom btn-custom-sized circle btn-bordered border-thin buttontop ld_button_69e3e717b7371 vc_custom_1696237569626\">\n\t<span>\n\t\t\n\t\t\t\t\t<span class=\"btn-txt\">Projektentwicklung<\/span>\n\t\t\t\n\t\t\t\t<\/span>\n<\/a>\n[vc_column_text el_class=&#8220;bottomposition&#8220;]<span style=\"font-size: 24px;\"><strong>Profesion\u00e1lny v\u00fdvoj projektov<\/strong><\/span>[\/vc_column_text][vc_empty_space height=&#8220;20px&#8220;][vc_column_text]Sme kompetentn\u00fdm partnerom pre ve\u013ek\u00e9 projekty pre obce a podniky.[\/vc_column_text][vc_column_text el_class=&#8220;linkrechts&#8220;]<\/p>\n<p data-wp-editing=\"1\"><a href=\"https:\/\/www.energiepark.at\/foerderberatung\/\" data-wp-editing=\"1\"><img decoding=\"async\" class=\"alignright wp-image-410\" src=\"https:\/\/www.energiepark.at\/wp-content\/uploads\/2023\/08\/plus-light-2.svg\" alt=\"\" width=\"23\" height=\"27\"><\/a><\/p>\n<p>[\/vc_column_text][\/vc_column_inner][\/vc_row_inner][vc_empty_space][\/vc_column][\/vc_row][vc_row][vc_column][vc_empty_space height=&#8220;40px&#8220;][\/vc_column][\/vc_row]<\/p>\n<\/section>","protected":false},"excerpt":{"rendered":"<p>[vc_row css=&#8220;.vc_custom_1692712100412{background-image: url(https:\/\/www.energiepark.at\/wp-content\/uploads\/2023\/08\/AK_8594.jpg?id=337) !important;background-position: center !important;background-repeat: no-repeat !important;background-size: cover !important;}&#8220; el_class=&#8220;headerbildbereich&#8220;][vc_column align=&#8220;text-center&#8220; el_class=&#8220;headerbereich&#8220;][vc_empty_space height=&#8220;300px&#8220;][vc_column_text el_class=&#8220;headlinerindex&#8220;]&#8230;<\/p>\n","protected":false},"author":1,"featured_media":0,"parent":0,"menu_order":0,"comment_status":"closed","ping_status":"closed","template":"","meta":{"_acf_changed":false,"inline_featured_image":false,"footnotes":""},"class_list":["post-1635","page","type-page","status-publish","hentry"],"acf":[],"_links":{"self":[{"href":"https:\/\/www.energiepark.at\/sk\/wp-json\/wp\/v2\/pages\/1635","targetHints":{"allow":["GET"]}}],"collection":[{"href":"https:\/\/www.energiepark.at\/sk\/wp-json\/wp\/v2\/pages"}],"about":[{"href":"https:\/\/www.energiepark.at\/sk\/wp-json\/wp\/v2\/types\/page"}],"author":[{"embeddable":true,"href":"https:\/\/www.energiepark.at\/sk\/wp-json\/wp\/v2\/users\/1"}],"replies":[{"embeddable":true,"href":"https:\/\/www.energiepark.at\/sk\/wp-json\/wp\/v2\/comments?post=1635"}],"version-history":[{"count":2,"href":"https:\/\/www.energiepark.at\/sk\/wp-json\/wp\/v2\/pages\/1635\/revisions"}],"predecessor-version":[{"id":1637,"href":"https:\/\/www.energiepark.at\/sk\/wp-json\/wp\/v2\/pages\/1635\/revisions\/1637"}],"wp:attachment":[{"href":"https:\/\/www.energiepark.at\/sk\/wp-json\/wp\/v2\/media?parent=1635"}],"curies":[{"name":"wp","href":"https:\/\/api.w.org\/{rel}","templated":true}]}}