{"id":1652,"date":"2023-08-17T12:11:01","date_gmt":"2023-08-17T12:11:01","guid":{"rendered":"https:\/\/www.energiepark.at\/vyvoj-projektu\/"},"modified":"2023-10-24T14:34:06","modified_gmt":"2023-10-24T14:34:06","slug":"vyvoj-projektu","status":"publish","type":"page","link":"https:\/\/www.energiepark.at\/sk\/vyvoj-projektu\/","title":{"rendered":"V\u00fdvoj projektu"},"content":{"rendered":"<section class=\"wpb-content-wrapper\"><p>[vc_row css=&#8220;.vc_custom_1692790228983{background-image: url(https:\/\/www.energiepark.at\/wp-content\/uploads\/2023\/08\/AK_8594.jpg?id=337) !important;background-position: center !important;background-repeat: no-repeat !important;background-size: cover !important;}&#8220; el_class=&#8220;headerbildbereich&#8220;][vc_column align=&#8220;text-center&#8220; el_class=&#8220;headerbereich&#8220;][vc_empty_space height=&#8220;300px&#8220;][vc_column_text el_class=&#8220;headlinerindex&#8220;]<\/p>\n<h1>Bud\u00facnos\u0165 regi\u00f3nu<br \/>\nv oblasti obnovite\u013en\u00fdch zdrojov energie<\/h1>\n<p>[\/vc_column_text][vc_column_text el_class=&#8220;schmuck&#8220; css=&#8220;.vc_custom_1696256897217{margin-top: -130px !important;}&#8220;]<\/p>\n<p style=\"text-align: center;\"><span style=\"color: #f29400;\"><span style=\"caret-color: #f29400;\">V\u00fdvoj projektu<\/span><\/span><\/p>\n<p>[\/vc_column_text][vc_single_image image=&#8220;252&#8243; img_size=&#8220;full&#8220; alignment=&#8220;right&#8220; el_class=&#8220;svgtopper&#8220;][vc_empty_space height=&#8220;150px&#8220;][\/vc_column][\/vc_row][vc_row gap=&#8220;30&#8243;][vc_column width=&#8220;2\/3&#8243; css=&#8220;.vc_custom_1696256963572{margin-left: -20px !important;padding-left: 20px !important;}&#8220; el_class=&#8220;schmuckmobiltwo&#8220;][vc_empty_space height=&#8220;120px&#8220;][vc_column_text el_class=&#8220;headlinerindex&#8220;]<\/p>\n<h1>Energiepark Bruck\/Leitha: Kompetencie a sk\u00fasenosti v oblasti obnovite\u013en\u00fdch zdrojov energie<\/h1>\n<p>[\/vc_column_text][vc_column_text el_class=&#8220;schmuck&#8220; css=&#8220;.vc_custom_1696249428987{margin-top: -280px !important;margin-left: -240px !important;}&#8220;]<\/p>\n<p style=\"text-align: center;\"><span style=\"color: #f29400;\"><span style=\"caret-color: #f29400;\">udr\u017eate\u013en\u00fd<br \/>\ninovat\u00edvne<br \/>\n<\/span><\/span><\/p>\n<p>[\/vc_column_text][vc_empty_space height=&#8220;40px&#8220;][vc_column_text]<\/p>\n<p style=\"font-weight: 400;\"><strong>Projektov\u00fd partner pre ve\u013ek\u00e9 z\u00e1vody<\/strong><\/p>\n<p style=\"font-weight: 400;\">Sme spo\u013eahliv\u00fdm a kompetentn\u00fdm partnerom pre ve\u013ek\u00e9 projekty a postar\u00e1me sa o ich realiz\u00e1ciu od A po Z. Na\u0161e desa\u0165ro\u010dia sk\u00fasenost\u00ed n\u00e1m d\u00e1vaj\u00fa istotu, \u017ee dok\u00e1\u017eeme ekonomicky a efekt\u00edvne realizova\u0165 konkr\u00e9tne projektov\u00e9 z\u00e1mery. Sme partneri na \u00farovni o\u010d\u00ed a realizujeme sa s kvalitou podania ruky.<\/p>\n<p style=\"font-weight: 400;\">M\u00e1te konkr\u00e9tny n\u00e1pad na projekt ve\u013ek\u00e9ho fotovoltaick\u00e9ho syst\u00e9mu alebo veternej elektr\u00e1rne? Kontaktujte n\u00e1s!<\/p>\n<p style=\"font-weight: 400;\">N\u00e1\u0161 t\u00edm pre v\u00fdvoj projektov sa te\u0161\u00ed na va\u0161e ot\u00e1zky na <a href=\"mailto:office@energiepark.at\">adrese office@energiepark.at<\/a>.<\/p>\n<p>[\/vc_column_text][\/vc_column][vc_column width=&#8220;1\/3&#8243;]<style>.ld_spacer_69e3e6e7aebec{height:50px;}@media (min-width: 768px) { .ld_spacer_69e3e6e7aebec{height:120px};}@media (min-width: 992px) { .ld_spacer_69e3e6e7aebec{height:120px};}@media (min-width: 1200px) { .ld_spacer_69e3e6e7aebec{height:120px};}<\/style>\n<div class=\"ld-empty-space ld_spacer_69e3e6e7aebec\"><span class=\"liquid_empty_space_inner\"><\/span><\/div>[vc_single_image image=&#8220;342&#8243; img_size=&#8220;full&#8220; alignment=&#8220;center&#8220;][\/vc_column][\/vc_row][vc_row][vc_column][vc_empty_space height=&#8220;40px&#8220;][\/vc_column][\/vc_row]<\/p>\n<\/section>","protected":false},"excerpt":{"rendered":"<p>[vc_row css=&#8220;.vc_custom_1692790228983{background-image: url(https:\/\/www.energiepark.at\/wp-content\/uploads\/2023\/08\/AK_8594.jpg?id=337) !important;background-position: center !important;background-repeat: no-repeat !important;background-size: cover !important;}&#8220; el_class=&#8220;headerbildbereich&#8220;][vc_column align=&#8220;text-center&#8220; el_class=&#8220;headerbereich&#8220;][vc_empty_space height=&#8220;300px&#8220;][vc_column_text el_class=&#8220;headlinerindex&#8220;]&#8230;<\/p>\n","protected":false},"author":1,"featured_media":0,"parent":0,"menu_order":0,"comment_status":"closed","ping_status":"closed","template":"","meta":{"_acf_changed":false,"inline_featured_image":false,"footnotes":""},"class_list":["post-1652","page","type-page","status-publish","hentry"],"acf":[],"_links":{"self":[{"href":"https:\/\/www.energiepark.at\/sk\/wp-json\/wp\/v2\/pages\/1652","targetHints":{"allow":["GET"]}}],"collection":[{"href":"https:\/\/www.energiepark.at\/sk\/wp-json\/wp\/v2\/pages"}],"about":[{"href":"https:\/\/www.energiepark.at\/sk\/wp-json\/wp\/v2\/types\/page"}],"author":[{"embeddable":true,"href":"https:\/\/www.energiepark.at\/sk\/wp-json\/wp\/v2\/users\/1"}],"replies":[{"embeddable":true,"href":"https:\/\/www.energiepark.at\/sk\/wp-json\/wp\/v2\/comments?post=1652"}],"version-history":[{"count":2,"href":"https:\/\/www.energiepark.at\/sk\/wp-json\/wp\/v2\/pages\/1652\/revisions"}],"predecessor-version":[{"id":1654,"href":"https:\/\/www.energiepark.at\/sk\/wp-json\/wp\/v2\/pages\/1652\/revisions\/1654"}],"wp:attachment":[{"href":"https:\/\/www.energiepark.at\/sk\/wp-json\/wp\/v2\/media?parent=1652"}],"curies":[{"name":"wp","href":"https:\/\/api.w.org\/{rel}","templated":true}]}}