{"id":1660,"date":"2023-08-17T12:12:09","date_gmt":"2023-08-17T12:12:09","guid":{"rendered":"https:\/\/www.energiepark.at\/misia\/"},"modified":"2023-10-24T14:34:07","modified_gmt":"2023-10-24T14:34:07","slug":"misia","status":"publish","type":"page","link":"https:\/\/www.energiepark.at\/sk\/misia\/","title":{"rendered":"Misia"},"content":{"rendered":"<section class=\"wpb-content-wrapper\"><p>[vc_row css=&#8220;.vc_custom_1692790766116{background-image: url(https:\/\/www.energiepark.at\/wp-content\/uploads\/2023\/08\/AK_8623.jpg?id=335) !important;background-position: center !important;background-repeat: no-repeat !important;background-size: cover !important;}&#8220; el_class=&#8220;headerbildbereich&#8220;][vc_column align=&#8220;text-center&#8220; el_class=&#8220;headerbereich&#8220;][vc_empty_space height=&#8220;300px&#8220;][vc_column_text el_class=&#8220;headlinerindex&#8220;]<\/p>\n<h1>Bud\u00facnos\u0165 regi\u00f3nu<br \/>\nv oblasti obnovite\u013en\u00fdch zdrojov energie<\/h1>\n<p>[\/vc_column_text][vc_column_text el_class=&#8220;schmuck&#8220; css=&#8220;.vc_custom_1692790752974{margin-top: -130px !important;}&#8220;]<\/p>\n<p style=\"text-align: center;\"><span style=\"color: #f29400;\"><span style=\"caret-color: #f29400;\">Misia<\/span><\/span><\/p>\n<p>[\/vc_column_text][vc_single_image image=&#8220;252&#8243; img_size=&#8220;full&#8220; alignment=&#8220;right&#8220; el_class=&#8220;svgtopper&#8220;][vc_empty_space height=&#8220;150px&#8220;][\/vc_column][\/vc_row][vc_row gap=&#8220;30&#8243;][vc_column width=&#8220;2\/3&#8243; css=&#8220;.vc_custom_1696312689953{margin-left: -20px !important;padding-left: 20px !important;}&#8220; el_class=&#8220;schmuckmobiltwo&#8220;][vc_empty_space height=&#8220;120px&#8220;][vc_column_text el_class=&#8220;headlinerindex&#8220;]<\/p>\n<h1>Energetick\u00fd park: priekopn\u00edk a<br \/>\nHnacia sila inov\u00e1ci\u00ed od roku 1995<\/h1>\n<p>[\/vc_column_text][vc_column_text el_class=&#8220;schmuck&#8220; css=&#8220;.vc_custom_1692710969514{margin-top: -280px !important;margin-left: -240px !important;}&#8220;]<\/p>\n<p style=\"text-align: center;\"><span style=\"color: #f29400;\"><span style=\"caret-color: #f29400;\">s dobr\u00fdm<br \/>\nSvedomie<\/span><\/span><\/p>\n<p>[\/vc_column_text][vc_empty_space height=&#8220;40px&#8220;][vc_column_text]Energia je na\u0161a bud\u00facnos\u0165. Prechod na nov\u00fa energetiku potrebuje n\u00e1s v\u0161etk\u00fdch, preto\u017ee dnes rozhodujeme o bud\u00facnosti. Na\u0161\u00edm cie\u013eom je vyr\u00e1ba\u0165 ekologick\u00fa elektrinu v modern\u00fdch a \u00fa\u010dinn\u00fdch elektr\u00e1r\u0148ach. V s\u00falade s pr\u00edrodou, s vyu\u017eit\u00edm veternej a slne\u010dnej energie.<\/p>\n<p>Bud\u00facnos\u0165 je obnovite\u013en\u00e1, bud\u00facnos\u0165 je v na\u0161ich ruk\u00e1ch. Sme pevne presved\u010den\u00ed, \u017ee bud\u00facnos\u0165 hodn\u00e1 \u017eivota a nedotknut\u00e1 pr\u00edroda m\u00f4\u017eu existova\u0165 len so zv\u00fd\u0161en\u00fdm roz\u0161\u00edren\u00edm obnovite\u013en\u00fdch zdrojov energie.<\/p>\n<p>Pr\u00edroda a po\u013enohospod\u00e1rstvo s\u00fa n\u00e1m bl\u00edzke. Z\u00e1kladom energetick\u00e9ho parku je mno\u017estvo partnerov, ktor\u00ed denne pracuj\u00fa s pr\u00edrodou v r\u00e1mci svojho po\u013enohospod\u00e1rstva. Chceme chr\u00e1ni\u0165 cenn\u00fa po\u013enohospod\u00e1rsku p\u00f4du a \u010doraz viac sa spoliehame na agrofotovoltaiku, ktor\u00e1 n\u00e1m to umo\u017en\u00ed.<br \/>\nVer\u00edme v energetick\u00fa transform\u00e1ciu a chceme, aby obyvatelia i\u0161li s nami. Spolo\u010dne to dok\u00e1\u017eeme.[\/vc_column_text][\/vc_column][vc_column width=&#8220;1\/3&#8243;]<style>.ld_spacer_69e3f7489b2e4{height:50px;}@media (min-width: 768px) { .ld_spacer_69e3f7489b2e4{height:120px};}@media (min-width: 992px) { .ld_spacer_69e3f7489b2e4{height:120px};}@media (min-width: 1200px) { .ld_spacer_69e3f7489b2e4{height:120px};}<\/style>\n<div class=\"ld-empty-space ld_spacer_69e3f7489b2e4\"><span class=\"liquid_empty_space_inner\"><\/span><\/div>[vc_single_image image=&#8220;342&#8243; img_size=&#8220;full&#8220; alignment=&#8220;center&#8220;][\/vc_column][\/vc_row][vc_row][vc_column][vc_empty_space height=&#8220;40px&#8220;][\/vc_column][\/vc_row]<\/p>\n<\/section>","protected":false},"excerpt":{"rendered":"<p>[vc_row css=&#8220;.vc_custom_1692790766116{background-image: url(https:\/\/www.energiepark.at\/wp-content\/uploads\/2023\/08\/AK_8623.jpg?id=335) !important;background-position: center !important;background-repeat: no-repeat !important;background-size: cover !important;}&#8220; el_class=&#8220;headerbildbereich&#8220;][vc_column align=&#8220;text-center&#8220; el_class=&#8220;headerbereich&#8220;][vc_empty_space height=&#8220;300px&#8220;][vc_column_text el_class=&#8220;headlinerindex&#8220;]&#8230;<\/p>\n","protected":false},"author":1,"featured_media":0,"parent":0,"menu_order":0,"comment_status":"closed","ping_status":"closed","template":"","meta":{"_acf_changed":false,"inline_featured_image":false,"footnotes":""},"class_list":["post-1660","page","type-page","status-publish","hentry"],"acf":[],"_links":{"self":[{"href":"https:\/\/www.energiepark.at\/sk\/wp-json\/wp\/v2\/pages\/1660","targetHints":{"allow":["GET"]}}],"collection":[{"href":"https:\/\/www.energiepark.at\/sk\/wp-json\/wp\/v2\/pages"}],"about":[{"href":"https:\/\/www.energiepark.at\/sk\/wp-json\/wp\/v2\/types\/page"}],"author":[{"embeddable":true,"href":"https:\/\/www.energiepark.at\/sk\/wp-json\/wp\/v2\/users\/1"}],"replies":[{"embeddable":true,"href":"https:\/\/www.energiepark.at\/sk\/wp-json\/wp\/v2\/comments?post=1660"}],"version-history":[{"count":2,"href":"https:\/\/www.energiepark.at\/sk\/wp-json\/wp\/v2\/pages\/1660\/revisions"}],"predecessor-version":[{"id":1662,"href":"https:\/\/www.energiepark.at\/sk\/wp-json\/wp\/v2\/pages\/1660\/revisions\/1662"}],"wp:attachment":[{"href":"https:\/\/www.energiepark.at\/sk\/wp-json\/wp\/v2\/media?parent=1660"}],"curies":[{"name":"wp","href":"https:\/\/api.w.org\/{rel}","templated":true}]}}