{"id":1663,"date":"2023-08-17T12:12:41","date_gmt":"2023-08-17T12:12:41","guid":{"rendered":"https:\/\/www.energiepark.at\/bioplyn-2\/"},"modified":"2023-10-24T14:34:08","modified_gmt":"2023-10-24T14:34:08","slug":"bioplyn-2","status":"publish","type":"page","link":"https:\/\/www.energiepark.at\/sk\/bioplyn-2\/","title":{"rendered":"Bioplyn"},"content":{"rendered":"<section class=\"wpb-content-wrapper\"><p>[vc_row css=&#8220;.vc_custom_1696250981475{background-image: url(https:\/\/www.energiepark.at\/wp-content\/uploads\/2023\/08\/AK_8320-1.jpg?id=628) !important;background-position: center !important;background-repeat: no-repeat !important;background-size: cover !important;}&#8220; el_class=&#8220;headerbildbereich&#8220;][vc_column align=&#8220;text-center&#8220; el_class=&#8220;headerbereich&#8220;][vc_empty_space height=&#8220;300px&#8220;][vc_column_text el_class=&#8220;headlinerindex&#8220;]<\/p>\n<h1>Viac zelene<br \/>\nPlyn pre krajinu!<\/h1>\n<p>[\/vc_column_text][vc_column_text el_class=&#8220;schmuck&#8220; css=&#8220;.vc_custom_1696250924984{margin-top: -130px !important;}&#8220;]<\/p>\n<p style=\"text-align: center;\"><span style=\"color: #6aaf23;\"><span style=\"caret-color: #f29400;\">Kontakt<\/span><\/span><\/p>\n<p>[\/vc_column_text][vc_single_image image=&#8220;629&#8243; img_size=&#8220;full&#8220; alignment=&#8220;right&#8220; el_class=&#8220;svgtopper&#8220;][vc_empty_space height=&#8220;150px&#8220;][\/vc_column][\/vc_row][vc_row][vc_column width=&#8220;2\/3&#8243; css=&#8220;.vc_custom_1696313067512{margin-left: -20px !important;padding-left: 20px !important;}&#8220; el_class=&#8220;schmuckmobiltwo&#8220;][vc_empty_space height=&#8220;120px&#8220;][vc_column_text el_class=&#8220;headlinerindex&#8220;]<\/p>\n<h1>Obehov\u00e9 hospod\u00e1rstvo<br \/>\nna pr\u00edklade<\/h1>\n<p>[\/vc_column_text][vc_column_text el_class=&#8220;schmuck&#8220; css=&#8220;.vc_custom_1696251178895{margin-top: -140px !important;margin-left: -240px !important;}&#8220;]<\/p>\n<p style=\"text-align: center;\"><span style=\"color: #6aaf23;\"><span style=\"caret-color: #f29400;\">Nomen est omen<\/span><\/span><\/p>\n<p>[\/vc_column_text][vc_empty_space height=&#8220;40px&#8220;][vc_column_text]M\u00e1me najviac zamestnancov v krajine: mili\u00f3ny bakt\u00e9ri\u00ed premie\u0148aj\u00fa organick\u00fd odpad na zelen\u00fd plyn. Nakoniec je to zemn\u00fd plyn, ktor\u00fd sa dod\u00e1va do verejnej plyn\u00e1renskej siete. V s\u00fa\u010dasnosti n\u00edm m\u00f4\u017eeme z\u00e1sobova\u0165 viac ako 2 200 dom\u00e1cnost\u00ed. V\u010faka tomu sme o nie\u010do nez\u00e1vislej\u0161\u00ed od dod\u00e1vok zemn\u00e9ho plynu zo zahrani\u010dia. Mimochodom, fermenta\u010dn\u00fd substr\u00e1t, ktor\u00fd zostane po anaer\u00f3bnej digescii, sa pou\u017e\u00edva ako rastlinn\u00e9 hnojivo na po\u013enohospod\u00e1rskej p\u00f4de.<\/p>\n<p style=\"font-weight: 400;\"><strong>Umiestnenie a adresa bioplynovej stanice<\/strong><\/p>\n<p style=\"font-weight: 400;\"><strong>Bioplyn Bruck\/Leitha GmbH  <\/strong><br \/>\nSzallasweg 1<br \/>\nA-2460 Bruck an der Leitha<\/p>\n<p style=\"font-weight: 400;\">Telef\u00f3n: +43 (0) 664 \/ 88 29 59 39<br \/>\nE-mail: <a href=\"mailto:biogas@energiepark.at\">bioplyn[at]energiepark.at<\/a><\/p>\n<p style=\"font-weight: 400;\"><a href=\"https:\/\/www.energiepark.at\/sk\/bioplyn\/\">www.energiepark.at\/biogas\/<\/a><br \/>\n<a href=\"https:\/\/www.facebook.com\/Biogas-BruckLeitha-114014063623747\/\">Facebook Bioplyn Bruck\/Leitha<\/a><\/p>\n<p>[\/vc_column_text][\/vc_column][vc_column width=&#8220;1\/3&#8243;][\/vc_column][\/vc_row][vc_row][vc_column][vc_empty_space height=&#8220;40px&#8220;][\/vc_column][\/vc_row]<\/p>\n<\/section>","protected":false},"excerpt":{"rendered":"<p>[vc_row css=&#8220;.vc_custom_1696250981475{background-image: url(https:\/\/www.energiepark.at\/wp-content\/uploads\/2023\/08\/AK_8320-1.jpg?id=628) !important;background-position: center !important;background-repeat: no-repeat !important;background-size: cover !important;}&#8220; el_class=&#8220;headerbildbereich&#8220;][vc_column align=&#8220;text-center&#8220; el_class=&#8220;headerbereich&#8220;][vc_empty_space height=&#8220;300px&#8220;][vc_column_text el_class=&#8220;headlinerindex&#8220;]&#8230;<\/p>\n","protected":false},"author":1,"featured_media":0,"parent":0,"menu_order":0,"comment_status":"closed","ping_status":"closed","template":"","meta":{"_acf_changed":false,"inline_featured_image":false,"footnotes":""},"class_list":["post-1663","page","type-page","status-publish","hentry"],"acf":[],"_links":{"self":[{"href":"https:\/\/www.energiepark.at\/sk\/wp-json\/wp\/v2\/pages\/1663","targetHints":{"allow":["GET"]}}],"collection":[{"href":"https:\/\/www.energiepark.at\/sk\/wp-json\/wp\/v2\/pages"}],"about":[{"href":"https:\/\/www.energiepark.at\/sk\/wp-json\/wp\/v2\/types\/page"}],"author":[{"embeddable":true,"href":"https:\/\/www.energiepark.at\/sk\/wp-json\/wp\/v2\/users\/1"}],"replies":[{"embeddable":true,"href":"https:\/\/www.energiepark.at\/sk\/wp-json\/wp\/v2\/comments?post=1663"}],"version-history":[{"count":2,"href":"https:\/\/www.energiepark.at\/sk\/wp-json\/wp\/v2\/pages\/1663\/revisions"}],"predecessor-version":[{"id":1665,"href":"https:\/\/www.energiepark.at\/sk\/wp-json\/wp\/v2\/pages\/1663\/revisions\/1665"}],"wp:attachment":[{"href":"https:\/\/www.energiepark.at\/sk\/wp-json\/wp\/v2\/media?parent=1663"}],"curies":[{"name":"wp","href":"https:\/\/api.w.org\/{rel}","templated":true}]}}