{"id":1672,"date":"2023-08-17T12:12:17","date_gmt":"2023-08-17T12:12:17","guid":{"rendered":"https:\/\/www.energiepark.at\/nasa-historia\/"},"modified":"2023-10-24T14:34:09","modified_gmt":"2023-10-24T14:34:09","slug":"nasa-historia","status":"publish","type":"page","link":"https:\/\/www.energiepark.at\/sk\/nasa-historia\/","title":{"rendered":"Na\u0161a hist\u00f3ria"},"content":{"rendered":"<section class=\"wpb-content-wrapper\"><p>[vc_row css=&#8220;.vc_custom_1692790766116{background-image: url(https:\/\/www.energiepark.at\/wp-content\/uploads\/2023\/08\/AK_8623.jpg?id=335) !important;background-position: center !important;background-repeat: no-repeat !important;background-size: cover !important;}&#8220; el_class=&#8220;headerbildbereich&#8220;][vc_column align=&#8220;text-center&#8220; el_class=&#8220;headerbereich&#8220;][vc_empty_space height=&#8220;300px&#8220;][vc_column_text el_class=&#8220;headlinerindex&#8220;]<\/p>\n<h1>Bud\u00facnos\u0165 regi\u00f3nu<br \/>\nv oblasti obnovite\u013en\u00fdch zdrojov energie<\/h1>\n<p>[\/vc_column_text][vc_column_text el_class=&#8220;schmuck&#8220; css=&#8220;.vc_custom_1692790785011{margin-top: -130px !important;}&#8220;]<\/p>\n<p style=\"text-align: center;\"><span style=\"color: #f29400;\"><span style=\"caret-color: #f29400;\">Na\u0161a hist\u00f3ria<\/span><\/span><\/p>\n<p>[\/vc_column_text][vc_single_image image=&#8220;252&#8243; img_size=&#8220;full&#8220; alignment=&#8220;right&#8220; el_class=&#8220;svgtopper&#8220;][vc_empty_space height=&#8220;150px&#8220;][\/vc_column][\/vc_row][vc_row gap=&#8220;30&#8243;][vc_column width=&#8220;2\/3&#8243; css=&#8220;.vc_custom_1696312774362{margin-left: -20px !important;padding-left: 20px !important;}&#8220; el_class=&#8220;schmuckmobiltwo&#8220;][vc_empty_space height=&#8220;120px&#8220;][vc_column_text el_class=&#8220;headlinerindex&#8220;]<\/p>\n<h1>Energetick\u00fd park: priekopn\u00edk a<br \/>\nHnacia sila inov\u00e1ci\u00ed od roku 1995<\/h1>\n<p>[\/vc_column_text][vc_column_text el_class=&#8220;schmuck&#8220; css=&#8220;.vc_custom_1692710969514{margin-top: -280px !important;margin-left: -240px !important;}&#8220;]<\/p>\n<p style=\"text-align: center;\"><span style=\"color: #f29400;\"><span style=\"caret-color: #f29400;\">s dobr\u00fdm<br \/>\nSvedomie<\/span><\/span><\/p>\n<p>[\/vc_column_text][vc_empty_space height=&#8220;40px&#8220;][vc_column_text]Nad\u0161enie, zvedavos\u0165 a potrebn\u00e1 d\u00e1vka realizmu boli ingrediencie, ktor\u00e9 v roku 1995 pohli skupinu individualistov okolo vtedaj\u0161ieho radcu pre \u017eivotn\u00e9 prostredie Herberta Stavu k zalo\u017eeniu energetick\u00e9ho parku Bruck\/Leitha. V\u00fdsledkom je mno\u017estvo prelomov\u00fdch a inovat\u00edvnych projektov. O takmer 30 rokov nesk\u00f4r sa energetick\u00fd park hrdo ohliada za pozoruhodnou hist\u00f3riou &#8211; z n\u00e1padu sa stala ekonomicky stabiln\u00e1, inovat\u00edvna spolo\u010dnos\u0165, ktor\u00e1 je hlboko zakorenen\u00e1 v regi\u00f3ne a z\u00edskala mno\u017estvo ocenen\u00ed.<\/p>\n<p>Rados\u0165, s\u00fadr\u017enos\u0165, uznanie a inovat\u00edvna sila formovali energetick\u00fd park a st\u00e1le s\u00fa v popred\u00ed ka\u017edodennej pr\u00e1ce cel\u00e9ho t\u00edmu.<\/p>\n<p>Do \u010fal\u0161\u00edch desa\u0165ro\u010d\u00ed vstupujeme s kvalitou podania ruky. S energetick\u00fdm parkom na ceste k energetick\u00e9mu obratu.[\/vc_column_text][\/vc_column][vc_column width=&#8220;1\/3&#8243;]<style>.ld_spacer_69e3e6e7ad235{height:50px;}@media (min-width: 768px) { .ld_spacer_69e3e6e7ad235{height:120px};}@media (min-width: 992px) { .ld_spacer_69e3e6e7ad235{height:120px};}@media (min-width: 1200px) { .ld_spacer_69e3e6e7ad235{height:120px};}<\/style>\n<div class=\"ld-empty-space ld_spacer_69e3e6e7ad235\"><span class=\"liquid_empty_space_inner\"><\/span><\/div>[vc_single_image image=&#8220;342&#8243; img_size=&#8220;full&#8220; alignment=&#8220;center&#8220;][\/vc_column][\/vc_row][vc_row][vc_column][vc_empty_space height=&#8220;40px&#8220;][\/vc_column][\/vc_row]<\/p>\n<\/section>","protected":false},"excerpt":{"rendered":"<p>[vc_row css=&#8220;.vc_custom_1692790766116{background-image: url(https:\/\/www.energiepark.at\/wp-content\/uploads\/2023\/08\/AK_8623.jpg?id=335) !important;background-position: center !important;background-repeat: no-repeat !important;background-size: cover !important;}&#8220; el_class=&#8220;headerbildbereich&#8220;][vc_column align=&#8220;text-center&#8220; el_class=&#8220;headerbereich&#8220;][vc_empty_space height=&#8220;300px&#8220;][vc_column_text el_class=&#8220;headlinerindex&#8220;]&#8230;<\/p>\n","protected":false},"author":1,"featured_media":0,"parent":0,"menu_order":0,"comment_status":"closed","ping_status":"closed","template":"","meta":{"_acf_changed":false,"inline_featured_image":false,"footnotes":""},"class_list":["post-1672","page","type-page","status-publish","hentry"],"acf":[],"_links":{"self":[{"href":"https:\/\/www.energiepark.at\/sk\/wp-json\/wp\/v2\/pages\/1672","targetHints":{"allow":["GET"]}}],"collection":[{"href":"https:\/\/www.energiepark.at\/sk\/wp-json\/wp\/v2\/pages"}],"about":[{"href":"https:\/\/www.energiepark.at\/sk\/wp-json\/wp\/v2\/types\/page"}],"author":[{"embeddable":true,"href":"https:\/\/www.energiepark.at\/sk\/wp-json\/wp\/v2\/users\/1"}],"replies":[{"embeddable":true,"href":"https:\/\/www.energiepark.at\/sk\/wp-json\/wp\/v2\/comments?post=1672"}],"version-history":[{"count":2,"href":"https:\/\/www.energiepark.at\/sk\/wp-json\/wp\/v2\/pages\/1672\/revisions"}],"predecessor-version":[{"id":1676,"href":"https:\/\/www.energiepark.at\/sk\/wp-json\/wp\/v2\/pages\/1672\/revisions\/1676"}],"wp:attachment":[{"href":"https:\/\/www.energiepark.at\/sk\/wp-json\/wp\/v2\/media?parent=1672"}],"curies":[{"name":"wp","href":"https:\/\/api.w.org\/{rel}","templated":true}]}}