{"id":1683,"date":"2023-08-22T12:59:35","date_gmt":"2023-08-22T10:59:35","guid":{"rendered":"https:\/\/www.energiepark.at\/odtlacok\/"},"modified":"2026-03-03T15:28:05","modified_gmt":"2026-03-03T14:28:05","slug":"odtlacok","status":"publish","type":"page","link":"https:\/\/www.energiepark.at\/sk\/odtlacok\/","title":{"rendered":"Odtla\u010dok"},"content":{"rendered":"<section class=\"wpb-content-wrapper\"><p>[vc_row css=&#8220;.vc_custom_1692703320403{background-image: url(https:\/\/www.energiepark.at\/wp-content\/uploads\/2023\/08\/startseiteheader-scaled.jpg?id=302) !important;background-position: center !important;background-repeat: no-repeat !important;background-size: cover !important;}&#8220; el_class=&#8220;headerbildbereich&#8220;][vc_column align=&#8220;text-center&#8220; el_class=&#8220;headerbereich&#8220;][vc_empty_space height=&#8220;300px&#8220;][vc_column_text el_class=&#8220;headlinerindex&#8220;]<\/p>\n<h1>N\u00e1\u0161 odtla\u010dok<\/h1>\n<p>[\/vc_column_text][vc_column_text el_class=&#8220;schmuck&#8220; css=&#8220;.vc_custom_1692278725659{margin-top: -130px !important;}&#8220;]<\/p>\n<p style=\"text-align: center;\"><span style=\"color: #f29400;\"><span style=\"caret-color: #f29400;\">Od roku 1995<\/span><\/span><\/p>\n<p>[\/vc_column_text][vc_single_image image=&#8220;1640&#8243; img_size=&#8220;full&#8220; alignment=&#8220;right&#8220; el_class=&#8220;svgtopper&#8220;][vc_empty_space height=&#8220;150px&#8220;][\/vc_column][\/vc_row][vc_row][vc_column][vc_empty_space height=&#8220;80px&#8220;][vc_column_text]<\/p>\n<p style=\"text-align: center;\">Vlastn\u00edk m\u00e9di\u00ed<\/p>\n<p style=\"text-align: center;\">Verein Energiepark Bruck\/Leitha Fischamender Stra\u00dfe 12a A- 2460 Bruck\/Leitha<\/p>\n<p style=\"text-align: center;\">Tel.: +43 (0)2162 68100 Fax: +43 (0)2162 68100 29<\/p>\n<p style=\"text-align: center;\">E-mail: office[at]energiepark.at Domovsk\u00e1 str\u00e1nka: www.energiepark.at Riadite\u013eka pod\u013ea obchodn\u00e9ho pr\u00e1va: DI Karin Mottl, MMSc.<\/p>\n<p style=\"text-align: center;\">V\u00fdkonn\u00fd riadite\u013e pod\u013ea obchodn\u00e9ho pr\u00e1va: DI Ralf Roggenbauer, BSc, MES<\/p>\n<p style=\"text-align: center;\">ZVR: 587501518 \u010c\u00edslo UID &#8211; Verein Energiepark Bruck\/Leitha: ATU60633229 \u010c\u00edslo UID &#8211; Energiepark Bruck\/Leitha GmbH: ATU65176604<\/p>\n<p style=\"text-align: center;\">Koncepcia a realiz\u00e1cia:<\/p>\n<p style=\"text-align: center;\">Reklamn\u00e1 agent\u00fara PulsDesign Mail:info@pulsdesign.at www.pulsdesign.at<\/p>\n<p>[\/vc_column_text][\/vc_column][\/vc_row]<\/p>\n<\/section>","protected":false},"excerpt":{"rendered":"<p>[vc_row css=&#8220;.vc_custom_1692703320403{background-image: url(https:\/\/www.energiepark.at\/wp-content\/uploads\/2023\/08\/startseiteheader-scaled.jpg?id=302) !important;background-position: center !important;background-repeat: no-repeat !important;background-size: cover !important;}&#8220; el_class=&#8220;headerbildbereich&#8220;][vc_column align=&#8220;text-center&#8220; el_class=&#8220;headerbereich&#8220;][vc_empty_space height=&#8220;300px&#8220;][vc_column_text el_class=&#8220;headlinerindex&#8220;]&#8230;<\/p>\n","protected":false},"author":1,"featured_media":0,"parent":0,"menu_order":0,"comment_status":"closed","ping_status":"closed","template":"","meta":{"_acf_changed":false,"inline_featured_image":false,"footnotes":""},"class_list":["post-1683","page","type-page","status-publish","hentry"],"acf":[],"_links":{"self":[{"href":"https:\/\/www.energiepark.at\/sk\/wp-json\/wp\/v2\/pages\/1683","targetHints":{"allow":["GET"]}}],"collection":[{"href":"https:\/\/www.energiepark.at\/sk\/wp-json\/wp\/v2\/pages"}],"about":[{"href":"https:\/\/www.energiepark.at\/sk\/wp-json\/wp\/v2\/types\/page"}],"author":[{"embeddable":true,"href":"https:\/\/www.energiepark.at\/sk\/wp-json\/wp\/v2\/users\/1"}],"replies":[{"embeddable":true,"href":"https:\/\/www.energiepark.at\/sk\/wp-json\/wp\/v2\/comments?post=1683"}],"version-history":[{"count":4,"href":"https:\/\/www.energiepark.at\/sk\/wp-json\/wp\/v2\/pages\/1683\/revisions"}],"predecessor-version":[{"id":9430,"href":"https:\/\/www.energiepark.at\/sk\/wp-json\/wp\/v2\/pages\/1683\/revisions\/9430"}],"wp:attachment":[{"href":"https:\/\/www.energiepark.at\/sk\/wp-json\/wp\/v2\/media?parent=1683"}],"curies":[{"name":"wp","href":"https:\/\/api.w.org\/{rel}","templated":true}]}}