{"id":1692,"date":"2023-08-17T12:10:41","date_gmt":"2023-08-17T10:10:41","guid":{"rendered":"https:\/\/www.energiepark.at\/energeticke-poradenstvo\/"},"modified":"2026-03-03T15:27:34","modified_gmt":"2026-03-03T14:27:34","slug":"energeticke-poradenstvo","status":"publish","type":"page","link":"https:\/\/www.energiepark.at\/sk\/energeticke-poradenstvo\/","title":{"rendered":"Energetick\u00e9 poradenstvo"},"content":{"rendered":"<section class=\"wpb-content-wrapper\"><p>[vc_row css=&#8220;.vc_custom_1692790228983{background-image: url(https:\/\/www.energiepark.at\/wp-content\/uploads\/2023\/08\/AK_8594.jpg?id=337) !important;background-position: center !important;background-repeat: no-repeat !important;background-size: cover !important;}&#8220; el_class=&#8220;headerbildbereich&#8220;][vc_column align=&#8220;text-center&#8220; el_class=&#8220;headerbereich&#8220;][vc_empty_space height=&#8220;300px&#8220;][vc_column_text el_class=&#8220;headlinerindex&#8220;]<\/p>\n<h1>Bud\u00facnos\u0165 regi\u00f3nu<br \/>\nv oblasti obnovite\u013en\u00fdch zdrojov energie<\/h1>\n<p>[\/vc_column_text][vc_column_text el_class=&#8220;schmuck&#8220; css=&#8220;.vc_custom_1696312531328{margin-top: -130px !important;}&#8220;]<\/p>\n<p style=\"text-align: center;\"><span style=\"color: #f29400;\"><span style=\"caret-color: #f29400;\">Energetick\u00e9 poradenstvo<\/span><\/span><\/p>\n<p>[\/vc_column_text][vc_single_image image=&#8220;252&#8243; img_size=&#8220;full&#8220; alignment=&#8220;right&#8220; el_class=&#8220;svgtopper&#8220;][vc_empty_space height=&#8220;150px&#8220;][\/vc_column][\/vc_row][vc_row gap=&#8220;30&#8243;][vc_column width=&#8220;2\/3&#8243; css=&#8220;.vc_custom_1696312486077{margin-left: -20px !important;padding-left: 20px !important;}&#8220; el_class=&#8220;schmuckmobiltwo&#8220;][vc_empty_space height=&#8220;120px&#8220;][vc_column_text el_class=&#8220;headlinerindex&#8220;]<\/p>\n<h1>Va\u0161e energetick\u00e9 poradenstvo<br \/>\ncez energetick\u00fd park<br \/>\nBruck\/Leitha<\/h1>\n<p>[\/vc_column_text][vc_column_text el_class=&#8220;schmuck&#8220; css=&#8220;.vc_custom_1692710969514{margin-top: -280px !important;margin-left: -240px !important;}&#8220;]<\/p>\n<p style=\"text-align: center;\"><span style=\"color: #f29400;\"><span style=\"caret-color: #f29400;\">s dobr\u00fdm<br \/>\nSvedomie<\/span><\/span><\/p>\n<p>[\/vc_column_text][vc_empty_space height=&#8220;40px&#8220;][vc_column_text]<\/p>\n<p style=\"font-weight: 400;\">V spolupr\u00e1ci s N\u00f6. Na\u0161i zamestnanci s\u00fa k dispoz\u00edcii na energetick\u00e9 poradenstvo po dohode.<\/p>\n<p style=\"font-weight: 400;\">Porad\u00edme a informujeme o opatreniach na zlep\u0161enie a mo\u017en\u00fdch dot\u00e1ci\u00e1ch &#8211; aby sa aj v\u00e1\u0161 dom stal energeticky efekt\u00edvnym!<\/p>\n<p style=\"font-weight: 400;\">Kontaktujte n\u00e1s, radi v\u00e1m pom\u00f4\u017eeme.<\/p>\n<p>[\/vc_column_text][\/vc_column][vc_column width=&#8220;1\/3&#8243;]<style>.ld_spacer_69f47782a16f4{height:50px;}@media (min-width: 768px) { .ld_spacer_69f47782a16f4{height:120px};}@media (min-width: 992px) { .ld_spacer_69f47782a16f4{height:120px};}@media (min-width: 1200px) { .ld_spacer_69f47782a16f4{height:120px};}<\/style>\n<div class=\"ld-empty-space ld_spacer_69f47782a16f4\"><span class=\"liquid_empty_space_inner\"><\/span><\/div>[vc_single_image image=&#8220;1937&#8243; img_size=&#8220;full&#8220; alignment=&#8220;center&#8220;][vc_empty_space][vc_row_inner][vc_column_inner css=&#8220;.vc_custom_1693233641312{border-top-width: 2px !important;border-right-width: 2px !important;border-bottom-width: 2px !important;border-left-width: 2px !important;padding-top: 30px !important;padding-right: 30px !important;padding-bottom: 30px !important;padding-left: 30px !important;border-left-color: #f29400 !important;border-left-style: solid !important;border-right-color: #f29400 !important;border-right-style: solid !important;border-top-color: #f29400 !important;border-top-style: solid !important;border-bottom-color: #f29400 !important;border-bottom-style: solid !important;border-radius: 25px !important;}&#8220;][vc_column_text]<\/p>\n<p style=\"text-align: center;\"><strong>Registr\u00e1cia na \u00favodn\u00fa konzult\u00e1ciu<br \/>\n&#8222;Z ropy a plynu&#8220;<\/strong><\/p>\n<p style=\"text-align: center;\"><strong>(Dolnorak\u00faske energetick\u00e9 poradenstvo)<\/strong><\/p>\n<p style=\"text-align: center;\">Registr\u00e1cia je mo\u017en\u00e1 len prostredn\u00edctvom webov\u00e9ho formul\u00e1ra:<\/p>\n<p style=\"text-align: center;\">Online registr\u00e1cia <a href=\"https:\/\/www.energie-noe.at\/ihr-weg-zur-neuen-heizung\">&gt;&gt;tu&lt;&lt;<\/a><\/p>\n<p>[\/vc_column_text][\/vc_column_inner][\/vc_row_inner][\/vc_column][\/vc_row][vc_row][vc_column][vc_empty_space height=&#8220;120px&#8220;][\/vc_column][\/vc_row]<\/p>\n<\/section>","protected":false},"excerpt":{"rendered":"<p>[vc_row css=&#8220;.vc_custom_1692790228983{background-image: url(https:\/\/www.energiepark.at\/wp-content\/uploads\/2023\/08\/AK_8594.jpg?id=337) !important;background-position: center !important;background-repeat: no-repeat !important;background-size: cover !important;}&#8220; el_class=&#8220;headerbildbereich&#8220;][vc_column align=&#8220;text-center&#8220; el_class=&#8220;headerbereich&#8220;][vc_empty_space height=&#8220;300px&#8220;][vc_column_text el_class=&#8220;headlinerindex&#8220;]&#8230;<\/p>\n","protected":false},"author":1,"featured_media":0,"parent":0,"menu_order":0,"comment_status":"closed","ping_status":"closed","template":"","meta":{"_acf_changed":false,"inline_featured_image":false,"footnotes":""},"class_list":["post-1692","page","type-page","status-publish","hentry"],"acf":[],"_links":{"self":[{"href":"https:\/\/www.energiepark.at\/sk\/wp-json\/wp\/v2\/pages\/1692","targetHints":{"allow":["GET"]}}],"collection":[{"href":"https:\/\/www.energiepark.at\/sk\/wp-json\/wp\/v2\/pages"}],"about":[{"href":"https:\/\/www.energiepark.at\/sk\/wp-json\/wp\/v2\/types\/page"}],"author":[{"embeddable":true,"href":"https:\/\/www.energiepark.at\/sk\/wp-json\/wp\/v2\/users\/1"}],"replies":[{"embeddable":true,"href":"https:\/\/www.energiepark.at\/sk\/wp-json\/wp\/v2\/comments?post=1692"}],"version-history":[{"count":21,"href":"https:\/\/www.energiepark.at\/sk\/wp-json\/wp\/v2\/pages\/1692\/revisions"}],"predecessor-version":[{"id":9375,"href":"https:\/\/www.energiepark.at\/sk\/wp-json\/wp\/v2\/pages\/1692\/revisions\/9375"}],"wp:attachment":[{"href":"https:\/\/www.energiepark.at\/sk\/wp-json\/wp\/v2\/media?parent=1692"}],"curies":[{"name":"wp","href":"https:\/\/api.w.org\/{rel}","templated":true}]}}