{"id":1696,"date":"2023-08-17T12:10:16","date_gmt":"2023-08-17T10:10:16","guid":{"rendered":"https:\/\/www.energiepark.at\/energeticky-certifikat\/"},"modified":"2025-05-26T14:13:40","modified_gmt":"2025-05-26T12:13:40","slug":"energeticky-certifikat","status":"publish","type":"page","link":"https:\/\/www.energiepark.at\/sk\/energeticky-certifikat\/","title":{"rendered":"Energetick\u00fd certifik\u00e1t"},"content":{"rendered":"<section class=\"wpb-content-wrapper\"><p>[vc_row css=&#8220;.vc_custom_1692790228983{background-image: url(https:\/\/www.energiepark.at\/wp-content\/uploads\/2023\/08\/AK_8594.jpg?id=337) !important;background-position: center !important;background-repeat: no-repeat !important;background-size: cover !important;}&#8220; el_class=&#8220;headerbildbereich&#8220;][vc_column align=&#8220;text-center&#8220; el_class=&#8220;headerbereich&#8220;][vc_empty_space height=&#8220;300px&#8220;][vc_column_text el_class=&#8220;headlinerindex&#8220;]<\/p>\n<h1>Bud\u00facnos\u0165 regi\u00f3nu<br \/>\nv obnovite\u013en\u00fdch zdrojoch energie<\/h1>\n<p>[\/vc_column_text][vc_column_text el_class=&#8220;schmuck&#8220; css=&#8220;.vc_custom_1692790282850{margin-top: -130px !important;}&#8220;]<\/p>\n<p style=\"text-align: center;\"><span style=\"color: #f29400;\"><span style=\"caret-color: #f29400;\">Energetick\u00fd certifik\u00e1t<\/span><\/span><\/p>\n<p>[\/vc_column_text][vc_single_image image=&#8220;252&#8243; img_size=&#8220;full&#8220; alignment=&#8220;right&#8220; el_class=&#8220;svgtopper&#8220;][vc_empty_space height=&#8220;150px&#8220;][\/vc_column][\/vc_row][vc_row gap=&#8220;35&#8243;][vc_column width=&#8220;2\/3&#8243; css=&#8220;.vc_custom_1696312384203{margin-left: -20px !important;padding-left: 20px !important;}&#8220; el_class=&#8220;schmuckmobil&#8220;][vc_empty_space height=&#8220;120px&#8220;][vc_column_text el_class=&#8220;headlinerindex&#8220;]<\/p>\n<h1>Energetick\u00fd certifik\u00e1t a<br \/>\nTermografick\u00e9 meranie<\/h1>\n<p>[\/vc_column_text][vc_column_text el_class=&#8220;schmuck&#8220; css=&#8220;.vc_custom_1696312349906{margin-top: -140px !important;margin-left: -240px !important;}&#8220;]<\/p>\n<p style=\"text-align: center;\"><span style=\"color: #f29400;\"><span style=\"caret-color: #f29400;\">dobre informovan\u00fd<\/span><\/span><\/p>\n<p>[\/vc_column_text]<style>.ld_spacer_69e3e7022ab4a{height:100px;}@media (min-width: 768px) { .ld_spacer_69e3e7022ab4a{height:32px};}@media (min-width: 992px) { .ld_spacer_69e3e7022ab4a{height:32px};}@media (min-width: 1200px) { .ld_spacer_69e3e7022ab4a{height:32px};}<\/style>\n<div class=\"ld-empty-space ld_spacer_69e3e7022ab4a\"><span class=\"liquid_empty_space_inner\"><\/span><\/div>[vc_column_text]<\/p>\n<div class=\"wrap2\">\n<div class=\"content\">\n<p style=\"font-weight: 400;\">Po\u010d\u00edtame za v\u00e1s! Poskytujeme certifik\u00e1ty energetickej hospod\u00e1rnosti pre v\u0161etky nehnute\u013enosti &#8211; bez oh\u013eadu na to, \u010di ide o byt, rodinn\u00fd dom, viacpodla\u017en\u00fa obytn\u00fa budovu, obchodn\u00e9 priestory alebo dokonca ak m\u00e1 va\u0161a nehnute\u013enos\u0165 ve\u017ei\u010dky a arkiere, alebo \u010di ide o novostavbu, existuj\u00facu budovu, rekon\u0161trukciu alebo \u017eiados\u0165 o dot\u00e1ciu.<\/p>\n<p style=\"font-weight: 400;\">Radi v\u00e1m poskytneme individu\u00e1lnu cenov\u00fa ponuku v z\u00e1vislosti od n\u00e1ro\u010dnosti v\u00fdpo\u010dtu. A ak si to \u017eel\u00e1te, radi v\u00e1s nav\u0161t\u00edvime vo va\u0161ich priestoroch za pr\u00edplatok.<\/p>\n<p style=\"font-weight: 400;\">Chcete cielenej\u0161ie napl\u00e1nova\u0165 svoje renova\u010dn\u00e9 opatrenia? Vyu\u017eite na\u0161u ponuku termografie a kontaktujte n\u00e1s!<\/p>\n<p style=\"font-weight: 400;\">Na\u0161i kolegovia v\u017edy presne vedia, ak\u00e9 finan\u010dn\u00e9 prostriedky s\u00fa k dispoz\u00edcii.<\/p>\n<p><a href=\"https:\/\/www.energiepark.at\/wp-content\/uploads\/2025\/05\/Uebersicht_Energiedienstleistungen.pdf\"><span style=\"color: #ff6600;\">TU<\/span><\/a> n\u00e1jdete preh\u013ead na\u0161ej ponuky energetick\u00fdch slu\u017eieb.<\/p>\n<\/div>\n<\/div>\n<p>[\/vc_column_text][\/vc_column][vc_column width=&#8220;1\/3&#8243;]<style>.ld_spacer_69e3e7022ac4a{height:50px;}@media (min-width: 768px) { .ld_spacer_69e3e7022ac4a{height:120px};}@media (min-width: 992px) { .ld_spacer_69e3e7022ac4a{height:120px};}@media (min-width: 1200px) { .ld_spacer_69e3e7022ac4a{height:120px};}<\/style>\n<div class=\"ld-empty-space ld_spacer_69e3e7022ac4a\"><span class=\"liquid_empty_space_inner\"><\/span><\/div>[vc_row_inner css=&#8220;.vc_custom_1693233308547{border-top-width: 2px !important;border-right-width: 2px !important;border-bottom-width: 2px !important;border-left-width: 2px !important;border-left-color: #f29400 !important;border-left-style: solid !important;border-right-color: #f29400 !important;border-right-style: solid !important;border-top-color: #f29400 !important;border-top-style: solid !important;border-bottom-color: #f29400 !important;border-bottom-style: solid !important;border-radius: 25px !important;}&#8220;][vc_column_inner align=&#8220;text-center&#8220; css=&#8220;.vc_custom_1693233347197{padding-top: 30px !important;padding-right: 30px !important;padding-bottom: 30px !important;padding-left: 30px !important;}&#8220;][vc_column_text]<strong>Kontakt:<\/strong><br \/>\nDI RALF ROGGENBAUER, BSc, MES<br \/>\n+43 (0) 2162 68100<br \/>\n r<a class=\"mail\" title=\"Otvor\u00ed okno na odoslanie e-mailu\" href=\"mailto:r.roggenbauer@energiepark.at\">.roggenbauer[at]energiepark.at<\/a>[\/vc_column_text][\/vc_column_inner][\/vc_row_inner][\/vc_column][\/vc_row]<\/p>\n<\/section>","protected":false},"excerpt":{"rendered":"<p>[vc_row css=&#8220;.vc_custom_1692790228983{background-image: url(https:\/\/www.energiepark.at\/wp-content\/uploads\/2023\/08\/AK_8594.jpg?id=337) !important;background-position: center !important;background-repeat: no-repeat !important;background-size: cover !important;}&#8220; el_class=&#8220;headerbildbereich&#8220;][vc_column align=&#8220;text-center&#8220; el_class=&#8220;headerbereich&#8220;][vc_empty_space height=&#8220;300px&#8220;][vc_column_text el_class=&#8220;headlinerindex&#8220;]&#8230;<\/p>\n","protected":false},"author":1,"featured_media":0,"parent":0,"menu_order":0,"comment_status":"closed","ping_status":"closed","template":"","meta":{"_acf_changed":false,"inline_featured_image":false,"footnotes":""},"class_list":["post-1696","page","type-page","status-publish","hentry"],"acf":[],"_links":{"self":[{"href":"https:\/\/www.energiepark.at\/sk\/wp-json\/wp\/v2\/pages\/1696","targetHints":{"allow":["GET"]}}],"collection":[{"href":"https:\/\/www.energiepark.at\/sk\/wp-json\/wp\/v2\/pages"}],"about":[{"href":"https:\/\/www.energiepark.at\/sk\/wp-json\/wp\/v2\/types\/page"}],"author":[{"embeddable":true,"href":"https:\/\/www.energiepark.at\/sk\/wp-json\/wp\/v2\/users\/1"}],"replies":[{"embeddable":true,"href":"https:\/\/www.energiepark.at\/sk\/wp-json\/wp\/v2\/comments?post=1696"}],"version-history":[{"count":6,"href":"https:\/\/www.energiepark.at\/sk\/wp-json\/wp\/v2\/pages\/1696\/revisions"}],"predecessor-version":[{"id":7472,"href":"https:\/\/www.energiepark.at\/sk\/wp-json\/wp\/v2\/pages\/1696\/revisions\/7472"}],"wp:attachment":[{"href":"https:\/\/www.energiepark.at\/sk\/wp-json\/wp\/v2\/media?parent=1696"}],"curies":[{"name":"wp","href":"https:\/\/api.w.org\/{rel}","templated":true}]}}