{"id":1706,"date":"2023-08-22T12:59:14","date_gmt":"2023-08-22T10:59:14","guid":{"rendered":"https:\/\/www.energiepark.at\/ochrana-udajov\/"},"modified":"2026-03-03T16:39:37","modified_gmt":"2026-03-03T15:39:37","slug":"ochrana-udajov","status":"publish","type":"page","link":"https:\/\/www.energiepark.at\/sk\/ochrana-udajov\/","title":{"rendered":"Ochrana \u00fadajov"},"content":{"rendered":"<section class=\"wpb-content-wrapper\"><p>[vc_row css=&#8220;.vc_custom_1692703320403{background-image: url(https:\/\/www.energiepark.at\/wp-content\/uploads\/2023\/08\/startseiteheader-scaled.jpg?id=302) !important;background-position: center !important;background-repeat: no-repeat !important;background-size: cover !important;}&#8220; el_class=&#8220;headerbildbereich&#8220;][vc_column align=&#8220;text-center&#8220; el_class=&#8220;headerbereich&#8220;][vc_empty_space height=&#8220;300px&#8220;][vc_column_text el_class=&#8220;headlinerindex&#8220;]<\/p>\n<h1>Na\u0161a str\u00e1nka<br \/>\nOchrana \u00fadajov<\/h1>\n<p>[\/vc_column_text][vc_column_text el_class=&#8220;schmuck&#8220; css=&#8220;.vc_custom_1692278725659{margin-top: -130px !important;}&#8220;]<\/p>\n<p style=\"text-align: center;\"><span style=\"color: #f29400;\"><span style=\"caret-color: #f29400;\">Od roku 1995<\/span><\/span><\/p>\n<p>[\/vc_column_text][vc_single_image image=&#8220;1640&#8243; img_size=&#8220;full&#8220; alignment=&#8220;right&#8220; el_class=&#8220;svgtopper&#8220;][vc_empty_space height=&#8220;150px&#8220;][\/vc_column][\/vc_row][vc_row][vc_column][vc_empty_space height=&#8220;80px&#8220;][vc_column_text]Tieto z\u00e1sady pou\u017e\u00edvania s\u00faborov cookie boli naposledy aktualizovan\u00e9 18. decembra 2019 a vz\u0165ahuj\u00fa sa na ob\u010danov a osoby s trval\u00fdm pobytom v Eur\u00f3pskom hospod\u00e1rskom priestore a \u0160vaj\u010diarsku.<\/p>\n<p><strong>1. \u00favod<\/strong><br \/>\nNa\u0161a webov\u00e1 lokalita https:\/\/www.energiepark.at (\u010falej len &#8222;webov\u00e1 lokalita&#8220;) pou\u017e\u00edva s\u00fabory cookie a podobn\u00e9 technol\u00f3gie (pre lep\u0161iu orient\u00e1ciu s\u00fa v\u0161etky spolo\u010dne ozna\u010dovan\u00e9 ako &#8222;s\u00fabory cookie&#8220;). S\u00fabory cookie umiest\u0148uj\u00fa aj tretie strany, s ktor\u00fdmi sme uzavreli zmluvu. V nasleduj\u00facom dokumente v\u00e1s informujeme o pou\u017e\u00edvan\u00ed s\u00faborov cookie na na\u0161ej webovej str\u00e1nke.<\/p>\n<p><strong>\u010co s\u00fa to s\u00fabory cookie?<\/strong><br \/>\nS\u00fabor cookie je jednoduch\u00fd mal\u00fd s\u00fabor, ktor\u00fd sa odosiela spolu so str\u00e1nkami internetovej adresy a m\u00f4\u017ee by\u0165 ulo\u017een\u00fd webov\u00fdm prehliada\u010dom v po\u010d\u00edta\u010di alebo inom zariaden\u00ed. Inform\u00e1cie, ktor\u00e9 s\u00fa v nich ulo\u017een\u00e9, m\u00f4\u017eu by\u0165 po\u010das \u010fal\u0161\u00edch n\u00e1v\u0161tev odoslan\u00e9 na na\u0161e servery alebo servery pr\u00edslu\u0161n\u00fdch tret\u00edch str\u00e1n.<\/p>\n<p><strong>3. \u010do s\u00fa to skripty?<\/strong><br \/>\nSkript je \u010das\u0165 programov\u00e9ho k\u00f3du, ktor\u00fd sa pou\u017e\u00edva na zabezpe\u010denie funk\u010dnosti a interaktivity na\u0161ich webov\u00fdch str\u00e1nok. Tento k\u00f3d sa vykon\u00e1va na na\u0161ich serveroch alebo vo va\u0161om zariaden\u00ed.<\/p>\n<p><strong>\u010co je to webov\u00fd maj\u00e1k?<\/strong><br \/>\nWebov\u00fd maj\u00e1k (naz\u00fdvan\u00fd aj pixelov\u00fd tag) je mal\u00fd nevidite\u013en\u00fd fragment textu alebo obr\u00e1zku na webovej lokalite, ktor\u00fd sa pou\u017e\u00edva na monitorovanie n\u00e1v\u0161tevnosti webovej lokality. Aby to bolo mo\u017en\u00e9, ukladaj\u00fa sa od v\u00e1s r\u00f4zne \u00fadaje pomocou webov\u00fdch maj\u00e1kov.<\/p>\n<p><strong>5. cookies<\/strong><br \/>\n5.1 Technick\u00e9 alebo funk\u010dn\u00e9 s\u00fabory cookie<\/p>\n<p>Niektor\u00e9 s\u00fabory cookie zabezpe\u010duj\u00fa spr\u00e1vne fungovanie niektor\u00fdch \u010dast\u00ed na\u0161ej webovej lokality a va\u0161e pou\u017e\u00edvate\u013esk\u00e9 preferencie. Umiestnen\u00edm funk\u010dn\u00fdch s\u00faborov cookie v\u00e1m u\u013eah\u010dujeme n\u00e1v\u0161tevu na\u0161ich webov\u00fdch str\u00e1nok. Takto nemus\u00edte pri n\u00e1v\u0161teve na\u0161ej webovej lokality opakovane zad\u00e1va\u0165 tie ist\u00e9 \u00fadaje alebo v\u00e1\u0161 tovar zostane v n\u00e1kupnom ko\u0161\u00edku, k\u00fdm ho napr\u00edklad nezaplat\u00edte. Tieto s\u00fabory cookie m\u00f4\u017eeme umiestni\u0165 bez v\u00e1\u0161ho s\u00fahlasu.<\/p>\n<p><strong>5.2 Analytick\u00e9 s\u00fabory cookie<\/strong><\/p>\n<p>Analytick\u00e9 s\u00fabory cookie pou\u017e\u00edvame na optimaliz\u00e1ciu pou\u017e\u00edvania webovej str\u00e1nky na\u0161imi pou\u017e\u00edvate\u013emi. Tieto analytick\u00e9 s\u00fabory cookie n\u00e1m poskytuj\u00fa inform\u00e1cie o tom, ako sa na\u0161a webov\u00e1 str\u00e1nka pou\u017e\u00edva. \u017diadame v\u00e1s o s\u00fahlas s nastaven\u00edm analytick\u00fdch s\u00faborov cookie.<\/p>\n<p><strong>5.3 Marketingov\u00e9 \/ sledovacie s\u00fabory cookie<\/strong><\/p>\n<p>Marketingov\u00e9\/sledovacie s\u00fabory cookie s\u00fa s\u00fabory cookie alebo in\u00e9 formy miestneho ukladania, ktor\u00e9 sa pou\u017e\u00edvaj\u00fa na vytv\u00e1ranie profilov pou\u017e\u00edvate\u013eov na zobrazovanie rekl\u00e1m alebo sledovanie pou\u017e\u00edvate\u013ea na tejto webovej lokalite alebo na viacer\u00fdch webov\u00fdch lokalit\u00e1ch na podobn\u00e9 marketingov\u00e9 \u00fa\u010dely.<\/p>\n<p><strong>6. umiestnen\u00e9 s\u00fabory cookie<\/strong><br \/>\nVisual Composer<br \/>\nPredmet vy\u0161etrovania<br \/>\nS\u00fahlas so slu\u017ebou visual-composer<br \/>\nSlu\u017eba Google Analytics<br \/>\n\u0160tatistiky (anonymn\u00e9)<br \/>\nS\u00fahlas so slu\u017ebou google-analytics<br \/>\nDodr\u017eiavanie predpisov<br \/>\nfunk\u010dn\u00e9<br \/>\nS\u00fahlas so slu\u017ebou complianz<br \/>\nFonty Google<br \/>\nMarketing\/sledovanie<br \/>\nS\u00fahlas so slu\u017ebou google-fonts<br \/>\nYouTube<br \/>\n\u0160tatistika<br \/>\nS\u00fahlas so slu\u017ebou youtube<br \/>\nIn\u00e9<br \/>\nPredmet vy\u0161etrovania<br \/>\nS\u00fahlas s poskytovan\u00edm in\u00fdch slu\u017eieb<br \/>\n7. s\u00fahlas<br \/>\nPri prvej n\u00e1v\u0161teve na\u0161ej webovej str\u00e1nky sa zobraz\u00ed vyskakovacie okno s vysvetlen\u00edm o s\u00faboroch cookie. Hne\u010f ako kliknete na &#8222;Ulo\u017ei\u0165 nastavenia&#8220;, d\u00e1vate n\u00e1m svoj s\u00fahlas s pou\u017e\u00edvan\u00edm v\u0161etk\u00fdch kateg\u00f3ri\u00ed s\u00faborov cookie a z\u00e1suvn\u00fdch modulov, ktor\u00e9 ste vybrali, ako je op\u00edsan\u00e9 v tomto vyhl\u00e1sen\u00ed o s\u00faboroch cookie. Pou\u017e\u00edvanie s\u00faborov cookie m\u00f4\u017eete vo svojom prehliada\u010di zak\u00e1za\u0165, ale upozor\u0148ujeme, \u017ee v takom pr\u00edpade na\u0161a webov\u00e1 lokalita nemus\u00ed fungova\u0165 spr\u00e1vne.<\/p>\n<p><strong>7.1 Spr\u00e1va nastaven\u00ed s\u00fahlasu<\/strong><\/p>\n<p>Funk\u010dn\u00e9 s\u00fabory cookie<br \/>\nV\u017edy akt\u00edvne<br \/>\n\u0160tatistika<\/p>\n<p>\u0160tatistika<br \/>\nMarketing<\/p>\n<p>Marketing<br \/>\n8. aktiv\u00e1cia\/deaktiv\u00e1cia a vymazanie s\u00faborov cookie<br \/>\nS\u00fabory cookie m\u00f4\u017eete automaticky alebo ru\u010dne vymaza\u0165 pomocou internetov\u00e9ho prehliada\u010da. M\u00f4\u017eete tie\u017e ur\u010di\u0165, \u010di sa nemaj\u00fa uklada\u0165 \u0161peci\u00e1lne s\u00fabory cookie. \u010eal\u0161ou mo\u017enos\u0165ou je nastavi\u0165 internetov\u00fd prehliada\u010d tak, aby v\u00e1s upozornil na ka\u017ed\u00e9 ulo\u017eenie s\u00faboru cookie. \u010eal\u0161ie inform\u00e1cie o t\u00fdchto mo\u017enostiach n\u00e1jdete v pokynoch v \u010dasti Pomocn\u00edk v\u00e1\u0161ho prehliada\u010da.<\/p>\n<p>Upozor\u0148ujeme, \u017ee na\u0161a webov\u00e1 lokalita nemus\u00ed fungova\u0165 spr\u00e1vne, ak s\u00fa v\u0161etky s\u00fabory cookie vypnut\u00e9. Ak s\u00fabory cookie z prehliada\u010da vyma\u017eete, pri op\u00e4tovnej n\u00e1v\u0161teve na\u0161ej webovej str\u00e1nky sa op\u00e4\u0165 ulo\u017eia.<\/p>\n<p><strong>9. va\u0161e pr\u00e1va v s\u00favislosti s osobn\u00fdmi \u00fadajmi<\/strong><br \/>\nV s\u00favislosti so svojimi osobn\u00fdmi \u00fadajmi m\u00e1te tieto pr\u00e1va:<\/p>\n<p>M\u00e1te pr\u00e1vo vedie\u0165, pre\u010do sa va\u0161e osobn\u00e9 \u00fadaje pou\u017e\u00edvaj\u00fa, \u010do sa s nimi deje a ako dlho sa uchov\u00e1vaj\u00fa.<br \/>\nPr\u00e1vo na pr\u00edstup: M\u00e1te pr\u00e1vo na pr\u00edstup k va\u0161im zn\u00e1mym osobn\u00fdm \u00fadajom.<br \/>\nPr\u00e1vo na opravu: M\u00e1te pr\u00e1vo kedyko\u013evek zmeni\u0165, opravi\u0165, vymaza\u0165 alebo zablokova\u0165 svoje osobn\u00e9 \u00fadaje.<br \/>\nAk ste n\u00e1m dali s\u00fahlas na spracovanie va\u0161ich \u00fadajov, m\u00e1te pr\u00e1vo tento s\u00fahlas odvola\u0165 a po\u017eiada\u0165 o vymazanie va\u0161ich osobn\u00fdch \u00fadajov.<br \/>\nPr\u00e1vo na prenos va\u0161ich \u00fadajov: M\u00e1te pr\u00e1vo vy\u017eiada\u0165 si v\u0161etky svoje osobn\u00e9 \u00fadaje od jedn\u00e9ho prev\u00e1dzkovate\u013ea a prenies\u0165 ich v plnom rozsahu in\u00e9mu prev\u00e1dzkovate\u013eovi.<br \/>\nPr\u00e1vo namieta\u0165: M\u00f4\u017eete namieta\u0165 proti spracovaniu va\u0161ich \u00fadajov. Dodr\u017eiavame, pokia\u013e neexistuj\u00fa opr\u00e1vnen\u00e9 d\u00f4vody na spracovanie.<br \/>\nAk chcete uplatni\u0165 tieto pr\u00e1va, kontaktujte n\u00e1s. Pozrite si kontaktn\u00e9 \u00fadaje na konci tohto vyhl\u00e1senia o s\u00faboroch cookie. Ak m\u00e1te s\u0165a\u017enos\u0165 na to, ako naklad\u00e1me s va\u0161imi \u00fadajmi, radi si ju vypo\u010dujeme, ale m\u00e1te tie\u017e pr\u00e1vo obr\u00e1ti\u0165 sa na dozorn\u00fd org\u00e1n (org\u00e1n na ochranu \u00fadajov).<\/p>\n<p><strong>10. kontaktn\u00e9 \u00fadaje<\/strong><br \/>\nV pr\u00edpade ot\u00e1zok a\/alebo pripomienok t\u00fdkaj\u00facich sa na\u0161ich z\u00e1sad pou\u017e\u00edvania s\u00faborov cookie a tohto vyhl\u00e1senia n\u00e1s kontaktujte prostredn\u00edctvom ni\u017e\u0161ie uveden\u00fdch kontaktn\u00fdch \u00fadajov:<\/p>\n<p>Zdru\u017eenie Energy Park Bruck\/Leitha<br \/>\nUlica Fischamender 12a<br \/>\nA- 2460 Bruck\/Leitha<\/p>\n<p>Rak\u00fasko<br \/>\nWebov\u00e1 str\u00e1nka: https:\/\/www.energiepark.at<br \/>\nE-mail: office[at]energiepark.at<br \/>\nTelef\u00f3nne \u010d\u00edslo: +43 (0)2162 68100 0<\/p>\n<p>Tieto z\u00e1sady pou\u017e\u00edvania s\u00faborov cookie boli synchronizovan\u00e9 s cookiedatabase.org 18. decembra 2019.<br \/>\nZ\u00e1sady ochrany osobn\u00fdch \u00fadajov<br \/>\n(Pod\u013ea DSGVO, od augusta 2018)<\/p>\n<p>Osobitne db\u00e1me na ochranu a bezpe\u010dnos\u0165 v\u0161etk\u00fdch osobn\u00fdch \u00fadajov, ktor\u00e9 n\u00e1m zver\u00edte. V tomto dokumente sa dozviete viac o tom, ako pou\u017e\u00edvame a sprac\u00favame va\u0161e osobn\u00e9 \u00fadaje v nasleduj\u00facich spolo\u010dnostiach:<\/p>\n<p>* Zdru\u017eenie Energiepark Bruck\/Leitha<br \/>\n* Energiepark Bruck\/Leitha GmbH<br \/>\n* Windpark Haadfeld GmbH &amp; Co KG<br \/>\n* Windpark Haadfeld GmbH<br \/>\n* Windpark H\u00f6flein Ost GmbH &amp; Co KG<br \/>\n* Windpark H\u00f6flein Ost GmbH<br \/>\n* Windpark Rohrau GmbH &amp; Co KG<br \/>\n* Windpark Rohrau GmbH<br \/>\n* Windpark Bad Deutsch-Altenburg Carnuntum GmbH &amp; Co KG<br \/>\n* Windpark Bad Deutsch-Altenburg Carnuntum GmbH<br \/>\n* Windpark Hof-Seibersdorf GmbH &amp; Co KG<br \/>\n* Windpark Seibersdorf GmbH<br \/>\n* Windpark H\u00f6flein West GmbH &amp; Co KG<br \/>\n* Windpark Hof GmbH<br \/>\n* Bioplyn Bruck\/Leitha GmbH &amp; Co KG<br \/>\n* Prime-Methan Bruck\/Leitha GmbH<br \/>\n* PV Cakany k.s.<br \/>\n* PV Cakany OG<br \/>\n* EPK Cakany sro<br \/>\n* Bigapress OG<\/p>\n<p>Pr\u00e1vny z\u00e1klad a z\u00e1kladn\u00e9 z\u00e1sady<br \/>\nV\u0161eobecn\u00e9 nariadenie E\u00da o ochrane \u00fadajov, z\u00e1kon o ochrane \u00fadajov z roku 2000 a novela z\u00e1kona o ochrane \u00fadajov z roku 2018 sl\u00fa\u017eia pr\u00e1vu na ochranu osobn\u00fdch \u00fadajov. Va\u0161e \u00fadaje sprac\u00favame v\u00fdlu\u010dne na z\u00e1klade z\u00e1konn\u00fdch ustanoven\u00ed (DSGVO, DSG 2018, TKG 2003).<\/p>\n<p>Obmedzenie \u00fa\u010delu, pr\u00e1vny z\u00e1klad, doba uchov\u00e1vania a pr\u00edjemca \u00fadajov<br \/>\nZhroma\u017eden\u00e9 osobn\u00e9 \u00fadaje potrebujeme na predzmluvn\u00e9 opatrenia a plnenie zmluvy, faktur\u00e1ciu, zodpovedanie va\u0161ich ot\u00e1zok, odovzd\u00e1vanie inform\u00e1ci\u00ed o aktu\u00e1lnom v\u00fdvoji v predmetn\u00fdch oblastiach energetick\u00e9ho parku Bruck\/Leitha at\u010f. \u00dadaje sa zhroma\u017e\u010fuj\u00fa, uchov\u00e1vaj\u00fa, sprac\u00favaj\u00fa a pou\u017e\u00edvaj\u00fa na tento \u00fa\u010del.<\/p>\n<p>Pr\u00e1vnym z\u00e1kladom spracovania va\u0161ich osobn\u00fdch \u00fadajov je na jednej strane plnenie zmluvy, opr\u00e1vnen\u00e9 z\u00e1ujmy, plnenie na\u0161ich z\u00e1konn\u00fdch alebo zmluvn\u00fdch povinnost\u00ed a na druhej strane v\u00e1\u0161 s\u00fahlas. Neposkytnutie \u00fadajov m\u00f4\u017ee ma\u0165 r\u00f4zne d\u00f4sledky.<\/p>\n<p>Okrem toho sprac\u00favame \u00fadaje, ktor\u00e9 sme pr\u00edpustn\u00fdm sp\u00f4sobom z\u00edskali od spolupracuj\u00facich partnerov. Ide o z\u00e1kladn\u00e9 osobn\u00e9 \u00fadaje, ako je va\u0161e meno, pracovn\u00e1 poz\u00edcia, d\u00e1tum narodenia a preferovan\u00e9 kontaktn\u00e9 \u00fadaje (e-mailov\u00e1 adresa, adresa, telef\u00f3nne \u010d\u00edslo at\u010f.).<\/p>\n<p>Va\u0161e osobn\u00e9 \u00fadaje sprac\u00favame, pokia\u013e je to potrebn\u00e9, po\u010das cel\u00e9ho trvania obchodn\u00e9ho vz\u0165ahu (od za\u010datia a spracovania a\u017e po ukon\u010denie zmluvy), ako aj po jeho skon\u010den\u00ed v s\u00falade so z\u00e1konn\u00fdmi povinnos\u0165ami uchov\u00e1vania a dokument\u00e1cie, ktor\u00e9 vypl\u00fdvaj\u00fa okrem in\u00e9ho z rak\u00faskeho obchodn\u00e9ho z\u00e1konn\u00edka (UGB), spolkov\u00e9ho da\u0148ov\u00e9ho z\u00e1konn\u00edka (BAO), ako aj do skon\u010denia ak\u00e9hoko\u013evek pr\u00e1vneho sporu, prebiehaj\u00facich z\u00e1ru\u010dn\u00fdch a reklama\u010dn\u00fdch leh\u00f4t at\u010f.<\/p>\n<p>V r\u00e1mci na\u0161ej \u010dinnosti poverujeme spracovate\u013eov (napr. extern\u00fdch IT konzultantov, da\u0148ov\u00fdch poradcov, \u00fa\u010dtovn\u00edkov, mzdov\u00e9 \u00fa\u010dtovn\u00edctvo), ktor\u00ed m\u00f4\u017eu v r\u00e1mci svojej \u010dinnosti z\u00edska\u0165 pr\u00edstup k va\u0161im osobn\u00fdm \u00fadajom, pokia\u013e tieto \u00fadaje potrebuj\u00fa na vykon\u00e1vanie svojich pr\u00edslu\u0161n\u00fdch slu\u017eieb. Zaviazali sa dodr\u017eiava\u0165 platn\u00e9 ustanovenia o ochrane \u00fadajov vo\u010di n\u00e1m. Zmluvy o spracovan\u00ed objedn\u00e1vok boli uzatvoren\u00e9 v s\u00falade s \u010dl\u00e1nkom 28 DSGVO. Zak\u00e1zan\u00e9 je najm\u00e4 poskytovanie \u00fadajov tret\u00edm stran\u00e1m na \u00fa\u010dely obchodovania s adresami.<\/p>\n<p>Spracovanie \u00fadajov v s\u00favislosti so \u017eiados\u0165ami o zamestnanie<br \/>\n\u00dadaje o va\u0161ej \u017eiadosti budeme zhroma\u017e\u010fova\u0165 a sprac\u00fava\u0165 na \u00fa\u010dely vybavenia \u017eiadosti. Ak po va\u0161ej \u017eiadosti nasleduje uzatvorenie pracovnej zmluvy, va\u0161e zaslan\u00e9 \u00fadaje ulo\u017e\u00edme do v\u00e1\u0161ho osobn\u00e9ho spisu na \u00fa\u010dely be\u017en\u00e9ho organiza\u010dn\u00e9ho a administrat\u00edvneho procesu v s\u00falade s pr\u00edslu\u0161n\u00fdmi pr\u00e1vnymi predpismi. V pr\u00edpade, \u017ee va\u0161a \u017eiados\u0165 bude zamietnut\u00e1, uchov\u00e1me va\u0161e dokumenty v s\u00fabore maxim\u00e1lne 3 mesiace a potom ich vyma\u017eeme, pokia\u013e si nebudete \u017eela\u0165, aby sme ich uchov\u00e1vali dlh\u0161ie a kontaktovali v\u00e1s v r\u00e1mci nov\u00e9ho vo\u013en\u00e9ho pracovn\u00e9ho miesta.<\/p>\n<p>S\u00fabory cookie, in\u00e9 sledovacie n\u00e1stroje a webov\u00e1 anal\u00fdza<br \/>\nPri n\u00e1v\u0161teve na\u0161ej webovej str\u00e1nky sa nepou\u017e\u00edvaj\u00fa \u017eiadne osobn\u00e9 s\u00fabory cookie.<\/p>\n<p><strong>Zabezpe\u010denie \u00fadajov<\/strong><br \/>\nNa ochranu d\u00f4vernosti a integrity va\u0161ich osobn\u00fdch \u00fadajov pou\u017e\u00edvame technick\u00e9 a organiza\u010dn\u00e9 opatrenia na zabezpe\u010denie \u00fadajov. Na\u0161e bezpe\u010dnostn\u00e9 opatrenia sa neust\u00e1le zlep\u0161uj\u00fa v s\u00falade s technick\u00fdm pokrokom. Va\u0161e \u00fadaje s\u00fa ulo\u017een\u00e9 v bezpe\u010dnom prev\u00e1dzkovom prostred\u00ed, ktor\u00e9 nie je pr\u00edstupn\u00e9 verejnosti. Vzh\u013eadom na povahu internetu by sme v\u0161ak chceli upozorni\u0165, \u017ee prenos \u00fadajov na internete (napr. komunik\u00e1cia prostredn\u00edctvom e-mailu) m\u00f4\u017ee ma\u0165 bezpe\u010dnostn\u00e9 medzery a \u017ee \u00fapln\u00e1 ochrana \u00fadajov pred pr\u00edstupom tret\u00edch str\u00e1n nie je mo\u017en\u00e1. Tieto z\u00e1sady ochrany osobn\u00fdch \u00fadajov sa vz\u0165ahuj\u00fa v\u00fdlu\u010dne na na\u0161e webov\u00e9 str\u00e1nky. Na extern\u00e9 odkazy sa neposkytuje \u017eiadna z\u00e1ruka.<\/p>\n<p><strong>S\u00fahlas a pr\u00e1vo na odst\u00fapenie od zmluvy<\/strong><br \/>\nAk je na spracovanie va\u0161ich \u00fadajov potrebn\u00fd v\u00e1\u0161 s\u00fahlas, budeme ich spracov\u00e1va\u0165 len po va\u0161om v\u00fdslovnom s\u00fahlase. Z\u00e1sadne nesprac\u00favame \u00fadaje neplnolet\u00fdch os\u00f4b a nie sme na to opr\u00e1vnen\u00ed. Udelen\u00edm s\u00fahlasu potvrdzujete, \u017ee ste dosiahli vek 14 rokov alebo \u017ee m\u00e1te s\u00fahlas svojho z\u00e1konn\u00e9ho z\u00e1stupcu.<br \/>\nSvoj s\u00fahlas m\u00f4\u017eete kedyko\u013evek odvola\u0165 na ni\u017e\u0161ie uveden\u00fdch kontaktn\u00fdch adres\u00e1ch. V takom pr\u00edpade sa \u00fadaje, ktor\u00e9 boli predt\u00fdm o v\u00e1s ulo\u017een\u00e9, anonymizuj\u00fa a n\u00e1sledne sa pou\u017eij\u00fa len na \u0161tatistick\u00e9 \u00fa\u010dely bez odkazu na jednotlivcov. Odvolanie s\u00fahlasu nem\u00e1 vplyv na z\u00e1konnos\u0165 sprac\u00favania vykon\u00e1van\u00e9ho na z\u00e1klade s\u00fahlasu a\u017e do jeho odvolania.<\/p>\n<p><strong>Va\u0161e pr\u00e1va<\/strong><br \/>\nOchrana va\u0161ich osobn\u00fdch \u00fadajov je pre n\u00e1s mimoriadne d\u00f4le\u017eit\u00e1. Va\u0161e \u00fadaje preto sprac\u00favame v\u00fdlu\u010dne na z\u00e1klade z\u00e1konn\u00fdch ustanoven\u00ed (DSGVO, TKG 2003). V z\u00e1sade m\u00e1te pr\u00e1vo na inform\u00e1cie, opravu, vymazanie, obmedzenie spracovania, prenosnos\u0165 \u00fadajov, odvolanie a n\u00e1mietku. Ak sa domnievate, \u017ee spracovanie va\u0161ich \u00fadajov poru\u0161uje z\u00e1kon o ochrane \u00fadajov alebo boli in\u00fdm sp\u00f4sobom poru\u0161en\u00e9 va\u0161e pr\u00e1va na ochranu \u00fadajov, m\u00f4\u017eete sa tie\u017e s\u0165a\u017eova\u0165 dozorn\u00e9mu org\u00e1nu. V Rak\u00fasku je to \u00farad na ochranu \u00fadajov.<\/p>\n<p>M\u00e1te pr\u00e1vo kedyko\u013evek z\u00edska\u0165 pr\u00edstup k pr\u00edslu\u0161n\u00fdm osobn\u00fdm \u00fadajom. Pokia\u013e neexistuje z\u00e1konn\u00e1 povinnos\u0165 uchov\u00e1va\u0165 \u00fadaje, m\u00e1te pr\u00e1vo na ich vymazanie a pr\u00e1vo namieta\u0165 proti spracovaniu. Okrem toho m\u00e1te pr\u00e1vo na opravu \u00fadajov<br \/>\nako aj na obmedzenie spracovania, prenosnos\u0165 \u00fadajov a podanie s\u0165a\u017enosti rak\u00faskemu \u00faradu na ochranu \u00fadajov (od m\u00e1ja 2018: Wickenburggasse 8-10, 1080 Viede\u0148, e-mail: dsb[at]dsb.gv.at).<\/p>\n<p>Ak m\u00e1te \u010fal\u0161ie ot\u00e1zky alebo ak chcete uplatni\u0165 svoje pr\u00e1va, kontaktujte n\u00e1s takto:<\/p>\n<p>Pre podniky:<\/p>\n<p>* Zdru\u017eenie Energiepark Bruck\/Leitha<br \/>\n* Energiepark Bruck\/Leitha GmbH<br \/>\n* Windpark Haadfeld GmbH &amp; Co KG<br \/>\n* Windpark Haadfeld GmbH<br \/>\n* Windpark H\u00f6flein Ost GmbH &amp; Co KG<br \/>\n* Windpark H\u00f6flein Ost GmbH<br \/>\n* Windpark Rohrau GmbH &amp; Co KG<br \/>\n* Windpark Rohrau GmbH<br \/>\n* Windpark Bad Deutsch-Altenburg Carnuntum GmbH &amp; Co KG<br \/>\n* Windpark Bad Deutsch-Altenburg Carnuntum GmbH<br \/>\n* Windpark Hof-Seibersdorf GmbH &amp; Co KG<br \/>\n* Windpark Seibersdorf GmbH<br \/>\n* Windpark H\u00f6flein West GmbH &amp; Co KG<br \/>\n* Windpark Hof GmbH<br \/>\n* PV Cakany k.s.<br \/>\n* PV Cakany OG<br \/>\n* Energy Park \u010cakany sco<br \/>\n* Bigapress OG<br \/>\nna adrese Fischamenderstra\u00dfe 12a, A-2460 Bruck\/Leitha, +43 (0)2162 68100-0, kancel\u00e1ria[at]energiepark.at<\/p>\n<p>Pre:<\/p>\n<p>* Bioplyn Bruck\/Leitha GmbH &amp; Co KG<br \/>\n* Prime-Methan Bruck\/Leitha GmbH<br \/>\nan Szallasweg 1, A-2460 Bruck an der Leitha, +43(0)2162 62217, bioplyn[at]energiepark.at<\/p>\n<p>Okrem toho uv\u00e1dzame, \u017ee sme d\u00f4kladne skontrolovali inform\u00e1cie uveden\u00e9 na webovej str\u00e1nke www.energiepark.at. Napriek tomu nezaru\u010dujeme \u00faplnos\u0165, presnos\u0165 ani aktu\u00e1lnos\u0165 a vyhradzujeme si pr\u00e1vo kedyko\u013evek zmeni\u0165 inform\u00e1cie.<\/p>\n<p>Bruck\/Leitha, m\u00e1j 2018[\/vc_column_text][\/vc_column][\/vc_row]<\/p>\n<\/section>","protected":false},"excerpt":{"rendered":"<p>[vc_row css=&#8220;.vc_custom_1692703320403{background-image: url(https:\/\/www.energiepark.at\/wp-content\/uploads\/2023\/08\/startseiteheader-scaled.jpg?id=302) !important;background-position: center !important;background-repeat: no-repeat !important;background-size: cover !important;}&#8220; el_class=&#8220;headerbildbereich&#8220;][vc_column align=&#8220;text-center&#8220; el_class=&#8220;headerbereich&#8220;][vc_empty_space height=&#8220;300px&#8220;][vc_column_text el_class=&#8220;headlinerindex&#8220;]&#8230;<\/p>\n","protected":false},"author":1,"featured_media":0,"parent":0,"menu_order":0,"comment_status":"closed","ping_status":"closed","template":"","meta":{"_acf_changed":false,"inline_featured_image":false,"footnotes":""},"class_list":["post-1706","page","type-page","status-publish","hentry"],"acf":[],"_links":{"self":[{"href":"https:\/\/www.energiepark.at\/sk\/wp-json\/wp\/v2\/pages\/1706","targetHints":{"allow":["GET"]}}],"collection":[{"href":"https:\/\/www.energiepark.at\/sk\/wp-json\/wp\/v2\/pages"}],"about":[{"href":"https:\/\/www.energiepark.at\/sk\/wp-json\/wp\/v2\/types\/page"}],"author":[{"embeddable":true,"href":"https:\/\/www.energiepark.at\/sk\/wp-json\/wp\/v2\/users\/1"}],"replies":[{"embeddable":true,"href":"https:\/\/www.energiepark.at\/sk\/wp-json\/wp\/v2\/comments?post=1706"}],"version-history":[{"count":11,"href":"https:\/\/www.energiepark.at\/sk\/wp-json\/wp\/v2\/pages\/1706\/revisions"}],"predecessor-version":[{"id":10679,"href":"https:\/\/www.energiepark.at\/sk\/wp-json\/wp\/v2\/pages\/1706\/revisions\/10679"}],"wp:attachment":[{"href":"https:\/\/www.energiepark.at\/sk\/wp-json\/wp\/v2\/media?parent=1706"}],"curies":[{"name":"wp","href":"https:\/\/api.w.org\/{rel}","templated":true}]}}