{"id":1713,"date":"2023-08-22T13:00:16","date_gmt":"2023-08-22T11:00:16","guid":{"rendered":"https:\/\/www.energiepark.at\/kariera\/"},"modified":"2026-03-31T15:45:48","modified_gmt":"2026-03-31T13:45:48","slug":"kariera","status":"publish","type":"page","link":"https:\/\/www.energiepark.at\/sk\/kariera\/","title":{"rendered":"Kari\u00e9ra"},"content":{"rendered":"<section class=\"wpb-content-wrapper\"><p>[vc_row css=&#8220;.vc_custom_1692790766116{background-image: url(https:\/\/www.energiepark.at\/wp-content\/uploads\/2023\/08\/AK_8623.jpg?id=335) !important;background-position: center !important;background-repeat: no-repeat !important;background-size: cover !important;}&#8220; el_class=&#8220;headerbildbereich&#8220;][vc_column align=&#8220;text-center&#8220; el_class=&#8220;headerbereich&#8220;][vc_empty_space height=&#8220;300px&#8220;][vc_column_text el_class=&#8220;headlinerindex&#8220;]<\/p>\n<h1>Bud\u00facnos\u0165 regi\u00f3nu<br \/>\nv obnovite\u013en\u00fdch zdrojoch energie<\/h1>\n<p>[\/vc_column_text][vc_column_text el_class=&#8220;schmuck&#8220; css=&#8220;.vc_custom_1696251391753{margin-top: -130px !important;}&#8220;]<\/p>\n<p style=\"text-align: center;\"><span style=\"color: #f29400;\"><span style=\"caret-color: #f29400;\">Kari\u00e9ra<\/span><\/span><\/p>\n<p>[\/vc_column_text][vc_single_image image=&#8220;1640&#8243; img_size=&#8220;full&#8220; alignment=&#8220;right&#8220; el_class=&#8220;svgtopper&#8220;][vc_empty_space height=&#8220;150px&#8220;][\/vc_column][\/vc_row][vc_row gap=&#8220;30&#8243;][vc_column width=&#8220;2\/3&#8243; css=&#8220;.vc_custom_1696313180240{margin-left: -20px !important;padding-left: 20px !important;}&#8220; el_class=&#8220;schmuckmobiltwo&#8220;][vc_empty_space height=&#8220;120px&#8220;][vc_column_text el_class=&#8220;headlinerindex&#8220;]<\/p>\n<h1>Chcete s nami spolupracova\u0165 na energetickej bud\u00facnosti<br \/>\n?<\/h1>\n<p>[\/vc_column_text][vc_column_text el_class=&#8220;schmuck&#8220; css=&#8220;.vc_custom_1696251420360{margin-top: -280px !important;margin-left: -240px !important;}&#8220;]<\/p>\n<p style=\"text-align: center;\"><span style=\"color: #f29400;\"><span style=\"caret-color: #f29400;\">Dizajn s v\u00e1\u0161\u0148ou<br \/>\n<\/span><\/span><\/p>\n<p>[\/vc_column_text][vc_empty_space height=&#8220;40px&#8220;][vc_column_text]<\/p>\n<p style=\"font-weight: 400;\">Energiepark Bruck\/Leitha: p\u00f4sob\u00ed v oblasti obnovite\u013en\u00fdch zdrojov energie, kl\u00edmy a ochrany \u017eivotn\u00e9ho prostredia od roku 1995<\/p>\n<p style=\"font-weight: 400;\">Energetick\u00fd park rozv\u00edja dobr\u00e9 n\u00e1pady do konkr\u00e9tnych realiz\u00e1ci\u00ed, aby na vidite\u013en\u00fdch pr\u00edkladoch demon\u0161troval, \u010do je uskuto\u010dnite\u013en\u00e9. Svojimi aktivitami chceme in\u0161pirova\u0165 a podporova\u0165 \u013eud\u00ed a akt\u00edvne sprev\u00e1dza\u0165 n\u00e1\u0161 regi\u00f3n na ceste k energetickej transform\u00e1cii. Ako spo\u013eahliv\u00fd partner a zamestn\u00e1vate\u013e v rast\u00facom a perspekt\u00edvnom odvetv\u00ed sa energetick\u00fd park pova\u017euje &#8211; popri svojej silnej \u00falohe vo v\u00fdrobe energie &#8211; za jednu z hybn\u00fdch s\u00edl region\u00e1lneho rozvoja.<\/p>\n<p style=\"font-weight: 400;\">Priekopn\u00edcke projekty, ako s\u00fa vetern\u00e9 farmy s viac ako 50 vetern\u00fdmi turb\u00ednami v regi\u00f3ne, bioplynov\u00e1 stanica Bruck\/Leitha, ocenen\u00e1 agrivoltaick\u00e1 elektr\u00e1re\u0148 Sonnenfeld Bruck a mal\u00e1 vodn\u00e1 elektr\u00e1re\u0148 v Trautmannsdorfe, dokazuj\u00fa \u0161irok\u00e9 portf\u00f3lio energetick\u00e9ho parku v oblasti obnovite\u013en\u00fdch zdrojov energie.<br \/>\nMagistersk\u00fd program \u201eSyst\u00e9my obnovite\u013en\u00fdch zdrojov energie\u201c &#8211; v spolupr\u00e1ci s Viedenskou technickou univerzitou &#8211; a po\u010detn\u00e9 projekty na zvy\u0161ovanie povedomia det\u00ed a ml\u00e1de\u017ee zd\u00f4raz\u0148uj\u00fa n\u00e1\u0161 z\u00e1v\u00e4zok pribl\u00ed\u017ei\u0165 t\u00e9my udr\u017eate\u013enosti, obnovite\u013en\u00fdch zdrojov energie a ochrany kl\u00edmy obyvate\u013eom. Rob\u00edme to aj v r\u00e1mci na\u0161ich dvoch regi\u00f3nov KEM a KLAR! N\u00e1\u0161 t\u00edm je r\u00f4znorod\u00fd, pestr\u00fd a odhodlan\u00fd.<\/p>\n<p style=\"font-weight: 400;\">Chcete hra\u0165 akt\u00edvnu \u00falohu? Prihl\u00e1ste sa a pripojte sa k n\u00e1\u0161mu t\u00edmu!<\/p>\n<p>V s\u00fa\u010dasnosti nem\u00e1me \u017eiadne vo\u013en\u00e9 pracovn\u00e9 miesta. V pr\u00edpade nevy\u017eiadanej \u017eiadosti n\u00e1m m\u00f4\u017eete svoje dokumenty kedyko\u013evek posla\u0165 na adresu bewerbung@energiepark.at![\/vc_column_text][\/vc_column][vc_column width=&#8220;1\/3&#8243;]<style>.ld_spacer_69e4b81c858a0{height:50px;}@media (min-width: 768px) { .ld_spacer_69e4b81c858a0{height:120px};}@media (min-width: 992px) { .ld_spacer_69e4b81c858a0{height:120px};}@media (min-width: 1200px) { .ld_spacer_69e4b81c858a0{height:120px};}<\/style>\n<div class=\"ld-empty-space ld_spacer_69e4b81c858a0\"><span class=\"liquid_empty_space_inner\"><\/span><\/div>[vc_single_image image=&#8220;1552&#8243; img_size=&#8220;full&#8220; alignment=&#8220;center&#8220;][\/vc_column][\/vc_row][vc_row][vc_column][vc_empty_space height=&#8220;80px&#8220;][vc_column_text el_class=&#8220;headlinerindex&#8220;]<\/p>\n<h2><span style=\"color: #ffffff;\">Chcete s nami spolupracova\u0165?<\/span><br \/>\n<span style=\"color: #ffffff;\">Tu s\u00fa na\u0161e aktu\u00e1lne ponuky:<\/span><\/h2>\n<p><span style=\"color: #ffffff;\">H\u013ead\u00e1me nov\u00fdch kolegov: juniora v oblasti region\u00e1lneho mana\u017ementu a te\u0161\u00edme sa na stretnutie s vami:<\/span><\/p>\n<p>&nbsp;<\/p>\n<p><span style=\"color: #ffffff;\">V\u00fdzva na predkladanie n\u00e1vrhov na riadenie projektov region\u00e1lne riadenie &#8211; <em><a style=\"color: #ffffff;\" href=\"https:\/\/www.energiepark.at\/wp-content\/uploads\/2024\/04\/240410_Ausschreibung_MRM_Update_PhLo.docx.pdf\"><strong>Z\u00cdSKAJTE VIAC<\/strong><\/a><\/em><\/span>[\/vc_column_text][vc_empty_space height=&#8220;40px&#8220;][\/vc_column][\/vc_row]<\/p>\n<\/section>","protected":false},"excerpt":{"rendered":"<p>[vc_row css=&#8220;.vc_custom_1692790766116{background-image: url(https:\/\/www.energiepark.at\/wp-content\/uploads\/2023\/08\/AK_8623.jpg?id=335) !important;background-position: center !important;background-repeat: no-repeat !important;background-size: cover !important;}&#8220; el_class=&#8220;headerbildbereich&#8220;][vc_column align=&#8220;text-center&#8220; el_class=&#8220;headerbereich&#8220;][vc_empty_space height=&#8220;300px&#8220;][vc_column_text el_class=&#8220;headlinerindex&#8220;]&#8230;<\/p>\n","protected":false},"author":1,"featured_media":0,"parent":0,"menu_order":0,"comment_status":"closed","ping_status":"closed","template":"","meta":{"_acf_changed":false,"inline_featured_image":false,"footnotes":""},"class_list":["post-1713","page","type-page","status-publish","hentry"],"acf":[],"_links":{"self":[{"href":"https:\/\/www.energiepark.at\/sk\/wp-json\/wp\/v2\/pages\/1713","targetHints":{"allow":["GET"]}}],"collection":[{"href":"https:\/\/www.energiepark.at\/sk\/wp-json\/wp\/v2\/pages"}],"about":[{"href":"https:\/\/www.energiepark.at\/sk\/wp-json\/wp\/v2\/types\/page"}],"author":[{"embeddable":true,"href":"https:\/\/www.energiepark.at\/sk\/wp-json\/wp\/v2\/users\/1"}],"replies":[{"embeddable":true,"href":"https:\/\/www.energiepark.at\/sk\/wp-json\/wp\/v2\/comments?post=1713"}],"version-history":[{"count":38,"href":"https:\/\/www.energiepark.at\/sk\/wp-json\/wp\/v2\/pages\/1713\/revisions"}],"predecessor-version":[{"id":10859,"href":"https:\/\/www.energiepark.at\/sk\/wp-json\/wp\/v2\/pages\/1713\/revisions\/10859"}],"wp:attachment":[{"href":"https:\/\/www.energiepark.at\/sk\/wp-json\/wp\/v2\/media?parent=1713"}],"curies":[{"name":"wp","href":"https:\/\/api.w.org\/{rel}","templated":true}]}}