{"id":2133,"date":"2023-12-06T10:22:30","date_gmt":"2023-12-06T09:22:30","guid":{"rendered":"https:\/\/www.energiepark.at\/kem-carnuntum\/"},"modified":"2024-08-22T16:49:32","modified_gmt":"2024-08-22T14:49:32","slug":"kem-carnuntum","status":"publish","type":"page","link":"https:\/\/www.energiepark.at\/sk\/kem-carnuntum\/","title":{"rendered":"KEM Carnuntum"},"content":{"rendered":"<section class=\"wpb-content-wrapper\"><p>[vc_row bg_position=&#8220;center bottom&#8220; css=&#8220;.vc_custom_1701858557373{background-image: url(https:\/\/www.energiepark.at\/wp-content\/uploads\/2023\/10\/Carnuntum_001-scaled.jpg?id=1969) !important;background-position: center !important;background-repeat: no-repeat !important;background-size: cover !important;}&#8220;][vc_column][vc_empty_space height=&#8220;800px&#8220;][\/vc_column][\/vc_row][vc_row][vc_column][vc_empty_space height=&#8220;80px&#8220;][\/vc_column][\/vc_row][vc_row][vc_column][vc_row_inner][vc_column_inner width=&#8220;1\/6&#8243;][\/vc_column_inner][vc_column_inner width=&#8220;2\/3&#8243;][vc_column_text]<\/p>\n<h1 style=\"text-align: center;\">R\u00edmska hist\u00f3ria sa stret\u00e1va s bud\u00facnos\u0165ou energie<\/h1>\n<p>[\/vc_column_text][vc_empty_space height=&#8220;10px&#8220;][vc_column_text]<\/p>\n<h5><\/h5>\n<h5 style=\"text-align: center;\">Tri obce Scharndorf, Hundsheim a Petronell-Carnuntum p\u00ed\u0161u hist\u00f3riu spolo\u010dne u\u017e tis\u00edcky rokov.<\/h5>\n<h5 style=\"text-align: center;\">R\u00edmska hist\u00f3ria teraz pokra\u010duje v udr\u017eate\u013enej energetickej bud\u00facnosti v\u010faka spolo\u010dnosti KEM-Carnuntum.<\/h5>\n<p>[\/vc_column_text][\/vc_column_inner][vc_column_inner width=&#8220;1\/6&#8243;][\/vc_column_inner][\/vc_row_inner][\/vc_column][\/vc_row][vc_row][vc_column][vc_empty_space height=&#8220;80px&#8220;][\/vc_column][\/vc_row][vc_row gap=&#8220;0&#8243; equal_height=&#8220;yes&#8220;][vc_column width=&#8220;1\/2&#8243; align=&#8220;text-center&#8220; css=&#8220;.vc_custom_1701864169981{padding-right: 40px !important;padding-left: 40px !important;background-color: #f2f2f2 !important;}&#8220;][vc_empty_space height=&#8220;100px&#8220;][vc_column_text]<\/p>\n<h2 style=\"text-align: center;\">Mal\u00fd, ale OHO.<\/h2>\n<p style=\"text-align: center;\">S tromi obcami Scharndorf, Hundsheim a Petronell-Carnuntum je KEM-Carnuntum jedn\u00fdm z najmen\u0161\u00edch regi\u00f3nov KEM v Rak\u00fasku, \u010do sa t\u00fdka po\u010dtu obyvate\u013eov aj rozlohy&#8230;<\/p>\n<p>  O to viac je potrebn\u00e9 v tomto regi\u00f3ne myslie\u0165 vo ve\u013ekom&#8230; S viac ako 40 vetern\u00fdmi turb\u00ednami v regi\u00f3ne s\u00fa tieto tri obce u\u017e roky silnou hnacou silou klimatickej a energetickej transform\u00e1cie. V r\u00e1mci projektu KEM-Carnuntum sa uva\u017euje o z\u00e1v\u00e4zkoch v oblasti kl\u00edmy a energetiky na komun\u00e1lnej a s\u00fakromnej \u00farovni.[\/vc_column_text][vc_empty_space height=&#8220;30px&#8220;][vc_btn title=&#8220;KEM-Carnuntum&#8220; style=&#8220;flat&#8220; color=&#8220;orange&#8220;][vc_empty_space height=&#8220;30px&#8220;][\/vc_column][vc_column width=&#8220;1\/2&#8243; css=&#8220;.vc_custom_1703092144780{background-image: url(https:\/\/www.energiepark.at\/wp-content\/uploads\/2023\/12\/IMG_7224-scaled.jpg?id=2958) !important;background-position: center !important;background-repeat: no-repeat !important;background-size: cover !important;}&#8220;][\/vc_column][\/vc_row][vc_row gap=&#8220;0&#8243; equal_height=&#8220;yes&#8220;][vc_column width=&#8220;1\/2&#8243; css=&#8220;.vc_custom_1703092266021{background-image: url(https:\/\/www.energiepark.at\/wp-content\/uploads\/2023\/12\/1-4.jpg?id=2964) !important;background-position: center !important;background-repeat: no-repeat !important;background-size: cover !important;}&#8220;][\/vc_column][vc_column width=&#8220;1\/2&#8243; align=&#8220;text-center&#8220; css=&#8220;.vc_custom_1701864169981{padding-right: 40px !important;padding-left: 40px !important;background-color: #f2f2f2 !important;}&#8220;][vc_empty_space height=&#8220;100px&#8220;][vc_column_text]<\/p>\n<h2 style=\"text-align: center;\">Novinky v KEM-Carnuntum<\/h2>\n<p style=\"text-align: center;\">V r\u00e1mci klimaticko-energetick\u00e9ho modelu regi\u00f3nu sa konaj\u00fa r\u00f4zne podujatia a kampane na r\u00f4zne t\u00e9my.<\/p>\n<p>  Inform\u00e1cie o aktu\u00e1lnych dot\u00e1ci\u00e1ch v oblasti kl\u00edmy a energetiky n\u00e1jdete aj na tomto odkaze.[\/vc_column_text][vc_empty_space height=&#8220;30px&#8220;][vc_btn title=&#8220;Viac inform\u00e1ci\u00ed&#8220; style=&#8220;flat&#8220; color=&#8220;orange&#8220; link=&#8220;url:https%3A%2F%2Fwww.energiepark.at%2Fsk%2Fkem-carnuntum%2Fnovinky-a-terminy%2F|&#8220;][vc_empty_space height=&#8220;30px&#8220;][\/vc_column][\/vc_row][vc_row gap=&#8220;0&#8243; equal_height=&#8220;yes&#8220;][vc_column width=&#8220;1\/2&#8243; align=&#8220;text-center&#8220; css=&#8220;.vc_custom_1701864169981{padding-right: 40px !important;padding-left: 40px !important;background-color: #f2f2f2 !important;}&#8220;][vc_empty_space height=&#8220;100px&#8220;][vc_column_text]<\/p>\n<h2 style=\"text-align: center;\">Koncepcia a ciele<\/h2>\n<p style=\"text-align: center;\">Spolo\u010dnos\u0165 KEM-Carnuntum sa usiluje o realiz\u00e1ciu klimatickej a energetickej transform\u00e1cie pomocou r\u00f4znych opatren\u00ed v regi\u00f3ne:<\/p>\n<p>  KEM-Carnuntum sa sna\u017e\u00ed podporova\u0165 \u0161irok\u00fa \u0161k\u00e1lu t\u00e9m v regi\u00f3ne vr\u00e1tane v\u00fdroby a skladovania energie z obnovite\u013en\u00fdch zdrojov, udr\u017eate\u013enej mobility, poradensk\u00fdch a informa\u010dn\u00fdch slu\u017eieb a semin\u00e1rov pre deti a ml\u00e1de\u017e.[\/vc_column_text][vc_empty_space height=&#8220;30px&#8220;][vc_btn title=&#8220;O pl\u00e1novan\u00fdch opatreniach a koncepci\u00e1ch&#8220; style=&#8220;flat&#8220; color=&#8220;orange&#8220;][vc_empty_space height=&#8220;30px&#8220;][\/vc_column][vc_column width=&#8220;1\/2&#8243; css=&#8220;.vc_custom_1703092348447{background-image: url(https:\/\/www.energiepark.at\/wp-content\/uploads\/2023\/12\/Foto-Bauhof.jpeg?id=2934) !important;background-position: center !important;background-repeat: no-repeat !important;background-size: cover !important;}&#8220;][\/vc_column][\/vc_row][vc_row gap=&#8220;0&#8243; equal_height=&#8220;yes&#8220;][vc_column width=&#8220;1\/2&#8243; css=&#8220;.vc_custom_1703092324965{background-image: url(https:\/\/www.energiepark.at\/wp-content\/uploads\/2023\/12\/Foto-Region.jpg?id=2955) !important;background-position: center !important;background-repeat: no-repeat !important;background-size: cover !important;}&#8220;][\/vc_column][vc_column width=&#8220;1\/2&#8243; align=&#8220;text-center&#8220; css=&#8220;.vc_custom_1701864169981{padding-right: 40px !important;padding-left: 40px !important;background-color: #f2f2f2 !important;}&#8220;][vc_empty_space height=&#8220;100px&#8220;][vc_column_text]<\/p>\n<h2 style=\"text-align: center;\">T\u00edm KEM-Carnuntum<\/h2>\n<p style=\"text-align: center;\">Z\u00e1kladn\u00fd t\u00edm KEM-Carnuntum tvoria traja starostovia troch obc\u00ed: Leopold Zwickelstorfer (Scharndorf), Gerhard Math (Hundsheim) a Martin Almst\u00e4dter (Petronell-Carnuntum).<\/p>\n<p>  Trhov\u00e9 mesto Petronell-Carnuntum je podpornou obcou projektu[\/vc_column_text][vc_empty_space height=&#8220;30px&#8220;][vc_btn title=&#8220;Koordin\u00e1cia &#8211; organiz\u00e1tor projektu&#8220; style=&#8220;flat&#8220; color=&#8220;orange&#8220; link=&#8220;url:https%3A%2F%2Fwww.petronell.at%2F|&#8220;][vc_empty_space height=&#8220;30px&#8220;][\/vc_column][\/vc_row][vc_row][vc_column][vc_empty_space height=&#8220;80px&#8220;][\/vc_column][\/vc_row][vc_row][vc_column][vc_row_inner][vc_column_inner width=&#8220;1\/6&#8243;][\/vc_column_inner][vc_column_inner width=&#8220;2\/3&#8243;][vc_column_text]<\/p>\n<h1 style=\"text-align: center;\">Najnov\u0161ie spr\u00e1vy od spolo\u010dnosti KEM-Carnuntum<\/h1>\n<p>[\/vc_column_text][vc_empty_space height=&#8220;10px&#8220;][vc_column_text][\/vc_column_text][\/vc_column_inner][vc_column_inner width=&#8220;1\/6&#8243;][\/vc_column_inner][\/vc_row_inner][\/vc_column][\/vc_row][vc_row][vc_column][vc_empty_space height=&#8220;80px&#8220;][vc_empty_space height=&#8220;30px&#8220;][\/vc_column][\/vc_row][vc_row][vc_column][vc_basic_grid post_type=&#8220;post&#8220; max_items=&#8220;3&#8243; item=&#8220;1149&#8243; grid_id=&#8220;vc_gid:1724335513676-f07536fc-6b79-7&#8243; taxonomies=&#8220;32&#8243;][vc_empty_space height=&#8220;30px&#8220;][vc_btn title=&#8220;\u010eal\u0161ie spr\u00e1vy o spolo\u010dnosti KEM-Carnuntum&#8220; style=&#8220;flat&#8220; color=&#8220;orange&#8220; align=&#8220;center&#8220; link=&#8220;url:https%3A%2F%2Fwww.energiepark.at%2Fsk%2Fkem-carnuntum%2Fnovinky-a-terminy%2F|&#8220;][\/vc_column][\/vc_row]<\/p>\n<\/section>","protected":false},"excerpt":{"rendered":"<p>[vc_row bg_position=&#8220;center bottom&#8220; css=&#8220;.vc_custom_1701858557373{background-image: url(https:\/\/www.energiepark.at\/wp-content\/uploads\/2023\/10\/Carnuntum_001-scaled.jpg?id=1969) !important;background-position: center !important;background-repeat: no-repeat !important;background-size: cover !important;}&#8220;][vc_column][vc_empty_space height=&#8220;800px&#8220;][\/vc_column][\/vc_row][vc_row][vc_column][vc_empty_space height=&#8220;80px&#8220;][\/vc_column][\/vc_row][vc_row][vc_column][vc_row_inner][vc_column_inner width=&#8220;1\/6&#8243;][\/vc_column_inner][vc_column_inner&#8230;<\/p>\n","protected":false},"author":1,"featured_media":0,"parent":0,"menu_order":0,"comment_status":"closed","ping_status":"closed","template":"","meta":{"_acf_changed":false,"inline_featured_image":false,"footnotes":""},"class_list":["post-2133","page","type-page","status-publish","hentry"],"acf":[],"_links":{"self":[{"href":"https:\/\/www.energiepark.at\/sk\/wp-json\/wp\/v2\/pages\/2133","targetHints":{"allow":["GET"]}}],"collection":[{"href":"https:\/\/www.energiepark.at\/sk\/wp-json\/wp\/v2\/pages"}],"about":[{"href":"https:\/\/www.energiepark.at\/sk\/wp-json\/wp\/v2\/types\/page"}],"author":[{"embeddable":true,"href":"https:\/\/www.energiepark.at\/sk\/wp-json\/wp\/v2\/users\/1"}],"replies":[{"embeddable":true,"href":"https:\/\/www.energiepark.at\/sk\/wp-json\/wp\/v2\/comments?post=2133"}],"version-history":[{"count":65,"href":"https:\/\/www.energiepark.at\/sk\/wp-json\/wp\/v2\/pages\/2133\/revisions"}],"predecessor-version":[{"id":5482,"href":"https:\/\/www.energiepark.at\/sk\/wp-json\/wp\/v2\/pages\/2133\/revisions\/5482"}],"wp:attachment":[{"href":"https:\/\/www.energiepark.at\/sk\/wp-json\/wp\/v2\/media?parent=2133"}],"curies":[{"name":"wp","href":"https:\/\/api.w.org\/{rel}","templated":true}]}}