{"id":2189,"date":"2023-12-06T10:31:41","date_gmt":"2023-12-06T10:31:41","guid":{"rendered":"https:\/\/www.energiepark.at\/kem-carnuntum\/region\/"},"modified":"2024-01-08T05:54:15","modified_gmt":"2024-01-08T05:54:15","slug":"region","status":"publish","type":"page","link":"https:\/\/www.energiepark.at\/sk\/kem-carnuntum\/region\/","title":{"rendered":"Regi\u00f3n"},"content":{"rendered":"<section class=\"wpb-content-wrapper\"><p>[vc_row][vc_column][vc_empty_space height=&#8220;170px&#8220;][\/vc_column][\/vc_row][vc_row][vc_column][vc_column_text]<\/p>\n<h2 style=\"text-align: center;\">Obce KEM-Carnuntum<\/h2>\n<p>[\/vc_column_text][vc_empty_space height=&#8220;20px&#8220;][\/vc_column][\/vc_row][vc_row][vc_column][vc_empty_space height=&#8220;60px&#8220;][\/vc_column][\/vc_row][vc_row gap=&#8220;25&#8243;][vc_column width=&#8220;1\/2&#8243;][vc_empty_space][vc_column_text]<\/p>\n<h2>Obec Scharndorf<\/h2>\n<p>[\/vc_column_text][vc_empty_space][vc_column_text]Katastr\u00e1lna obec Scharndorf v okrese Bruck an der Leitha sa nach\u00e1dza na okraji pohoria Arbesthaler H\u00fcgelland a pozost\u00e1va z troch obc\u00ed Scharndorf, Wildungsmauer a Regelsbrunn, ktor\u00e9 sa v roku 1972 administrat\u00edvne spojili do ve\u013ekej obce Scharndorf.<\/p>\n<p>K pam\u00e4tihodnostiam regi\u00f3nu patr\u00ed obrann\u00e1 ve\u017ea v Scharndorfe a kostol sv\u00e4t\u00e9ho Franti\u0161ka z Assisi. Mikul\u00e1\u0161a vo Wildungsmauer.<\/p>\n<p>Pokia\u013e ide o energiu, obec sa u\u017e takmer 20 rokov zameriava na vetern\u00fa energiu. Napriek relat\u00edvne malej rozlohe obce sa tu nach\u00e1dza pribli\u017ene 20 vetern\u00fdch turb\u00edn s pribli\u017en\u00fdm nomin\u00e1lnym v\u00fdkonom 55 MW.<\/p>\n<p>V r\u00e1mci projektu KEM-Carnuntum sa mas\u00edvne podporila expanzia obecnej a s\u00fakromnej fotovoltiky, v\u010faka \u010domu sa obec v roku 2022 stala v\u00ed\u0165azom fotovoltick\u00e9ho okresu Bruck\/Leitha.[\/vc_column_text][\/vc_column][vc_column width=&#8220;1\/2&#8243;][vc_single_image image=&#8220;2949&#8243; img_size=&#8220;full&#8220;][\/vc_column][\/vc_row][vc_row][vc_column][vc_empty_space height=&#8220;60px&#8220;][\/vc_column][\/vc_row][vc_row gap=&#8220;25&#8243;][vc_column width=&#8220;1\/2&#8243;][vc_single_image image=&#8220;2946&#8243; img_size=&#8220;full&#8220;][\/vc_column][vc_column width=&#8220;1\/2&#8243;][vc_empty_space][vc_column_text]<\/p>\n<h2>Obec Hundsheim<\/h2>\n<p>[\/vc_column_text][vc_empty_space][vc_column_text]Prv\u00e1 p\u00edsomn\u00e1 zmienka o obci Hundsheim poch\u00e1dza z roku 1123 a jej n\u00e1zov nesie aj chr\u00e1nen\u00e1 oblas\u0165 &#8222;Hundsheimer Berge&#8220; v r\u00e1mci s\u00fastavy Natura 2000. Pr\u00e1ve tento Hundsheimer Berg charakterizuje krajinu obce s pribli\u017ene 630 hlavami a<br \/>\nnajm\u00e4 preto, \u017ee v\u00e1s poz\u00fdva objavova\u0165 jedine\u010dn\u00fa fl\u00f3ru a faunu na r\u00f4znych turistick\u00fdch tras\u00e1ch.<\/p>\n<p>V r\u00e1mci programu KEM-Carnuntum boli v\u0161etky verejn\u00e9 obecn\u00e9 budovy prestavan\u00e9 z oleja na pelety a strecha stavebn\u00e9ho dvora bola vybaven\u00e1 fotovoltick\u00fdm syst\u00e9mom s v\u00fdkonom 52 kWp.[\/vc_column_text][\/vc_column][\/vc_row][vc_row][vc_column][vc_empty_space height=&#8220;60px&#8220;][\/vc_column][\/vc_row][vc_row gap=&#8220;25&#8243;][vc_column width=&#8220;1\/2&#8243;][vc_empty_space][vc_column_text]<\/p>\n<h2>Trhov\u00e9 mesto Petronell-Carnuntum<\/h2>\n<p>[\/vc_column_text][vc_empty_space][vc_column_text]Trhov\u00e9 mesto Petronell-Carnuntum je v\u010faka svojej r\u00edmskej minulosti, ktor\u00e1 siaha a\u017e do prv\u00e9ho storo\u010dia po naroden\u00ed Krista, zn\u00e1me svojimi vykop\u00e1vkami a artefaktmi z r\u00edmskeho obdobia.<br \/>\nsvetozn\u00e1my v r\u00edmskych \u010dasoch. B\u00fdval\u00e9 mesto Carnuntum bolo hlavn\u00fdm mestom Hornej Pan\u00f3nie s pribli\u017ene 50 000 obyvate\u013emi a dnes pon\u00faka komplexn\u00fd bal\u00edk z\u00e1\u017eitkov v podobe<br \/>\nV\u00fdstavy, archeologick\u00fd park a pravideln\u00e9 podujatia. U\u017e Rimania vyu\u017e\u00edvali polohu na Dunaji, z \u010doho dnes nepriamo profituje Petronell-Carnuntum ako obec s n\u00e1rodn\u00fdm parkom z h\u013eadiska miestnej rekre\u00e1cie.<\/p>\n<p>Podobne ako v Scharndorfe, aj v Petronell-Carnuntum sa od za\u010diatku roka 2000 nach\u00e1dza ve\u013ek\u00fd po\u010det vetern\u00fdch turb\u00edn, \u010do znamen\u00e1, \u017ee dod\u00e1vky elektrickej energie, aspo\u0148 z h\u013eadiska bilancie, s\u00fa v s\u00fa\u010dasnosti v<br \/>\nkomunita je u\u017e dlho pokryt\u00e1 100 % obnovite\u013en\u00fdmi zdrojmi energie.<\/p>\n<p>Spolo\u010dnos\u0165 KEM-Carnuntum poskytla podnety pre zauj\u00edmav\u00e9 projekty, ako je napr\u00edklad fotovoltaick\u00fd syst\u00e9m v materskej \u0161kole a pl\u00e1novan\u00fd fotovoltaick\u00fd syst\u00e9m vr\u00e1tane n\u00fadzov\u00e9ho skladovania energie pre hasi\u010dsk\u00fd zbor Petronell-Carnuntum.[\/vc_column_text][\/vc_column][vc_column width=&#8220;1\/2&#8243;][vc_single_image image=&#8220;2940&#8243; img_size=&#8220;full&#8220;][\/vc_column][\/vc_row]<\/p>\n<\/section>","protected":false},"excerpt":{"rendered":"<p>[vc_row][vc_column][vc_empty_space height=&#8220;170px&#8220;][\/vc_column][\/vc_row][vc_row][vc_column][vc_column_text] Obce KEM-Carnuntum [\/vc_column_text][vc_empty_space height=&#8220;20px&#8220;][\/vc_column][\/vc_row][vc_row][vc_column][vc_empty_space height=&#8220;60px&#8220;][\/vc_column][\/vc_row][vc_row gap=&#8220;25&#8243;][vc_column width=&#8220;1\/2&#8243;][vc_empty_space][vc_column_text] Obec Scharndorf [\/vc_column_text][vc_empty_space][vc_column_text]Katastr\u00e1lna obec Scharndorf v&#8230;<\/p>\n","protected":false},"author":1,"featured_media":0,"parent":2133,"menu_order":0,"comment_status":"closed","ping_status":"closed","template":"","meta":{"_acf_changed":false,"inline_featured_image":false,"footnotes":""},"class_list":["post-2189","page","type-page","status-publish","hentry"],"acf":[],"_links":{"self":[{"href":"https:\/\/www.energiepark.at\/sk\/wp-json\/wp\/v2\/pages\/2189","targetHints":{"allow":["GET"]}}],"collection":[{"href":"https:\/\/www.energiepark.at\/sk\/wp-json\/wp\/v2\/pages"}],"about":[{"href":"https:\/\/www.energiepark.at\/sk\/wp-json\/wp\/v2\/types\/page"}],"author":[{"embeddable":true,"href":"https:\/\/www.energiepark.at\/sk\/wp-json\/wp\/v2\/users\/1"}],"replies":[{"embeddable":true,"href":"https:\/\/www.energiepark.at\/sk\/wp-json\/wp\/v2\/comments?post=2189"}],"version-history":[{"count":30,"href":"https:\/\/www.energiepark.at\/sk\/wp-json\/wp\/v2\/pages\/2189\/revisions"}],"predecessor-version":[{"id":3217,"href":"https:\/\/www.energiepark.at\/sk\/wp-json\/wp\/v2\/pages\/2189\/revisions\/3217"}],"up":[{"embeddable":true,"href":"https:\/\/www.energiepark.at\/sk\/wp-json\/wp\/v2\/pages\/2133"}],"wp:attachment":[{"href":"https:\/\/www.energiepark.at\/sk\/wp-json\/wp\/v2\/media?parent=2189"}],"curies":[{"name":"wp","href":"https:\/\/api.w.org\/{rel}","templated":true}]}}