{"id":2226,"date":"2023-12-06T10:35:16","date_gmt":"2023-12-06T09:35:16","guid":{"rendered":"https:\/\/www.energiepark.at\/kem-carnuntum\/koncepcia-a-ciele\/"},"modified":"2026-03-03T15:43:42","modified_gmt":"2026-03-03T14:43:42","slug":"koncepcia-a-ciele","status":"publish","type":"page","link":"https:\/\/www.energiepark.at\/sk\/kem-carnuntum\/koncepcia-a-ciele\/","title":{"rendered":"Koncepcia a ciele"},"content":{"rendered":"<section class=\"wpb-content-wrapper\"><p>[vc_row][vc_column][vc_empty_space height=&#8220;170px&#8220;][\/vc_column][\/vc_row][vc_row][vc_column][vc_column_text]<\/p>\n<h2 style=\"text-align: center;\">Koncepcia a ciele<\/h2>\n<p>[\/vc_column_text][vc_empty_space height=&#8220;20px&#8220;][vc_column_text]<\/p>\n<p style=\"text-align: center;\">V\u017edy sa pozer\u00e1me na udr\u017eate\u013en\u00fa bud\u00facnos\u0165<\/p>\n<p>[\/vc_column_text][\/vc_column][\/vc_row][vc_row][vc_column][vc_empty_space height=&#8220;60px&#8220;][\/vc_column][\/vc_row][vc_row gap=&#8220;25&#8243;][vc_column width=&#8220;1\/2&#8243;][vc_empty_space][vc_column_text]<\/p>\n<h2>Kam smeruje cesta<\/h2>\n<p>[\/vc_column_text][vc_empty_space][vc_column_text]<em>U\u017e \u017eiadna z\u00e1vislos\u0165 od dovozu drahej ropy, \u017eiadne obavy z plynov\u00fdch kr\u00edz &#8211; namiesto toho v\u00fdroba \u010distej energie zo slnka, vetra, vody a bioenergie z regi\u00f3nu.  <\/em><em>S cie\u013eom postupne realizova\u0165 v\u00edziu 100 % odklonu od fos\u00edlnych pal\u00edv realizuje spolo\u010dnos\u0165 KEM-Carnuntum projekty v t\u00fdchto oblastiach.<\/em><\/p>\n<ul>\n<li><em>Obnovite\u013en\u00e1 energia<\/em><\/li>\n<li><em>Zn\u00ed\u017eenie spotreby energie<\/em><\/li>\n<li><em>Udr\u017eate\u013en\u00e1 budova<\/em><\/li>\n<li><em>Mobilita<\/em><\/li>\n<li><em>Po\u013enohospod\u00e1rstvo<\/em><\/li>\n<li><em>Zvy\u0161ovanie povedomia<\/em><\/li>\n<\/ul>\n<p>V centre pozornosti s\u00fa, samozrejme, z\u00e1ujmy nie\u010do vy\u0161e 3 000 miestnych obyvate\u013eov, ktor\u00ed m\u00f4\u017eu vyu\u017ei\u0165 podujatia, konzult\u00e1cie a bal\u00edky inform\u00e1ci\u00ed na r\u00f4zne t\u00e9my. Trhov\u00e9 mesto Petronell-Carnuntum p\u00f4sob\u00ed ako koordina\u010dn\u00e9 centrum Fondu pre kl\u00edmu a energiu, ktor\u00fd tento projekt verejne podporuje. Tri obce KEM-Carnuntum s\u00fa s\u00fa\u010das\u0165ou okresu Bruck\/Leitha a nadraden\u00e9ho <a href=\"https:\/\/www.roemerland-carnuntum.at\/\" target=\"_blank\" rel=\"noopener noreferrer\">regi\u00f3nu LEADER R\u00f6merland Carnuntum<\/a>.[\/vc_column_text][\/vc_column][vc_column width=&#8220;1\/2&#8243;][vc_single_image image=&#8220;2945&#8243; img_size=&#8220;full&#8220;][\/vc_column][\/vc_row][vc_row][vc_column][vc_empty_space height=&#8220;60px&#8220;][\/vc_column][\/vc_row][vc_row gap=&#8220;25&#8243;][vc_column width=&#8220;1\/2&#8243;][vc_single_image image=&#8220;2927&#8243; img_size=&#8220;medium&#8220;][\/vc_column][vc_column width=&#8220;1\/2&#8243;][vc_empty_space][vc_column_text]<\/p>\n<h2>Opatrenia KEM-Carnuntum<\/h2>\n<p>[\/vc_column_text][vc_empty_space][vc_column_text]<\/p>\n<div class=\"vc_row wpb_row vc_inner vc_row-fluid liquid-row-shadowbox-6584067aae658\">\n<div class=\"wpb_column vc_column_container vc_col-sm-12 liquid-column-6584067aae8cb\">\n<div class=\"vc_column-inner\">\n<div class=\"wpb_wrapper \">\n<div class=\"wpb_wrapper-inner\">\n<div class=\"wpb_text_column wpb_content_element \">\n<div class=\"wpb_wrapper\">\n<p>V priebehu realiza\u010dnej f\u00e1zy sa bude realizova\u0165 10 r\u00f4znych tematick\u00fdch zameran\u00ed v podobe \u0161irokej \u0161k\u00e1ly aktiv\u00edt a podujat\u00ed. S\u00fa to:<\/p>\n<\/div>\n<\/div>\n<div class=\"vc_empty_space\"><\/div>\n<\/div>\n<\/div>\n<\/div>\n<\/div>\n<\/div>\n<div class=\"vc_row wpb_row vc_inner vc_row-fluid liquid-row-shadowbox-6584067aaed0b\">\n<div class=\"wpb_column vc_column_container vc_col-sm-6 liquid-column-6584067aaef9f\">\n<div class=\"vc_column-inner\">\n<div class=\"wpb_wrapper \">\n<div class=\"wpb_wrapper-inner\">\n<div class=\"wpb_text_column wpb_content_element \">\n<div class=\"wpb_wrapper\">\n<ul>\n<li><strong>Vyu\u017e\u00edvanie slne\u010dnej energie<\/strong><\/li>\n<li><strong>Zameranie na energetick\u00e9 komunity<\/strong><\/li>\n<li><strong>Zameranie na budovy<\/strong><\/li>\n<li><strong>Zameranie na mobilitu<\/strong><\/li>\n<li><strong>Zameranie na zmenu kl\u00edmy<\/strong><\/li>\n<\/ul>\n<\/div>\n<\/div>\n<\/div>\n<\/div>\n<\/div>\n<\/div>\n<div class=\"wpb_column vc_column_container vc_col-sm-6 liquid-column-6584067aaf313\">\n<div class=\"vc_column-inner\">\n<div class=\"wpb_wrapper \">\n<div class=\"wpb_wrapper-inner\">\n<div class=\"wpb_text_column wpb_content_element \">\n<div class=\"wpb_wrapper\">\n<ul>\n<li><strong>Pln\u00e9 z\u00e1sobovanie obnovite\u013enou energiou<\/strong><\/li>\n<li><strong>Zvy\u0161ovanie povedomia a pr\u00e1ca s verejnos\u0165ou<\/strong><\/li>\n<li><strong>Kme\u0148 pre \u010fal\u0161iu gener\u00e1ciu<\/strong><\/li>\n<li><strong>Zameranie na osobn\u00fa zodpovednos\u0165<\/strong><\/li>\n<li><strong>Zameranie na vytv\u00e1ranie region\u00e1lnej hodnoty<\/strong><\/li>\n<\/ul>\n<\/div>\n<\/div>\n<\/div>\n<\/div>\n<\/div>\n<\/div>\n<\/div>\n<div class=\"vc_empty_space\"><\/div>\n<div class=\"wpb_text_column wpb_content_element vc_custom_1684488772793\">\n<div class=\"wpb_wrapper\">\n<p><strong>\u010eal\u0161ie inform\u00e1cie o pl\u00e1novan\u00fdch opatreniach a regi\u00f3ne n\u00e1jdete v <a href=\"https:\/\/www.energiepark.at\/wp-content\/uploads\/2023\/12\/220413_Umsetzungskonzept-KEM-Carnuntum-final-fuer-Upload.pdf\">koncepcii implement\u00e1cie <\/a>.  <\/strong><\/p>\n<\/div>\n<\/div>\n<p>[\/vc_column_text][\/vc_column][\/vc_row][vc_row][vc_column][vc_empty_space height=&#8220;60px&#8220;][\/vc_column][\/vc_row][vc_row][vc_column width=&#8220;1\/2&#8243;][vc_empty_space][vc_column_text]<\/p>\n<h2>Pokra\u010dovacia f\u00e1za<\/h2>\n<p>[\/vc_column_text][vc_empty_space][vc_column_text]Implementa\u010dn\u00e1 f\u00e1za KEM u\u017e bola \u00faspe\u0161ne ukon\u010den\u00e1. Od apr\u00edla 2024 je KEM Carnuntum vo f\u00e1ze pokra\u010dovania a sleduje tieto ciele a opatrenia: <\/p>\n<ul>\n<li>Posilnenie prechodu na vykurovanie<\/li>\n<li>Energetick\u00e1 komunita<\/li>\n<li>Vyr\u00e1ba\u0165, skladova\u0165 a spotrebov\u00e1va\u0165 energiu rozumne<\/li>\n<li>Propag\u00e1cia spolo\u010dnost\u00ed a zdru\u017een\u00ed<\/li>\n<li>&#8222;Do KEM&#8217;ts her, do schau ma hi&#8220; Vizualiz\u00e1cia pr\u00edkladov osved\u010den\u00fdch postupov<\/li>\n<li>Next Generation 2.0: Rozvoj zru\u010dnost\u00ed det\u00ed a mlad\u00fdch \u013eud\u00ed v sektore kl\u00edmy<\/li>\n<li>Vz\u0165ahy s verejnos\u0165ou 2.0<\/li>\n<li>Ochrana kl\u00edmy a biodiverzita 2.0<\/li>\n<\/ul>\n<p>[\/vc_column_text][\/vc_column][vc_column width=&#8220;1\/2&#8243;][vc_single_image image=&#8220;6449&#8243; img_size=&#8220;full&#8220;][\/vc_column][\/vc_row]<\/p>\n<\/section>","protected":false},"excerpt":{"rendered":"<p>[vc_row][vc_column][vc_empty_space height=&#8220;170px&#8220;][\/vc_column][\/vc_row][vc_row][vc_column][vc_column_text] Koncepcia a ciele [\/vc_column_text][vc_empty_space height=&#8220;20px&#8220;][vc_column_text] V\u017edy sa pozer\u00e1me na udr\u017eate\u013en\u00fa bud\u00facnos\u0165 [\/vc_column_text][\/vc_column][\/vc_row][vc_row][vc_column][vc_empty_space height=&#8220;60px&#8220;][\/vc_column][\/vc_row][vc_row&#8230;<\/p>\n","protected":false},"author":1,"featured_media":0,"parent":2133,"menu_order":0,"comment_status":"closed","ping_status":"closed","template":"","meta":{"_acf_changed":false,"inline_featured_image":false,"footnotes":""},"class_list":["post-2226","page","type-page","status-publish","hentry"],"acf":[],"_links":{"self":[{"href":"https:\/\/www.energiepark.at\/sk\/wp-json\/wp\/v2\/pages\/2226","targetHints":{"allow":["GET"]}}],"collection":[{"href":"https:\/\/www.energiepark.at\/sk\/wp-json\/wp\/v2\/pages"}],"about":[{"href":"https:\/\/www.energiepark.at\/sk\/wp-json\/wp\/v2\/types\/page"}],"author":[{"embeddable":true,"href":"https:\/\/www.energiepark.at\/sk\/wp-json\/wp\/v2\/users\/1"}],"replies":[{"embeddable":true,"href":"https:\/\/www.energiepark.at\/sk\/wp-json\/wp\/v2\/comments?post=2226"}],"version-history":[{"count":10,"href":"https:\/\/www.energiepark.at\/sk\/wp-json\/wp\/v2\/pages\/2226\/revisions"}],"predecessor-version":[{"id":10278,"href":"https:\/\/www.energiepark.at\/sk\/wp-json\/wp\/v2\/pages\/2226\/revisions\/10278"}],"up":[{"embeddable":true,"href":"https:\/\/www.energiepark.at\/sk\/wp-json\/wp\/v2\/pages\/2133"}],"wp:attachment":[{"href":"https:\/\/www.energiepark.at\/sk\/wp-json\/wp\/v2\/media?parent=2226"}],"curies":[{"name":"wp","href":"https:\/\/api.w.org\/{rel}","templated":true}]}}