{"id":2438,"date":"2023-12-07T13:20:22","date_gmt":"2023-12-07T12:20:22","guid":{"rendered":"https:\/\/www.energiepark.at\/strana-kem-energy%c2%b3\/novinky-a-terminy\/"},"modified":"2025-08-25T15:43:25","modified_gmt":"2025-08-25T13:43:25","slug":"novinky-a-terminy","status":"publish","type":"page","link":"https:\/\/www.energiepark.at\/sk\/strana-kem-energy%c2%b3\/novinky-a-terminy\/","title":{"rendered":"Informa\u010dn\u00fd k\u00fatik KEM"},"content":{"rendered":"<section class=\"wpb-content-wrapper\"><p>[vc_row][vc_column][vc_empty_space height=&#8220;170px&#8220;][\/vc_column][\/vc_row][vc_row][vc_column][vc_column_text]<\/p>\n<h2 style=\"text-align: center;\">Informa\u010dn\u00fd k\u00fatik KEM<\/h2>\n<p>[\/vc_column_text][vc_empty_space height=&#8220;50px&#8220;][vc_column_text][\/vc_column_text][\/vc_column][\/vc_row][vc_row][vc_column width=&#8220;1\/2&#8243;][vc_single_image image=&#8220;6757&#8243; img_size=&#8220;1000&#215;660&#8243; style=&#8220;vc_box_rounded&#8220;][vc_empty_space height=&#8220;50px&#8220;][\/vc_column][vc_column width=&#8220;1\/2&#8243;][vc_column_text]<\/p>\n<h3>Dot\u00e1cie na renov\u00e1ciu a odchod z ropn\u00e9ho a plyn\u00e1rensk\u00e9ho priemyslu boli pred\u010dasne ukon\u010den\u00e9!<\/h3>\n<p class=\"cvGsUA direction-ltr align-center para-style-body\"><strong><span class=\"OYPEnA font-feature-liga-off font-feature-clig-off font-feature-calt-off text-decoration-none text-strikethrough-none\">Pre dom\u00e1cnosti s n\u00edzkymi pr\u00edjmami m\u00f4\u017ee by\u0165 v\u00fdmena k\u00farenia na\u010falej dotovan\u00e1 a\u017e do v\u00fd\u0161ky <\/span><span class=\"OYPEnA font-feature-liga-off font-feature-clig-off font-feature-calt-off text-decoration-underline text-strikethrough-none\">100%<\/span><span class=\"OYPEnA font-feature-liga-off font-feature-clig-off font-feature-calt-off text-strikethrough-none text-decoration-none\"> dot\u00e1cie!<\/span><\/strong><\/p>\n<p class=\"cvGsUA direction-ltr align-center para-style-body\"><span class=\"OYPEnA font-feature-liga-off font-feature-clig-off font-feature-calt-off text-decoration-none text-strikethrough-none\">Finan\u010dn\u00e9 prostriedky sa m\u00f4\u017eu poskytn\u00fa\u0165 do v\u00fd\u0161ky nasleduj\u00facich maxim\u00e1lnych limitov n\u00e1kladov: <\/span><\/p>\n<ul>\n<li class=\"cvGsUA direction-ltr align-center para-style-body\"><span class=\"OYPEnA font-feature-liga-off font-feature-clig-off font-feature-calt-off text-decoration-none text-strikethrough-none\">Kotol na pelety: 36 180 \u20ac<\/span><\/li>\n<li class=\"cvGsUA direction-ltr align-start para-style-body\"><span class=\"OYPEnA font-feature-liga-off font-feature-clig-off font-feature-calt-off text-decoration-none text-strikethrough-none\">In\u0161tal\u00e1cia vzduchov\u00e9ho tepeln\u00e9ho \u010derpadla: 25 586 \u20ac<\/span><\/li>\n<li class=\"cvGsUA direction-ltr align-start para-style-body\"><span class=\"OYPEnA font-feature-liga-off font-feature-clig-off font-feature-calt-off text-decoration-none text-strikethrough-none\">In\u0161tal\u00e1cia tepeln\u00e9ho \u010derpadla so\u013eanka\/voda: 37 550 \u20ac<\/span><\/li>\n<\/ul>\n<p class=\"cvGsUA direction-ltr align-start para-style-body\"><span class=\"OYPEnA font-feature-liga-off font-feature-clig-off font-feature-calt-off text-decoration-none text-strikethrough-none\">Predpoklady na financovanie s\u00fa<\/span> <span class=\"OYPEnA font-feature-liga-off font-feature-clig-off font-feature-calt-off text-decoration-none text-strikethrough-none\">pr\u00edslu\u0161nos\u0165 k najni\u017e\u0161ej tretine pr\u00edjmov, poberanie soci\u00e1lnych d\u00e1vok alebo existencia v\u00fdnimky z pr\u00edspevkov do ORF. Viac inform\u00e1ci\u00ed n\u00e1jdete na   <\/span><em><strong><a href=\"http:\/\/www.sauber-heizen.at\/\"><span class=\"OYPEnA font-feature-liga-off font-feature-clig-off font-feature-calt-off text-decoration-none text-strikethrough-none\">www.sauber-heizen.at<\/span><\/a><\/strong><\/em><span class=\"OYPEnA font-feature-liga-off font-feature-clig-off font-feature-calt-off text-decoration-none text-strikethrough-none\"> Viac inform\u00e1ci\u00ed.<\/span><\/p>\n<p>\u010eal\u0161ie inform\u00e1cie o programe dot\u00e1ci\u00ed na v\u00fdmenu vykurovania, ktor\u00e9ho platnos\u0165 sa skon\u010dila, n\u00e1jdete na tejto adrese:<\/p>\n<p><span style=\"color: #800000;\"><strong><a style=\"color: #800000;\" href=\"https:\/\/www.umweltfoerderung.at\/privatpersonen\/kesseltausch-ein-zweifamilienhaus\">https:\/\/www.umweltfoerderung.at\/privatpersonen\/kesseltausch-ein-zweifamilienhaus<br \/>\n <\/a><\/strong><\/span><\/p>\n<p>\u010eal\u0161ie inform\u00e1cie o kampani na financovanie \u0161ekov na renov\u00e1ciu, ktorej platnos\u0165 vypr\u0161ala, n\u00e1jdete na tejto adrese:<\/p>\n<p><span style=\"color: #800000;\"><strong><a style=\"color: #800000;\" href=\"https:\/\/www.umweltfoerderung.at\/privatpersonen\/sanierungsscheck-ein-zweifamilienhaus-und-reihenhaus-2023\/2024\">https:\/\/www.umweltfoerderung.at\/privatpersonen\/sanierungsscheck-ein-zweifamilienhaus-und-reihenhaus-2023\/2024<\/a><\/strong><\/span>[\/vc_column_text][vc_empty_space height=&#8220;60px&#8220;][vc_empty_space height=&#8220;50px&#8220;][\/vc_column][\/vc_row][vc_row][vc_column width=&#8220;1\/2&#8243;][vc_column_text]<\/p>\n<h3>Energetick\u00e9 komunity &#8211; spolo\u010dn\u00e9 vyu\u017e\u00edvanie region\u00e1lnej energie<\/h3>\n<p>Spolo\u010dn\u00e9 vyu\u017e\u00edvanie region\u00e1lne vyrobenej obnovite\u013enej energie &#8211; to je z\u00e1kladn\u00e1 my\u0161lienka komun\u00edt obnovite\u013enej energie. KEM-Energie\u00b3 sa zameriava na t\u00e9mu energetick\u00fdch komun\u00edt na r\u00f4znych \u00farovniach. <\/p>\n<p>Tieto tri obce s\u00fa u\u017e s\u00fa\u010das\u0165ou r\u00f4znych energetick\u00fdch spolo\u010denstiev, ktor\u00e9 s\u00fa otvoren\u00e9 aj pre v\u0161etk\u00fdch ob\u010danov, ktor\u00ed maj\u00fa z\u00e1ujem. Tu je odkaz na pr\u00edslu\u0161n\u00e9 energetick\u00e9 spolo\u010denstv\u00e1: <\/p>\n<p>Energetick\u00e9 spolo\u010denstvo pre obec H\u00f6flein:<\/p>\n<p><span style=\"color: #993300;\"><a style=\"color: #993300;\" href=\"https:\/\/energiegemeinschaften.ezn.at\/hoeflein\"><strong>https:\/\/energiegemeinschaften.ezn.at\/hoeflein<\/strong><\/a><\/span><\/p>\n<p>Energetick\u00e9 spolo\u010denstvo pre obce G\u00f6ttlesbrunn-Arbesthal (Energetick\u00e1 region\u00e1lna \u00fania E&amp;M):<\/p>\n<p><span style=\"color: #993300;\"><strong><a style=\"color: #993300;\" href=\"https:\/\/neoom.com\/finde-deine-kluub-energiegemeinschaft\">https:\/\/neoom.com\/finde-deine-kluub-energiegemeinschaft<\/a><\/strong><\/span><\/p>\n<p>Energetick\u00e9 spolo\u010denstvo pre Bruck\/Leitha a Wifleinsdorf:<\/p>\n<p><span style=\"color: #993300;\"><strong><a style=\"color: #993300;\" href=\"https:\/\/eg-austria.at\/\">https:\/\/eg-austria.at\/<\/a><\/strong><\/span><\/p>\n<p>Ak m\u00e1te v\u0161eobecn\u00e9 ot\u00e1zky na t\u00fato t\u00e9mu alebo sami uva\u017eujete o zalo\u017een\u00ed energetickej komunity, regi\u00f3n KEM v\u00e1s r\u00e1d podpor\u00ed!<\/p>\n<p>\u010eal\u0161ie inform\u00e1cie o t\u00e9me energetick\u00fdch komun\u00edt n\u00e1jdete na adrese:<\/p>\n<p><a href=\"https:\/\/energiegemeinschaften.gv.at\/\"><strong><span style=\"color: #993300;\">https:\/\/energiegemeinschaften.gv.at\/<br \/>\n <\/span><\/strong><\/a>[\/vc_column_text][vc_empty_space height=&#8220;50px&#8220;][\/vc_column][vc_column width=&#8220;1\/2&#8243;][vc_single_image image=&#8220;4950&#8243; img_size=&#8220;1000&#215;660&#8243; style=&#8220;vc_box_rounded&#8220;][vc_column_text]<span style=\"font-size: 12px;\">Zdroj: Koordina\u010dn\u00e9 centrum pre energetick\u00e9 spolo\u010denstv\u00e1 v r\u00e1mci Fondu pre kl\u00edmu a energiu<\/span>[\/vc_column_text][vc_empty_space height=&#8220;50px&#8220;][\/vc_column][\/vc_row][vc_row][vc_column width=&#8220;1\/2&#8243;][vc_single_image image=&#8220;4953&#8243; img_size=&#8220;1000&#215;660&#8243; style=&#8220;vc_box_rounded&#8220;][vc_column_text]<span style=\"font-size: 12px;\">Zdroj: Oleksandr Ryzhkov na Freepik<\/span>[\/vc_column_text][vc_empty_space height=&#8220;50px&#8220;][\/vc_column][vc_column width=&#8220;1\/2&#8243;][vc_column_text]<\/p>\n<h3>Fotovoltick\u00fd syst\u00e9m a skladovanie<\/h3>\n<p>Oslobodenie od DPH pre fotovoltick\u00e9 syst\u00e9my bolo pred\u010dasne zru\u0161en\u00e9! Pri syst\u00e9moch uveden\u00fdch do prev\u00e1dzky po 1. apr\u00edli 2025 sa mus\u00ed op\u00e4\u0165 plati\u0165 DPH vo v\u00fd\u0161ke 20 %. <\/p>\n<p>V d\u00f4sledku tejto zmeny sa obnov\u00ed predch\u00e1dzaj\u00faci postup financovania zo strany spracovate\u013esk\u00e9ho centra EPZF. \u017diadosti o financovanie invest\u00edci\u00ed do fotovoltick\u00fdch elektr\u00e1rn\u00ed alebo trhov\u00fdch pr\u00e9mi\u00ed pre pr\u00edslu\u0161n\u00e9 v\u00fdzvy na financovanie m\u00f4\u017eete predklada\u0165 tu. <\/p>\n<p>Viac inform\u00e1ci\u00ed o tejto t\u00e9me:<\/p>\n<p><strong><span style=\"color: #993366;\"><a style=\"color: #993366;\" href=\"https:\/\/www.eag-abwicklungsstelle.at\/\">https:\/\/www.eag-abwicklungsstelle.at\/<\/a><\/span> <\/strong><\/p>\n<p>[\/vc_column_text][vc_empty_space height=&#8220;50px&#8220;][\/vc_column][\/vc_row][vc_row][vc_column][vc_empty_space height=&#8220;60px&#8220;][vc_basic_grid post_type=&#8220;post&#8220; max_items=&#8220;1000&#8243; style=&#8220;load-more&#8220; items_per_page=&#8220;12&#8243; item=&#8220;1149&#8243; grid_id=&#8220;vc_gid:1756128695290-1f287438-4094-1&#8243; taxonomies=&#8220;37&#8243;][\/vc_column][\/vc_row][vc_row][vc_column][vc_empty_space height=&#8220;60px&#8220;][\/vc_column][\/vc_row]<\/p>\n<\/section>","protected":false},"excerpt":{"rendered":"<p>[vc_row][vc_column][vc_empty_space height=&#8220;170px&#8220;][\/vc_column][\/vc_row][vc_row][vc_column][vc_column_text] Informa\u010dn\u00fd k\u00fatik KEM [\/vc_column_text][vc_empty_space height=&#8220;50px&#8220;][vc_column_text][\/vc_column_text][\/vc_column][\/vc_row][vc_row][vc_column width=&#8220;1\/2&#8243;][vc_single_image image=&#8220;6757&#8243; img_size=&#8220;1000&#215;660&#8243; style=&#8220;vc_box_rounded&#8220;][vc_empty_space height=&#8220;50px&#8220;][\/vc_column][vc_column width=&#8220;1\/2&#8243;][vc_column_text] Dot\u00e1cie na&#8230;<\/p>\n","protected":false},"author":1,"featured_media":0,"parent":2426,"menu_order":0,"comment_status":"closed","ping_status":"closed","template":"","meta":{"_acf_changed":false,"inline_featured_image":false,"footnotes":""},"class_list":["post-2438","page","type-page","status-publish","hentry"],"acf":[],"_links":{"self":[{"href":"https:\/\/www.energiepark.at\/sk\/wp-json\/wp\/v2\/pages\/2438","targetHints":{"allow":["GET"]}}],"collection":[{"href":"https:\/\/www.energiepark.at\/sk\/wp-json\/wp\/v2\/pages"}],"about":[{"href":"https:\/\/www.energiepark.at\/sk\/wp-json\/wp\/v2\/types\/page"}],"author":[{"embeddable":true,"href":"https:\/\/www.energiepark.at\/sk\/wp-json\/wp\/v2\/users\/1"}],"replies":[{"embeddable":true,"href":"https:\/\/www.energiepark.at\/sk\/wp-json\/wp\/v2\/comments?post=2438"}],"version-history":[{"count":11,"href":"https:\/\/www.energiepark.at\/sk\/wp-json\/wp\/v2\/pages\/2438\/revisions"}],"predecessor-version":[{"id":8102,"href":"https:\/\/www.energiepark.at\/sk\/wp-json\/wp\/v2\/pages\/2438\/revisions\/8102"}],"up":[{"embeddable":true,"href":"https:\/\/www.energiepark.at\/sk\/wp-json\/wp\/v2\/pages\/2426"}],"wp:attachment":[{"href":"https:\/\/www.energiepark.at\/sk\/wp-json\/wp\/v2\/media?parent=2438"}],"curies":[{"name":"wp","href":"https:\/\/api.w.org\/{rel}","templated":true}]}}