{"id":2446,"date":"2023-12-07T13:21:05","date_gmt":"2023-12-07T12:21:05","guid":{"rendered":"https:\/\/www.energiepark.at\/strana-kem-energy%c2%b3\/region\/"},"modified":"2026-03-03T16:39:12","modified_gmt":"2026-03-03T15:39:12","slug":"region","status":"publish","type":"page","link":"https:\/\/www.energiepark.at\/sk\/strana-kem-energy%c2%b3\/region\/","title":{"rendered":"Regi\u00f3n"},"content":{"rendered":"<section class=\"wpb-content-wrapper\"><p>[vc_row][vc_column][vc_empty_space height=&#8220;170px&#8220;][\/vc_column][\/vc_row][vc_row][vc_column][vc_column_text]<\/p>\n<h2 style=\"text-align: center;\">Tri obce <sup>Energy3<\/sup><\/h2>\n<p>[\/vc_column_text][vc_empty_space height=&#8220;20px&#8220;][vc_column_text]<\/p>\n<p style=\"text-align: center;\">Nastal \u010das pre bud\u00facnos\u0165! &#8222;Mnoho mal\u00fdch \u013eud\u00ed na mnoh\u00fdch mal\u00fdch miestach, ktor\u00ed robia mnoho mal\u00fdch vec\u00ed, zmen\u00ed tv\u00e1r tohto sveta.&#8220; Africk\u00e9 pr\u00edslovie n\u00e1roda Xhosa (Ju\u017en\u00e1 Afrika, Botswana a Lesotho)<\/p>\n<p>[\/vc_column_text][\/vc_column][\/vc_row][vc_row][vc_column][vc_empty_space height=&#8220;60px&#8220;][\/vc_column][\/vc_row][vc_row gap=&#8220;25&#8243;][vc_column width=&#8220;1\/2&#8243;][vc_empty_space][vc_column_text]<\/p>\n<h2>Bruck an der Leitha<\/h2>\n<p>[\/vc_column_text][vc_empty_space][vc_column_text]<\/p>\n<p style=\"text-align: left;\">Malebn\u00e9 okresn\u00e9 mesto Bruck an der Leitha le\u017e\u00ed medzi rozsiahlymi vinicami a lesmi a kopcami pohoria Leitha. V\u010faka v\u00fdhodnej geografickej polohe &#8211; bl\u00edzko Viedne a len na skok od Nezidersk\u00e9ho jazera &#8211; a miernemu pan\u00f3nskemu podnebiu je Bruck an der Leitha ide\u00e1lnym miestom pre t\u00fdch, ktor\u00ed h\u013eadaj\u00fa oddych, kult\u00farnych turistov, \u0161portov\u00fdch nad\u0161encov a milovn\u00edkov pr\u00edrody. <\/p>\n<p style=\"text-align: left;\">Bruck an der Leitha je hlavn\u00fdm mestom rovnomenn\u00e9ho okresu a m\u00e1 preto r\u00f4zne d\u00f4le\u017eit\u00e9 z\u00e1sobovacie funkcie. Bruck je napr\u00edklad d\u00f4le\u017eit\u00fdm \u0161kolsk\u00fdm a n\u00e1kupn\u00fdm centrom, ako aj s\u00eddlom verejnej spr\u00e1vy (okresn\u00fd \u00farad, okresn\u00fd s\u00fad at\u010f.).\n<\/p>\n<p style=\"text-align: left;\">Dopravn\u00e9 spojenie zabezpe\u010duje predov\u0161etk\u00fdm v\u00fdchodn\u00e1 dia\u013enica (A4) a v\u00fdchodn\u00e1 \u017eeleznica (S60), ktor\u00e9 na svojich tras\u00e1ch (Viede\u0148 &#8211; Ma\u010farsko) prech\u00e1dzaj\u00fa cez Bruck. Okrem toho severov\u00fdchodn\u00e1 dia\u013enica (A6) poskytuje vysokokvalitn\u00e9 spojenie s regi\u00f3nom Slovensko\/Bratislava. <\/p>\n<p>[\/vc_column_text][\/vc_column][vc_column width=&#8220;1\/2&#8243;][vc_single_image image=&#8220;3903&#8243; img_size=&#8220;large&#8220;][vc_separator][vc_btn title=&#8220;Bruck an der Leitha&#8220; style=&#8220;flat&#8220; color=&#8220;danger&#8220; link=&#8220;url:https%3A%2F%2Fwww.bruckleitha.at%2F|&#8220;][\/vc_column][\/vc_row][vc_row][vc_column][vc_empty_space height=&#8220;60px&#8220;][\/vc_column][\/vc_row][vc_row gap=&#8220;25&#8243;][vc_column width=&#8220;1\/2&#8243;][vc_single_image image=&#8220;3912&#8243; img_size=&#8220;full&#8220;][vc_separator][vc_btn title=&#8220;G\u00f6ttlesbrunn-Arbesthal&#8220; style=&#8220;flat&#8220; color=&#8220;danger&#8220; link=&#8220;url:https%3A%2F%2Fwww.goettlesbrunn-arbesthal.gv.at%2F|&#8220;][\/vc_column][vc_column width=&#8220;1\/2&#8243;][vc_empty_space][vc_column_text]<\/p>\n<h2>G\u00f6ttlesbrunn-Arbesthal<\/h2>\n<p>[\/vc_column_text][vc_empty_space][vc_column_text]Obec G\u00f6ttlesbrunn-Arbesthal sa nach\u00e1dza severoz\u00e1padne od mesta Bruck an der Leitha, na okraji pohoria Arbesthaler H\u00fcgelland. Podobne ako v H\u00f6fleine, aj tu sa pestuje vini\u010d a treba vyzdvihn\u00fa\u0165 aj zvl\u00e1\u0161tnu pr\u00edrodn\u00fa krajinu. Medzi vinicami, lesmi, l\u00fakami a poliami vedie nieko\u013eko cyklotr\u00e1s a turistick\u00fdch chodn\u00edkov. Arbesthaler H\u00fcgelland je s\u00fa\u010das\u0165ou Alpsko-karpatsk\u00e9ho koridoru, v\u00fdznamnej turistickej trasy pre divok\u00fa pr\u00edrodu. Cez ne\u010falek\u00fd dia\u013eni\u010dn\u00fd uzol &#8211; Bruck an der Leitha West (A4\/A6) &#8211; je priame vysokokvalitn\u00e9 cestn\u00e9 spojenie do Viedne, Bratislavy\/Slovenska a Ma\u010farska.[\/vc_column_text][\/vc_column][\/vc_row][vc_row][vc_column][vc_empty_space height=&#8220;60px&#8220;][\/vc_column][\/vc_row][vc_row gap=&#8220;25&#8243;][vc_column width=&#8220;1\/2&#8243;][vc_empty_space][vc_column_text]<\/p>\n<h2>H\u00f6flein<\/h2>\n<p>[\/vc_column_text][vc_empty_space][vc_column_text]H\u00f6flein je vidiecka obec, ktor\u00e1 je zn\u00e1ma predov\u0161etk\u00fdm v\u010faka pestovaniu v\u00edna. V obci sa nach\u00e1dza nieko\u013eko pivni\u010dn\u00fdch uli\u010diek a lisovn\u00ed. V\u00fdznamn\u00fd je tu aj v\u00fdletn\u00fd a miestny rekrea\u010dn\u00fd cestovn\u00fd ruch. Obec le\u017e\u00ed na okraji pohoria Arbesthaler H\u00fcgelland a pon\u00faka svojim n\u00e1v\u0161tevn\u00edkom mno\u017estvo turistick\u00fdch a tematick\u00fdch tr\u00e1s, ako aj cyklotr\u00e1s. V\u010faka bezprostrednej polohe severne od Bruck an der Leitha je v bl\u00edzkosti napojenie na vysokokvalitn\u00fa cestn\u00fa sie\u0165.<\/p>\n<p>[\/vc_column_text][\/vc_column][vc_column width=&#8220;1\/2&#8243;][vc_single_image image=&#8220;4058&#8243; img_size=&#8220;full&#8220;][vc_separator][vc_btn title=&#8220;H\u00f6flein&#8220; style=&#8220;flat&#8220; color=&#8220;danger&#8220; link=&#8220;url:http%3A%2F%2Fwww.hoeflein.gv.at%2F|&#8220;][\/vc_column][\/vc_row]<\/p>\n<\/section>","protected":false},"excerpt":{"rendered":"<p>[vc_row][vc_column][vc_empty_space height=&#8220;170px&#8220;][\/vc_column][\/vc_row][vc_row][vc_column][vc_column_text] Tri obce Energy3 [\/vc_column_text][vc_empty_space height=&#8220;20px&#8220;][vc_column_text] Nastal \u010das pre bud\u00facnos\u0165! &#8222;Mnoho mal\u00fdch \u013eud\u00ed na&#8230;<\/p>\n","protected":false},"author":1,"featured_media":0,"parent":2426,"menu_order":0,"comment_status":"closed","ping_status":"closed","template":"","meta":{"_acf_changed":false,"inline_featured_image":false,"footnotes":""},"class_list":["post-2446","page","type-page","status-publish","hentry"],"acf":[],"_links":{"self":[{"href":"https:\/\/www.energiepark.at\/sk\/wp-json\/wp\/v2\/pages\/2446","targetHints":{"allow":["GET"]}}],"collection":[{"href":"https:\/\/www.energiepark.at\/sk\/wp-json\/wp\/v2\/pages"}],"about":[{"href":"https:\/\/www.energiepark.at\/sk\/wp-json\/wp\/v2\/types\/page"}],"author":[{"embeddable":true,"href":"https:\/\/www.energiepark.at\/sk\/wp-json\/wp\/v2\/users\/1"}],"replies":[{"embeddable":true,"href":"https:\/\/www.energiepark.at\/sk\/wp-json\/wp\/v2\/comments?post=2446"}],"version-history":[{"count":6,"href":"https:\/\/www.energiepark.at\/sk\/wp-json\/wp\/v2\/pages\/2446\/revisions"}],"predecessor-version":[{"id":10660,"href":"https:\/\/www.energiepark.at\/sk\/wp-json\/wp\/v2\/pages\/2446\/revisions\/10660"}],"up":[{"embeddable":true,"href":"https:\/\/www.energiepark.at\/sk\/wp-json\/wp\/v2\/pages\/2426"}],"wp:attachment":[{"href":"https:\/\/www.energiepark.at\/sk\/wp-json\/wp\/v2\/media?parent=2446"}],"curies":[{"name":"wp","href":"https:\/\/api.w.org\/{rel}","templated":true}]}}