{"id":2462,"date":"2023-12-07T13:22:30","date_gmt":"2023-12-07T12:22:30","guid":{"rendered":"https:\/\/www.energiepark.at\/strana-kem-energy%c2%b3\/koncepcia-a-ciele\/"},"modified":"2026-03-03T15:43:50","modified_gmt":"2026-03-03T14:43:50","slug":"koncepcia-a-ciele","status":"publish","type":"page","link":"https:\/\/www.energiepark.at\/sk\/strana-kem-energy%c2%b3\/koncepcia-a-ciele\/","title":{"rendered":"Koncepcia a ciele"},"content":{"rendered":"<section class=\"wpb-content-wrapper\"><p>[vc_row][vc_column][vc_empty_space height=&#8220;170px&#8220;][\/vc_column][\/vc_row][vc_row][vc_column][vc_column_text]<\/p>\n<h2 style=\"text-align: center;\">Koncepcia a ciele<\/h2>\n<p>[\/vc_column_text][vc_empty_space height=&#8220;20px&#8220;][vc_column_text][\/vc_column_text][\/vc_column][\/vc_row][vc_row][vc_column][vc_empty_space height=&#8220;60px&#8220;][\/vc_column][\/vc_row][vc_row gap=&#8220;25&#8243;][vc_column width=&#8220;1\/2&#8243;][vc_empty_space][vc_column_text]<\/p>\n<h2>Koncepcia realiz\u00e1cie spolo\u010dnosti KEM Energie\u00b3<\/h2>\n<p>[\/vc_column_text][vc_empty_space][vc_column_text]<\/p>\n<div class=\"padded20\">\n<p>Obce KEM Energie\u00b3 boli priekopn\u00edkmi a priekopn\u00edkmi v regi\u00f3ne R\u00f6merland-Carnuntum, ktor\u00fd za\u010dal podnika\u0165 kroky smerom k energetickej nez\u00e1vislosti zalo\u017eenej na obnovite\u013en\u00fdch zdrojoch energie u\u017e v 90. rokoch 20. storo\u010dia. V\u0161etky tri obce maj\u00fa ve\u013ek\u00fd po\u010det r\u00f4znych zariaden\u00ed na v\u00fdrobu energie z obnovite\u013en\u00fdch zdrojov (vetern\u00e9 elektr\u00e1rne, bioplyn, po\u013enohospod\u00e1rske v\u00fdskumn\u00e9 fotovoltaick\u00e9 zariadenie(-a), kogenera\u010dn\u00e9 zariadenia na biomasu), a preto s\u00fa v Dolnom Rak\u00fasku, pokia\u013e ide o energiu, &#8222;obcami na \u010dele&#8220;. Existuj\u00faca vynikaj\u00faca spolupr\u00e1ca medzi v\u0161etk\u00fdmi tromi obcami sa po\u010das realiza\u010dnej f\u00e1zy zintenz\u00edvnila.<\/p>\n<p>&nbsp;<\/p>\n<\/div>\n<p>[\/vc_column_text]<style>.ld_button_69e6cb453fbdc .btn-icon{font-size:20px;margin-left:140px !important;}<\/style><a href=\"https:\/\/www.energiepark.at\/wp-content\/uploads\/2024\/03\/B771951-konzept_KEM3_2019.pdf\" class=\"btn btn-solid btn-sm circle btn-bordered border-thin btn-icon-round ld_button_69e6cb453fbdc\">\n\t<span>\n\t\t\n\t\t\t\t\t<span class=\"btn-txt\">Zum Umsetzungskonzept der KEM-Energie\u00b3<\/span>\n\t\t\t\n\t<span class=\"btn-icon\"><i class=\"\"><\/i><\/span>\t\t\t<\/span>\n<\/a>\n[\/vc_column][vc_column width=&#8220;1\/2&#8243;][vc_single_image image=&#8220;4113&#8243; img_size=&#8220;full&#8220;][\/vc_column][\/vc_row][vc_row][vc_column][vc_empty_space height=&#8220;60px&#8220;][\/vc_column][\/vc_row][vc_row gap=&#8220;25&#8243;][vc_column width=&#8220;1\/2&#8243;][vc_single_image image=&#8220;4107&#8243; img_size=&#8220;full&#8220;][\/vc_column][vc_column width=&#8220;1\/2&#8243;][vc_empty_space][vc_column_text]<\/p>\n<h2>Bal\u00edky opatren\u00ed KEM-Energie\u00b3<\/h2>\n<p>[\/vc_column_text][vc_empty_space][vc_column_text]<\/p>\n<div class=\"vc_row wpb_row vc_inner vc_row-fluid liquid-row-shadowbox-657f2f064d19c\">\n<div class=\"wpb_column vc_column_container vc_col-sm-12 liquid-column-657f2f064d41e\">\n<div class=\"vc_column-inner\">\n<div class=\"wpb_wrapper \">\n<div class=\"wpb_wrapper-inner\">\n<div class=\"wpb_text_column wpb_content_element \">\n<div class=\"wpb_wrapper\">\n<p>V priebehu pokra\u010duj\u00facej f\u00e1zy sa bud\u00fa realizova\u0165 r\u00f4zne k\u013e\u00fa\u010dov\u00e9 t\u00e9my v podobe \u0161irokej \u0161k\u00e1ly aktiv\u00edt a podujat\u00ed. S\u00fa to:<\/p>\n<\/div>\n<\/div>\n<div class=\"vc_empty_space\"><\/div>\n<\/div>\n<\/div>\n<\/div>\n<\/div>\n<\/div>\n<div class=\"vc_row wpb_row vc_inner vc_row-fluid liquid-row-shadowbox-657f2f064d862\">\n<div class=\"wpb_column vc_column_container vc_col-sm-6 liquid-column-657f2f064db07\">\n<div class=\"vc_column-inner\">\n<div class=\"wpb_wrapper \">\n<div class=\"wpb_wrapper-inner\">\n<div class=\"wpb_text_column wpb_content_element \">\n<div class=\"wpb_wrapper\">\n<ul>\n<li><strong>Komunity vyu\u017e\u00edvaj\u00face obnovite\u013en\u00e9 zdroje energie (prieskumn\u00e1 \u0161t\u00fadia)<br \/>\n<\/strong><\/li>\n<li><strong>Komunity vyu\u017e\u00edvaj\u00face obnovite\u013en\u00e9 zdroje energie (implement\u00e1cia a podpora)<br \/>\n<\/strong><\/li>\n<li><strong>\u010eal\u0161ie posilnenie sol\u00e1rnej energie &#8211; da capo<br \/>\n<\/strong><\/li>\n<li><strong>Ochrana proti v\u00fdpadku na z\u00e1klade obnovite\u013enej energie<br \/>\n<\/strong><\/li>\n<li><strong>&#8222;Mimo ropy a plynu&#8220; &#8211; v centre pozornosti  <\/strong><\/li>\n<li><strong>V\u00fdstavba \u0161etrn\u00e1 ku kl\u00edme &#8211; rekon\u0161trukcia<br \/>\n<\/strong><\/li>\n<li><strong>St\u00ednovanie a tie\u0148ovanie vo v\u0161etk\u00fdch variantoch<br \/>\n<\/strong><\/li>\n<li><strong>Ka\u017edodenn\u00fd \u017eivot na bicykli<\/strong><\/li>\n<li><strong>Alternat\u00edvna mobilita &#8211; zost\u00e1vame v obraze<\/strong><\/li>\n<li><strong>&#8222;Oprava namiesto vyhadzovania&#8220; &#8211; obehov\u00e9 hospod\u00e1rstvo &amp; co<br \/>\n<\/strong><\/li>\n<\/ul>\n<\/div>\n<\/div>\n<\/div>\n<\/div>\n<\/div>\n<\/div>\n<div class=\"wpb_column vc_column_container vc_col-sm-6 liquid-column-657f2f064de87\">\n<div class=\"vc_column-inner\">\n<div class=\"wpb_wrapper \">\n<div class=\"wpb_wrapper-inner\">\n<div class=\"wpb_text_column wpb_content_element \">\n<div class=\"wpb_wrapper\"><\/div>\n<\/div>\n<\/div>\n<\/div>\n<\/div>\n<\/div>\n<\/div>\n<p>[\/vc_column_text][\/vc_column][\/vc_row][vc_row][vc_column][vc_empty_space height=&#8220;60px&#8220;][\/vc_column][\/vc_row][vc_row gap=&#8220;25&#8243;][vc_column width=&#8220;1\/2&#8243;][vc_empty_space][vc_column_text]<\/p>\n<h2>Ciele spolo\u010dnosti KEM Energie\u00b3<\/h2>\n<p>[\/vc_column_text][vc_empty_space][vc_column_text]Spolo\u010dnos\u0165 KEM Energie\u00b3 p\u00f4sob\u00ed ako priekopn\u00edk v oblasti obnovite\u013en\u00fdch zdrojov energie a energetickej \u00fa\u010dinnosti. Cie\u013eom je by\u0165 priekopn\u00edkom a podnikn\u00fa\u0165 udr\u017eate\u013en\u00e9 kroky smerom k \u00faplnej energetickej nez\u00e1vislosti na z\u00e1klade region\u00e1lne dostupn\u00fdch zdrojov (&#8222;obnovite\u013en\u00fdch zdrojov energie&#8220;). Z\u00e1kladn\u00e9 ciele s\u00fa  <\/p>\n<ul>\n<li>Hodnotenie a aktiv\u00e1cia potenci\u00e1lnych realiza\u010dn\u00fdch projektov v oblasti obnovite\u013en\u00fdch zdrojov energie\/energetickej \u00fa\u010dinnosti s osobitn\u00fdm zameran\u00edm na obecn\u00e9 nehnute\u013enosti<\/li>\n<li>Realiz\u00e1cia prv\u00fdch energetick\u00fdch spolo\u010denstiev a komun\u00e1lnych energetick\u00fdch spolo\u010denstiev<\/li>\n<li>Udr\u017eate\u013en\u00e1 mobilita (prechod mestsk\u00e9ho vozov\u00e9ho parku na e-mobilitu, od elektrick\u00fdch n\u00e1kladn\u00fdch bicyklov po mal\u00e9 elektrick\u00e9 n\u00e1kladn\u00e9 vozidl\u00e1)<\/li>\n<li>Cyklistika: Roz\u0161irovanie vn\u00fatromestsk\u00fdch cyklotr\u00e1s a cyklistick\u00fdch prepojen\u00ed medzi obcami KEM, zvy\u0161ovanie povedomia<\/li>\n<li>Neust\u00e1le zvy\u0161ovanie podielu energie z obnovite\u013en\u00fdch zdrojov<\/li>\n<li>Neust\u00e1le zvy\u0161ovanie podielu fotovoltaiky so stre\u0161n\u00fdmi syst\u00e9mami (k\u013e\u00fa\u010dov\u00e9 slovo: akumul\u00e1cia, fotovoltaick\u00e9 syst\u00e9my pre vlastn\u00fa spotrebu) a agrivoltaick\u00fdmi syst\u00e9mami<\/li>\n<li>Neust\u00e1le zni\u017eovanie celkovej potreby energie<\/li>\n<li>Podpora a usmer\u0148ovanie region\u00e1lnych samospr\u00e1v vo v\u0161etk\u00fdch ot\u00e1zkach energetiky a energetickej efekt\u00edvnosti, ako aj energetick\u00e9ho \u00fazemn\u00e9ho pl\u00e1novania a pl\u00e1novania zelene<\/li>\n<li>Motiv\u00e1cia a zvy\u0161ovanie povedomia miestneho obyvate\u013estva a zainteresovan\u00fdch str\u00e1n s osobitn\u00fdm d\u00f4razom na bud\u00facu gener\u00e1ciu (deti\/ml\u00e1de\u017e)<\/li>\n<\/ul>\n<p>[\/vc_column_text][\/vc_column][vc_column width=&#8220;1\/2&#8243;][vc_single_image image=&#8220;4110&#8243; img_size=&#8220;full&#8220;][\/vc_column][\/vc_row]<\/p>\n<\/section>","protected":false},"excerpt":{"rendered":"<p>[vc_row][vc_column][vc_empty_space height=&#8220;170px&#8220;][\/vc_column][\/vc_row][vc_row][vc_column][vc_column_text] Koncepcia a ciele [\/vc_column_text][vc_empty_space height=&#8220;20px&#8220;][vc_column_text][\/vc_column_text][\/vc_column][\/vc_row][vc_row][vc_column][vc_empty_space height=&#8220;60px&#8220;][\/vc_column][\/vc_row][vc_row gap=&#8220;25&#8243;][vc_column width=&#8220;1\/2&#8243;][vc_empty_space][vc_column_text] Koncepcia realiz\u00e1cie spolo\u010dnosti KEM Energie\u00b3&#8230;<\/p>\n","protected":false},"author":1,"featured_media":0,"parent":2426,"menu_order":0,"comment_status":"closed","ping_status":"closed","template":"","meta":{"_acf_changed":false,"inline_featured_image":false,"footnotes":""},"class_list":["post-2462","page","type-page","status-publish","hentry"],"acf":[],"_links":{"self":[{"href":"https:\/\/www.energiepark.at\/sk\/wp-json\/wp\/v2\/pages\/2462","targetHints":{"allow":["GET"]}}],"collection":[{"href":"https:\/\/www.energiepark.at\/sk\/wp-json\/wp\/v2\/pages"}],"about":[{"href":"https:\/\/www.energiepark.at\/sk\/wp-json\/wp\/v2\/types\/page"}],"author":[{"embeddable":true,"href":"https:\/\/www.energiepark.at\/sk\/wp-json\/wp\/v2\/users\/1"}],"replies":[{"embeddable":true,"href":"https:\/\/www.energiepark.at\/sk\/wp-json\/wp\/v2\/comments?post=2462"}],"version-history":[{"count":8,"href":"https:\/\/www.energiepark.at\/sk\/wp-json\/wp\/v2\/pages\/2462\/revisions"}],"predecessor-version":[{"id":10305,"href":"https:\/\/www.energiepark.at\/sk\/wp-json\/wp\/v2\/pages\/2462\/revisions\/10305"}],"up":[{"embeddable":true,"href":"https:\/\/www.energiepark.at\/sk\/wp-json\/wp\/v2\/pages\/2426"}],"wp:attachment":[{"href":"https:\/\/www.energiepark.at\/sk\/wp-json\/wp\/v2\/media?parent=2462"}],"curies":[{"name":"wp","href":"https:\/\/api.w.org\/{rel}","templated":true}]}}