{"id":2561,"date":"2023-12-07T13:38:51","date_gmt":"2023-12-07T12:38:51","guid":{"rendered":"https:\/\/www.energiepark.at\/setpage-clear-na-lodi-leithaberge\/"},"modified":"2026-03-03T15:43:54","modified_gmt":"2026-03-03T14:43:54","slug":"setpage-clear-na-lodi-leithaberge","status":"publish","type":"page","link":"https:\/\/www.energiepark.at\/sk\/setpage-clear-na-lodi-leithaberge\/","title":{"rendered":"CLEAR! Na lodi Leithaberge"},"content":{"rendered":"<section class=\"wpb-content-wrapper\"><p>[vc_row bg_position=&#8220;center center&#8220; css=&#8220;.vc_custom_1707988457185{background-image: url(https:\/\/www.energiepark.at\/wp-content\/uploads\/2024\/02\/05-KLAR_Goetzendorf.jpg?id=3478) !important;background-position: center !important;background-repeat: no-repeat !important;background-size: cover !important;}&#8220;][vc_column][vc_empty_space height=&#8220;800px&#8220;][\/vc_column][\/vc_row][vc_row][vc_column][vc_empty_space height=&#8220;80px&#8220;][\/vc_column][\/vc_row][vc_row][vc_column][vc_row_inner][vc_column_inner width=&#8220;1\/6&#8243;][\/vc_column_inner][vc_column_inner width=&#8220;2\/3&#8243;][vc_column_text]<\/p>\n<h1 style=\"text-align: center;\">KLAR! Na lodi Leithaberge<\/h1>\n<p>[\/vc_column_text][vc_empty_space height=&#8220;10px&#8220;][vc_column_text]<\/p>\n<p style=\"text-align: center;\">So zalo\u017een\u00edm KLAR! Obce Au am Leithaberge, Hof am Leithaberge, G\u00f6tzendorf an der Leitha, Mannersdorf am Leithagebirge a Trautmannsdorf an der Leitha sa jasne stavaj\u00fa proti klimatick\u00fdm zmen\u00e1m.<\/p>\n<p>[\/vc_column_text][\/vc_column_inner][vc_column_inner width=&#8220;1\/6&#8243;][\/vc_column_inner][\/vc_row_inner][\/vc_column][\/vc_row][vc_row][vc_column][vc_empty_space height=&#8220;80px&#8220;][\/vc_column][\/vc_row][vc_row gap=&#8220;0&#8243; equal_height=&#8220;yes&#8220;][vc_column width=&#8220;1\/2&#8243; align=&#8220;text-center&#8220; css=&#8220;.vc_custom_1701864169981{padding-right: 40px !important;padding-left: 40px !important;background-color: #f2f2f2 !important;}&#8220;][vc_empty_space height=&#8220;100px&#8220;][vc_column_text]<\/p>\n<h2 style=\"text-align: center;\">Regi\u00f3n. KLAR Am Leithaberge &#8211; \u010co sa za t\u00fdm skr\u00fdva? <\/h2>\n<p>N\u00e1zov KLAR! ozna\u010duje program, ktor\u00fd m\u00e1 zmysel: obce maj\u00fa mo\u017enos\u0165 pripravi\u0165 sa na zmenu kl\u00edmy. S podporou Fondu pre kl\u00edmu a energiu vypracuje modelov\u00fd regi\u00f3n KLAR! &#8211; Climate Change Adaptation Model Region &#8211; pre svoj regi\u00f3n koncepciu, ako mo\u017eno prija\u0165 opatrenia na minimaliz\u00e1ciu negat\u00edvnych d\u00f4sledkov zmeny kl\u00edmy.[\/vc_column_text][vc_empty_space height=&#8220;30px&#8220;][vc_btn title=&#8220;Viac inform\u00e1ci\u00ed o regi\u00f3ne a programe&#8220; style=&#8220;flat&#8220; color=&#8220;orange&#8220; link=&#8220;url:https%3A%2F%2Fwww.energiepark.at%2Fsk%2Fsetpage-clear-na-lodi-leithaberge%2Fregion%2F|&#8220;][vc_empty_space height=&#8220;100px&#8220;][\/vc_column][vc_column width=&#8220;1\/2&#8243; css=&#8220;.vc_custom_1707988492408{background-image: url(https:\/\/www.energiepark.at\/wp-content\/uploads\/2024\/02\/09-KLAR_Goetzendorf.jpg?id=3490) !important;background-position: center !important;background-repeat: no-repeat !important;background-size: cover !important;}&#8220;][\/vc_column][\/vc_row][vc_row gap=&#8220;0&#8243; equal_height=&#8220;yes&#8220;][vc_column width=&#8220;1\/2&#8243; css=&#8220;.vc_custom_1707988328106{background-image: url(https:\/\/www.energiepark.at\/wp-content\/uploads\/2024\/02\/Sarasdorf-PT1_2096-scaled.jpg?id=3481) !important;background-position: center !important;background-repeat: no-repeat !important;background-size: cover !important;}&#8220;][\/vc_column][vc_column width=&#8220;1\/2&#8243; align=&#8220;text-center&#8220; css=&#8220;.vc_custom_1701864169981{padding-right: 40px !important;padding-left: 40px !important;background-color: #f2f2f2 !important;}&#8220;][vc_empty_space height=&#8220;100px&#8220;][vc_column_text]<\/p>\n<h2 style=\"text-align: center;\">Novinky a term\u00edny.<br \/>\nV KLAR! Na lodi Leithaberge<\/h2>\n<p style=\"text-align: center;\">V KLAR-e sa toho u\u017e ve\u013ea udialo! Am Leithaberge.<x id=\"gid_0\"><\/x>Vo f\u00e1ze koncepcie. Veci sa skuto\u010dne rozbehli od leta 2024.<x id=\"gid_1\"><\/x>Teraz sme vo f\u00e1ze realiz\u00e1cie.<x id=\"gid_2\"><\/x>Tu n\u00e1jdete poh\u013ead sp\u00e4\u0165 a poh\u013ead do bud\u00facnosti.  <\/p>\n<p>[\/vc_column_text][vc_empty_space height=&#8220;30px&#8220;][vc_btn title=&#8220;Preh\u013ead a v\u00fdh\u013ead (a sekcia noviniek v regi\u00f3noch)&#8220; style=&#8220;flat&#8220; color=&#8220;orange&#8220; link=&#8220;url:https%3A%2F%2Fwww.energiepark.at%2Fsk%2Fsetpage-clear-na-lodi-leithaberge%2Fnovinky-a-terminy-2%2F|&#8220;][vc_empty_space height=&#8220;100px&#8220;][\/vc_column][\/vc_row][vc_row gap=&#8220;0&#8243; equal_height=&#8220;yes&#8220;][vc_column width=&#8220;1\/2&#8243; align=&#8220;text-center&#8220; css=&#8220;.vc_custom_1701864169981{padding-right: 40px !important;padding-left: 40px !important;background-color: #f2f2f2 !important;}&#8220;][vc_empty_space height=&#8220;100px&#8220;][vc_column_text]<\/p>\n<h2 style=\"text-align: center;\">Koncepcia a ciele.<br \/>\nKLAR! Na lodi Leithaberge<\/h2>\n<p style=\"text-align: center;\">V KLAR! V spolo\u010dnosti Leithaberge sa zameriavame na r\u00f4zne opatrenia, ktor\u00e9 sme zhrnuli v koncepcii. N\u00e1pady na to boli zozbieran\u00e9 na jese\u0148\/zimu 2023\/24 s ob\u010danmi v KLAR! na jese\u0148\/zimu 2023\/24. Koncepcia realiz\u00e1cie bola vypracovan\u00e1 na jar 2024. Skuto\u010dne sme za\u010dali na za\u010diatku leta 2024.   <\/p>\n<p>[\/vc_column_text][vc_empty_space height=&#8220;30px&#8220;][vc_btn title=&#8220;Viac inform\u00e1ci\u00ed o koncepcii a cie\u013eoch&#8220; style=&#8220;flat&#8220; color=&#8220;orange&#8220; link=&#8220;url:https%3A%2F%2Fwww.energiepark.at%2Fsk%2Fsetpage-clear-na-lodi-leithaberge%2Fkoncepcia-a-ciele%2F|&#8220;][vc_empty_space height=&#8220;100px&#8220;][\/vc_column][vc_column width=&#8220;1\/2&#8243; css=&#8220;.vc_custom_1707988300788{background-image: url(https:\/\/www.energiepark.at\/wp-content\/uploads\/2024\/02\/ST_Kaisereiche_0118.jpg?id=3493) !important;background-position: center !important;background-repeat: no-repeat !important;background-size: cover !important;}&#8220;][\/vc_column][\/vc_row][vc_row gap=&#8220;0&#8243; equal_height=&#8220;yes&#8220;][vc_column width=&#8220;1\/2&#8243; css=&#8220;.vc_custom_1707988245434{background-image: url(https:\/\/www.energiepark.at\/wp-content\/uploads\/2024\/02\/Stixneusiedl-PT1_1989-scaled.jpg?id=3484) !important;background-position: center !important;background-repeat: no-repeat !important;background-size: cover !important;}&#8220;][\/vc_column][vc_column width=&#8220;1\/2&#8243; align=&#8220;text-center&#8220; css=&#8220;.vc_custom_1701864169981{padding-right: 40px !important;padding-left: 40px !important;background-color: #f2f2f2 !important;}&#8220;][vc_empty_space height=&#8220;100px&#8220;][vc_column_text]<\/p>\n<h2 style=\"text-align: center;\">KLAR! Na lodi Leithaberge<\/h2>\n<p style=\"text-align: center;\">Z\u00e1kladn\u00fd t\u00edm KLAR! Am Leithaberge pozost\u00e1va zo starostov, obecn\u00fdch poslancov a anga\u017eovan\u00fdch ob\u010danov z piatich obc\u00ed<br \/>\nAu am Leithaberge, Hof am Leithaberge, G\u00f6tzendorf an der Leitha,<br \/>\nMannersdorf am Leithagebirge, Trautmannsdorf an der Leitha.<\/p>\n<p style=\"text-align: center;\">Za projekt je zodpovedn\u00e1 obec Trautmannsdorf an der Leitha.<\/p>\n<p>[\/vc_column_text][vc_empty_space height=&#8220;30px&#8220;][vc_btn title=&#8220;Podpora komunity KLAR! Na lodi Leithaberge&#8220; style=&#8220;flat&#8220; color=&#8220;orange&#8220; link=&#8220;url:https%3A%2F%2Fwww.trautmannsdorf-leitha.gv.at%2F|&#8220;][vc_empty_space height=&#8220;100px&#8220;][\/vc_column][\/vc_row][vc_row][vc_column][vc_empty_space height=&#8220;80px&#8220;][\/vc_column][\/vc_row][vc_row][vc_column][vc_row_inner][vc_column_inner width=&#8220;1\/6&#8243;][\/vc_column_inner][vc_column_inner width=&#8220;2\/3&#8243;][vc_column_text]<\/p>\n<h1 style=\"text-align: center;\">Spravodajsk\u00e9 \u010dl\u00e1nky<\/h1>\n<p>[\/vc_column_text][vc_empty_space height=&#8220;10px&#8220;][vc_column_text]<\/p>\n<p style=\"text-align: center;\">V regi\u00f3ne &#8211; z regi\u00f3nu &#8211; pre regi\u00f3n<\/p>\n<p>[\/vc_column_text][\/vc_column_inner][vc_column_inner width=&#8220;1\/6&#8243;][\/vc_column_inner][\/vc_row_inner][\/vc_column][\/vc_row][vc_row][vc_column][vc_empty_space height=&#8220;30px&#8220;][\/vc_column][\/vc_row][vc_row][vc_column][vc_basic_grid post_type=&#8220;post&#8220; max_items=&#8220;3&#8243; item=&#8220;1149&#8243; grid_id=&#8220;vc_gid:1736423033262-0172719c-4918-7&#8243; taxonomies=&#8220;35&#8243;][\/vc_column][\/vc_row]<\/p>\n<\/section>","protected":false},"excerpt":{"rendered":"<p>[vc_row bg_position=&#8220;center center&#8220; css=&#8220;.vc_custom_1707988457185{background-image: url(https:\/\/www.energiepark.at\/wp-content\/uploads\/2024\/02\/05-KLAR_Goetzendorf.jpg?id=3478) !important;background-position: center !important;background-repeat: no-repeat !important;background-size: cover !important;}&#8220;][vc_column][vc_empty_space height=&#8220;800px&#8220;][\/vc_column][\/vc_row][vc_row][vc_column][vc_empty_space height=&#8220;80px&#8220;][\/vc_column][\/vc_row][vc_row][vc_column][vc_row_inner][vc_column_inner width=&#8220;1\/6&#8243;][\/vc_column_inner][vc_column_inner&#8230;<\/p>\n","protected":false},"author":1,"featured_media":0,"parent":0,"menu_order":0,"comment_status":"closed","ping_status":"closed","template":"","meta":{"_acf_changed":false,"inline_featured_image":false,"footnotes":""},"class_list":["post-2561","page","type-page","status-publish","hentry"],"acf":[],"_links":{"self":[{"href":"https:\/\/www.energiepark.at\/sk\/wp-json\/wp\/v2\/pages\/2561","targetHints":{"allow":["GET"]}}],"collection":[{"href":"https:\/\/www.energiepark.at\/sk\/wp-json\/wp\/v2\/pages"}],"about":[{"href":"https:\/\/www.energiepark.at\/sk\/wp-json\/wp\/v2\/types\/page"}],"author":[{"embeddable":true,"href":"https:\/\/www.energiepark.at\/sk\/wp-json\/wp\/v2\/users\/1"}],"replies":[{"embeddable":true,"href":"https:\/\/www.energiepark.at\/sk\/wp-json\/wp\/v2\/comments?post=2561"}],"version-history":[{"count":37,"href":"https:\/\/www.energiepark.at\/sk\/wp-json\/wp\/v2\/pages\/2561\/revisions"}],"predecessor-version":[{"id":10329,"href":"https:\/\/www.energiepark.at\/sk\/wp-json\/wp\/v2\/pages\/2561\/revisions\/10329"}],"wp:attachment":[{"href":"https:\/\/www.energiepark.at\/sk\/wp-json\/wp\/v2\/media?parent=2561"}],"curies":[{"name":"wp","href":"https:\/\/api.w.org\/{rel}","templated":true}]}}