{"id":2573,"date":"2023-12-07T13:40:11","date_gmt":"2023-12-07T12:40:11","guid":{"rendered":"https:\/\/www.energiepark.at\/kem-carnuntum\/novinky-a-terminy-2\/"},"modified":"2025-11-10T15:53:52","modified_gmt":"2025-11-10T14:53:52","slug":"novinky-a-terminy-2","status":"publish","type":"page","link":"https:\/\/www.energiepark.at\/sk\/setpage-clear-na-lodi-leithaberge\/novinky-a-terminy-2\/","title":{"rendered":"Novinky a term\u00edny"},"content":{"rendered":"<section class=\"wpb-content-wrapper\"><p>[vc_row][vc_column][vc_empty_space height=&#8220;170px&#8220;][\/vc_column][\/vc_row][vc_row][vc_column][vc_column_text]<\/p>\n<h2 style=\"text-align: center;\">Novinky a term\u00edny<\/h2>\n<p>[\/vc_column_text][vc_empty_space height=&#8220;20px&#8220;][vc_column_text]<\/p>\n<p style=\"text-align: center;\">V KLAR-e sa toho u\u017e ve\u013ea udialo! Am Leithaberge.<br \/>\nVo f\u00e1ze koncepcie od jesene 2023 do jari 2025.<br \/>\nF\u00e1za realiz\u00e1cie prebieha od leta 2024. <\/p>\n<p style=\"text-align: center;\">Tu n\u00e1jdete preh\u013ead a v\u00fdh\u013ead.<\/p>\n<p>[\/vc_column_text][vc_empty_space][vc_column_text]<\/p>\n<p style=\"text-align: left;\"><span style=\"color: #339966;\"><strong>\u010co sa u\u017e stalo v KLAR! Am Leithaberge u\u017e urobil &#8230; <\/strong><\/span><\/p>\n<ul>\n<li>Koniec janu\u00e1ra 2023: Predlo\u017eenie \u017eiadosti Fondu pre kl\u00edmu a energiu<\/li>\n<li>Jar 2023: Schv\u00e1lenie KLAR! Na lodi Leithaberge<\/li>\n<li>J\u00fan 2023: Kick-off KLAR! Z\u00e1kladn\u00e1 skupina Am Leithaberge <\/li>\n<li>J\u00fal\/august 2023: Prijat\u00e1 zmluva\/vyhl\u00e1senie o prijat\u00ed<\/li>\n<li>August 2023: Prevent\u00edvna kontrola pr\u00edrodn\u00fdch riz\u00edk<\/li>\n<\/ul>\n<p>&nbsp;<\/p>\n<ul>\n<li>od septembra 2023: Predstavujeme KLAR! (ob\u010dania, \u0161koly, kluby&#8230;) <\/li>\n<li>Okt\u00f3ber 2023: Podujatie: Predstavte KLAR! + workshop o n\u00e1padoch <\/li>\n<li>okt\u00f3ber &#8211; november: prebieha workshop n\u00e1padov \/ n\u00e1pady od ob\u010danov<\/li>\n<li>November 2023: Podujatie: Prezent\u00e1cia KLAR! + workshop n\u00e1padov <\/li>\n<\/ul>\n<p>&nbsp;<\/p>\n<ul>\n<li>janu\u00e1r &#8211; marec 2024: Pl\u00e1novanie, organiz\u00e1cia podujat\u00ed<\/li>\n<li>marec, apr\u00edl, m\u00e1j 2024: Vypracovanie koncepcie implement\u00e1cie\n<ul>\n<li>Term\u00edny v obciach pre kontaktn\u00e9 miesta<\/li>\n<\/ul>\n<\/li>\n<\/ul>\n<p>&nbsp;<\/p>\n<ul>\n<li>Apr\u00edl 2024: Udalos\u0165: KLAR! Stretnutie \u010d. 01, Pr\u00edrodn\u00fd park P\u00fa\u0161\u0165 Mannersdorf <\/li>\n<li>Apr\u00edl 2024: Podujatie: Klimatick\u00fd kabaret, Trautmannsdorf an der Leitha<\/li>\n<li>Apr\u00edl 2024: Podujatie: Klimatick\u00fd kabaret, Au am Leithaberge<\/li>\n<li>Apr\u00edl 2024: Podujatie: Klimatick\u00fd kabaret, pr\u00edrodn\u00fd park Die W\u00fcste Mannersdorf<\/li>\n<li>Apr\u00edl 2024: Udalos\u0165: KLAR! Stretnutie \u010d. 01, Pr\u00edrodn\u00fd park P\u00fa\u0161\u0165 Mannersdorf <\/li>\n<\/ul>\n<p>&nbsp;<\/p>\n<ul>\n<li>od apr\u00edla : Podpora pre redizajn n\u00e1mestia 22erPlatz Mannersdorf, v\u00fdskumn\u00fd projekt<\/li>\n<li>j\u00fan, j\u00fal, august: Kontrola miest s pr\u00edrodou v z\u00e1hrade s cie\u013eom identifikova\u0165 miesta<\/li>\n<li>August &#8211; okt\u00f3ber: Prieskum stromov v obciach a umiestnenie nov\u00fdch stromov<\/li>\n<\/ul>\n<p>&nbsp;<\/p>\n<ul>\n<li>September 2024: Udalos\u0165. CLEAR! Stretnutie \u010d. 02, Hof am Leithaberge<\/li>\n<li>Okt\u00f3ber 2024: Redizajn n\u00e1mestia B\u00e4ckerteich, G\u00f6tzendorf<\/li>\n<li>November 2024: V\u00fdsadba z\u00e1hrady s ob\u010derstven\u00edm Hof am Leithaberge<\/li>\n<li>November 2024: De\u0148 \u017eiv\u00e9ho plota &#8211; Ed\u00edcia Pr\u00edrodn\u00fd park P\u00fa\u0161\u0165 Mannersdorf<\/li>\n<li>December 2024: Schv\u00e1lenie v\u00fdskumn\u00e9ho projektu MaDoKli v okol\u00ed n\u00e1mestia 22erPlatz Mannersdorf<\/li>\n<\/ul>\n<p>&nbsp;<\/p>\n<ul>\n<li>Apr\u00edl 2025: Dni kl\u00edmy na z\u00e1kladn\u00fdch \u0161kol\u00e1ch<\/li>\n<li>Apr\u00edl 2025: KLAR! Treff Special: Klimatick\u00e9 lesy a lu\u017en\u00e9 lesy <\/li>\n<li>M\u00e1j 2025: KLAR! Treff No3: Efekt\u00edvne vyu\u017e\u00edvanie vody <\/li>\n<li>M\u00e1j 2025: KLAR! Kult\u00fara s Martinou Parkerovou &#8211; \u010d\u00edtanie z\u00e1hradn\u00fdch thrillerov <\/li>\n<li>November 2025: KLAR! Treff No4: Stromy v z\u00e1hrade a v na\u0161ej obci <\/li>\n<\/ul>\n<p>[\/vc_column_text][\/vc_column][\/vc_row][vc_row][vc_column][vc_empty_space height=&#8220;60px&#8220;][\/vc_column][\/vc_row][vc_row][vc_column][vc_basic_grid post_type=&#8220;post&#8220; max_items=&#8220;12&#8243; item=&#8220;1149&#8243; grid_id=&#8220;vc_gid:1762786371778-05639aab-5817-9&#8243; taxonomies=&#8220;35&#8243;][\/vc_column][\/vc_row][vc_row][vc_column][vc_empty_space height=&#8220;60px&#8220;][\/vc_column][\/vc_row]<\/p>\n<\/section>","protected":false},"excerpt":{"rendered":"<p>[vc_row][vc_column][vc_empty_space height=&#8220;170px&#8220;][\/vc_column][\/vc_row][vc_row][vc_column][vc_column_text] Novinky a term\u00edny [\/vc_column_text][vc_empty_space height=&#8220;20px&#8220;][vc_column_text] V KLAR-e sa toho u\u017e ve\u013ea udialo! Am&#8230;<\/p>\n","protected":false},"author":1,"featured_media":0,"parent":2561,"menu_order":0,"comment_status":"closed","ping_status":"closed","template":"","meta":{"_acf_changed":false,"inline_featured_image":false,"footnotes":""},"class_list":["post-2573","page","type-page","status-publish","hentry"],"acf":[],"_links":{"self":[{"href":"https:\/\/www.energiepark.at\/sk\/wp-json\/wp\/v2\/pages\/2573","targetHints":{"allow":["GET"]}}],"collection":[{"href":"https:\/\/www.energiepark.at\/sk\/wp-json\/wp\/v2\/pages"}],"about":[{"href":"https:\/\/www.energiepark.at\/sk\/wp-json\/wp\/v2\/types\/page"}],"author":[{"embeddable":true,"href":"https:\/\/www.energiepark.at\/sk\/wp-json\/wp\/v2\/users\/1"}],"replies":[{"embeddable":true,"href":"https:\/\/www.energiepark.at\/sk\/wp-json\/wp\/v2\/comments?post=2573"}],"version-history":[{"count":11,"href":"https:\/\/www.energiepark.at\/sk\/wp-json\/wp\/v2\/pages\/2573\/revisions"}],"predecessor-version":[{"id":8805,"href":"https:\/\/www.energiepark.at\/sk\/wp-json\/wp\/v2\/pages\/2573\/revisions\/8805"}],"up":[{"embeddable":true,"href":"https:\/\/www.energiepark.at\/sk\/wp-json\/wp\/v2\/pages\/2561"}],"wp:attachment":[{"href":"https:\/\/www.energiepark.at\/sk\/wp-json\/wp\/v2\/media?parent=2573"}],"curies":[{"name":"wp","href":"https:\/\/api.w.org\/{rel}","templated":true}]}}