{"id":2615,"date":"2023-12-07T13:47:16","date_gmt":"2023-12-07T12:47:16","guid":{"rendered":"https:\/\/www.energiepark.at\/setpage-clear-na-lodi-leithaberge\/region\/"},"modified":"2026-03-03T15:44:03","modified_gmt":"2026-03-03T14:44:03","slug":"region","status":"publish","type":"page","link":"https:\/\/www.energiepark.at\/sk\/setpage-clear-na-lodi-leithaberge\/region\/","title":{"rendered":"Regi\u00f3n"},"content":{"rendered":"<section class=\"wpb-content-wrapper\"><p>[vc_row][vc_column][vc_empty_space height=&#8220;170px&#8220;][\/vc_column][\/vc_row][vc_row][vc_column][vc_column_text]<\/p>\n<h2 style=\"text-align: center;\">Regi\u00f3n. CLEAR! Na lodi Leithaberge<\/h2>\n<p>[\/vc_column_text][vc_empty_space height=&#8220;20px&#8220;][vc_column_text]<\/p>\n<p style=\"text-align: center;\">Au am Leithaberge, G\u00f6tzendorf, Hof am Leithaberge, Mannersdorf am Leithagebirge a Trautmannsdorf an der Leitha<\/p>\n<p>[\/vc_column_text][\/vc_column][\/vc_row][vc_row][vc_column][vc_empty_space height=&#8220;60px&#8220;][\/vc_column][\/vc_row][vc_row gap=&#8220;25&#8243;][vc_column width=&#8220;1\/2&#8243;][vc_empty_space][vc_column_text]<\/p>\n<h2>Na\u0161e poslanie!<\/h2>\n<p>[\/vc_column_text][vc_empty_space][vc_column_text]P\u00e4\u0165 obc\u00ed &#8211; jeden cie\u013e: bojova\u0165 proti d\u00f4sledkom zmeny kl\u00edmy. Zalo\u017een\u00edm organiz\u00e1cie KLAR! Am Leithaberge bol dan\u00fd jasn\u00fd sign\u00e1l.  <\/p>\n<p>CLEAR! Am Leithaberge = t\u00fdchto p\u00e4\u0165 (trhov\u00fdch) obc\u00ed: Au am Leithaberge 951 obyvate\u013eov G\u00f6tzendorf an der Leitha 2 147 obyvate\u013eov Hof am Leithaberge 1 592 obyvate\u013eov Mannersdorf am Leithagebirge 4 110 obyvate\u013eov Trautmannsdorf an der Leitha 3 005 obyvate\u013eov[\/vc_column_text][\/vc_column][vc_column width=&#8220;1\/2&#8243;][vc_single_image image=&#8220;4283&#8243; img_size=&#8220;full&#8220;][\/vc_column][\/vc_row][vc_row][vc_column][vc_empty_space height=&#8220;60px&#8220;][\/vc_column][\/vc_row][vc_row gap=&#8220;25&#8243;][vc_column width=&#8220;1\/2&#8243;][vc_single_image image=&#8220;4438&#8243; img_size=&#8220;full&#8220;][\/vc_column][vc_column width=&#8220;1\/2&#8243;][vc_empty_space][vc_column_text]<\/p>\n<h2>CLEAR! \u010co sa za t\u00fdm skr\u00fdva?<\/h2>\n<p>[\/vc_column_text][vc_empty_space][vc_column_text]Za n\u00e1zvom KLAR! sa skr\u00fdva zmyslupln\u00fd program: obce dost\u00e1vaj\u00fa pr\u00edle\u017eitos\u0165 pripravi\u0165 sa na zmenu kl\u00edmy. Fond pre kl\u00edmu a energiu podporuje rak\u00faske regi\u00f3ny pri minimaliz\u00e1cii \u0161k\u00f4d sp\u00f4soben\u00fdch d\u00f4sledkami zmeny kl\u00edmy a pri vyu\u017e\u00edvan\u00ed pr\u00edle\u017eitost\u00ed, ktor\u00e9 z toho vypl\u00fdvaj\u00fa. V r\u00e1mci programu KLAR! (<strong>Cl<\/strong>.<strong>a<\/strong>prisp\u00f4sobenie<strong>r<\/strong>regi\u00f3nu), je pre dan\u00fd regi\u00f3n vypracovan\u00e1 koncepcia, ktor\u00e1 vopred zoh\u013ead\u0148uje &#8211; aj za \u00fa\u010dasti ob\u010danov obc\u00ed, \u017eiakov \u0161k\u00f4l&#8230; &#8211; a ktor\u00e9 opatrenia mo\u017eno prija\u0165 na minimaliz\u00e1ciu negat\u00edvnych d\u00f4sledkov zmeny kl\u00edmy. Info KLAR! program    &gt;&gt;<\/p>\n<p><a href=\"https:\/\/klar-anpassungsregionen.at\/regionen\/klar-am-leithaberge\">https:\/\/klar-anpassungsregionen.at\/regionen\/klar-am-leithaberge<\/a>[\/vc_column_text][vc_column_text][\/vc_column_text][\/vc_column][\/vc_row][vc_row][vc_column][vc_empty_space height=&#8220;60px&#8220;][\/vc_column][\/vc_row][vc_row gap=&#8220;25&#8243;][vc_column width=&#8220;1\/2&#8243;][vc_empty_space][vc_column_text]<\/p>\n<h2>Pripraven\u00e9 a prisp\u00f4soben\u00e9 klimatick\u00fdm podmienkam<\/h2>\n<p>[\/vc_column_text][vc_empty_space][vc_column_text]Aby sme zostali miestom, kde sa oplat\u00ed \u017ei\u0165. P\u00e4\u0165 obc\u00ed sa chce spolo\u010dne pripravi\u0165 a n\u00e1js\u0165 rie\u0161enia. S\u00fa vyzvan\u00e9, aby z dlhodob\u00e9ho h\u013eadiska zabezpe\u010dili vysok\u00fa kvalitu \u017eivota, preto\u017ee teplotn\u00e9 extr\u00e9my, sucho &#8230; n\u00e1s tu u\u017e ovplyv\u0148uj\u00fa. Spolo\u010dn\u00e9 rozv\u00edjanie n\u00e1padov, spolo\u010dn\u00e9 h\u013eadanie a realiz\u00e1cia rie\u0161en\u00ed, vyu\u017e\u00edvanie synergi\u00ed je pre adapt\u00e1ciu na zmenu kl\u00edmy cenn\u00e9.[\/vc_column_text][\/vc_column][vc_column width=&#8220;1\/2&#8243;][vc_single_image image=&#8220;4435&#8243; img_size=&#8220;full&#8220;][\/vc_column][\/vc_row]<\/p>\n<\/section>","protected":false},"excerpt":{"rendered":"<p>[vc_row][vc_column][vc_empty_space height=&#8220;170px&#8220;][\/vc_column][\/vc_row][vc_row][vc_column][vc_column_text] Regi\u00f3n. CLEAR! Na lodi Leithaberge [\/vc_column_text][vc_empty_space height=&#8220;20px&#8220;][vc_column_text] Au am Leithaberge, G\u00f6tzendorf, Hof am&#8230;<\/p>\n","protected":false},"author":1,"featured_media":0,"parent":2561,"menu_order":0,"comment_status":"closed","ping_status":"closed","template":"","meta":{"_acf_changed":false,"inline_featured_image":false,"footnotes":""},"class_list":["post-2615","page","type-page","status-publish","hentry"],"acf":[],"_links":{"self":[{"href":"https:\/\/www.energiepark.at\/sk\/wp-json\/wp\/v2\/pages\/2615","targetHints":{"allow":["GET"]}}],"collection":[{"href":"https:\/\/www.energiepark.at\/sk\/wp-json\/wp\/v2\/pages"}],"about":[{"href":"https:\/\/www.energiepark.at\/sk\/wp-json\/wp\/v2\/types\/page"}],"author":[{"embeddable":true,"href":"https:\/\/www.energiepark.at\/sk\/wp-json\/wp\/v2\/users\/1"}],"replies":[{"embeddable":true,"href":"https:\/\/www.energiepark.at\/sk\/wp-json\/wp\/v2\/comments?post=2615"}],"version-history":[{"count":9,"href":"https:\/\/www.energiepark.at\/sk\/wp-json\/wp\/v2\/pages\/2615\/revisions"}],"predecessor-version":[{"id":10371,"href":"https:\/\/www.energiepark.at\/sk\/wp-json\/wp\/v2\/pages\/2615\/revisions\/10371"}],"up":[{"embeddable":true,"href":"https:\/\/www.energiepark.at\/sk\/wp-json\/wp\/v2\/pages\/2561"}],"wp:attachment":[{"href":"https:\/\/www.energiepark.at\/sk\/wp-json\/wp\/v2\/media?parent=2615"}],"curies":[{"name":"wp","href":"https:\/\/api.w.org\/{rel}","templated":true}]}}