{"id":2623,"date":"2023-12-07T13:48:00","date_gmt":"2023-12-07T12:48:00","guid":{"rendered":"https:\/\/www.energiepark.at\/setpage-clear-na-lodi-leithaberge\/kontakt\/"},"modified":"2026-03-03T15:43:59","modified_gmt":"2026-03-03T14:43:59","slug":"kontakt","status":"publish","type":"page","link":"https:\/\/www.energiepark.at\/sk\/setpage-clear-na-lodi-leithaberge\/kontakt\/","title":{"rendered":"Kontakt"},"content":{"rendered":"<section class=\"wpb-content-wrapper\"><p>[vc_row][vc_column][vc_empty_space height=&#8220;170px&#8220;][\/vc_column][\/vc_row][vc_row][vc_column][vc_column_text]<\/p>\n<h2 style=\"text-align: center;\">Kontakt<\/h2>\n<p>[\/vc_column_text][vc_empty_space height=&#8220;20px&#8220;][vc_column_text]<\/p>\n<p style=\"text-align: left;\">N\u00e1pady pre KLAR! Am Leithaberge alebo ak m\u00e1te ak\u00e9ko\u013evek ot\u00e1zky t\u00fdkaj\u00face sa programu, t\u00e9my &#8230; m\u00f4\u017eete ma kontaktova\u0165. Ob\u010dania, ktor\u00ed maj\u00fa z\u00e1ujem o intenz\u00edvnej\u0161ie zapojenie sa do pl\u00e1novania a realiz\u00e1cie programu, sa m\u00f4\u017eu obr\u00e1ti\u0165 aj na pr\u00edslu\u0161n\u00fa obec alebo na m\u0148a. V ka\u017edom pr\u00edpade vyz\u00fdvam ob\u010danov, aby sa informovali o jednotliv\u00fdch opatreniach a v niektor\u00fdch pr\u00edpadoch sa aj zapojili.   <\/p>\n<p>[\/vc_column_text][\/vc_column][\/vc_row][vc_row][vc_column][vc_empty_space height=&#8220;60px&#8220;][\/vc_column][\/vc_row][vc_row][vc_column width=&#8220;1\/2&#8243; align=&#8220;text-center&#8220;][vc_single_image image=&#8220;3516&#8243; img_size=&#8220;medium&#8220; style=&#8220;vc_box_circle_2&#8243;][vc_column_text]<\/p>\n<div class=\"wpb_column vc_column_container vc_col-sm-4 liquid-column-65e1c35b17a6c\">\n<div class=\"vc_column-inner\">\n<div class=\"wpb_wrapper \">\n<div class=\"wpb_wrapper-inner\">\n<div class=\"wpb_text_column wpb_content_element \">\n<div class=\"wpb_wrapper\">\n<p style=\"text-align: left;\"><strong>KLAR! mana\u017e\u00e9r DI Julia J\u00fcly<br \/>\n<\/strong><\/p>\n<\/div>\n<\/div>\n<p style=\"text-align: left;\">\n<\/div>\n<\/div>\n<\/div>\n<\/div>\n<div class=\"wpb_column vc_column_container vc_col-sm-4 liquid-column-65e1c35b17f1e\">\n<div class=\"vc_column-inner\">\n<div class=\"wpb_wrapper \">\n<div class=\"wpb_wrapper-inner\">\n<div class=\"wpb_text_column wpb_content_element \">\n<div class=\"wpb_wrapper\">\n<p style=\"text-align: left;\">+43 699 168 68 100<\/p>\n<p style=\"text-align: left;\"><strong>e-mail<\/strong><br \/>\n<a href=\"https:\/\/www.energiepark.at\/klar-amleithaberge\/die-region\/j.juely@energiepark.at\">j.juely@energiepark.at<\/a><\/p>\n<\/div>\n<\/div>\n<\/div>\n<\/div>\n<\/div>\n<\/div>\n<p>[\/vc_column_text][\/vc_column][vc_column width=&#8220;1\/2&#8243;][vc_media_grid element_width=&#8220;12&#8243; grid_id=&#8220;vc_gid:1712229780715-cfc02619-f2fc-8&#8243; include=&#8220;4283&#8243;][vc_column_text]<\/p>\n<div class=\"wpb_column vc_column_container vc_col-sm-4 liquid-column-65e1c35b17a6c\">\n<div class=\"vc_column-inner\">\n<div class=\"wpb_wrapper \">\n<div class=\"wpb_wrapper-inner\">\n<div class=\"wpb_text_column wpb_content_element \">\n<div class=\"wpb_wrapper\">\n<p><b>Z\u00e1kladn\u00fd t\u00edm KLAR! Na lodi Leithaberge<br \/>\n<\/b>(k okt\u00f3bru 2023)<\/p>\n<\/div>\n<\/div>\n<\/div>\n<\/div>\n<\/div>\n<\/div>\n<p>[\/vc_column_text][\/vc_column][\/vc_row]<\/p>\n<\/section>","protected":false},"excerpt":{"rendered":"<p>[vc_row][vc_column][vc_empty_space height=&#8220;170px&#8220;][\/vc_column][\/vc_row][vc_row][vc_column][vc_column_text] Kontakt [\/vc_column_text][vc_empty_space height=&#8220;20px&#8220;][vc_column_text] N\u00e1pady pre KLAR! Am Leithaberge alebo ak m\u00e1te ak\u00e9ko\u013evek ot\u00e1zky&#8230;<\/p>\n","protected":false},"author":1,"featured_media":0,"parent":2561,"menu_order":0,"comment_status":"closed","ping_status":"closed","template":"","meta":{"_acf_changed":false,"inline_featured_image":false,"footnotes":""},"class_list":["post-2623","page","type-page","status-publish","hentry"],"acf":[],"_links":{"self":[{"href":"https:\/\/www.energiepark.at\/sk\/wp-json\/wp\/v2\/pages\/2623","targetHints":{"allow":["GET"]}}],"collection":[{"href":"https:\/\/www.energiepark.at\/sk\/wp-json\/wp\/v2\/pages"}],"about":[{"href":"https:\/\/www.energiepark.at\/sk\/wp-json\/wp\/v2\/types\/page"}],"author":[{"embeddable":true,"href":"https:\/\/www.energiepark.at\/sk\/wp-json\/wp\/v2\/users\/1"}],"replies":[{"embeddable":true,"href":"https:\/\/www.energiepark.at\/sk\/wp-json\/wp\/v2\/comments?post=2623"}],"version-history":[{"count":4,"href":"https:\/\/www.energiepark.at\/sk\/wp-json\/wp\/v2\/pages\/2623\/revisions"}],"predecessor-version":[{"id":10353,"href":"https:\/\/www.energiepark.at\/sk\/wp-json\/wp\/v2\/pages\/2623\/revisions\/10353"}],"up":[{"embeddable":true,"href":"https:\/\/www.energiepark.at\/sk\/wp-json\/wp\/v2\/pages\/2561"}],"wp:attachment":[{"href":"https:\/\/www.energiepark.at\/sk\/wp-json\/wp\/v2\/media?parent=2623"}],"curies":[{"name":"wp","href":"https:\/\/api.w.org\/{rel}","templated":true}]}}