{"id":2631,"date":"2023-12-07T13:48:54","date_gmt":"2023-12-07T12:48:54","guid":{"rendered":"https:\/\/www.energiepark.at\/setpage-clear-na-lodi-leithaberge\/koncepcia-a-ciele\/"},"modified":"2026-03-03T16:38:50","modified_gmt":"2026-03-03T15:38:50","slug":"koncepcia-a-ciele","status":"publish","type":"page","link":"https:\/\/www.energiepark.at\/sk\/setpage-clear-na-lodi-leithaberge\/koncepcia-a-ciele\/","title":{"rendered":"Koncepcia a ciele"},"content":{"rendered":"<section class=\"wpb-content-wrapper\"><p>[vc_row][vc_column][vc_empty_space height=&#8220;170px&#8220;][\/vc_column][\/vc_row][vc_row][vc_column][vc_column_text]<\/p>\n<h2 style=\"text-align: center;\">Koncepcia a ciele<\/h2>\n<p>[\/vc_column_text][vc_empty_space height=&#8220;20px&#8220;][vc_column_text]<\/p>\n<p style=\"text-align: center;\">CLEAR! Am Leithaberge vo f\u00e1ze implement\u00e1cie &#8211; vstupy my\u0161lienok zabalen\u00e9 do opatren\u00ed, vypracovan\u00e9 do koncepcie implement\u00e1cie. Za\u010dalo sa pl\u00e1novanie a realiz\u00e1cia opatren\u00ed. <\/p>\n<p>[\/vc_column_text][\/vc_column][\/vc_row][vc_row][vc_column][vc_empty_space height=&#8220;60px&#8220;][\/vc_column][\/vc_row][vc_row gap=&#8220;25&#8243;][vc_column width=&#8220;1\/2&#8243;][vc_empty_space][vc_column_text]<\/p>\n<h2>Vypracovan\u00e1 koncepcia implement\u00e1cie. Za\u010dala sa f\u00e1za implement\u00e1cie. <\/h2>\n<p>[\/vc_column_text][vc_empty_space][vc_column_text]KLAR! Projekt Am Leithaberge je u\u017e vo f\u00e1ze realiz\u00e1cie.<\/p>\n<p>V lete 2023 sa po schv\u00e1len\u00ed financovania agent\u00farou za\u010dala intern\u00e1 f\u00e1za koncepcie. Po\u010das koncep\u010dnej f\u00e1zy na jese\u0148 2023 boli ob\u010dania piatich obc\u00ed informovan\u00ed o zmene kl\u00edmy, o projekte KLAR! programe, mo\u017en\u00fdch opatreniach v tomto regi\u00f3ne&#8230; a zapojili ich do projektu KLAR! semin\u00e1ra o n\u00e1padoch. Na jar 2024 nasledovali \u010fal\u0161ie podujatia, ktor\u00fdch cie\u013eom bolo poskytn\u00fa\u0165 inform\u00e1cie a podpori\u0165 \u00fa\u010das\u0165. Na jar bola vypracovan\u00e1 koncepcia realiz\u00e1cie. Na jar\/leto 2024 bol predlo\u017een\u00fd financuj\u00facej agent\u00fare a s\u00fabe\u017ene sa pripravovali prv\u00e9 implement\u00e1cie, aby sme na jese\u0148 2024 po schv\u00e1len\u00ed financovania mohli skuto\u010dne za\u010da\u0165.[\/vc_column_text][\/vc_column][vc_column width=&#8220;1\/2&#8243;][vc_single_image image=&#8220;4469&#8243; img_size=&#8220;full&#8220;][\/vc_column][\/vc_row][vc_row][vc_column][vc_empty_space height=&#8220;60px&#8220;][\/vc_column][\/vc_row][vc_row gap=&#8220;25&#8243;][vc_column width=&#8220;1\/2&#8243;][vc_single_image image=&#8220;4481&#8243; img_size=&#8220;full&#8220;][\/vc_column][vc_column width=&#8220;1\/2&#8243;][vc_empty_space][vc_column_text]<\/p>\n<h2>Workshop n\u00e1padov. Zapojenie ob\u010danov, \u017eiakov&#8230; <\/h2>\n<p>[\/vc_column_text][vc_empty_space][vc_column_text]V KLAR! V spolo\u010dnosti Leithaberge sa zameriavame na r\u00f4zne opatrenia, ktor\u00e9 sme presne definovali v koncepcii. Mnoh\u00e9 n\u00e1pady na tieto a \u010fal\u0161ie opatrenia sme z\u00edskali od ob\u010danov regi\u00f3nu na podujatiach na jese\u0148 2023. Je skvel\u00e9, \u017ee cenn\u00e9 podnety poskytli a na\u010falej poskytuj\u00fa aj \u0161koly a ich \u017eiaci.  <\/p>\n<p>&#8222;V\u00fdznam ochrany kl\u00edmy a prisp\u00f4sobovania sa zmene kl\u00edmy by sa mal zd\u00f4raz\u0148ova\u0165 prostredn\u00edctvom kampan\u00ed KLAR!, aby sa do nich zapojilo ve\u013ea \u013eud\u00ed. Na jednej strane prostredn\u00edctvom inform\u00e1ci\u00ed, na druhej strane prostredn\u00edctvom konkr\u00e9tnej realiz\u00e1cie. Je pre n\u00e1s d\u00f4le\u017eit\u00e9, aby sme zapojili najr\u00f4znej\u0161ie cie\u013eov\u00e9 skupiny. A prezentova\u0165 t\u00fato t\u00e9mu r\u00f4znymi sp\u00f4sobmi. KLAR! Mana\u017e\u00e9rka Julia J\u00fcly v mene v\u0161etk\u00fdch obc\u00ed.[\/vc_column_text][\/vc_column][\/vc_row][vc_row][vc_column][vc_empty_space height=&#8220;60px&#8220;][\/vc_column][\/vc_row][vc_row gap=&#8220;25&#8243;][vc_column width=&#8220;1\/2&#8243;][vc_empty_space][vc_column_text]<\/p>\n<h2>Opatrenia v koncepcii implement\u00e1cie<\/h2>\n<p>[\/vc_column_text][vc_empty_space][vc_column_text]Implementa\u010dn\u00e1 f\u00e1za projektu KLAR! Am Leithaberge sa za\u010dala v lete 2024.  V KLAR! Akcie a podujatia na tieto t\u00e9my s\u00fa napl\u00e1novan\u00e9 v Leithaberge&#8230;<\/p>\n<ul>\n<li>Miestny rozvoj v s\u00favislosti so zmenou kl\u00edmy<\/li>\n<li>Zelen\u00e9 okolie \u0161etrn\u00e9 ku kl\u00edme (vetrolam&#8230;)<\/li>\n<li>KlimaFIT v pohybe (tienenie existuj\u00facich cyklotr\u00e1s a chodn\u00edkov)<\/li>\n<li>Vo\u013eno\u010dasov\u00e9 zariadenia s kl\u00edmou plus (klimatick\u00e9 vo\u013eno\u010dasov\u00e9 a \u0161portov\u00e9 zariadenia&#8230;)<\/li>\n<li>Stromy v osad\u00e1ch (prieskum, v\u00fdber lokality, rozmanitos\u0165&#8230;)<\/li>\n<li>KLAR!es voda (pitn\u00e1 voda a hospod\u00e1renie s da\u017e\u010fovou vodou&#8230;)<\/li>\n<li>Bud\u00face pole a les (informa\u010dn\u00e9 podujatia &#8230;)<\/li>\n<li>Pl\u00e1n KLAR!er v pr\u00edpade mimoriadnej udalosti (klimatick\u00e9 n\u00fadzov\u00e9 situ\u00e1cie)<\/li>\n<li>Stinn\u00e9 zelen\u00e9 n\u00e1mestia a ulice<\/li>\n<li>Energetick\u00e9 koncepty s bud\u00facnos\u0165ou<\/li>\n<li>Opatrenia na zv\u00fd\u0161enie informovanosti<br \/>\n(zapojenie ob\u010danov, \u0161k\u00f4l, zdru\u017een\u00ed&#8230;)<\/li>\n<\/ul>\n<p>Koncepcia implement\u00e1cie a opis opatren\u00ed sa nach\u00e1dza <a href=\"https:\/\/www.energiepark.at\/wp-content\/uploads\/2025\/01\/241009_Umsetzungskonzept_KLAR-Am-Leithaberge_RundumMassnahmen_FINAL_nachgebessertM7x_Optimized.pdf\"><span style=\"color: #339966;\"><u>tu<\/u><\/span> <\/a>n\u00e1jdete tu.<\/p>\n<p>Adapt\u00e1cia na zmenu kl\u00edmy je jednou z mnoh\u00fdch \u00faloh v obciach. V KLAR! V Leithaberge sa uznalo, \u017ee patr\u00ed na prv\u00e9 miesto v zozname prior\u00edt. Spolo\u010dn\u00fd v\u00fdvoj a realiz\u00e1cia n\u00e1padov a vyu\u017e\u00edvanie synergi\u00ed s\u00fa cenn\u00e9.[\/vc_column_text][\/vc_column][vc_column width=&#8220;1\/2&#8243;][vc_empty_space height=&#8220;200px&#8220;][vc_single_image image=&#8220;4472&#8243; img_size=&#8220;full&#8220;][\/vc_column][\/vc_row]<\/p>\n<\/section>","protected":false},"excerpt":{"rendered":"<p>[vc_row][vc_column][vc_empty_space height=&#8220;170px&#8220;][\/vc_column][\/vc_row][vc_row][vc_column][vc_column_text] Koncepcia a ciele [\/vc_column_text][vc_empty_space height=&#8220;20px&#8220;][vc_column_text] CLEAR! Am Leithaberge vo f\u00e1ze implement\u00e1cie &#8211; vstupy&#8230;<\/p>\n","protected":false},"author":1,"featured_media":0,"parent":2561,"menu_order":0,"comment_status":"closed","ping_status":"closed","template":"","meta":{"_acf_changed":false,"inline_featured_image":false,"footnotes":""},"class_list":["post-2631","page","type-page","status-publish","hentry"],"acf":[],"_links":{"self":[{"href":"https:\/\/www.energiepark.at\/sk\/wp-json\/wp\/v2\/pages\/2631","targetHints":{"allow":["GET"]}}],"collection":[{"href":"https:\/\/www.energiepark.at\/sk\/wp-json\/wp\/v2\/pages"}],"about":[{"href":"https:\/\/www.energiepark.at\/sk\/wp-json\/wp\/v2\/types\/page"}],"author":[{"embeddable":true,"href":"https:\/\/www.energiepark.at\/sk\/wp-json\/wp\/v2\/users\/1"}],"replies":[{"embeddable":true,"href":"https:\/\/www.energiepark.at\/sk\/wp-json\/wp\/v2\/comments?post=2631"}],"version-history":[{"count":13,"href":"https:\/\/www.energiepark.at\/sk\/wp-json\/wp\/v2\/pages\/2631\/revisions"}],"predecessor-version":[{"id":10544,"href":"https:\/\/www.energiepark.at\/sk\/wp-json\/wp\/v2\/pages\/2631\/revisions\/10544"}],"up":[{"embeddable":true,"href":"https:\/\/www.energiepark.at\/sk\/wp-json\/wp\/v2\/pages\/2561"}],"wp:attachment":[{"href":"https:\/\/www.energiepark.at\/sk\/wp-json\/wp\/v2\/media?parent=2631"}],"curies":[{"name":"wp","href":"https:\/\/api.w.org\/{rel}","templated":true}]}}