{"id":3389,"date":"2024-02-08T12:43:13","date_gmt":"2024-02-08T12:43:13","guid":{"rendered":"https:\/\/www.energiepark.at\/konzultacny-den-o-energetike\/"},"modified":"2024-02-14T14:47:04","modified_gmt":"2024-02-14T14:47:04","slug":"konzultacny-den-o-energetike","status":"publish","type":"page","link":"https:\/\/www.energiepark.at\/sk\/konzultacny-den-o-energetike\/","title":{"rendered":"Konzulta\u010dn\u00fd de\u0148 o energetike"},"content":{"rendered":"<section class=\"wpb-content-wrapper\"><p>[vc_row css=&#8220;.vc_custom_1692790228983{background-image: url(https:\/\/www.energiepark.at\/wp-content\/uploads\/2023\/08\/AK_8594.jpg?id=337) !important;background-position: center !important;background-repeat: no-repeat !important;background-size: cover !important;}&#8220; el_class=&#8220;headerbildbereich&#8220;][vc_column align=&#8220;text-center&#8220; el_class=&#8220;headerbereich&#8220;][vc_empty_space height=&#8220;300px&#8220;][vc_column_text el_class=&#8220;headlinerindex&#8220;]<\/p>\n<h1>Bud\u00facnos\u0165 regi\u00f3nu<br \/>\nv oblasti obnovite\u013en\u00fdch zdrojov energie<\/h1>\n<p>[\/vc_column_text][vc_column_text el_class=&#8220;schmuck&#8220; css=&#8220;.vc_custom_1692790204666{margin-top: -130px !important;}&#8220;]<\/p>\n<p style=\"text-align: center;\"><span style=\"color: #f29400;\"><span style=\"caret-color: #f29400;\">Prehliadky so sprievodcom<\/span><\/span><\/p>\n<p>[\/vc_column_text][vc_single_image image=&#8220;252&#8243; img_size=&#8220;full&#8220; alignment=&#8220;right&#8220; el_class=&#8220;svgtopper&#8220;][vc_empty_space height=&#8220;150px&#8220;][\/vc_column][\/vc_row][vc_row gap=&#8220;30&#8243;][vc_column width=&#8220;2\/3&#8243; css=&#8220;.vc_custom_1696312061648{margin-left: -20px !important;padding-left: 20px !important;}&#8220; el_class=&#8220;schmuckmobiltwo&#8220;][vc_empty_space height=&#8220;120px&#8220;][vc_column_text el_class=&#8220;headlinerindex&#8220;]<\/p>\n<h1>Konzulta\u010dn\u00fd de\u0148 o energetike<br \/>\nv energetickom parku Bruck\/Leitha<\/h1>\n<p>[\/vc_column_text][vc_column_text el_class=&#8220;schmuck&#8220; css=&#8220;.vc_custom_1707746585178{margin-top: -240px !important;margin-left: -240px !important;}&#8220;]<\/p>\n<p style=\"text-align: center;\"><span style=\"color: #f29400;\"><span style=\"caret-color: #f29400;\">Jednoducho viac<br \/>\nPoradenstvo<\/span><\/span><\/p>\n<p>[\/vc_column_text][vc_empty_space height=&#8220;40px&#8220;][vc_column_text]<\/p>\n<p style=\"font-weight: 400;\">Rezervujte si term\u00edn na<span class=\"apple-converted-space\"> <\/span><b>na energetick\u00fd konzulta\u010dn\u00fd de\u0148 v kancel\u00e1rii Energiepark Bruck\/Leitha (Fischamender Stra\u00dfe 12a, 2460 Bruck\/Leitha<\/b>)! Energetick\u00fd poradca DI Ralf Roggenbauer je pripraven\u00fd odpoveda\u0165 na va\u0161e ot\u00e1zky t\u00fdkaj\u00face sa zatep\u013eovania, v\u00fdmeny okien a vykurovania, fotovoltaiky a akumul\u00e1cie a spolo\u010denstiev vyu\u017e\u00edvaj\u00facich obnovite\u013en\u00e9 zdroje energie.<\/p>\n<p style=\"font-weight: 400;\">Poradenstvo je pre v\u0161etk\u00fdch \u00fa\u010dastn\u00edkov bezplatn\u00e9. Prineste si so sebou posledn\u00e9 ro\u010dn\u00e9 vy\u00fa\u010dtovanie za elektrinu a energie, ako aj pl\u00e1n domu.<\/p>\n<p style=\"font-weight: 400;\">Ak sa nem\u00f4\u017eete z\u00fa\u010dastni\u0165 na rezervovanom stretnut\u00ed, ozn\u00e1mte n\u00e1m to \u010do najsk\u00f4r.<\/p>\n<p>[\/vc_column_text][\/vc_column][vc_column width=&#8220;1\/3&#8243;]<style>.ld_spacer_69f1f74cce670{height:50px;}@media (min-width: 768px) { .ld_spacer_69f1f74cce670{height:120px};}@media (min-width: 992px) { .ld_spacer_69f1f74cce670{height:120px};}@media (min-width: 1200px) { .ld_spacer_69f1f74cce670{height:120px};}<\/style>\n<div class=\"ld-empty-space ld_spacer_69f1f74cce670\"><span class=\"liquid_empty_space_inner\"><\/span><\/div>[vc_single_image image=&#8220;3437&#8243; img_size=&#8220;medium&#8220; alignment=&#8220;center&#8220; css=&#8220;.vc_custom_1707749321751{border-radius: 25px !important;}&#8220; el_class=&#8220;roundedimage&#8220; title=&#8220;Ralf Roggenbauer&#8220;][\/vc_column][\/vc_row][vc_row][vc_column][vc_empty_space height=&#8220;40px&#8220;][\/vc_column][\/vc_row][vc_row][vc_column width=&#8220;1\/4&#8243;][\/vc_column][vc_column width=&#8220;1\/2&#8243; enable_column_shadowbox=&#8220;yes&#8220; css=&#8220;.vc_custom_1706889319614{padding-top: 30px !important;padding-right: 30px !important;padding-bottom: 30px !important;padding-left: 30px !important;background-color: #ffffff !important;}&#8220; column_box_shadow=&#8220;%5B%7B%22x_offset%22%3A%220px%22%2C%22y_offset%22%3A%220px%22%2C%22blur_radius%22%3A%2215px%22%2C%22spread_radius%22%3A%220px%22%2C%22shadow_color%22%3A%22rgba(0%2C%200%2C%200%2C%200.09)%22%7D%5D&#8220;][vc_column_text]<\/p>\n<p style=\"text-align: center;\"><strong><span style=\"font-size: 32px;\">Dohodnite si sch\u00f4dzku priamo teraz<\/span><\/strong><\/p>\n<p>[\/vc_column_text][vc_empty_space height=&#8220;20px&#8220;][vc_column_text]<!--\nPlugin Name: Bookly \u2013 Responsive WordPress Appointment Booking and Scheduling Plugin\nPlugin URI: https:\/\/www.booking-wp-plugin.com\/?utm_source=bookly_admin&utm_medium=plugins_page&utm_campaign=plugins_page\nVersion: 24.9-->\n<style type=\"text\/css\">\n    :root {\n        --bookly-main-color: #f29400 !important;\n        --bookly-color: #f29400 !important;\n    }\n\n    <\/style><div class=\"bookly-css-root\">\n    <div id=\"bookly-form-69f1f74ccec70\" class=\"bookly-form\" data-form_id=\"69f1f74ccec70\" aria-live=\"polite\">\n        <div style=\"text-align: center\"><img decoding=\"async\" src=\"https:\/\/www.energiepark.at\/wp-includes\/js\/tinymce\/skins\/lightgray\/img\/loader.gif\" alt=\"Loading...\"\/><\/div>\n    <\/div>\n<\/div>\n<script type=\"text\/javascript\">\n    (function (win, fn) {\n        var done = false, top = true,\n            doc = win.document,\n            root = doc.documentElement,\n            modern = doc.addEventListener,\n            add = modern ? 'addEventListener' : 'attachEvent',\n            rem = modern ? 'removeEventListener' : 'detachEvent',\n            pre = modern ? '' : 'on',\n            init = function (e) {\n                if (e.type == 'readystatechange') if (doc.readyState != 'complete') return;\n                (e.type == 'load' ? win : doc)[rem](pre + e.type, init, false);\n                if (!done) {\n                    done = true;\n                    fn.call(win, e.type || e);\n                }\n            },\n            poll = function () {\n                try {\n                    root.doScroll('left');\n                } catch (e) {\n                    setTimeout(poll, 50);\n                    return;\n                }\n                init('poll');\n            };\n        if (doc.readyState == 'complete') fn.call(win, 'lazy');\n        else {\n            if (!modern) if (root.doScroll) {\n                try {\n                    top = !win.frameElement;\n                } catch (e) {\n                }\n                if (top) poll();\n            }\n            doc[add](pre + 'DOMContentLoaded', init, false);\n            doc[add](pre + 'readystatechange', init, false);\n            win[add](pre + 'load', init, false);\n        }\n    })(window, function () {\n        window.bookly( {\"form_id\":\"69f1f74ccec70\",\"status\":{\"booking\":\"new\"},\"skip_steps\":{\"service_part1\":1,\"service_part2\":1,\"extras\":1,\"time\":0,\"repeat\":1,\"cart\":1},\"errors\":{\"session_error\":\"Session error.\",\"form_id_error\":\"Form ID error.\",\"cart_item_not_available\":\"Die eingestellte Zeit ist nicht mehr vorhanden. Bitte w\\u00e4hlen Sie ein anderes Zeitfenster\\n.\",\"pay_locally_not_available\":\"Pay locally is not available.\",\"invalid_gateway\":\"Invalid gateway.\",\"payment_error\":\"Error.\",\"incorrect_username_password\":\"Nespr\\u00e1vne pou\\u017e\\u00edvate\\u013esk\\u00e9 meno alebo heslo.\"},\"form_attributes\":{\"hide_categories\":true,\"hide_services\":true,\"hide_staff_members\":true,\"show_number_of_persons\":false,\"hide_service_duration\":true,\"hide_locations\":true,\"hide_quantity\":true,\"hide_date\":true,\"hide_week_days\":true,\"hide_time_range\":true,\"const_category_id\":-1},\"use_client_time_zone\":0,\"defaults\":{\"service_id\":5,\"staff_id\":0,\"location_id\":0,\"category_id\":-1},\"datepicker_mode\":\"text-accent\",\"facebook\":{\"enabled\":0,\"appId\":\"\"}} );\n    });\n<\/script>[\/vc_column_text][\/vc_column][vc_column width=&#8220;1\/4&#8243;][\/vc_column][\/vc_row][vc_row][vc_column][vc_empty_space height=&#8220;120px&#8220;][\/vc_column][\/vc_row]<\/p>\n<\/section>","protected":false},"excerpt":{"rendered":"<p>[vc_row css=&#8220;.vc_custom_1692790228983{background-image: url(https:\/\/www.energiepark.at\/wp-content\/uploads\/2023\/08\/AK_8594.jpg?id=337) !important;background-position: center !important;background-repeat: no-repeat !important;background-size: cover !important;}&#8220; el_class=&#8220;headerbildbereich&#8220;][vc_column align=&#8220;text-center&#8220; el_class=&#8220;headerbereich&#8220;][vc_empty_space height=&#8220;300px&#8220;][vc_column_text el_class=&#8220;headlinerindex&#8220;]&#8230;<\/p>\n","protected":false},"author":1,"featured_media":0,"parent":0,"menu_order":0,"comment_status":"closed","ping_status":"closed","template":"","meta":{"_acf_changed":false,"inline_featured_image":false,"footnotes":""},"class_list":["post-3389","page","type-page","status-publish","hentry"],"acf":[],"_links":{"self":[{"href":"https:\/\/www.energiepark.at\/sk\/wp-json\/wp\/v2\/pages\/3389","targetHints":{"allow":["GET"]}}],"collection":[{"href":"https:\/\/www.energiepark.at\/sk\/wp-json\/wp\/v2\/pages"}],"about":[{"href":"https:\/\/www.energiepark.at\/sk\/wp-json\/wp\/v2\/types\/page"}],"author":[{"embeddable":true,"href":"https:\/\/www.energiepark.at\/sk\/wp-json\/wp\/v2\/users\/1"}],"replies":[{"embeddable":true,"href":"https:\/\/www.energiepark.at\/sk\/wp-json\/wp\/v2\/comments?post=3389"}],"version-history":[{"count":14,"href":"https:\/\/www.energiepark.at\/sk\/wp-json\/wp\/v2\/pages\/3389\/revisions"}],"predecessor-version":[{"id":3471,"href":"https:\/\/www.energiepark.at\/sk\/wp-json\/wp\/v2\/pages\/3389\/revisions\/3471"}],"wp:attachment":[{"href":"https:\/\/www.energiepark.at\/sk\/wp-json\/wp\/v2\/media?parent=3389"}],"curies":[{"name":"wp","href":"https:\/\/api.w.org\/{rel}","templated":true}]}}