{"id":7991,"date":"2024-07-22T12:22:26","date_gmt":"2024-07-22T10:22:26","guid":{"rendered":"https:\/\/www.energiepark.at\/vzdelavanie-a-vyskum\/vyskumna-nadacia\/"},"modified":"2026-02-16T09:38:20","modified_gmt":"2026-02-16T08:38:20","slug":"vyskumna-nadacia","status":"publish","type":"page","link":"https:\/\/www.energiepark.at\/sk\/vzdelavanie-a-vyskum\/vyskumna-nadacia\/","title":{"rendered":"V\u00fdskumn\u00e1 nad\u00e1cia"},"content":{"rendered":"<section class=\"wpb-content-wrapper\"><p>[vc_row css=&#8220;.vc_custom_1692711864969{background-image: url(https:\/\/www.energiepark.at\/wp-content\/uploads\/2023\/08\/AK_8809.jpg?id=336) !important;background-position: center !important;background-repeat: no-repeat !important;background-size: cover !important;}&#8220; el_class=&#8220;headerbildbereich&#8220;][vc_column align=&#8220;text-center&#8220; el_class=&#8220;headerbereich&#8220;][vc_empty_space height=&#8220;300px&#8220;][vc_column_text el_class=&#8220;headlinerindex&#8220;]<\/p>\n<h1>Bud\u00facnos\u0165 je obnovite\u013en\u00e1!<\/h1>\n<p>[\/vc_column_text][vc_column_text el_class=&#8220;schmuck&#8220; css=&#8220;.vc_custom_1721643191520{margin-top: -130px !important;}&#8220;]<\/p>\n<p style=\"text-align: center;\"><span style=\"color: #f29400;\"><span style=\"caret-color: #f29400;\">V\u00fdskumn\u00e1 nad\u00e1cia Energy Park<\/span><\/span><\/p>\n<p>[\/vc_column_text][vc_single_image image=&#8220;252&#8243; img_size=&#8220;full&#8220; alignment=&#8220;right&#8220; el_class=&#8220;svgtopper&#8220;][vc_empty_space height=&#8220;150px&#8220;][\/vc_column][\/vc_row][vc_row gap=&#8220;30&#8243;][vc_column width=&#8220;2\/3&#8243; css=&#8220;.vc_custom_1696311218860{margin-left: -20px !important;padding-left: 20px !important;}&#8220; el_class=&#8220;schmuckmobiltwo&#8220;][vc_empty_space height=&#8220;120px&#8220;][vc_column_text el_class=&#8220;headlinerindex&#8220;]<\/p>\n<h1>V\u00fdskumn\u00e1 nad\u00e1cia: podpora inov\u00e1ci\u00ed a v\u00fdvoja<\/h1>\n<p>[\/vc_column_text][vc_column_text el_class=&#8220;schmuck&#8220; css=&#8220;.vc_custom_1721645561281{margin-top: -280px !important;margin-left: -240px !important;}&#8220;]<\/p>\n<p style=\"text-align: center;\"><span style=\"color: #f29400;\"><span style=\"caret-color: #f29400;\">S odbornos\u0165ou a v\u00e1\u0161\u0148ou<\/span><\/span><\/p>\n<p>[\/vc_column_text][vc_empty_space height=&#8220;80px&#8220;][vc_column_text]Vitajte vo V\u00fdskumnej nad\u00e1cii Energy Park!<\/p>\n<p>V\u00fdskumn\u00e1 nad\u00e1cia Energy Park podporuje inovat\u00edvne rie\u0161enia v oblasti obnovite\u013en\u00fdch zdrojov energie. Zalo\u017eila ju spolo\u010dnos\u0165 Energiepark Bruck\/Leitha a podporuje projekty na v\u00fdrobu, skladovanie a distrib\u00faciu energie. <\/p>\n<p>Nad\u00e1cia so s\u00eddlom v Brucku an der Leitha \u00fazko spolupracuje s vedou a priemyslom s cie\u013eom zdie\u013ea\u0165 poznatky a ur\u00fdchli\u0165 prechod na energetiku. Ude\u013euje \u0161tipendi\u00e1, v\u00fdskumn\u00e9 ceny a podporuje publik\u00e1cie s cie\u013eom podporova\u0165 talenty a rozv\u00edja\u0165 udr\u017eate\u013en\u00e9 rie\u0161enia. Zistite viac a podporte jej poslanie!  <\/p>\n<p>V roku 2025 nad\u00e1cia pre v\u00fdskum d\u00e1va nov\u00e9 impulzy: po prv\u00fdkr\u00e1t bola vyhl\u00e1sen\u00e1 <strong>cena LIMES, cena bud\u00facnosti za obnovite\u013en\u00fa energiu, ktor\u00e1<\/strong> bude udelen\u00e1 na sl\u00e1vnostnom ceremoni\u00e1li 17. okt\u00f3bra 2025. Viac inform\u00e1ci\u00ed n\u00e1jdete tu: <span style=\"color: #0000ff;\"><a style=\"color: #0000ff;\" href=\"https:\/\/www.forschungsstiftung.at\/limes-der-zukunftspreis-fuer-erneuerbare-energie\/\">https:\/\/www.forschungsstiftung.at\/limes-der-zukunftspreis-fuer-erneuerbare-energie\/<\/a><\/span><\/p>\n<p>To v\u0161ak nie je v\u0161etko: \u00fa\u010das\u0165ou v s\u00fa\u0165a\u017ei <strong>\u00d6GUT Environmental Award 2025<\/strong> udelila v\u00fdskumn\u00e1 nad\u00e1cia Energiepark u\u017e po druh\u00fdkr\u00e1t \u0161peci\u00e1lnu cenu za vynikaj\u00face environment\u00e1lne projekty. Ocenen\u00e9 projekty a v\u00ed\u0165azi boli predstaven\u00ed v novembri. <\/p>\n<p><strong>V \u00faspe\u0161nom pr\u00edbehu LIMES pokra\u010dujeme aj v roku 2026: v\u00fdzva na predkladanie n\u00e1vrhov pre 2. kolo je online. N\u00e1pady a projekty v oblasti obnovite\u013en\u00fdch zdrojov energie m\u00f4\u017eete predklada\u0165 do 1. j\u00fana 2026.  <\/strong><\/p>\n<p><a href=\"https:\/\/www.forschungsstiftung.at\/projekte\/forschungsprojekt-einreichen\/\"><strong>TU<\/strong><\/a> n\u00e1jdete v\u0161etky podrobnosti a priamu cestu k podaniu \u017eiadosti.[\/vc_column_text][\/vc_column][vc_column width=&#8220;1\/3&#8243;]<style>.ld_spacer_69e3e71651f33{height:50px;}@media (min-width: 768px) { .ld_spacer_69e3e71651f33{height:120px};}@media (min-width: 992px) { .ld_spacer_69e3e71651f33{height:120px};}@media (min-width: 1200px) { .ld_spacer_69e3e71651f33{height:120px};}<\/style>\n<div class=\"ld-empty-space ld_spacer_69e3e71651f33\"><span class=\"liquid_empty_space_inner\"><\/span><\/div>[vc_single_image image=&#8220;5326&#8243; img_size=&#8220;full&#8220; alignment=&#8220;center&#8220; onclick=&#8220;custom_link&#8220; link=&#8220;https:\/\/www.forschungsstiftung.at\/&#8220;][\/vc_column][\/vc_row][vc_row][vc_column][vc_empty_space height=&#8220;40px&#8220;][\/vc_column][\/vc_row]<\/p>\n<\/section>","protected":false},"excerpt":{"rendered":"<p>[vc_row css=&#8220;.vc_custom_1692711864969{background-image: url(https:\/\/www.energiepark.at\/wp-content\/uploads\/2023\/08\/AK_8809.jpg?id=336) !important;background-position: center !important;background-repeat: no-repeat !important;background-size: cover !important;}&#8220; el_class=&#8220;headerbildbereich&#8220;][vc_column align=&#8220;text-center&#8220; el_class=&#8220;headerbereich&#8220;][vc_empty_space height=&#8220;300px&#8220;][vc_column_text el_class=&#8220;headlinerindex&#8220;]&#8230;<\/p>\n","protected":false},"author":4,"featured_media":0,"parent":1592,"menu_order":4,"comment_status":"closed","ping_status":"closed","template":"","meta":{"_acf_changed":false,"inline_featured_image":false,"footnotes":""},"class_list":["post-7991","page","type-page","status-publish","hentry"],"acf":[],"_links":{"self":[{"href":"https:\/\/www.energiepark.at\/sk\/wp-json\/wp\/v2\/pages\/7991","targetHints":{"allow":["GET"]}}],"collection":[{"href":"https:\/\/www.energiepark.at\/sk\/wp-json\/wp\/v2\/pages"}],"about":[{"href":"https:\/\/www.energiepark.at\/sk\/wp-json\/wp\/v2\/types\/page"}],"author":[{"embeddable":true,"href":"https:\/\/www.energiepark.at\/sk\/wp-json\/wp\/v2\/users\/4"}],"replies":[{"embeddable":true,"href":"https:\/\/www.energiepark.at\/sk\/wp-json\/wp\/v2\/comments?post=7991"}],"version-history":[{"count":8,"href":"https:\/\/www.energiepark.at\/sk\/wp-json\/wp\/v2\/pages\/7991\/revisions"}],"predecessor-version":[{"id":9198,"href":"https:\/\/www.energiepark.at\/sk\/wp-json\/wp\/v2\/pages\/7991\/revisions\/9198"}],"up":[{"embeddable":true,"href":"https:\/\/www.energiepark.at\/sk\/wp-json\/wp\/v2\/pages\/1592"}],"wp:attachment":[{"href":"https:\/\/www.energiepark.at\/sk\/wp-json\/wp\/v2\/media?parent=7991"}],"curies":[{"name":"wp","href":"https:\/\/api.w.org\/{rel}","templated":true}]}}