{"id":8364,"date":"2025-09-17T10:42:30","date_gmt":"2025-09-17T08:42:30","guid":{"rendered":"https:\/\/www.energiepark.at\/termograficke-meranie-kem-carnuntum\/"},"modified":"2025-11-11T15:48:53","modified_gmt":"2025-11-11T14:48:53","slug":"termograficke-meranie-kem-carnuntum","status":"publish","type":"page","link":"https:\/\/www.energiepark.at\/sk\/termograficke-meranie-kem-carnuntum\/","title":{"rendered":"Termografick\u00e9 meranie KEM Carnuntum"},"content":{"rendered":"<section class=\"wpb-content-wrapper\"><p>[vc_row css=&#8220;.vc_custom_1692790228983{background-image: url(https:\/\/www.energiepark.at\/wp-content\/uploads\/2023\/08\/AK_8594.jpg?id=337) !important;background-position: center !important;background-repeat: no-repeat !important;background-size: cover !important;}&#8220; el_class=&#8220;headerbildbereich&#8220;][vc_column align=&#8220;text-center&#8220; el_class=&#8220;headerbereich&#8220;][vc_empty_space height=&#8220;300px&#8220;][vc_column_text el_class=&#8220;headlinerindex&#8220;]<\/p>\n<h1>Bud\u00facnos\u0165 regi\u00f3nu<br \/>\nv obnovite\u013en\u00fdch zdrojoch energie<\/h1>\n<p>[\/vc_column_text][vc_column_text el_class=&#8220;schmuck&#8220; css=&#8220;.vc_custom_1749548684160{margin-top: -130px !important;}&#8220;]<\/p>\n<p style=\"text-align: center;\"><span style=\"color: #f29400;\"><span style=\"caret-color: #f29400;\">Konzult\u00e1cie<\/span><\/span><\/p>\n<p>[\/vc_column_text][vc_single_image image=&#8220;252&#8243; img_size=&#8220;full&#8220; alignment=&#8220;right&#8220; el_class=&#8220;svgtopper&#8220;][vc_empty_space height=&#8220;150px&#8220;][\/vc_column][\/vc_row][vc_row gap=&#8220;30&#8243;][vc_column width=&#8220;2\/3&#8243; css=&#8220;.vc_custom_1696312061648{margin-left: -20px !important;padding-left: 20px !important;}&#8220; el_class=&#8220;schmuckmobiltwo&#8220;][vc_empty_space height=&#8220;120px&#8220;][vc_column_text el_class=&#8220;headlinerindex&#8220;]<\/p>\n<h1>Termografick\u00e9 meranie u v\u00e1s doma<\/h1>\n<p>[\/vc_column_text][vc_column_text el_class=&#8220;schmuck&#8220; css=&#8220;.vc_custom_1707750908186{margin-top: -240px !important;margin-left: -240px !important;}&#8220;]<\/p>\n<p style=\"text-align: center;\"><span style=\"color: #f29400;\"><span style=\"caret-color: #f29400;\">Jednoducho viac<br \/>\nPoradenstvo<\/span><\/span><\/p>\n<p>[\/vc_column_text][vc_empty_space height=&#8220;40px&#8220;][vc_column_text]<\/p>\n<p style=\"font-weight: 400;\">Na\u0161i energetick\u00ed poradcovia v Energy Parku pou\u017e\u00edvaj\u00fa termografick\u00fa kameru na identifik\u00e1ciu tepeln\u00fdch mostov vo va\u0161om dome. V kr\u00e1tkej spr\u00e1ve n\u00e1jdete v\u00fdsledky, ktor\u00e9 m\u00f4\u017eu by\u0165 v\u00fdchodiskom pre rekon\u0161trukcie at\u010f.<\/p>\n<p style=\"font-weight: 400;\">Poradenstvo je iniciat\u00edvou KEM Carnuntum a pre ob\u010danov Petronellu, Scharndorfu a Hundsheimu je bezplatn\u00e9.<\/p>\n<p>Pros\u00edm, rezervujte si len term\u00edny napl\u00e1novan\u00e9 pre va\u0161u obec:<\/p>\n<p>\u00dat 02. decembra 2025: <strong>Scharndorf<\/strong><br \/>\nSt 03. decembra 2025: <g id=\"gid_2\">Hundsheim<\/g><x id=\"gid_3\"><\/x>\u0160t 04. decembra 2025: <strong>Petronell<\/strong>  <\/p>\n<p style=\"font-weight: 400;\">Ak sa nem\u00f4\u017eete z\u00fa\u010dastni\u0165 na rezervovanom stretnut\u00ed, ozn\u00e1mte n\u00e1m to \u010do najsk\u00f4r. Ak m\u00e1te ak\u00e9ko\u013evek ot\u00e1zky alebo potrebujete \u010fal\u0161ie inform\u00e1cie, kontaktujte t.rigler@energiepark.at alebo +43 660 137 52 33<\/p>\n<p>[\/vc_column_text][\/vc_column][vc_column width=&#8220;1\/3&#8243;]<style>.ld_spacer_69e4802929266{height:50px;}@media (min-width: 768px) { .ld_spacer_69e4802929266{height:120px};}@media (min-width: 992px) { .ld_spacer_69e4802929266{height:120px};}@media (min-width: 1200px) { .ld_spacer_69e4802929266{height:120px};}<\/style>\n<div class=\"ld-empty-space ld_spacer_69e4802929266\"><span class=\"liquid_empty_space_inner\"><\/span><\/div>[vc_single_image image=&#8220;6608&#8243; img_size=&#8220;full&#8220; alignment=&#8220;center&#8220; css=&#8220;.vc_custom_1762872518747{border-radius: 25px !important;}&#8220; el_class=&#8220;roundedimage&#8220;][\/vc_column][\/vc_row][vc_row][vc_column][vc_empty_space height=&#8220;40px&#8220;][\/vc_column][\/vc_row][vc_row][vc_column width=&#8220;1\/4&#8243;][\/vc_column][vc_column width=&#8220;1\/2&#8243; enable_column_shadowbox=&#8220;yes&#8220; css=&#8220;.vc_custom_1706889319614{padding-top: 30px !important;padding-right: 30px !important;padding-bottom: 30px !important;padding-left: 30px !important;background-color: #ffffff !important;}&#8220; column_box_shadow=&#8220;%5B%7B%22x_offset%22%3A%220px%22%2C%22y_offset%22%3A%220px%22%2C%22blur_radius%22%3A%2215px%22%2C%22spread_radius%22%3A%220px%22%2C%22shadow_color%22%3A%22rgba(0%2C%200%2C%200%2C%200.09)%22%7D%5D&#8220;][vc_column_text]<\/p>\n<p style=\"text-align: center;\"><strong><span style=\"font-size: 32px;\">Dohodnite si sch\u00f4dzku priamo teraz<\/span><\/strong><\/p>\n<p>[\/vc_column_text][vc_empty_space height=&#8220;20px&#8220;][vc_column_text]<!--\nPlugin Name: Bookly \u2013 Responsive WordPress Appointment Booking and Scheduling Plugin\nPlugin URI: https:\/\/www.booking-wp-plugin.com\/?utm_source=bookly_admin&utm_medium=plugins_page&utm_campaign=plugins_page\nVersion: 24.9-->\n<style type=\"text\/css\">\n    :root {\n        --bookly-main-color: #f29400 !important;\n        --bookly-color: #f29400 !important;\n    }\n\n    <\/style><div class=\"bookly-css-root\">\n    <div id=\"bookly-form-69e4802929c88\" class=\"bookly-form\" data-form_id=\"69e4802929c88\" aria-live=\"polite\">\n        <div style=\"text-align: center\"><img decoding=\"async\" src=\"https:\/\/www.energiepark.at\/wp-includes\/js\/tinymce\/skins\/lightgray\/img\/loader.gif\" alt=\"Loading...\"\/><\/div>\n    <\/div>\n<\/div>\n<script type=\"text\/javascript\">\n    (function (win, fn) {\n        var done = false, top = true,\n            doc = win.document,\n            root = doc.documentElement,\n            modern = doc.addEventListener,\n            add = modern ? 'addEventListener' : 'attachEvent',\n            rem = modern ? 'removeEventListener' : 'detachEvent',\n            pre = modern ? '' : 'on',\n            init = function (e) {\n                if (e.type == 'readystatechange') if (doc.readyState != 'complete') return;\n                (e.type == 'load' ? win : doc)[rem](pre + e.type, init, false);\n                if (!done) {\n                    done = true;\n                    fn.call(win, e.type || e);\n                }\n            },\n            poll = function () {\n                try {\n                    root.doScroll('left');\n                } catch (e) {\n                    setTimeout(poll, 50);\n                    return;\n                }\n                init('poll');\n            };\n        if (doc.readyState == 'complete') fn.call(win, 'lazy');\n        else {\n            if (!modern) if (root.doScroll) {\n                try {\n                    top = !win.frameElement;\n                } catch (e) {\n                }\n                if (top) poll();\n            }\n            doc[add](pre + 'DOMContentLoaded', init, false);\n            doc[add](pre + 'readystatechange', init, false);\n            win[add](pre + 'load', init, false);\n        }\n    })(window, function () {\n        window.bookly( {\"form_id\":\"69e4802929c88\",\"status\":{\"booking\":\"new\"},\"skip_steps\":{\"service_part1\":1,\"service_part2\":1,\"extras\":1,\"time\":0,\"repeat\":1,\"cart\":1},\"errors\":{\"session_error\":\"Session error.\",\"form_id_error\":\"Form ID error.\",\"cart_item_not_available\":\"Die eingestellte Zeit ist nicht mehr vorhanden. Bitte w\\u00e4hlen Sie ein anderes Zeitfenster\\n.\",\"pay_locally_not_available\":\"Pay locally is not available.\",\"invalid_gateway\":\"Invalid gateway.\",\"payment_error\":\"Error.\",\"incorrect_username_password\":\"Nespr\\u00e1vne pou\\u017e\\u00edvate\\u013esk\\u00e9 meno alebo heslo.\"},\"form_attributes\":{\"hide_categories\":true,\"hide_services\":true,\"hide_staff_members\":true,\"show_number_of_persons\":false,\"hide_service_duration\":true,\"hide_locations\":true,\"hide_quantity\":true,\"hide_date\":true,\"hide_week_days\":true,\"hide_time_range\":true,\"const_category_id\":2},\"use_client_time_zone\":0,\"defaults\":{\"service_id\":4,\"staff_id\":0,\"location_id\":0,\"category_id\":2},\"datepicker_mode\":\"text-accent\",\"facebook\":{\"enabled\":0,\"appId\":\"\"}} );\n    });\n<\/script><\/p>\n<p>[\/vc_column_text][\/vc_column][vc_column width=&#8220;1\/4&#8243;][\/vc_column][\/vc_row][vc_row][vc_column][vc_empty_space height=&#8220;120px&#8220;][\/vc_column][\/vc_row]<\/p>\n<\/section>","protected":false},"excerpt":{"rendered":"<p>[vc_row css=&#8220;.vc_custom_1692790228983{background-image: url(https:\/\/www.energiepark.at\/wp-content\/uploads\/2023\/08\/AK_8594.jpg?id=337) !important;background-position: center !important;background-repeat: no-repeat !important;background-size: cover !important;}&#8220; el_class=&#8220;headerbildbereich&#8220;][vc_column align=&#8220;text-center&#8220; el_class=&#8220;headerbereich&#8220;][vc_empty_space height=&#8220;300px&#8220;][vc_column_text el_class=&#8220;headlinerindex&#8220;]&#8230;<\/p>\n","protected":false},"author":6,"featured_media":0,"parent":0,"menu_order":0,"comment_status":"closed","ping_status":"closed","template":"","meta":{"_acf_changed":false,"inline_featured_image":false,"footnotes":""},"class_list":["post-8364","page","type-page","status-publish","hentry"],"acf":[],"_links":{"self":[{"href":"https:\/\/www.energiepark.at\/sk\/wp-json\/wp\/v2\/pages\/8364","targetHints":{"allow":["GET"]}}],"collection":[{"href":"https:\/\/www.energiepark.at\/sk\/wp-json\/wp\/v2\/pages"}],"about":[{"href":"https:\/\/www.energiepark.at\/sk\/wp-json\/wp\/v2\/types\/page"}],"author":[{"embeddable":true,"href":"https:\/\/www.energiepark.at\/sk\/wp-json\/wp\/v2\/users\/6"}],"replies":[{"embeddable":true,"href":"https:\/\/www.energiepark.at\/sk\/wp-json\/wp\/v2\/comments?post=8364"}],"version-history":[{"count":9,"href":"https:\/\/www.energiepark.at\/sk\/wp-json\/wp\/v2\/pages\/8364\/revisions"}],"predecessor-version":[{"id":8827,"href":"https:\/\/www.energiepark.at\/sk\/wp-json\/wp\/v2\/pages\/8364\/revisions\/8827"}],"wp:attachment":[{"href":"https:\/\/www.energiepark.at\/sk\/wp-json\/wp\/v2\/media?parent=8364"}],"curies":[{"name":"wp","href":"https:\/\/api.w.org\/{rel}","templated":true}]}}