{"id":9300,"date":"2026-02-23T10:43:42","date_gmt":"2026-02-23T09:43:42","guid":{"rendered":"https:\/\/www.energiepark.at\/strana-kem-energy%c2%b3\/energeticki-hrdinovia\/"},"modified":"2026-02-23T10:44:32","modified_gmt":"2026-02-23T09:44:32","slug":"energeticki-hrdinovia","status":"publish","type":"page","link":"https:\/\/www.energiepark.at\/sk\/strana-kem-energy%c2%b3\/energeticki-hrdinovia\/","title":{"rendered":"Energetick\u00ed hrdinovia"},"content":{"rendered":"<section class=\"wpb-content-wrapper\"><p>[vc_row][vc_column][vc_empty_space height=&#8220;170px&#8220;][\/vc_column][\/vc_row][vc_row][vc_column][vc_column_text]<\/p>\n<h2 style=\"text-align: center;\">Energetick\u00fd hrdina: vo va\u0161om prvom dome<\/h2>\n<p>[\/vc_column_text][vc_empty_space height=&#8220;20px&#8220;][vc_column_text][\/vc_column_text][\/vc_column][\/vc_row][vc_row][vc_column][vc_empty_space height=&#8220;60px&#8220;][\/vc_column][\/vc_row][vc_row gap=&#8220;25&#8243;][vc_column width=&#8220;1\/2&#8243;][vc_empty_space][vc_column_text]<\/p>\n<h2>O projekte<\/h2>\n<p>[\/vc_column_text][vc_empty_space][vc_column_text]<\/p>\n<div class=\"padded20\">\n<p>Projekt <strong>&#8222;Energetick\u00ed hrdinovia vo svojom prvom domove&#8220;<\/strong> sa realizuje v r\u00e1mci programu financovania &#8222;Modelov\u00e9 projekty &#8211; klimaticky odoln\u00e1 transform\u00e1cia regi\u00f3nov&#8220; spolu s region\u00e1lnym rozvojov\u00fdm zdru\u017een\u00edm R\u00f6merland Carnuntum.<\/p>\n<p>Projekt je ur\u010den\u00fd mlad\u00fdm \u013eu\u010fom vo veku od 18 do 25 rokov, ktor\u00ed sa chystaj\u00fa ods\u0165ahova\u0165 z rodi\u010dovsk\u00e9ho domu. Na semin\u00e1roch a pomocou interakt\u00edvnych n\u00e1strojov poskytuje projektov\u00fd t\u00edm know-how, ktor\u00e9 \u013eud\u00ed upozor\u0148uje na problematiku \u00faspory energie a vody v ich vlastn\u00fdch domovoch. <\/p>\n<p>Workshopy s\u00fa rozdelen\u00e9 do <strong>4 modulov<\/strong> a kluby si ich m\u00f4\u017eu vybra\u0165 individu\u00e1lne. Moduly: <\/p>\n<ul>\n<li><strong>Kontrola Homebase:<\/strong> Kontroln\u00fd zoznam na pos\u00fadenie bytov, \u010d\u00edtanie \u00fadajov o spotrebe energie, rozpo\u010det dom\u00e1cnosti a pod.<\/li>\n<li><strong>Dom\u00e1ca energia:<\/strong> z\u00e1klady elektriny, ako je zmena tarify, \u010d\u00edtanie \u00fa\u010dtov za elektrinu, tipy na \u00fasporu a energeticky \u00fasporn\u00e9 spotrebi\u010de<\/li>\n<li><strong>Heat hacker:<\/strong> v\u0161etko, \u010do s\u00favis\u00ed s vykurovan\u00edm, r\u00f4zne vykurovacie syst\u00e9my, hacky na \u00fasporu n\u00e1kladov na vykurovanie at\u010f.<\/li>\n<li><strong>Energia 4 bud\u00facnosti:<\/strong> inovat\u00edvne t\u00e9my ako energetick\u00e9 komunity, balk\u00f3nov\u00e9 elektr\u00e1rne a inteligentn\u00e9 domy<\/li>\n<\/ul>\n<p><strong>Tu je \u010das\u0165 obsahu:<\/strong><\/p>\n<ul>\n<li>Dom\u00e1ci rozpo\u010det &#8211; M\u00f4\u017eem si dovoli\u0165 byt?<\/li>\n<li>N\u00e1stroje na h\u013eadanie ubytovania<\/li>\n<li>Pos\u00fadenie polohy bytu vzh\u013eadom na o\u010dak\u00e1van\u00e9 po\u017eiadavky na vykurovanie a chladenie<\/li>\n<li>V\u00fdhody a nev\u00fdhody r\u00f4znych vykurovac\u00edch syst\u00e9mov<\/li>\n<li>\u010c\u00edtanie a pochopenie energetick\u00e9ho certifik\u00e1tu<\/li>\n<li>V\u00fdber elektrick\u00fdch spotrebi\u010dov s oh\u013eadom na energetick\u00fa \u00fa\u010dinnos\u0165<\/li>\n<li>Tipy na \u00fasporu elektriny a vody v ka\u017edodennom \u017eivote<\/li>\n<li>V\u00fdber a zmena dod\u00e1vate\u013ea elektriny<\/li>\n<li>Inteligentn\u00e1 dom\u00e1cnos\u0165<\/li>\n<li>Chladenie v lete<\/li>\n<\/ul>\n<p>Projekt vykon\u00e1va prevent\u00edvnu \u010dinnos\u0165 s cie\u013eom chr\u00e1ni\u0165 mlad\u00fdch \u013eud\u00ed pred energetickou chudobou. Projekt trv\u00e1 od septembra 2025 do augusta 2026. <\/p>\n<p>V\u00fdsledky projektu, ako aj vytvoren\u00e9 n\u00e1stroje a usmernenia sa priebe\u017ene aktualizuj\u00fa na webovej str\u00e1nke.<\/p>\n<p>&nbsp;<\/p>\n<\/div>\n<p>[\/vc_column_text][\/vc_column][vc_column width=&#8220;1\/2&#8243;][vc_single_image image=&#8220;9035&#8243; img_size=&#8220;full&#8220;][vc_single_image image=&#8220;9038&#8243; img_size=&#8220;full&#8220;][\/vc_column][\/vc_row][vc_row][vc_column][vc_empty_space height=&#8220;60px&#8220;][\/vc_column][\/vc_row][vc_row gap=&#8220;25&#8243;][vc_column][vc_empty_space][vc_column_text]<\/p>\n<h2>Oblas\u0165 na stiahnutie<\/h2>\n<p>[\/vc_column_text][vc_empty_space][vc_column_text]<\/p>\n<div class=\"vc_row wpb_row vc_inner vc_row-fluid liquid-row-shadowbox-657f2f064d19c\">\n<div class=\"wpb_column vc_column_container vc_col-sm-12 liquid-column-657f2f064d41e\">\n<div class=\"vc_column-inner\">\n<div class=\"wpb_wrapper \">\n<div class=\"wpb_wrapper-inner\">\n<div class=\"wpb_text_column wpb_content_element \">\n<div class=\"wpb_wrapper\">\n<p>V\u0161etky materi\u00e1ly n\u00e1jdete tu:<\/p>\n<p><span style=\"text-decoration: underline;\"><span style=\"color: #ff6600;\"><a style=\"color: #ff6600; text-decoration: underline;\" href=\"https:\/\/www.energiepark.at\/wp-content\/uploads\/2026\/02\/Checkliste-Wohnung.pdf\">Kontroln\u00fd zoznam pre v\u00fdber bytu<\/a><\/span><\/span><\/p>\n<p><span style=\"color: #ff6600;\"><a style=\"color: #ff6600;\" href=\"https:\/\/www.energiepark.at\/wp-content\/uploads\/2026\/02\/250923_Modul1.pdf\"><span style=\"text-decoration: underline;\">Modul 1: Kontrola z\u00e1kladne Homebase<\/span><\/a><\/span><\/p>\n<p><span style=\"text-decoration: underline;\"><span style=\"color: #ff6600; text-decoration: underline;\"><a style=\"color: #ff6600; text-decoration: underline;\" href=\"https:\/\/www.energiepark.at\/wp-content\/uploads\/2026\/02\/250925_Modul2_Energiehelden.pdf\">Modul 2: Heat Hacker<\/a><\/span><\/span><\/p>\n<p><span style=\"text-decoration: underline;\"><span style=\"color: #ff6600; text-decoration: underline;\"><a style=\"color: #ff6600; text-decoration: underline;\" href=\"https:\/\/www.energiepark.at\/wp-content\/uploads\/2026\/02\/260305_Modul3_Energiehelden_Energieeffizienz.pdf\">Modul 3: Dom\u00e1ce nap\u00e1janie<\/a><\/span><\/span><\/p>\n<p><span style=\"text-decoration: underline;\"><span style=\"color: #ff6600; text-decoration: underline;\"><a style=\"color: #ff6600; text-decoration: underline;\" href=\"https:\/\/www.energiepark.at\/wp-content\/uploads\/2026\/02\/250929_Modul4_Energiehelden.pdf\">Modul 4: Energia 4 bud\u00facnosti<\/a><\/span><\/span><\/p>\n<\/div>\n<\/div>\n<\/div>\n<\/div>\n<\/div>\n<\/div>\n<\/div>\n<p>[\/vc_column_text][vc_empty_space][vc_column_text]<\/p>\n<h2>Kr\u00e1tke vide\u00e1<\/h2>\n<p>[\/vc_column_text]<div id=\"ld_showcase_carousel_69e6ca9f852d3\" class=\"carousel-container lqd-showcase-carousel carousel-nav-floated carousel-nav-center carousel-nav-middle carousel-nav-xl carousel-nav-bordered carousel-nav-circle carousel-nav-shadowed-onhover ld_showcase_carousel_69e6ca9f852d3\">\n\n\t<div class=\"carousel-items row\" data-lqd-flickity='{ \"prevNextButtons\": true, \"navArrow\": \"1\", \"pageDots\": false, \"wrapAround\": true, \"equalHeightCells\": true,\"navArrow\":{\"prev\":\"<i class=\\\"icon-ion-ios-arrow-round-back\\\"><\/i>\",\"next\":\"<i class=\\\"icon-ion-ios-arrow-round-forward\\\"><\/i>\"},\"navOffsets\":{\"prev\":\"-10%\",\"next\":\"-10%\"} }'>\n\n\t\n\t\t<div class=\"carousel-item vc_col-sm-4\">\n\n\t\t\t<div class=\"lqd-showcase d-flex flex-column text-center\">\n\t\t\t\t\n\t\t\t\t<button\n\t\t\t\tclass=\"lqd-showcase-video-trigger liquid-overlay-link\"\n\t\t\t\tdata-video-trigger=\"true\"\n\t\t\t\tdata-trigger-options='{ \"videoPlacement\": \"parent\" }'>\n\t\t\t\t\tPlay\t\t\t\t<\/button>\n\n\t\t\t\t\t\t\t\t<h2 class=\"mt-0\">Online-Wohnungssuche<\/h2>\n\t\t\t\t\t\t\t\t\n\t\t\t\t\n\t\t\t\t<div class=\"lqd-showcase-video mb-5\">\n\t\t\t\t\t<video width=\"100%\" height=\"100%\" loop>\t\t\t\t\t\t\n\t\t\t\t\t<source src=\"https:\/\/www.energiepark.at\/wp-content\/uploads\/2026\/02\/Video-Wohnungssuche.mp4\" type=\"video\/mp4\">\t\t\t\t\t\t\t\t\t\t<\/video>\n\t\t\t\t<\/div><!-- \/.lqd-showcase-video -->\n\t\t\t\t\n\t\t\t\t\t\t\t\n\t\t\t<\/div><!-- \/.lqd-showcase -->\n\n\t\t<\/div><!-- \/.carousel-item -->\n\n\t\n\t\t<div class=\"carousel-item vc_col-sm-4\">\n\n\t\t\t<div class=\"lqd-showcase d-flex flex-column text-center\">\n\t\t\t\t\n\t\t\t\t<button\n\t\t\t\tclass=\"lqd-showcase-video-trigger liquid-overlay-link\"\n\t\t\t\tdata-video-trigger=\"true\"\n\t\t\t\tdata-trigger-options='{ \"videoPlacement\": \"parent\" }'>\n\t\t\t\t\tPlay\t\t\t\t<\/button>\n\n\t\t\t\t\t\t\t\t<h2 class=\"mt-0\">Energieausweis lesen<\/h2>\n\t\t\t\t\t\t\t\t\n\t\t\t\t\n\t\t\t\t<div class=\"lqd-showcase-video mb-5\">\n\t\t\t\t\t<video width=\"100%\" height=\"100%\" loop>\t\t\t\t\t\t\n\t\t\t\t\t<source src=\"https:\/\/www.energiepark.at\/wp-content\/uploads\/2026\/02\/Video-Energieausweis.mp4\" type=\"video\/mp4\">\t\t\t\t\t\t\t\t\t\t<\/video>\n\t\t\t\t<\/div><!-- \/.lqd-showcase-video -->\n\t\t\t\t\n\t\t\t\t\t\t\t\n\t\t\t<\/div><!-- \/.lqd-showcase -->\n\n\t\t<\/div><!-- \/.carousel-item -->\n\n\t\n\t\t<div class=\"carousel-item vc_col-sm-4\">\n\n\t\t\t<div class=\"lqd-showcase d-flex flex-column text-center\">\n\t\t\t\t\n\t\t\t\t<button\n\t\t\t\tclass=\"lqd-showcase-video-trigger liquid-overlay-link\"\n\t\t\t\tdata-video-trigger=\"true\"\n\t\t\t\tdata-trigger-options='{ \"videoPlacement\": \"parent\" }'>\n\t\t\t\t\tPlay\t\t\t\t<\/button>\n\n\t\t\t\t\t\t\t\t<h2 class=\"mt-0\">Stromtarif wechseln<\/h2>\n\t\t\t\t\t\t\t\t\n\t\t\t\t\n\t\t\t\t<div class=\"lqd-showcase-video mb-5\">\n\t\t\t\t\t<video width=\"100%\" height=\"100%\" loop>\t\t\t\t\t\t\n\t\t\t\t\t<source src=\"https:\/\/www.energiepark.at\/wp-content\/uploads\/2026\/02\/Video-Stromtarif-wechseln.mp4\" type=\"video\/mp4\">\t\t\t\t\t\t\t\t\t\t<\/video>\n\t\t\t\t<\/div><!-- \/.lqd-showcase-video -->\n\t\t\t\t\n\t\t\t\t\t\t\t\n\t\t\t<\/div><!-- \/.lqd-showcase -->\n\n\t\t<\/div><!-- \/.carousel-item -->\n\n\t\n\t\t<div class=\"carousel-item vc_col-sm-4\">\n\n\t\t\t<div class=\"lqd-showcase d-flex flex-column text-center\">\n\t\t\t\t\n\t\t\t\t<button\n\t\t\t\tclass=\"lqd-showcase-video-trigger liquid-overlay-link\"\n\t\t\t\tdata-video-trigger=\"true\"\n\t\t\t\tdata-trigger-options='{ \"videoPlacement\": \"parent\" }'>\n\t\t\t\t\tPlay\t\t\t\t<\/button>\n\n\t\t\t\t\t\t\t\t<h2 class=\"mt-0\">Energieeffiziente Ger\u00e4te finden<\/h2>\n\t\t\t\t\t\t\t\t\n\t\t\t\t\n\t\t\t\t<div class=\"lqd-showcase-video mb-5\">\n\t\t\t\t\t<video width=\"100%\" height=\"100%\" loop>\t\t\t\t\t\t\n\t\t\t\t\t<source src=\"https:\/\/www.energiepark.at\/wp-content\/uploads\/2026\/02\/Video-effiziente-Geraete.mp4\" type=\"video\/mp4\">\t\t\t\t\t\t\t\t\t\t<\/video>\n\t\t\t\t<\/div><!-- \/.lqd-showcase-video -->\n\t\t\t\t\n\t\t\t\t\t\t\t\n\t\t\t<\/div><!-- \/.lqd-showcase -->\n\n\t\t<\/div><!-- \/.carousel-item -->\n\n\t\n\t\t<div class=\"carousel-item vc_col-sm-4\">\n\n\t\t\t<div class=\"lqd-showcase d-flex flex-column text-center\">\n\t\t\t\t\n\t\t\t\t<button\n\t\t\t\tclass=\"lqd-showcase-video-trigger liquid-overlay-link\"\n\t\t\t\tdata-video-trigger=\"true\"\n\t\t\t\tdata-trigger-options='{ \"videoPlacement\": \"parent\" }'>\n\t\t\t\t\tPlay\t\t\t\t<\/button>\n\n\t\t\t\t\t\t\t\t<h2 class=\"mt-0\">Smart Heizen<\/h2>\n\t\t\t\t\t\t\t\t\n\t\t\t\t\n\t\t\t\t<div class=\"lqd-showcase-video mb-5\">\n\t\t\t\t\t<video width=\"100%\" height=\"100%\" loop>\t\t\t\t\t\t\n\t\t\t\t\t<source src=\"https:\/\/www.energiepark.at\/wp-content\/uploads\/2026\/02\/Video-smartes-Heizen.mov\" type=\"video\/mp4\">\t\t\t\t\t\t\t\t\t\t<\/video>\n\t\t\t\t<\/div><!-- \/.lqd-showcase-video -->\n\t\t\t\t\n\t\t\t\t\t\t\t\n\t\t\t<\/div><!-- \/.lqd-showcase -->\n\n\t\t<\/div><!-- \/.carousel-item -->\n\n\t\t\n\n\t<\/div><!-- \/.carousel-items row -->\n\n<\/div><!-- \/.carousel-container -->[\/vc_column][\/vc_row][vc_row][vc_column][vc_empty_space height=&#8220;60px&#8220;][\/vc_column][\/vc_row][vc_row][vc_column][vc_column_text]<\/p>\n<h2>Spravodajsk\u00e9 \u010dl\u00e1nky<\/h2>\n<p>[\/vc_column_text][vc_empty_space][vc_basic_grid post_type=&#8220;post&#8220; max_items=&#8220;10&#8243; grid_id=&#8220;vc_gid:1771496554880-4ddb78c7-088b-1&#8243; taxonomies=&#8220;66&#8243;][\/vc_column][\/vc_row]<\/p>\n<\/section>","protected":false},"excerpt":{"rendered":"<p>[vc_row][vc_column][vc_empty_space height=&#8220;170px&#8220;][\/vc_column][\/vc_row][vc_row][vc_column][vc_column_text] Energetick\u00fd hrdina: vo va\u0161om prvom dome [\/vc_column_text][vc_empty_space height=&#8220;20px&#8220;][vc_column_text][\/vc_column_text][\/vc_column][\/vc_row][vc_row][vc_column][vc_empty_space height=&#8220;60px&#8220;][\/vc_column][\/vc_row][vc_row gap=&#8220;25&#8243;][vc_column width=&#8220;1\/2&#8243;][vc_empty_space][vc_column_text] O projekte&#8230;<\/p>\n","protected":false},"author":6,"featured_media":0,"parent":2426,"menu_order":0,"comment_status":"closed","ping_status":"closed","template":"","meta":{"_acf_changed":false,"inline_featured_image":false,"footnotes":""},"class_list":["post-9300","page","type-page","status-publish","hentry"],"acf":[],"_links":{"self":[{"href":"https:\/\/www.energiepark.at\/sk\/wp-json\/wp\/v2\/pages\/9300","targetHints":{"allow":["GET"]}}],"collection":[{"href":"https:\/\/www.energiepark.at\/sk\/wp-json\/wp\/v2\/pages"}],"about":[{"href":"https:\/\/www.energiepark.at\/sk\/wp-json\/wp\/v2\/types\/page"}],"author":[{"embeddable":true,"href":"https:\/\/www.energiepark.at\/sk\/wp-json\/wp\/v2\/users\/6"}],"replies":[{"embeddable":true,"href":"https:\/\/www.energiepark.at\/sk\/wp-json\/wp\/v2\/comments?post=9300"}],"version-history":[{"count":4,"href":"https:\/\/www.energiepark.at\/sk\/wp-json\/wp\/v2\/pages\/9300\/revisions"}],"predecessor-version":[{"id":9306,"href":"https:\/\/www.energiepark.at\/sk\/wp-json\/wp\/v2\/pages\/9300\/revisions\/9306"}],"up":[{"embeddable":true,"href":"https:\/\/www.energiepark.at\/sk\/wp-json\/wp\/v2\/pages\/2426"}],"wp:attachment":[{"href":"https:\/\/www.energiepark.at\/sk\/wp-json\/wp\/v2\/media?parent=9300"}],"curies":[{"name":"wp","href":"https:\/\/api.w.org\/{rel}","templated":true}]}}