{"id":9580,"date":"2024-08-21T16:30:43","date_gmt":"2024-08-21T14:30:43","guid":{"rendered":"https:\/\/www.energiepark.at\/vzdelavanie-a-vyskum\/mladi-ludia-ktori-menia-klimu\/"},"modified":"2026-03-03T15:41:11","modified_gmt":"2026-03-03T14:41:11","slug":"mladi-ludia-ktori-menia-klimu","status":"publish","type":"page","link":"https:\/\/www.energiepark.at\/sk\/vzdelavanie-a-vyskum\/mladi-ludia-ktori-menia-klimu\/","title":{"rendered":"Mlad\u00ed \u013eudia, ktor\u00ed menia kl\u00edmu"},"content":{"rendered":"<section class=\"wpb-content-wrapper\"><p>[vc_row css=&#8220;.vc_custom_1692711864969{background-image: url(https:\/\/www.energiepark.at\/wp-content\/uploads\/2023\/08\/AK_8809.jpg?id=336) !important;background-position: center !important;background-repeat: no-repeat !important;background-size: cover !important;}&#8220; el_class=&#8220;headerbildbereich&#8220;][vc_column align=&#8220;text-center&#8220; el_class=&#8220;headerbereich&#8220;][vc_empty_space height=&#8220;300px&#8220;][vc_column_text el_class=&#8220;headlinerindex&#8220;]<\/p>\n<h1>Bud\u00facnos\u0165 je obnovite\u013en\u00e1!<\/h1>\n<p>[\/vc_column_text][vc_column_text el_class=&#8220;schmuck&#8220; css=&#8220;.vc_custom_1718872337583{margin-top: -130px !important;}&#8220;]<\/p>\n<p style=\"text-align: center;\"><span style=\"color: #f29400;\"><span style=\"caret-color: #f29400;\">Mlad\u00ed \u013eudia, ktor\u00ed menia kl\u00edmu<\/span><\/span><\/p>\n<p>[\/vc_column_text][vc_single_image image=&#8220;1640&#8243; img_size=&#8220;full&#8220; alignment=&#8220;right&#8220; el_class=&#8220;svgtopper&#8220;][vc_empty_space height=&#8220;150px&#8220;][\/vc_column][\/vc_row][vc_row gap=&#8220;30&#8243;][vc_column width=&#8220;2\/3&#8243; css=&#8220;.vc_custom_1696311350381{margin-left: -20px !important;padding-left: 20px !important;}&#8220; el_class=&#8220;schmuckmobiltwo&#8220;][vc_empty_space height=&#8220;120px&#8220;][vc_column_text el_class=&#8220;headlinerindex&#8220;]<\/p>\n<h1>Mlad\u00ed \u013eudia, ktor\u00ed menia kl\u00edmu<\/h1>\n<p>[\/vc_column_text][vc_empty_space height=&#8220;40px&#8220;][vc_column_text el_class=&#8220;schmuck&#8220; css=&#8220;.vc_custom_1718872359397{margin-top: -280px !important;margin-left: -240px !important;}&#8220;]<\/p>\n<p style=\"text-align: center;\"><span style=\"color: #f29400;\"><span style=\"caret-color: #f29400;\">pre na\u0161u bud\u00facnos\u0165<\/span><\/span><\/p>\n<p>[\/vc_column_text][vc_empty_space height=&#8220;40px&#8220;][vc_column_text]<\/p>\n<p>&nbsp;<\/p>\n<p><strong>Trvanie projektu: september 2020 &#8211; j\u00fan<\/strong><strong>2024Obsah:<\/strong><strong>Young Climate Changers<\/strong> je modul\u00e1rna s\u00e9ria semin\u00e1rov na tieto t\u00e9my:  <\/p>\n<ul>\n<li>Zmena kl\u00edmy<\/li>\n<li>Obnovite\u013en\u00e1 energia<\/li>\n<li>Energetick\u00e1 \u00fa\u010dinnos\u0165 a udr\u017eate\u013enos\u0165<\/li>\n<li>Pracovn\u00e9 pr\u00edle\u017eitosti a mo\u017enosti odbornej pr\u00edpravy<\/li>\n<\/ul>\n<p>  Okrem tematick\u00e9ho zamerania sa semin\u00e1re zameriavaj\u00fa na podmienky\/zdroje regi\u00f3nu R\u00f6merland Carnuntum a jeho 30 \u010dlensk\u00fdch obc\u00ed.<br \/>\nWorkshopy s\u00fa ur\u010den\u00e9 pre <g id=\"gid_0\">\u017eiakov 4. a\u017e 8. ro\u010dn\u00edka.<\/g><br \/>\nCie\u013eom projektu je obozn\u00e1mi\u0165 \u017eiakov s <g id=\"gid_1\">v\u00fdznamom energetickej transform\u00e1cie<\/g> a motivova\u0165 ich, aby sa sami stali akt\u00edvnymi v tejto oblasti.<br \/>\nZainteresovan\u00e9 \u0161koly z regi\u00f3nu R\u00f6merland Carnuntum boli vyzvan\u00e9, aby s\u00e9riu workshopov (len jednotliv\u00e9 moduly alebo v\u0161etky \u0161tyri moduly) zaradili do svojich vyu\u010dovac\u00edch hod\u00edn.     <\/p>\n<div class=\"xdj266r x11i5rnm xat24cr x1mh8g0r x1vvkbs x126k92a\">\n<div dir=\"auto\">Ambici\u00f3zny vzdel\u00e1vac\u00ed projekt &#8222;Young Climate Changers&#8220; bol \u00faspe\u0161ne ukon\u010den\u00fd koncom j\u00fana 2024.<br \/>\nOd za\u010diatku projektu v septembri 2020 odborn\u00edci z Energiepark Bruck\/Leitha pod veden\u00edm Nathalie Horvathovej akt\u00edvne nav\u0161tevovali mnoh\u00e9 \u0161koly v regi\u00f3ne.<br \/>\nCie\u013eom bolo nielen odovzd\u00e1va\u0165 teoretick\u00e9 vedomosti o obnovite\u013en\u00fdch zdrojoch energie, ale aj predv\u00e1dza\u0165 praktick\u00e9 rie\u0161enia a diskutova\u0165 o nich s mlad\u00fdmi \u013eu\u010fmi.  <\/div>\n<\/div>\n<div class=\"x11i5rnm xat24cr x1mh8g0r x1vvkbs xtlvy1s x126k92a\">\n<div dir=\"auto\">Cie\u013eom bolo zv\u00fd\u0161i\u0165 citlivos\u0165 \u017eiakov v regi\u00f3ne R\u00f6merland Carnuntum na t\u00e9my zmeny kl\u00edmy, obnovite\u013en\u00fdch zdrojov energie, energetickej \u00fa\u010dinnosti a udr\u017eate\u013enosti a obozn\u00e1mi\u0165 ich s v\u00fdznamom a mo\u017enos\u0165ami kari\u00e9ry v oblasti ekologick\u00fdch pracovn\u00fdch miest.<br \/>\nV \u00fazkej spolupr\u00e1ci so \u0161kolami boli zorganizovan\u00e9 po\u010detn\u00e9 workshopy, ktor\u00e9 poskytli aj praktick\u00e9 poznatky pomocou zauj\u00edmav\u00fdch experimentov a doplnili te\u00f3riu. <\/div>\n<\/div>\n<div class=\"x11i5rnm xat24cr x1mh8g0r x1vvkbs xtlvy1s x126k92a\">\n<div dir=\"auto\">Workshopy vyu\u017eilo viac ako 700 nad\u0161en\u00fdch \u017eiakov 4. a\u017e 8. ro\u010dn\u00edka zo 17 \u0161k\u00f4l, ktor\u00ed sa stali mlad\u00fdmi klimatick\u00fdmi zmenami.<br \/>\nA tak: Misia splnen\u00e1.   <span class=\"html-span xexx8yu x4uap5 x18d9i69 xkhd6sd x1hl2dhg x16tdsg8 x1vvkbs x3nfvp2 x1j61x8r x1fcty0u xdj266r xat24cr xgzva0m xhhsvwb xxymvpz xlup9mm x1kky2od\"><img decoding=\"async\" class=\"xz74otr\" src=\"https:\/\/static.xx.fbcdn.net\/images\/emoji.php\/v9\/t7f\/1\/16\/1f60a.png\" alt=\"\ud83d\ude0a\" width=\"16\" height=\"16\"><\/span><\/div>\n<\/div>\n<p>&nbsp;<\/p>\n<p>&nbsp;<\/p>\n<div class=\"wpb_text_column wpb_content_element vc_custom_1663837339239\">\n<div class=\"wpb_wrapper\">\n<p><strong>Kontakt:<\/strong> Nathalie Horvath +43 (0) 2162 68100 10 <a class=\"mail\" title=\"Otvor\u00ed okno na odoslanie e-mailu\" href=\"mailto:n.horvath@energiepark.at\">n.horvath[at]energiepark.at<\/a> Sonja Wirgler +43 699 132 68100 <a class=\"mail\" title=\"Otvor\u00ed okno na odoslanie e-mailu\" href=\"mailto:s.wirgler@energiepark.at\">s.wirgler[at]energiepark.at<\/a><\/p>\n<\/div>\n<\/div>\n<p>[\/vc_column_text][\/vc_column][vc_column width=&#8220;1\/3&#8243;]<style>.ld_spacer_69e3e4401e1f0{height:50px;}@media (min-width: 768px) { .ld_spacer_69e3e4401e1f0{height:120px};}@media (min-width: 992px) { .ld_spacer_69e3e4401e1f0{height:120px};}@media (min-width: 1200px) { .ld_spacer_69e3e4401e1f0{height:120px};}<\/style>\n<div class=\"ld-empty-space ld_spacer_69e3e4401e1f0\"><span class=\"liquid_empty_space_inner\"><\/span><\/div>[vc_single_image image=&#8220;5396&#8243; img_size=&#8220;full&#8220; alignment=&#8220;center&#8220;][vc_single_image image=&#8220;5391&#8243; img_size=&#8220;full&#8220; alignment=&#8220;center&#8220;][vc_empty_space][vc_column_text]V spolupr\u00e1ci s:[\/vc_column_text][vc_single_image image=&#8220;5399&#8243; img_size=&#8220;full&#8220; alignment=&#8220;center&#8220;][vc_media_grid grid_id=&#8220;vc_gid:1724250426849-0071c106-74b9-8&#8243; include=&#8220;5404,5407,5388&#8243;][\/vc_column][\/vc_row][vc_row][vc_column][vc_empty_space height=&#8220;40px&#8220;][\/vc_column][\/vc_row]<\/p>\n<\/section>","protected":false},"excerpt":{"rendered":"<p>[vc_row css=&#8220;.vc_custom_1692711864969{background-image: url(https:\/\/www.energiepark.at\/wp-content\/uploads\/2023\/08\/AK_8809.jpg?id=336) !important;background-position: center !important;background-repeat: no-repeat !important;background-size: cover !important;}&#8220; el_class=&#8220;headerbildbereich&#8220;][vc_column align=&#8220;text-center&#8220; el_class=&#8220;headerbereich&#8220;][vc_empty_space height=&#8220;300px&#8220;][vc_column_text el_class=&#8220;headlinerindex&#8220;]&#8230;<\/p>\n","protected":false},"author":4,"featured_media":0,"parent":1592,"menu_order":0,"comment_status":"closed","ping_status":"closed","template":"","meta":{"_acf_changed":false,"inline_featured_image":false,"footnotes":""},"class_list":["post-9580","page","type-page","status-publish","hentry"],"acf":[],"_links":{"self":[{"href":"https:\/\/www.energiepark.at\/sk\/wp-json\/wp\/v2\/pages\/9580","targetHints":{"allow":["GET"]}}],"collection":[{"href":"https:\/\/www.energiepark.at\/sk\/wp-json\/wp\/v2\/pages"}],"about":[{"href":"https:\/\/www.energiepark.at\/sk\/wp-json\/wp\/v2\/types\/page"}],"author":[{"embeddable":true,"href":"https:\/\/www.energiepark.at\/sk\/wp-json\/wp\/v2\/users\/4"}],"replies":[{"embeddable":true,"href":"https:\/\/www.energiepark.at\/sk\/wp-json\/wp\/v2\/comments?post=9580"}],"version-history":[{"count":2,"href":"https:\/\/www.energiepark.at\/sk\/wp-json\/wp\/v2\/pages\/9580\/revisions"}],"predecessor-version":[{"id":9589,"href":"https:\/\/www.energiepark.at\/sk\/wp-json\/wp\/v2\/pages\/9580\/revisions\/9589"}],"up":[{"embeddable":true,"href":"https:\/\/www.energiepark.at\/sk\/wp-json\/wp\/v2\/pages\/1592"}],"wp:attachment":[{"href":"https:\/\/www.energiepark.at\/sk\/wp-json\/wp\/v2\/media?parent=9580"}],"curies":[{"name":"wp","href":"https:\/\/api.w.org\/{rel}","templated":true}]}}